{"id":33402,"date":"2024-08-09T14:01:59","date_gmt":"2024-08-09T14:01:59","guid":{"rendered":"https:\/\/lacasadelamedicina.es\/product\/perciet-amfetamina-pulveri-tiessaiste\/"},"modified":"2024-08-09T14:01:59","modified_gmt":"2024-08-09T14:01:59","slug":"perciet-amfetamina-pulveri-tiessaiste","status":"publish","type":"product","link":"https:\/\/lacasadelamedicina.es\/lv\/produkts\/perciet-amfetamina-pulveri-tiessaiste\/","title":{"rendered":"P\u0113rciet amfetam\u012bna pulveri tie\u0161saist\u0113"},"content":{"rendered":"<h1>P\u0113rciet amfetam\u012bna pulveri tie\u0161saist\u0113<\/h1>\n<p> P\u0113rciet amfetam\u012bna pulveri tie\u0161saist\u0113. Pas\u016btiet amfetam\u012bna pulveri tie\u0161saist\u0113 no Apvienot\u0101s Karalistes, Eiropas vai ES. Amfetam\u012bna pulveris: t\u0101 k\u0101 amfetam\u012bni ir stimul\u0113jo\u0161i <a href=\"https:\/\/dieapotheke247.com\/\">narkotikas<\/a>, t\u0101s pa\u0101trina sazi\u0146u starp smadzen\u0113m un \u0137ermeni. Ieg\u0101d\u0101jieties amfetam\u012bna pulveri tie\u0161saist\u0113 \u2014 <a href=\"https:\/\/drlawsonspharmacy\/contact-us\/\">KONTAKTI<\/a> T\u0101 k\u0101 amfetam\u012bni ir stimul\u0113jo\u0161as z\u0101les, tie pa\u0101trina zi\u0146ojumu p\u0101rraidi starp smadzen\u0113m un \u0137ermeni. J\u016bs var\u0113tu interes\u0113t ar\u012b inform\u0101cija par amfetam\u012bna pulvera ietekmi un ietekmi uz vesel\u012bbu. Tas var b\u016bt l\u012bdz\u012bgs daudz\u0101m cit\u0101m z\u0101l\u0113m. Lai \u0101rst\u0113tu t\u0101dus apst\u0101k\u013cus k\u0101 uzman\u012bbas defic\u012bta hiperaktivit\u0101tes trauc\u0113jumi (ADHD) un narkolepsija (nekontrol\u0113ta vajadz\u012bba p\u0113c miega), \u0101rsti var likum\u012bgi izrakst\u012bt noteiktas amfetam\u012bna formas. Speed \u200b\u200bun citi amfetam\u012bni tiek ra\u017eoti un p\u0101rdoti neleg\u0101li. V\u0113l viena faktu lapa ir velt\u012bta krist\u0101liskajam metamfetam\u012bnam (ledus), kas ir sp\u0113c\u012bg\u0101k\u0101 forma. Amfetam\u012bniem var b\u016bt da\u017e\u0101di veidi. \u0160\u012bs z\u0101les var b\u016bt pulvera, table\u0161u, krist\u0101lu un table\u0161u veid\u0101. Ja tos p\u0101rdod neleg\u0101li, tie var b\u016bt ievietoti &#8220;folij\u0101&#8221; (alum\u012bnija folij\u0101), plastmasas maisi\u0146os vai s\u012bkos balonos. Amfetam\u012bna pulveris var b\u016bt jebkuras kr\u0101sas, no baltas l\u012bdz br\u016bnai, da\u017ek\u0101rt ar pel\u0113k\u0101m vai roz\u0101 sv\u012btr\u0101m. Tai ir r\u016bgta gar\u0161a un ass arom\u0101ts. Amfetam\u012bna kapsulu un table\u0161u izm\u0113rs un kr\u0101sa \u013coti at\u0161\u0137iras. Amfetam\u012bns \u2013 neleg\u0101li ra\u017eoti amfetam\u012bni var satur\u0113t citu vielu, saistvielu, kofe\u012bna un cukura kombin\u0101ciju. Ir iesp\u0113jams ieviest ar\u012b jaunas psihoakt\u012bvas z\u0101les.                 <\/p>\n<h3>\u010c\u016bsku v\u0101rdi<\/h3>\n<p> \u0100trums, \u0101trs, augsts, aug\u0161\u0113jais, louee, goey, whist. <\/p>\n<h3><\/h3>\n<p> K\u0101 t\u0101s tiek izmantotas? Amfetam\u012bnus parasti norij, injic\u0113 vai sm\u0113\u0137\u0113. Vi\u0146us ar\u012b \u0161\u0146\u0101c.   <\/p>\n<h2>Amfetam\u012bna iedarb\u012bba<\/h2>\n<p> Amfetam\u012bni ikvienu ietekm\u0113 at\u0161\u0137ir\u012bgi, pamatojoties uz: <\/p>\n<ul>\n<li>\n \t<\/li>\n<li>Augums, svars un vesel\u012bba<\/li>\n<li>Vai cilv\u0113ks ir pieradis to lietot<\/li>\n<li>Vai vienlaikus tiek lietotas citas z\u0101les<\/li>\n<li>Pa\u0146emt\u0101 summa<\/li>\n<li>Z\u0101\u013cu stiprums (neleg\u0101li ra\u017eot\u0101m z\u0101l\u0113m da\u017e\u0101d\u0101s partij\u0101s at\u0161\u0137iras)<\/li>\n<\/ul>\n<h2>P\u0113rciet amfetam\u012bna pulveri tie\u0161saist\u0113<\/h2>\n<p> Amfetam\u012bniem var b\u016bt t\u016bl\u012bt\u0113ja iedarb\u012bba, kad tos injic\u0113 vai sm\u0113\u0137\u0113, bet tie var iedarboties 30 min\u016b\u0161u laik\u0101, kad tiek \u0161\u0146aukti vai nor\u012bti. Var rasties \u0161\u0101das sekas:  <\/p>\n<ul>\n<li>Laime un pa\u0161apzi\u0146a<\/li>\n<li>Run\u0101jiet vair\u0101k un j\u016btieties ener\u0123ijas pilns<\/li>\n<li>Atk\u0101rtojiet vienk\u0101r\u0161as lietas, piem\u0113ram, niezi un skr\u0101p\u0113jumus<\/li>\n<li>Lieli acu z\u012bl\u012btes un sausa mute<\/li>\n<li>\u0100tra sirdsdarb\u012bba un \u0101tra elpo\u0161ana<\/li>\n<li>Zobu grie\u0161ana<\/li>\n<li>Samazin\u0101ta apet\u012bte<\/li>\n<li>P\u0101rm\u0113r\u012bga sv\u012b\u0161ana<\/li>\n<li>Paaugstin\u0101ta dzimumtieksme<\/li>\n<\/ul>\n<p>&nbsp;<\/p>\n<h3>P\u0101rdoz\u0113\u0161ana<\/h3>\n<p> P\u0101rdoz\u0113\u0161ana var rasties ar\u012b tad, ja tiek pat\u0113r\u0113ts liels daudzums vai liela partija. Sast\u0101dot tr\u012bsk\u0101r\u0161o nulli (000), nekav\u0113joties j\u0101nos\u016bta \u0101tr\u0101 pal\u012bdz\u012bba, ja par\u0101d\u0101s k\u0101ds no \u0161iem simptomiem. Neatliekam\u0101s pal\u012bdz\u012bbas dienestiem nav nepiecie\u0161ams izsaukt policiju.   <\/p>\n<ul>\n<li>Sac\u012bk\u0161u sirdspuksti<\/li>\n<li>Der<\/li>\n<li>\u0122\u012bbonis<\/li>\n<li>Insults, sirdsl\u0113kme un n\u0101ve<\/li>\n<\/ul>\n<p> Amfetam\u012bna \u0161\u0146\u0101k\u0161ana var saboj\u0101t deguna eju un izrais\u012bt deguna asi\u0146o\u0161anu. Amfetam\u012bna injic\u0113\u0161ana un adatu koplieto\u0161ana var palielin\u0101t risku:  <\/p>\n<ul>\n<li>B hepat\u012bts<\/li>\n<li>C hepat\u012bts<\/li>\n<li>HIV\/AIDS<\/li>\n<li>Stingumkrampji<\/li>\n<\/ul>\n<p>&nbsp;<\/p>\n<h3>Non\u0101k lej\u0101<\/h3>\n<p> 2 l\u012bdz 4 dienu laik\u0101 p\u0113c amfetam\u012bna lieto\u0161anas var rasties \u0161\u0101das sekas: <\/p>\n<ul>\n<li>Nemier\u012bgs miegs un izs\u012bkums<\/li>\n<li>Galvass\u0101pes<\/li>\n<li>Reibonis un neskaidra redze<\/li>\n<li>Paranoja, halucin\u0101cijas un apjukums<\/li>\n<li>Aizkaitin\u0101m\u012bba, garast\u0101vok\u013ca sv\u0101rst\u012bbas un depresija<\/li>\n<\/ul>\n<p> Nom\u0101co\u0161u z\u0101\u013cu, piem\u0113ram, alkohola, benzodiazep\u012bnu vai ka\u0146epju, lieto\u0161ana, lai mazin\u0101tu &#8220;nok\u0101p\u0161anas&#8221; efektus, var rad\u012bt atkar\u012bbas ciklu no abu veidu viel\u0101m. &nbsp;<\/p>\n<h3>Ilgtermi\u0146a iedarb\u012bba<\/h3>\n<p> Regul\u0101ra amfetam\u012bna lieto\u0161ana galu gal\u0101 var izrais\u012bt \u0161\u0101das sekas: <\/p>\n<ul>\n<li>Samazin\u0101ta apet\u012bte un \u0101rk\u0101rt\u0113js svara zudums<\/li>\n<li>Nemier\u012bgs miegs<\/li>\n<li>Sausa mute un zobu probl\u0113mas<\/li>\n<li>Regul\u0101ras saaukst\u0113\u0161an\u0101s un gripa<\/li>\n<li>Gr\u016bt\u012bbas koncentr\u0113ties<\/li>\n<li>Elpo\u0161anas gr\u016bt\u012bbas<\/li>\n<li>Musku\u013cu st\u012bvums<\/li>\n<li>Trauksme un paranoja<\/li>\n<li>Depresija<\/li>\n<li>Sirds un nieru probl\u0113mas<\/li>\n<li>Paaugstin\u0101ts insulta risks<\/li>\n<li>Lai sasniegtu t\u0101du pa\u0161u efektu, ir j\u0101izmanto vair\u0101k<\/li>\n<li>Atkar\u012bba no amfetam\u012bniem<\/li>\n<li>Finansi\u0101l\u0101s, profesion\u0101l\u0101s un soci\u0101l\u0101s probl\u0113mas<\/li>\n<\/ul>\n<p>&nbsp;<\/p>\n<h3>P\u0113rciet amfetam\u012bna pulveri tie\u0161saist\u0113 &#8211; amfetam\u012bna psihoze<\/h3>\n<p> &#8220;Amfetam\u012bna psihozi&#8221;, kam rakstur\u012bgi paranojas maldi, halucin\u0101cijas un neparasti agres\u012bva vai vardarb\u012bga uzved\u012bba, var izrais\u012bt ar\u012b lielas devas un regul\u0101ra intens\u012bva lieto\u0161ana. P\u0113c tam, kad lietot\u0101js ir p\u0101rtraucis lietot amfetam\u012bnus, \u0161ie simptomi parasti izz\u016bd da\u017eu dienu laik\u0101.  &nbsp;<\/p>\n<h3>Amfetam\u012bnu sajauk\u0161ana ar cit\u0101m z\u0101l\u0113m<\/h3>\n<p> Amfetam\u012bniem var b\u016bt neparedzamas un nopietnas blakuspar\u0101d\u012bbas, ja tos lieto kop\u0101 ar cit\u0101m z\u0101l\u0113m, tostarp bezrecep\u0161u vai recep\u0161u medikamentiem, un tas var izrais\u012bt \u0161\u0101das sekas: Da\u017e\u0101du antidepresantu un amfetam\u012bnu kombin\u0101cija var paaugstin\u0101t asinsspiedienu, kas palielina sirds mazsp\u0113jas risku. , insults un sirds aritmijas.4 Amfetam\u012bni kombin\u0101cij\u0101 ar alkoholu, marihu\u0101nu vai benzodiazep\u012bniem var izrais\u012bt p\u0101rdoz\u0113\u0161anu, jo organismam j\u0101tiek gal\u0101 ar abu veidu vielu pret\u0113jo iedarb\u012bbu.  <\/p>\n<h4><em><strong>Pas\u016btiet amfetam\u012bna pulveri<\/strong><\/em><\/h4>\n<h2>Izmaksa<\/h2>\n<p> P\u0113c ilgsto\u0161as \u200b\u200bamfetam\u012bna lieto\u0161anas to var b\u016bt gr\u016bti p\u0101rtraukt, jo organismam ir nepiecie\u0161ams laiks, lai piel\u0101gotos dz\u012bvei bez amfetam\u012bna. P\u0113c ned\u0113\u013cas abstinences simptomiem vajadz\u0113tu mazin\u0101ties, un p\u0113c m\u0113ne\u0161a tiem liel\u0101koties vajadz\u0113tu izzust. \u0160\u012bs paz\u012bmes ietver:   <\/p>\n<ul>\n<li>Tieksme p\u0113c amfetam\u012bna<\/li>\n<li>Paaugstin\u0101ta apet\u012bte<\/li>\n<li>Apjukums un aizkaitin\u0101m\u012bba<\/li>\n<li>S\u0101pes un s\u0101pes<\/li>\n<li>Izs\u012bkums<\/li>\n<li>Nemier\u012bgs miegs un murgi<\/li>\n<li>Trauksme, depresija un paranoja<\/li>\n<li><strong>Vai zin\u0101t, kur nopirkt amfetam\u012bna pulveri<\/strong>amfetam\u012bna pulveris, amfetam\u012bna pulveris, amfetam\u012bna pulvera p\u0101rdo\u0161ana, amfetam\u012bna pulvera devas, k\u0101 pagatavot amfetam\u012bna pulveri, kur var ieg\u0101d\u0101ties amfetam\u012bna pulveris tie\u0161saist\u0113, kur var dab\u016bt amfetam\u012bnu? pulveris, kas ir amfetam\u012bna pulveris? P\u0101rdodu kvalitat\u012bvu amfetam\u012bna pulveri. M\u0113s varam atbild\u0113t uz visiem \u0161iem atkl\u0101tajiem jaut\u0101jumiem. Vienk\u0101r\u0161i ieskatieties m\u016bsu m\u0101jaslap\u0101, un j\u016bs sa\u0146emsiet atbildes par to, k\u0101 un kur tie\u0161saist\u0113 ieg\u0101d\u0101ties amfetam\u012bna pulveri. K\u0101 ar amfetam\u012bna pulveri? Vai j\u016bs ar\u012b zin\u0101t, kur tie\u0161saist\u0113 ieg\u0101d\u0101ties amfetam\u012bna pulveri? P\u0113rciet amfetam\u012bna pulveri p\u0101rdo\u0161an\u0101, k\u0101 pagatavot amfetam\u012bna pulveri, k\u0101 izskat\u0101s amfetam\u012bna pulveris, amfetam\u012bna pulvera cena iel\u0101, amfetam\u012bna pulvera cena, kur nopirkt amfetam\u012bna pulveri, t\u012brs krist\u0101lisks met, kur var ieg\u0101d\u0101ties kampfetam\u012bna pulveri tie\u0161saist\u0113, pirkt t\u012bru amfetam\u012bna pulveris tie\u0161saist\u0113.       <\/li>\n<\/ul>\n<p> Piln\u012bgi saprotams, ka personas uzreiz nepie\u0146em internet\u0101 pied\u0101v\u0101t\u0101 amfetam\u012bna pulvera kvalit\u0101ti, jo fiziski to nevar redz\u0113t. Tom\u0113r tas neattiecas uz tie\u0161saistes amfetam\u012bna pulvera pieg\u0101d\u0101t\u0101jiem. \u0160eit pied\u0101v\u0101tie produkti prec\u012bzi atspogu\u013co to, kas tie ir, un pirm\u0101s klases apkope tiek veikta profesion\u0101la uzraudz\u012bb\u0101. \u0100tri &amp;amp; Diskr\u0113ta pieg\u0101de: Kad pas\u016bt\u012bjums ir sa\u0146emts, amfetam\u012bna pulveris tie\u0161saist\u0113 tiks pieg\u0101d\u0101ts, tikl\u012bdz tas tiks apstiprin\u0101ts. Nos\u016bt\u012b\u0161anas komanda dara visu iesp\u0113jamo, lai nodro\u0161in\u0101tu, ka nos\u016bt\u012b\u0161anas un pieg\u0101des process ir \u0101trs un vienk\u0101r\u0161s. Ieg\u0101d\u0101joties amfetam\u012bna pulveri tie\u0161saist\u0113 no kvalific\u0113ta p\u0101rdev\u0113ja tie\u0161saistes tirg\u016b, j\u016bs varat sagaid\u012bt ar\u012b izcilus pakalpojumus. P\u0113rciet amfetam\u012bna pulveri tie\u0161saist\u0113       <\/p>\n<h3>P\u0113rciet amfetam\u012bna pulveri tie\u0161saist\u0113<\/h3>\n<p>&nbsp;<\/p>\n","protected":false},"excerpt":{"rendered":"<p>Centr\u0101lo nervu sist\u0113mu (smadze\u0146u un muguras smadze\u0146u nervus) \u013coti stimul\u0113 amfetam\u012bna pulveris, ko medic\u012bniski izmanto da\u017e\u0101du slim\u012bbu \u0101rst\u0113\u0161anai. Turkl\u0101t tam ir ilga \u013caunpr\u0101t\u012bgas izmanto\u0161anas v\u0113sture, un t\u0101 ir diezgan atkar\u012bga. Uzman\u012bbas defic\u012bta un hiperaktivit\u0101tes trauc\u0113jumus medic\u012bniski \u0101rst\u0113 ar amfetam\u012bna pulveri.   &nbsp;<\/p>\n","protected":false},"featured_media":18069,"comment_status":"closed","ping_status":"closed","template":"","meta":{"om_disable_all_campaigns":false,"_sitemap_exclude":false,"_sitemap_priority":"","_sitemap_frequency":"","_monsterinsights_skip_tracking":false,"_monsterinsights_sitenote_active":false,"_monsterinsights_sitenote_note":"","_monsterinsights_sitenote_category":0},"product_cat":[30172],"product_tag":[32906,32915,32912,32907,32914,32917,32922,32919,32923,32920,32918,32910,32921,32908,32913,32905,32916,32902,32911,32903,32904,32909],"class_list":{"0":"post-33402","1":"product","2":"type-product","3":"status-publish","4":"has-post-thumbnail","6":"product_cat-kimisko-vielu-un-psihodelisko-lidzeklu-izpete","7":"product_tag-amfetamina-pulvera-iedarbiba","8":"product_tag-amfetamina-pulvera-interneta-veikals-eiropa","9":"product_tag-amfetamina-pulvera-piegade-bez-maksas-eiropa","10":"product_tag-amfetamina-pulvera-tirdznieciba-tiessaiste","11":"product_tag-amfetamina-pulveris-eiropa-izpardosana","12":"product_tag-amfetamina-pulveris-eiropa-piedava","13":"product_tag-amfetamina-pulveris-eiropa-piegadatajiem","14":"product_tag-amfetamina-pulveris-eiropas-atlaide","15":"product_tag-amfetamina-pulveris-eiropas-parskats","16":"product_tag-amfetamina-pulveris-eiropas-piegade","17":"product_tag-amfetamina-pulveris-eiropas-veikals","18":"product_tag-amfetamina-pulveris-labaka-cena-eiropa","19":"product_tag-autentisks-amfetamina-pulveris-eiropa","20":"product_tag-cik-maksa-amfetamina-pulveris","21":"product_tag-kur-nopirkt-amfetamina-pulveri-eiropa","22":"product_tag-kur-tiessaiste-nopirkt-amfetamina-pulveri","23":"product_tag-lets-amfetamina-pulveris-eiropa","24":"product_tag-nopirkt-amfetamina-pulveri","25":"product_tag-pasutiet-amfetamina-pulveri-eu","26":"product_tag-pasutiet-amfetamina-pulveri-tiessaiste","27":"product_tag-perciet-amfetamina-pulveri-tiessaiste","28":"product_tag-perciet-amfetamina-pulveri-tiessaiste-eiropa","30":"first","31":"instock","32":"shipping-taxable","33":"purchasable","34":"product-type-variable","35":"farmacie-col"},"aioseo_notices":[],"_links":{"self":[{"href":"https:\/\/lacasadelamedicina.es\/lv\/wp-json\/wp\/v2\/product\/33402"}],"collection":[{"href":"https:\/\/lacasadelamedicina.es\/lv\/wp-json\/wp\/v2\/product"}],"about":[{"href":"https:\/\/lacasadelamedicina.es\/lv\/wp-json\/wp\/v2\/types\/product"}],"replies":[{"embeddable":true,"href":"https:\/\/lacasadelamedicina.es\/lv\/wp-json\/wp\/v2\/comments?post=33402"}],"wp:featuredmedia":[{"embeddable":true,"href":"https:\/\/lacasadelamedicina.es\/lv\/wp-json\/wp\/v2\/media\/18069"}],"wp:attachment":[{"href":"https:\/\/lacasadelamedicina.es\/lv\/wp-json\/wp\/v2\/media?parent=33402"}],"wp:term":[{"taxonomy":"product_cat","embeddable":true,"href":"https:\/\/lacasadelamedicina.es\/lv\/wp-json\/wp\/v2\/product_cat?post=33402"},{"taxonomy":"product_tag","embeddable":true,"href":"https:\/\/lacasadelamedicina.es\/lv\/wp-json\/wp\/v2\/product_tag?post=33402"}],"curies":[{"name":"wp","href":"https:\/\/api.w.org\/{rel}","templated":true}]}}