{"id":33395,"date":"2024-08-09T14:01:59","date_gmt":"2024-08-09T14:01:59","guid":{"rendered":"https:\/\/lacasadelamedicina.es\/product\/iegadajieties-acetilfentanila-pulveri-99-tirs-tiessaiste\/"},"modified":"2024-08-09T14:01:59","modified_gmt":"2024-08-09T14:01:59","slug":"iegadajieties-acetilfentanila-pulveri-99-tirs-tiessaiste","status":"publish","type":"product","link":"https:\/\/lacasadelamedicina.es\/lv\/produkts\/iegadajieties-acetilfentanila-pulveri-99-tirs-tiessaiste\/","title":{"rendered":"Ieg\u0101d\u0101jieties acetilfentanila pulveri (99%+ t\u012brs) tie\u0161saist\u0113"},"content":{"rendered":"<h3>Ieg\u0101d\u0101jieties acetilfentanila pulveri (99%+ t\u012brs) tie\u0161saist\u0113<\/h3>\n<p> P\u0113rciet acetilfentanilu pulvera veid\u0101. Tas ir piecas reizes sp\u0113c\u012bg\u0101ks par hero\u012bnu un tiek klasific\u0113ts k\u0101 opio\u012bds. To lieto, lai \u0101rst\u0113tu stipras, past\u0101v\u012bgas s\u0101pes, kas nerea\u0123\u0113 uz cit\u0101m z\u0101l\u0113m. \u0160\u012bs z\u0101les ir sp\u0113c\u012bgs narkotisks prets\u0101pju l\u012bdzeklis. <strong>P\u0113rciet acetilfentanila pulveri (99%+ Pure) tie\u0161saist\u0113<\/strong> &#8211; <a href=\"https:\/\/drlawsonspharmacy\/contact-us\/\">KONTAKTI<\/a> Akrila fentanila pulveris (99% + t\u012brs) p\u0101rdo\u0161anai Acetilfentanils ir opio\u012bdu prets\u0101pju l\u012bdzeklis, kas s\u0101pju mazin\u0101\u0161anas zi\u0146\u0101 darbojas l\u012bdz\u012bgi fentanilam. Acetils Fentanils ir l\u012bdz 80 reiz\u0113m sp\u0113c\u012bg\u0101ks par morf\u012bnu un no 5 l\u012bdz 40 reiz\u0113m sp\u0113c\u012bg\u0101ks par hero\u012bnu. Tas ir 15 reizes sp\u0113c\u012bg\u0101ks par fentanilu. Acetilfentanila pulveris, r\u016bp\u012bgi sintez\u0113ta viela, kurai ir izcils t\u012br\u012bbas l\u012bmenis, var pal\u012bdz\u0113t piln\u012bb\u0101 realiz\u0113t j\u016bsu p\u0113tniec\u012bbas potenci\u0101lu. Ar vair\u0101k nek\u0101 99% t\u012br\u012bbas pak\u0101pi \u0161is izcilais produkts nodro\u0161ina revolucion\u0101rus p\u0113t\u012bjumus farm\u0101cijas p\u0113t\u012bjumu un anal\u012bzes jom\u0101. Acetilfentanila pulverim, kas ieg\u016bts no labi zin\u0101m\u0101 opio\u012bda fentanila, piem\u012bt sp\u0113c\u012bgas prets\u0101pju \u012bpa\u0161\u012bbas, kas padara to par svar\u012bgu instrumentu p\u0113tniekiem, kas p\u0113ta s\u0101pju kontroli, opio\u012bdu receptorus un ar to saist\u012bt\u0101s jomas. Pateicoties t\u0101 augstajai t\u012br\u012bbai, varat padzi\u013cin\u0101ti izp\u0113t\u012bt opio\u012bdu savienojumu sare\u017e\u0123\u012bto darb\u012bbu, p\u0101rliec\u012bb\u0101 par to prec\u012bziem un uzticamiem rezult\u0101tiem.          <\/p>\n<h3>Ieg\u0101d\u0101jieties acetilfentanila pulveri (99%+ t\u012brs) tie\u0161saist\u0113<\/h3>\n<p> T\u012br\u012bba un konsekvence ir \u013coti svar\u012bgas p\u0113tniec\u012bb\u0101 un <span class=\"selectable-text copyable-text\">Dr Lawsons Pharmacy<\/span> to saprot. T\u0101p\u0113c m\u016bsu acetilfentanila pulveris tiek ra\u017eots, izmantojot jaun\u0101k\u0101s sint\u0113zes metodes, un tam tiek veiktas stingras kvalit\u0101tes kontroles p\u0101rbaudes. Lai nodro\u0161in\u0101tu j\u016bsu p\u0113t\u012bjumu reproduc\u0113jam\u012bbu un uzticam\u012bbu, m\u0113s cen\u0161amies nodro\u0161in\u0101t produktu, kas atbilst un p\u0101rsniedz augst\u0101kajiem nozares standartiem. M\u016bsu acetilfentanila pulvera augst\u0101 t\u012br\u012bba nodro\u0161ina prec\u012bzu doz\u0113\u0161anu un kontrol\u0113tu test\u0113\u0161anu, sniedzot jums p\u0101rliec\u012bbu, kas nepiecie\u0161ama r\u016bp\u012bgai izp\u0113tei. M\u016bsu produkts viegli \u0161\u0137\u012bst parastajos \u0161\u0137\u012bdin\u0101t\u0101jos, padarot to viegli lietojamu un piem\u0113rotu da\u017e\u0101diem zin\u0101tniskiem lietojumiem.     <\/p>\n<h3><strong>Pas\u016btiet acetilfentanila pulveri (99%+ t\u012brs)<\/strong><\/h3>\n<p> Dro\u0161\u012bba ir m\u016bsu priorit\u0101te numur viens. Ir svar\u012bgi atcer\u0113ties, ka acetilfentanila pulveris ir paredz\u0113ts tikai p\u0113tniec\u012bbai un nekad nav paredz\u0113ts lieto\u0161anai p\u0101rtik\u0101. M\u0113s aicin\u0101m j\u016bs lietot \u0161o sp\u0113c\u012bgo vielu atbild\u012bgi, iev\u0113rojot visus piem\u0113rojamos likumus un mor\u0101les kodeksus. Acetilfentanila pulveris izr\u0101d\u012bsies noder\u012bgs r\u012bks j\u016bsu p\u0113t\u012bjumiem neatkar\u012bgi no t\u0101, vai p\u0113t\u0101t opio\u012bdu farmakokin\u0113tiku, mekl\u0113jat jaun\u0101k\u0101s metodes s\u0101pju mazin\u0101\u0161an\u0101 vai p\u0113t\u0101t opio\u012bdu ietekmi uz centr\u0101lo nervu sist\u0113mu.    &nbsp;<\/p>\n","protected":false},"excerpt":{"rendered":"<p>P\u0113rciet acetilfentanila pulveri (99%+ t\u012brs) tie\u0161saist\u0113. past\u0101v\u012bg\u0101m, stipr\u0101m s\u0101p\u0113m, kas ir iztur\u012bgas pret cit\u0101m z\u0101l\u0113m. \u0160\u012bs z\u0101les ir sp\u0113c\u012bgs narkotisks prets\u0101pju l\u012bdzeklis.   &nbsp;<\/p>\n","protected":false},"featured_media":18054,"comment_status":"closed","ping_status":"closed","template":"","meta":{"om_disable_all_campaigns":false,"_sitemap_exclude":false,"_sitemap_priority":"","_sitemap_frequency":"","_monsterinsights_skip_tracking":false,"_monsterinsights_sitenote_active":false,"_monsterinsights_sitenote_note":"","_monsterinsights_sitenote_category":0},"product_cat":[30172],"product_tag":[32884,32890,32892,32901,32895,32898,32896,32893,32888,32885,32897,32900,32899,32886,32881,32891,32883,32894,32880,32889,32882,32887],"class_list":{"0":"post-33395","1":"product","2":"type-product","3":"status-publish","4":"has-post-thumbnail","6":"product_cat-kimisko-vielu-un-psihodelisko-lidzeklu-izpete","7":"product_tag-acetilfentanila-pulvera-iedarbiba-99-tirs","8":"product_tag-acetilfentanila-pulveris-99-tirs-bezmaksas-piegade-uz-eiropu","9":"product_tag-acetilfentanila-pulveris-99-tirs-eiropa-izpardosana","10":"product_tag-acetilfentanila-pulveris-99-tirs-eiropas-apskats","11":"product_tag-acetilfentanila-pulveris-99-tirs-eiropas-piedavajumi","12":"product_tag-acetilfentanila-pulveris-99-tirs-eiropas-piegade","13":"product_tag-acetilfentanila-pulveris-99-tirs-eiropas-veikals","14":"product_tag-acetilfentanila-pulveris-99-tirs-interneta-veikals-eiropa","15":"product_tag-acetilfentanila-pulveris-99-tirs-labaka-cena-eiropa","16":"product_tag-acetilfentanila-pulveris-99-tirs-pardosana-tiessaiste","17":"product_tag-acetyl-fentanyl-powder-99-tirs-eiropas-atlaide","18":"product_tag-acetyl-fentanyl-powder-99-tirs-eiropas-piegadataji","19":"product_tag-autentisks-acetilfentanila-pulveris-99-tirs-eiropa","20":"product_tag-cik-maksa-acetilfentanila-pulveris-99-tirs","21":"product_tag-iegadajieties-acetilfentanila-pulveri-99-tirs-tiessaiste","22":"product_tag-kur-nopirkt-acetilfentanila-pulveri-99-tirs-eiropa","23":"product_tag-kur-tiessaiste-iegadaties-acetilfentanila-pulveri-99-tirs","24":"product_tag-lets-acetilfentanila-pulveris-99-tirs-eiropa","25":"product_tag-nopirkt-acetilfentanila-pulveri-99-tirs","26":"product_tag-pasutiet-acetilfentanila-pulveri-99-tirs-es","27":"product_tag-pasutiet-acetyl-fentanyl-powder-99-pure-tiessaiste","28":"product_tag-perciet-acetilfentanila-pulveri-99-tirs-tiessaiste-eiropa","30":"first","31":"instock","32":"shipping-taxable","33":"purchasable","34":"product-type-variable","35":"farmacie-col"},"aioseo_notices":[],"_links":{"self":[{"href":"https:\/\/lacasadelamedicina.es\/lv\/wp-json\/wp\/v2\/product\/33395"}],"collection":[{"href":"https:\/\/lacasadelamedicina.es\/lv\/wp-json\/wp\/v2\/product"}],"about":[{"href":"https:\/\/lacasadelamedicina.es\/lv\/wp-json\/wp\/v2\/types\/product"}],"replies":[{"embeddable":true,"href":"https:\/\/lacasadelamedicina.es\/lv\/wp-json\/wp\/v2\/comments?post=33395"}],"wp:featuredmedia":[{"embeddable":true,"href":"https:\/\/lacasadelamedicina.es\/lv\/wp-json\/wp\/v2\/media\/18054"}],"wp:attachment":[{"href":"https:\/\/lacasadelamedicina.es\/lv\/wp-json\/wp\/v2\/media?parent=33395"}],"wp:term":[{"taxonomy":"product_cat","embeddable":true,"href":"https:\/\/lacasadelamedicina.es\/lv\/wp-json\/wp\/v2\/product_cat?post=33395"},{"taxonomy":"product_tag","embeddable":true,"href":"https:\/\/lacasadelamedicina.es\/lv\/wp-json\/wp\/v2\/product_tag?post=33395"}],"curies":[{"name":"wp","href":"https:\/\/api.w.org\/{rel}","templated":true}]}}