{"id":33366,"date":"2024-08-09T14:02:03","date_gmt":"2024-08-09T14:02:03","guid":{"rendered":"https:\/\/lacasadelamedicina.es\/product\/perciet-butilonu-tiessaiste\/"},"modified":"2024-08-09T14:02:03","modified_gmt":"2024-08-09T14:02:03","slug":"perciet-butilonu-tiessaiste","status":"publish","type":"product","link":"https:\/\/lacasadelamedicina.es\/lv\/produkts\/perciet-butilonu-tiessaiste\/","title":{"rendered":"P\u0113rciet butilonu tie\u0161saist\u0113"},"content":{"rendered":"<h1>P\u0113rciet butilonu tie\u0161saist\u0113<\/h1>\n<p> Tie\u0161saistes veikals, kas p\u0101rdod butilonu. Butilons, pla\u0161i paz\u012bstams k\u0101 k-MBDB vai B1, ir sint\u0113tisks entaktog\u0113ns un stimulants, kas pieder pie fenetilam\u012bna un katinona klas\u0113m. Tas ir paz\u012bstams ar\u012b k\u0101 -keto-N-metilbenzodioksolilbut\u0101nam\u012bns. Bufedrona aizvietoto metil\u0113ndioksi ekvivalentu un MBDB -keto analogu sauc par butilonu. Ieg\u0101d\u0101jieties butilonu tie\u0161saist\u0113 \u2014 <a href=\"https:\/\/drlawsonspharmacy\/contact-us\/\">KONTAKTI<\/a> T\u0101 k\u0101 metilona pied\u0101v\u0101jums p\u0113tniec\u012bbas \u0137\u012bmisko vielu tirg\u016b sar\u016bk, tas bie\u017ei tiek p\u0101rdots uz ielas l\u012bdz\u0101s etilonam k\u0101 dizaineru z\u0101les, k\u0101 aizst\u0101j\u0113js vai imit\u0101cija. MDMA un metilonam (kas visi kop\u0101 tiek saukti par &#8220;molly&#8221;). Butilonam un MDMA ir l\u012bdz\u012bgas farmakolo\u0123isk\u0101s un uzved\u012bbas \u012bpa\u0161\u012bbas, ta\u010du to \u0161\u0137ietam\u0101 subjekt\u012bv\u0101 iedarb\u012bba nav glu\u017ei t\u0101da pati. Tiek uzskat\u012bts, ka butilons ir maz\u0101k sp\u0113c\u012bgs nek\u0101 t\u0101 radinieki metilons un etilons, un tam ir tradicion\u0101la stimul\u0113jo\u0161a, nevis entaktog\u0113na iedarb\u012bba. Cilv\u0113ki to s\u0101ka lietot tikai nesen.        <\/p>\n<h3><strong>Pas\u016btiet Butylone tie\u0161saist\u0113<\/strong><\/h3>\n<p> Sint\u0113tisks katinonu \u0123imenes loceklis, kas paz\u012bstams ar\u012b k\u0101 -keto-N-metilbenzodioksolilbut\u0101nam\u012bns. Katinoniem ir fenetilam\u012bna kodols ar fenilgredzenu, kas pievienots aminogrupai (NH2), izmantojot etil\u0137\u0113di, un citu etilgrupas aizvietot\u0101ju pie R. T\u0101d\u0113j\u0101di tie ir struktur\u0101li l\u012bdz\u012bgi amfetam\u012bniem. Alfa-metil\u0113tie fenetilam\u012bni (t.i., amfetam\u012bni) ir t\u0101di pa\u0161i katinoni k\u0101 butilons. Tom\u0113r tie at\u0161\u0137iras no tiem ar ketona funkcion\u0101lo grupu (karbonilgrupa pie R). Butilonam ir kop\u012bga metila aizst\u0101\u0161ana RN poz\u012bcij\u0101 ar MDEA, etilonu, 4-MEC un da\u017eiem citiem stimulantiem un entaktog\u0113niem. Butilon\u0101 ir ar\u012b sk\u0101bek\u013ca grupas fenilgredzena R3 un R4 poz\u012bcij\u0101s. \u0160\u012bs sk\u0101bek\u013ca grupas caur metil\u0113na \u0137\u0113di ir integr\u0113tas metil\u0113ndioksigredzen\u0101. Butilonam ir ar\u012b \u0161is metil\u0113ndioksi gredzens. Tas darbojas k\u0101 kombin\u0113ts atpaka\u013csaistes inhibitors\/dopam\u012bna, noradrenal\u012bna un seroton\u012bna atbr\u012bvot\u0101js. \u0160ie neirotransmiteri kontrol\u0113 motiv\u0101ciju, baudu, atl\u012bdz\u012bbu un fokusu. Tas tiek pan\u0101kts, nov\u0113r\u0161ot neirotransmiteru reabsorbciju p\u0113c tam, kad tie ir pabeigu\u0161i savu uzdevumu nos\u016bt\u012bt smadze\u0146u impulsu. Tas \u013cauj neirotransmiteriem uzkr\u0101ties un tikt p\u0101rstr\u0101d\u0101tiem, radot fiziolo\u0123iski stimul\u0113jo\u0161us un eiforiskus efektus.            <\/p>\n<h3>Kur es varu ieg\u0101d\u0101ties Butylone tie\u0161saist\u0113, vai j\u016bs zin\u0101t?<\/h3>\n<p> Kur es varu ieg\u0101d\u0101ties Butylone tie\u0161saist\u0113, kur es varu ieg\u0101d\u0101ties Butylone tie\u0161saist\u0113, kas ir Butylone un kur es varu ieg\u0101d\u0101ties augst\u0101k\u0101s kvalit\u0101tes butilona pulveri, ir visi jaut\u0101jumi, uz kuriem tiks atbild\u0113ts t\u0101l\u0101k. M\u0113s varam sniegt risin\u0101jumus visiem \u0161iem neatrisin\u0101tajiem jaut\u0101jumiem. J\u016bs varat uzzin\u0101t vair\u0101k par to, kur un k\u0101 tie\u0161saist\u0113 ieg\u0101d\u0101ties Fentanyl tabletes, vienk\u0101r\u0161i p\u0101rl\u016bkojot m\u016bsu vietni. K\u0101 ar pulverveida butilonu? Vai j\u016bs zin\u0101t, kur es varu ieg\u0101d\u0101ties Butylone tie\u0161saist\u0113? Kur nopirkt Butilona pulveri, Kur nopirkt t\u012bru butilona pulveri, K\u0101 pagatavot Butilona pulveri, K\u0101 izskat\u0101s Butilona pulveris, Butilona pulvera cena iel\u0101, Butilona pulvera cena, Butilona pulvera pieg\u0101d\u0101t\u0101ji, Butilona pulvera forma, P\u0113rciet t\u012bru butilona pulveri, Butilona pulvera cena Ir piln\u012bgi saprotams, ka cilv\u0113ki uzreiz neuzticas tie\u0161saist\u0113 p\u0101rdot\u0101 butilona kvalit\u0101tei, jo nevar to redz\u0113t kl\u0101tien\u0113. Tom\u0113r lietas at\u0161\u0137iras ar tie\u0161saistes butilona pieg\u0101d\u0101t\u0101jiem. \u0160eit pied\u0101v\u0101tie produkti ir tie\u0161i t\u0101di, k\u0101di tie ir, un tie tiek uztur\u0113ti profesion\u0101\u013cu uzraudz\u012bb\u0101. \u0100tri &amp;amp; Diskr\u0113ta pieg\u0101de: Butylone tiek pieg\u0101d\u0101ts, k\u0101 sol\u012bts, t\u016bl\u012bt p\u0113c pas\u016bt\u012bjuma sa\u0146em\u0161anas. Pieg\u0101des komanda cen\u0161as padar\u012bt nos\u016bt\u012b\u0161anas un pieg\u0101des procesu \u0101tru un vienk\u0101r\u0161u. Ieg\u0101d\u0101joties Butylone no cien\u012bjama p\u0101rdev\u0113ja tie\u0161saistes tirg\u016b, varat sagaid\u012bt ar\u012b lielisku servisu.           &nbsp;<\/p>\n","protected":false},"excerpt":{"rendered":"<p>Butilons, pla\u0161i paz\u012bstams k\u0101 k-MBDB vai B1, ir sint\u0113tisks entaktog\u0113ns un stimulants, kas pieder pie fenetilam\u012bna un katinona klas\u0113m. Tas ir paz\u012bstams ar\u012b k\u0101 -keto-N-metilbenzodioksolilbut\u0101nam\u012bns. Bufedrona aizvietoto metil\u0113ndioksi ekvivalentu un MBDB -keto analogu sauc par butilonu.   &nbsp;<\/p>\n","protected":false},"featured_media":18594,"comment_status":"closed","ping_status":"closed","template":"","meta":{"om_disable_all_campaigns":false,"_sitemap_exclude":false,"_sitemap_priority":"","_sitemap_frequency":"","_monsterinsights_skip_tracking":false,"_monsterinsights_sitenote_active":false,"_monsterinsights_sitenote_note":"","_monsterinsights_sitenote_category":0},"product_cat":[30172],"product_tag":[32789,32780,32774,32783,32778,32775,32791,32787,32782,32785,32790,32788,32786,32776,32773,32781,32784,32770,32771,32779,32772,32777],"class_list":{"0":"post-33366","1":"product","2":"type-product","3":"status-publish","4":"has-post-thumbnail","6":"product_cat-kimisko-vielu-un-psihodelisko-lidzeklu-izpete","7":"product_tag-autentisks-butilona-eiropa","8":"product_tag-butilona-bezmaksas-piegade-eiropa","9":"product_tag-butilona-iedarbiba","10":"product_tag-butilona-interneta-veikals-eiropa","11":"product_tag-butilona-labaka-cena-eiropa","12":"product_tag-butilona-pardosana-tiessaiste","13":"product_tag-butylone-europe-apskats","14":"product_tag-butylone-europe-atlaide","15":"product_tag-butylone-europe-izpardosana","16":"product_tag-butylone-europe-piedavajumi","17":"product_tag-butylone-europe-piegadataji","18":"product_tag-butylone-europe-piegade","19":"product_tag-butylone-europe-veikals","20":"product_tag-cik-maksa-butilons","21":"product_tag-kur-nopirkt-butilonu-tiessaiste","22":"product_tag-kur-nopirkt-butylone-europe","23":"product_tag-leti-butilona-eiropa","24":"product_tag-nopirkt-butilonu","25":"product_tag-pasutiet-butilonu-tiessaiste","26":"product_tag-pasutiet-butylone-eu","27":"product_tag-perciet-butilonu-tiessaiste","28":"product_tag-perciet-butilonu-tiessaiste-eiropa","30":"first","31":"instock","32":"shipping-taxable","33":"purchasable","34":"product-type-variable","35":"farmacie-col"},"aioseo_notices":[],"_links":{"self":[{"href":"https:\/\/lacasadelamedicina.es\/lv\/wp-json\/wp\/v2\/product\/33366"}],"collection":[{"href":"https:\/\/lacasadelamedicina.es\/lv\/wp-json\/wp\/v2\/product"}],"about":[{"href":"https:\/\/lacasadelamedicina.es\/lv\/wp-json\/wp\/v2\/types\/product"}],"replies":[{"embeddable":true,"href":"https:\/\/lacasadelamedicina.es\/lv\/wp-json\/wp\/v2\/comments?post=33366"}],"wp:featuredmedia":[{"embeddable":true,"href":"https:\/\/lacasadelamedicina.es\/lv\/wp-json\/wp\/v2\/media\/18594"}],"wp:attachment":[{"href":"https:\/\/lacasadelamedicina.es\/lv\/wp-json\/wp\/v2\/media?parent=33366"}],"wp:term":[{"taxonomy":"product_cat","embeddable":true,"href":"https:\/\/lacasadelamedicina.es\/lv\/wp-json\/wp\/v2\/product_cat?post=33366"},{"taxonomy":"product_tag","embeddable":true,"href":"https:\/\/lacasadelamedicina.es\/lv\/wp-json\/wp\/v2\/product_tag?post=33366"}],"curies":[{"name":"wp","href":"https:\/\/api.w.org\/{rel}","templated":true}]}}