{"id":33244,"date":"2024-08-09T14:02:04","date_gmt":"2024-08-09T14:02:04","guid":{"rendered":"https:\/\/lacasadelamedicina.es\/product\/perciet-2-fdck-pulveri-un-kristalu-tiessaiste\/"},"modified":"2024-08-09T14:02:04","modified_gmt":"2024-08-09T14:02:04","slug":"perciet-2-fdck-pulveri-un-kristalu-tiessaiste","status":"publish","type":"product","link":"https:\/\/lacasadelamedicina.es\/lv\/produkts\/perciet-2-fdck-pulveri-un-kristalu-tiessaiste\/","title":{"rendered":"P\u0113rciet 2-FDCK pulveri un krist\u0101lu tie\u0161saist\u0113"},"content":{"rendered":"<h3><strong>P\u0101rdo\u0161an\u0101 2FDCK \u2014 ieg\u0101d\u0101jieties 2-fdck tie\u0161saist\u0113, pas\u016btiet 2-fdck krist\u0101la pulveri tie\u0161saist\u0113<\/strong><\/h3>\n<p><strong>P\u0113rciet 2-FDCK pulveri un krist\u0101lu tie\u0161saist\u0113<\/strong> &#8211; P\u0113rciet 2FDCK tie\u0161saist\u0113. M\u0113s pied\u0101v\u0101jam augst\u0101k\u0101s kvalit\u0101tes 2-fdck p\u0101rdo\u0161anai m\u016bsu tie\u0161saistes ka\u0146epju veikal\u0101. Ieg\u0101d\u0101joties 2-FDCK krist\u0101lu un pulveri tie\u0161saist\u0113, j\u016bsu prece tiks pieg\u0101d\u0101ta \u0101tri. P\u0113rciet 2-FDCK pulveri un krist\u0101lus tie\u0161saist\u0113 Farmaceitisk\u0101s \u0137imik\u0101lijas, piem\u0113ram, 2FDCK, ir viens no svar\u012bg\u0101kajiem vielu veidiem, un tagad t\u0101s ir \u013coti piepras\u012btas. Tas pieder pie arilciloheksilam\u012bnu klases starp disociat\u012bvaj\u0101m z\u0101l\u0113m. Tiek teikts, ka tas vair\u0101kos veidos atg\u0101dina PCP \u0123imeni. Ja v\u0113laties ieg\u0101d\u0101ties 2-fdck tie\u0161saist\u0113, jums ir j\u0101izv\u0113las atbilsto\u0161\u0101 vietne, lai veiktu pas\u016bt\u012bjumu ar t\u016bl\u012bt\u0113ju atlaidi. Tas tika dibin\u0101ts 2015. gad\u0101, un j\u016bs vienm\u0113r varat veikt pas\u016bt\u012bjumu no visuzticam\u0101k\u0101s vietnes tie\u0161saist\u0113 ar nep\u0101rtrauktu izp\u0101rdo\u0161anu un atlaid\u0113m. Arilcikloheksilam\u012bna grupas \u0137\u012bmisk\u0101s \u012bpa\u0161\u012bbas, kas satur ketam\u012bnu, ir vien\u0101das.        &nbsp;<\/p>\n<h3><strong>P\u0113rciet 2-FDCK pulveri un krist\u0101lus tie\u0161saist\u0113 \u2014 kas ir 2FDCK?<\/strong><\/h3>\n<p> Medic\u012bniski paz\u012bstams k\u0101 2\u2032-Fl-2-Oxo-PCM, fluoroketam\u012bns, 2FDCK ir \u0137\u012bmisks savienojums, kas saist\u012bts ar ketam\u012bnu. Bie\u017ei tiek zi\u0146ots, ka t\u0101s vair\u0101k\u0101s valst\u012bs tiek izmantotas k\u0101 dizaina narkotikas. Tas ir ketam\u012bna l\u012bdzinieks, kur\u0101 fluors uz\u0146emas notur\u012bgo vielu lomu. Saska\u0146\u0101 ar jaun\u0101ko inform\u0101ciju vielas farmakolo\u0123isk\u0101s deta\u013cas nav zin\u0101mas, nodro\u0161inot konkurences priek\u0161roc\u012bbas. \u0160\u012b viela mazina disociat\u012bvos simptomus, s\u0101pes un citas negat\u012bvas emocijas. J\u016bs varat to lietot viegli un \u0113rti, un tas lab\u0101k iedarbojas uz \u0137ermeni. M\u0113s esam ap\u0146\u0113mu\u0161ies laist tirg\u016b augstas kvalit\u0101tes produktus, un pat\u0113r\u0113t\u0101js var ieg\u016bt 2-fdck krist\u0101la pulveri tie\u0161saist\u0113 ASV ar t\u016bl\u012bt\u0113ju atlaidi. T\u0101 k\u013c\u016bst arvien liel\u0101ka, jo tiek izmantota da\u017e\u0101d\u0101m cilv\u0113ku medic\u012bnisk\u0101m vajadz\u012bb\u0101m.        &nbsp;<\/p>\n<h3><strong>K\u0101p\u0113c jums vajadz\u0113tu ieg\u0101d\u0101ties 2FDCK no mums?<\/strong><\/h3>\n<p> M\u0113s esam ide\u0101la vietne dabisko z\u0101\u013cu ieg\u0101dei, jo mums ir daudzu gadu pieredze, nodro\u0161inot pla\u0161u produktu kl\u0101stu ar ekskluz\u012bv\u0101m atlaid\u0113m. Veicot pas\u016bt\u012bjumu, izmantojot mobilo t\u0101lruni, varat ieg\u0101d\u0101ties 2-FDCK. M\u0113s pieg\u0101d\u0101jam 1 g, 5 g, 25 g un 50 g daudzumos, t\u0101d\u0113j\u0101di atvieglojot jums nepiecie\u0161amo un ietaup\u012bjumu.   <\/p>\n<ul>\n<li>M\u0113s nodro\u0161in\u0101m 24 \u00d7 7 stundu atbalstu<\/li>\n<li>M\u0113s pieg\u0101d\u0101jam ori\u0123in\u0101lu produktu<\/li>\n<li>100% dro\u0161\u0101ks iepakojums<\/li>\n<\/ul>\n<p>&nbsp;<\/p>\n<h3>P\u0113rciet 2-FDCK pulveri un amp; Crystal Online \u2014 k\u0101 lietot 2-FDCK?<\/h3>\n<p> Tas sniedz ener\u0123iju, m\u012bkstina narkotiku iedarb\u012bbu un att\u012bra pr\u0101tu. SFDCK v\u0113las g\u016bt br\u012bni\u0161\u0137\u012bgu pieredzi un atrast \u0161o narkotiku eiforisk\u0101ku. \u0160\u012bs z\u0101les \u013cauj nor\u012bt, vienlaikus lietojot disociat\u012bv\u0101ku 2-FDCK. Turkl\u0101t tas tiek garant\u0113ts maz\u0101k stimul\u0113ts sal\u012bdzin\u0101jum\u0101 ar cit\u0101m metod\u0113m. Lai ieg\u0101d\u0101tos \u0161\u0101das preces tie\u0161saist\u0113, jums j\u0101gaida 2FDCK for Sale, t\u0101d\u0113j\u0101di ietaupot liel\u0101ko da\u013cu no dar\u012bjuma maksas.     &nbsp;<\/p>\n","protected":false},"excerpt":{"rendered":"<p>&nbsp;<\/p>\n","protected":false},"featured_media":18189,"comment_status":"closed","ping_status":"closed","template":"","meta":{"om_disable_all_campaigns":false,"_sitemap_exclude":false,"_sitemap_priority":"","_sitemap_frequency":"","_monsterinsights_skip_tracking":false,"_monsterinsights_sitenote_active":false,"_monsterinsights_sitenote_note":"","_monsterinsights_sitenote_category":0},"product_cat":[30172],"product_tag":[32339,32346,32350,32344,32349,32345,32333,32342,32341,32347,32334,32337,32348,32335,32340,32331,32343,32338,32332,32329,32330,32336],"class_list":{"0":"post-33244","1":"product","2":"type-product","3":"status-publish","4":"has-post-thumbnail","6":"product_cat-kimisko-vielu-un-psihodelisko-lidzeklu-izpete","7":"product_tag-2-fdck-pulvera-un-kristala-bezmaksas-piegade-eiropa","8":"product_tag-2-fdck-pulvera-un-kristala-eiropa-atlaide","9":"product_tag-2-fdck-pulvera-un-kristala-eiropas-apskats","10":"product_tag-2-fdck-pulvera-un-kristala-eiropas-piedavajumi","11":"product_tag-2-fdck-pulvera-un-kristala-eiropas-piegadataji","12":"product_tag-2-fdck-pulvera-un-kristala-eiropas-veikals","13":"product_tag-2-fdck-pulvera-un-kristala-iedarbiba","14":"product_tag-2-fdck-pulvera-un-kristala-interneta-veikals-eiropa","15":"product_tag-2-fdck-pulvera-un-kristala-izpardosana-eiropa","16":"product_tag-2-fdck-pulvera-un-kristala-piegade-eiropa","17":"product_tag-2-fdck-pulvera-un-kristalu-pardosana-tiessaiste","18":"product_tag-2-fdck-pulveris-un-kristals-par-labako-cenu-eiropa","19":"product_tag-autentisks-2-fdck-pulveris-un-kristals-eiropa","20":"product_tag-cik-maksa-2-fdck-pulveris-un-kristals","21":"product_tag-kur-nopirkt-2-fdck-pulveri-un-kristalu-eiropa","22":"product_tag-kur-tiessaiste-iegadaties-2-fdck-pulveri-un-kristalus","23":"product_tag-lets-2-fdck-pulveris-un-kristala-eiropa","24":"product_tag-pasutiet-2-fdck-pulveri-un-kristalu-eu","25":"product_tag-pasutiet-2-fdck-pulveri-un-kristalu-tiessaiste","26":"product_tag-perciet-2-fdck-pulveri-un-kristalu","27":"product_tag-perciet-2-fdck-pulveri-un-kristalu-tiessaiste","28":"product_tag-perciet-2-fdck-pulveri-un-kristalus-tiessaiste-eiropa","30":"first","31":"instock","32":"shipping-taxable","33":"purchasable","34":"product-type-variable","35":"farmacie-col"},"aioseo_notices":[],"_links":{"self":[{"href":"https:\/\/lacasadelamedicina.es\/lv\/wp-json\/wp\/v2\/product\/33244"}],"collection":[{"href":"https:\/\/lacasadelamedicina.es\/lv\/wp-json\/wp\/v2\/product"}],"about":[{"href":"https:\/\/lacasadelamedicina.es\/lv\/wp-json\/wp\/v2\/types\/product"}],"replies":[{"embeddable":true,"href":"https:\/\/lacasadelamedicina.es\/lv\/wp-json\/wp\/v2\/comments?post=33244"}],"wp:featuredmedia":[{"embeddable":true,"href":"https:\/\/lacasadelamedicina.es\/lv\/wp-json\/wp\/v2\/media\/18189"}],"wp:attachment":[{"href":"https:\/\/lacasadelamedicina.es\/lv\/wp-json\/wp\/v2\/media?parent=33244"}],"wp:term":[{"taxonomy":"product_cat","embeddable":true,"href":"https:\/\/lacasadelamedicina.es\/lv\/wp-json\/wp\/v2\/product_cat?post=33244"},{"taxonomy":"product_tag","embeddable":true,"href":"https:\/\/lacasadelamedicina.es\/lv\/wp-json\/wp\/v2\/product_tag?post=33244"}],"curies":[{"name":"wp","href":"https:\/\/api.w.org\/{rel}","templated":true}]}}