{"id":33239,"date":"2024-08-09T14:02:04","date_gmt":"2024-08-09T14:02:04","guid":{"rendered":"https:\/\/lacasadelamedicina.es\/product\/perciet-metilonu-tiessaiste\/"},"modified":"2024-08-09T14:02:04","modified_gmt":"2024-08-09T14:02:04","slug":"perciet-metilonu-tiessaiste","status":"publish","type":"product","link":"https:\/\/lacasadelamedicina.es\/lv\/produkts\/perciet-metilonu-tiessaiste\/","title":{"rendered":"P\u0113rciet metilonu tie\u0161saist\u0113"},"content":{"rendered":"<h3>Metilona p\u0101rdo\u0161ana tie\u0161saist\u0113.<\/h3>\n<p> P\u0113rciet metilonu tie\u0161saist\u0113. Methylone (Bk-MDMA) Online Cheap &#8211; World Drug Apvienotaj\u0101 Karalist\u0113, Eirop\u0101, V\u0101cij\u0101, Krievij\u0101 un ASV m\u0113s p\u0101rdodam l\u0113tus Bk-MDMA pulverus un krist\u0101lus, kas ir augst\u0101k\u0101s kvalit\u0101tes. Ieg\u0101d\u0101jieties metilonu tie\u0161saist\u0113 \u2014 <a href=\"https:\/\/drlawsonspharmacy\/contact-us\/\">KONTAKTI<\/a> Kristaliz\u0113ts etilons BK-ebdp 4-CMC Clear 3-CMC Clear 4CMC Crystal Mephedrone 4mmc MDPV Methylon (bk-MDMA), zin\u0101ms ar\u012b k\u0101 Crystal 4- BMC. Metilons ir \u0137\u012bmiska viela, kuras strukt\u016br\u0101 un iedarb\u012bb\u0101 ir daudz l\u012bdz\u012bbu ar MDMA. Metilons ir stimulants ar vieglu psihed\u0113lisku efektu. To sauc par p\u0113tniec\u012bbas \u0137\u012bmisko vielu, jo tas ir sal\u012bdzino\u0161i jauns savienojums. R\u012bkojoties ar metilonu, j\u0101iev\u0113ro piesardz\u012bba, jo tas ir maz p\u0113t\u012bts un ir maz zin\u0101ms par t\u0101 ilgtermi\u0146a ietekmi vai atkar\u012bbas iesp\u0113jam\u012bbu. To parasti p\u0101rdod k\u0101 pulveri, bet da\u017ereiz ir pieejamas tabletes. \u0160\u012bs tabletes var at\u0161\u0137irties p\u0113c izm\u0113ra, kr\u0101sas un stipruma, t\u0101pat k\u0101 XTC. First Trust Chemical p\u0101rdod metilonu tr\u012bs da\u017e\u0101dos veidos: milzu krist\u0101los (m\u016bsu popul\u0101r\u0101kais produkts), smalkos \u0101rstniec\u012bbas pulveros vai mazos krist\u0101los. L\u016bdzu, skatiet sarakstu ar citiem popul\u0101r\u0101kajiem produktiem, kas pa\u0161laik ir noliktav\u0101. Jau tagad varat ieg\u0101d\u0101ties augstas kvalit\u0101tes produktus no First Trust Chemical.            <\/p>\n<h3>J\u016aSU KONTS TIKS APSTR\u0100D\u0100TS UZMAN\u012aGI LAI IEG\u0100D\u0100TU METILONU<\/h3>\n<p> M\u0113s apstr\u0101d\u0101jam visus p\u0101rdo\u0161anas piepras\u012bjumus konfidenci\u0101li. J\u016bsu konta inform\u0101cija nekad netiek kop\u012bgota vai izplat\u012bta p\u0113c tam, kad esat k\u013cuvis par klientu. Pirms veicam v\u0113lamo p\u0101rdo\u0161anu, m\u0113s varam uzdot jums noteiktus jaut\u0101jumus, ta\u010du tas ir tikai j\u016bsu aizsardz\u012bbai. First Trust Chemical tikai v\u0113las sa\u0146emt atzin\u012bbu par saviem augstajiem standartiem un ap\u0146em\u0161anos nodro\u0161in\u0101t klientu apmierin\u0101t\u012bbu. Kad First Trust Chemical ir apstiprin\u0101jis j\u016bsu pas\u016bt\u012bjumu, j\u016bs varat br\u012bvi ieg\u0101d\u0101ties. J\u016bsu pieg\u0101de ir garant\u0113ta. Ja m\u0113s nevaram izpild\u012bt pas\u016bt\u012bjumu, m\u0113s nevaram garant\u0113t p\u0101rdo\u0161anu. Metilons ir \u0137\u012bmiska viela, kuras strukt\u016bras un iedarb\u012bbas zi\u0146\u0101 ir daudz l\u012bdz\u012bbu ar MDMA. Tam ir nedaudz psihed\u0113lisks efekts un tas ir stimulants. To sauc par p\u0113tniec\u012bbas \u0137\u012bmisko vielu, jo tas ir sal\u012bdzino\u0161i jauns savienojums. R\u012bkojoties ar metilonu, ieteicams iev\u0113rot piesardz\u012bbu, jo par to ir veikts maz p\u0113t\u012bjumu un maz ir zin\u0101ms par t\u0101 ilgtermi\u0146a ietekmi vai atkar\u012bbas iesp\u0113jam\u012bbu. To bie\u017ei p\u0101rdod k\u0101 pulveri, bet ir pieejamas ar\u012b tabletes. \u0160\u012bs tabletes, t\u0101pat k\u0101 XTC, var at\u0161\u0137irties p\u0113c izm\u0113ra, kr\u0101sas un stipruma.             <\/p>\n<h3><strong>Ieg\u0101d\u0101jieties metilonu tie\u0161saist\u0113 \u2014 vai zin\u0101t, kur ieg\u0101d\u0101ties metilonu?<\/strong><\/h3>\n<p> P\u0101rdod metilonu, metilona ielas v\u0113rt\u012bbu, metilona devas, metilonu p\u0101rdo\u0161anai tie\u0161saist\u0113, metilonu p\u0101rdo\u0161anai vairum\u0101 un metilonu augst\u0101 kvalit\u0101t\u0113. M\u0113s varam sniegt risin\u0101jumus visiem \u0161iem neatrisin\u0101tajiem jaut\u0101jumiem. J\u016bs varat uzzin\u0101t vair\u0101k par to, kur un k\u0101 tie\u0161saist\u0113 ieg\u0101d\u0101ties Methylone, vienk\u0101r\u0161i apmekl\u0113jot m\u016bsu vietni. Metilons ir probl\u0113ma. Vai j\u016bs zin\u0101t, kur es varu ieg\u0101d\u0101ties Methylone tie\u0161saist\u0113? P\u0113rciet metilonu, k\u0101 pagatavot metilonu, k\u0101 izskat\u0101s metilons, cik metilons maks\u0101 uz ielas, kur nopirkt metilonu tie\u0161saist\u0113 un kur ieg\u0101d\u0101ties t\u012bru metilonu. Ir piln\u012bgi saprotams, ka tie\u0161saist\u0113 pied\u0101v\u0101t\u0101 metilona kvalit\u0101tei uzreiz var neuztic\u0113ties, jo to nevar p\u0101rbaud\u012bt kl\u0101tien\u0113. Tom\u0113r lietas ir at\u0161\u0137ir\u012bgas ar metilona interneta pieg\u0101d\u0101t\u0101jiem. \u0160eit pied\u0101v\u0101tie produkti ir tie\u0161i t\u0101di, k\u0101di tie ir, un tiek uztur\u0113ti atbilsto\u0161i augst\u0101kajiem standartiem profesion\u0101\u013cu uzraudz\u012bb\u0101. \u0100tri &amp;amp; Diskr\u0113ta pieg\u0101de: p\u0113c pas\u016bt\u012bjuma sa\u0146em\u0161anas Methylone tie\u0161saist\u0113 tiek pieg\u0101d\u0101ts sol\u012btaj\u0101 termi\u0146\u0101. Nos\u016bt\u012b\u0161anas komanda dara visu, lai pieg\u0101des un pieg\u0101des process b\u016btu \u0101trs un vienk\u0101r\u0161s. Ieg\u0101d\u0101joties metilonu no speci\u0101lista tie\u0161saistes platform\u0101, varat pa\u013cauties ar\u012b uz pirm\u0101s klases servisu.            &nbsp;<\/p>\n","protected":false},"excerpt":{"rendered":"<p>Stimulants ar vieglu psihed\u0113lisku iedarb\u012bbu, metilons. To sauc par p\u0113tniec\u012bbas \u0137\u012bmisko vielu, jo tas ir sal\u012bdzino\u0161i jauns savienojums. R\u012bkojoties ar metilonu, j\u0101iev\u0113ro piesardz\u012bba, jo ir veikti da\u017ei p\u0113t\u012bjumi un maz ir zin\u0101ms par ilgtermi\u0146a ietekmi vai atkar\u012bbas iesp\u0113jam\u012bbu.   &nbsp;<\/p>\n","protected":false},"featured_media":18174,"comment_status":"closed","ping_status":"closed","template":"","meta":{"om_disable_all_campaigns":false,"_sitemap_exclude":false,"_sitemap_priority":"","_sitemap_frequency":"","_monsterinsights_skip_tracking":false,"_monsterinsights_sitenote_active":false,"_monsterinsights_sitenote_note":"","_monsterinsights_sitenote_category":0},"product_cat":[30172],"product_tag":[32326,32313,32318,32309,32321,32328,32324,32319,32322,32327,32325,32323,32311,32320,32315,32312,32316,32310,32307,32308,32314,32317],"class_list":{"0":"post-33239","1":"product","2":"type-product","3":"status-publish","4":"has-post-thumbnail","6":"product_cat-kimisko-vielu-un-psihodelisko-lidzeklu-izpete","7":"product_tag-autentisks-methylone-europe","8":"product_tag-cik-maksa-metilons","9":"product_tag-kur-nopirkt-methylone-europe","10":"product_tag-kur-nopirkt-metilonu-tiessaiste","11":"product_tag-lets-methylone-europe","12":"product_tag-methylone-europe-apskats","13":"product_tag-methylone-europe-atlaide","14":"product_tag-methylone-europe-izpardosana","15":"product_tag-methylone-europe-piedavajumi","16":"product_tag-methylone-europe-piegadataji","17":"product_tag-methylone-europe-piegade","18":"product_tag-methylone-europe-veikals","19":"product_tag-metilona-iedarbiba","20":"product_tag-metilona-interneta-veikals-eiropa","21":"product_tag-metilona-labaka-cena-eiropa","22":"product_tag-metilona-tirdznieciba-tiessaiste","23":"product_tag-pasutiet-methylone-eu","24":"product_tag-pasutiet-metilonu-tiessaiste","25":"product_tag-perciet-metilonu","26":"product_tag-perciet-metilonu-tiessaiste","27":"product_tag-perciet-metilonu-tiessaiste-eiropa","28":"product_tag-piegade-bez-metilona-uz-eiropu","30":"first","31":"instock","32":"shipping-taxable","33":"purchasable","34":"product-type-variable","35":"farmacie-col"},"aioseo_notices":[],"_links":{"self":[{"href":"https:\/\/lacasadelamedicina.es\/lv\/wp-json\/wp\/v2\/product\/33239"}],"collection":[{"href":"https:\/\/lacasadelamedicina.es\/lv\/wp-json\/wp\/v2\/product"}],"about":[{"href":"https:\/\/lacasadelamedicina.es\/lv\/wp-json\/wp\/v2\/types\/product"}],"replies":[{"embeddable":true,"href":"https:\/\/lacasadelamedicina.es\/lv\/wp-json\/wp\/v2\/comments?post=33239"}],"wp:featuredmedia":[{"embeddable":true,"href":"https:\/\/lacasadelamedicina.es\/lv\/wp-json\/wp\/v2\/media\/18174"}],"wp:attachment":[{"href":"https:\/\/lacasadelamedicina.es\/lv\/wp-json\/wp\/v2\/media?parent=33239"}],"wp:term":[{"taxonomy":"product_cat","embeddable":true,"href":"https:\/\/lacasadelamedicina.es\/lv\/wp-json\/wp\/v2\/product_cat?post=33239"},{"taxonomy":"product_tag","embeddable":true,"href":"https:\/\/lacasadelamedicina.es\/lv\/wp-json\/wp\/v2\/product_tag?post=33239"}],"curies":[{"name":"wp","href":"https:\/\/api.w.org\/{rel}","templated":true}]}}