{"id":33227,"date":"2024-08-09T14:02:04","date_gmt":"2024-08-09T14:02:04","guid":{"rendered":"https:\/\/lacasadelamedicina.es\/product\/perciet-fentanila-pulveri-tiessaiste\/"},"modified":"2024-08-09T14:02:04","modified_gmt":"2024-08-09T14:02:04","slug":"perciet-fentanila-pulveri-tiessaiste","status":"publish","type":"product","link":"https:\/\/lacasadelamedicina.es\/lv\/produkts\/perciet-fentanila-pulveri-tiessaiste\/","title":{"rendered":"P\u0113rciet fentanila pulveri tie\u0161saist\u0113"},"content":{"rendered":"<h1>P\u0113rciet fentanila pulveri tie\u0161saist\u0113<\/h1>\n<p> Fentanila pulveris p\u0101rdo\u0161anai tie\u0161saist\u0113, p\u0101rsteidzo\u0161s sint\u0113tiskais opio\u012bdu prets\u0101pju l\u012bdzeklis Fentanila pulveris p\u0113c savas iedarb\u012bbas ir l\u012bdz\u012bgs morf\u012bnam, ta\u010du tas ir 50 vai vair\u0101kas reizes sp\u0113c\u012bg\u0101ks.3 T\u0101s ir II saraksta z\u0101les, kas j\u0101ievada \u0101rstam.4 To parasti lieto, lai \u0101rst\u0113tu pacientus ar nepanes\u0101m\u0101m slim\u012bb\u0101m. s\u0101pes vai s\u0101pju kontrolei p\u0113c oper\u0101cijas. To da\u017ereiz lieto ar\u012b, lai \u0101rst\u0113tu cilv\u0113kus ar hronisk\u0101m s\u0101p\u0113m, kuri nepanes citus opio\u012bdus.5 Medic\u012bn\u0101 fentanils ir paz\u012bstams ar t\u0101diem nosaukumiem k\u0101 Actiq, Duragesic un Sublimaze. Apache, China Girl, China White, Dance Fever, Friend, Goodfella, Jackpot, Murder 8, TNT un Tango un Cash ir da\u017ei no fentanila vai hero\u012bna ielu nosaukumiem, kas satur fentanilu. P\u0113rciet fentanila pulveri tie\u0161saist\u0113 &#8211;       <a href=\"https:\/\/drlawsonspharmacy\/contact-us\/\">KONTAKTI<\/a><\/p>\n<h3>K\u0101 cilv\u0113ki lieto fentanilu?<\/h3>\n<p> Fentanilu bie\u017ei ievada inf\u016bziju, transderm\u0101lu fiks\u0101ciju vai pastilu veid\u0101, ja to ir parakst\u012bjis \u0101rsts.6 Tom\u0113r fentanils un fentanila analogi, kas saist\u012bti ar neseno p\u0101rdoz\u0113\u0161anu, tiek izplat\u012bti no slepen\u0101m laboratorij\u0101m.7 \u0160is fentanils, kas nav narkotikas, tiek pied\u0101v\u0101ts p\u0101rdo\u0161anai \u0161\u0101d\u0101s form\u0101s. : k\u0101 pulveris, uzkais\u012bts uz blotterpap\u012bra, kombin\u0113ts ar hero\u012bnu vai k\u0101 hero\u012bna aizst\u0101j\u0113js, vai table\u0161u veid\u0101, kas atdarina citus, maz\u0101k sp\u0113c\u012bgus opio\u012bdus.8 Fentanilu var lietot iek\u0161\u0137\u012bgi, r\u012bv\u0113t, ievad\u012bt inf\u016bzij\u0101 vai absorb\u0113t caur g\u013cot\u0101d\u0101m, ieliekot mut\u0113 blotterpap\u012bru.    <\/p>\n<h3>K\u0101da ir fentanila ietekme uz smadzen\u0113m?<\/h3>\n<p> Fentanils darbojas l\u012bdz\u012bgi k\u0101 hero\u012bns, morf\u012bns un citas narkotisk\u0101s vielas, saistoties ar \u0137erme\u0146a narkotiskajiem receptoriem, kas atrodas smadze\u0146u zon\u0101s, kas regul\u0113 s\u0101pes un emocijas.9 Narkotisk\u0101s vielas var paaugstin\u0101t dopam\u012bna l\u012bmeni smadze\u0146u atalgojuma re\u0123ionos, saistoties ar tiem. receptoriem, k\u0101 rezult\u0101t\u0101 rodas l\u012bdz\u012bgs st\u0101voklis.9 Fentanila iedarb\u012bba ir l\u012bdz\u012bga hero\u012bna iedarb\u012bbai, un taj\u0101 ietilpst eiforija, izs\u012bkums, slikta d\u016b\u0161a, haoss, obstrukcija, sed\u0101cija, notur\u012bba, fiks\u0101cija, elpo\u0161anas trauc\u0113jumi un iespr\u016b\u0161ana, ac\u012bmredzam\u012bba, transam l\u012bdz\u012bgs st\u0101voklis , un n\u0101vi.   <\/p>\n<h3>Vai j\u016bs zin\u0101t k\u0101dus fentanila tie\u0161saistes avotus?<\/h3>\n<p> Kur es varu nopirkt Fentanyl pulveri tie\u0161saist\u0113, kur es varu ieg\u0101d\u0101ties Fentanyl tie\u0161saist\u0113, kas ir Fentanyl, un augst\u0101k\u0101s kvalit\u0101tes Fentanyl pulveris p\u0101rdo\u0161an\u0101. P\u0101rdodu fentanila pulveri, Fentanila pulvera ielas v\u0113rt\u012bbu, Fentanila devas un k\u0101 pagatavot fentanila pulveri. M\u0113s varam sniegt risin\u0101jumus visiem \u0161iem neatrisin\u0101tajiem jaut\u0101jumiem. J\u016bs varat uzzin\u0101t vair\u0101k par to, kur un k\u0101 tie\u0161saist\u0113 ieg\u0101d\u0101ties fentanila pulveri, vienk\u0101r\u0161i p\u0101rl\u016bkojot m\u016bsu vietni. K\u0101 ar fentanila pulveri? Vai j\u016bs zin\u0101t, kur tie\u0161saist\u0113 ieg\u0101d\u0101ties fentanilu? P\u0113rciet fentanila pulveri, fentanila pulveri p\u0101rdo\u0161anai, k\u0101 pagatavot fentanila pulveri, k\u0101 izskat\u0101s fentanila pulveris, fentanila pulvera v\u0113rt\u012bba, fentanila pulvera izmaksas, kur nopirkt fentanila pulveri, t\u012bru fentanila pulveri, fentanila pulvera pieg\u0101d\u0101t\u0101jus, kur var ieg\u0101d\u0101ties fentanila pulveri Es p\u0113rku fentanila pulveri tie\u0161saist\u0113 un fentanila pulvera cenu       <\/p>\n<h3>P\u0113rciet fentanila pulveri tie\u0161saist\u0113<\/h3>\n<p> Ir piln\u012bgi saprotams, ka personas nekav\u0113joties nepie\u0146em tie\u0161saist\u0113 p\u0101rdot\u0101 fentanila pulvera kvalit\u0101ti, jo nevar to p\u0101rbaud\u012bt person\u012bgi. Tom\u0113r situ\u0101cija ir at\u0161\u0137ir\u012bga ar tie\u0161saistes fentanila pulvera pieg\u0101d\u0101t\u0101jiem. \u0160eit pied\u0101v\u0101tie produkti ir tie\u0161i t\u0101di, k\u0101di tie ir, un tie tiek apkalpoti profesion\u0101\u013cu uzraudz\u012bb\u0101. \u0100tri &amp;amp; Diskr\u0113ta pieg\u0101de: Fentanila pulveris tiek pieg\u0101d\u0101ts, k\u0101 sol\u012bts, t\u016bl\u012bt p\u0113c pas\u016bt\u012bjuma sa\u0146em\u0161anas. Nos\u016bt\u012b\u0161anas komanda dara visu, lai pieg\u0101des un pieg\u0101des process b\u016btu \u0101trs un vienk\u0101r\u0161s. P\u0113rkot fentanila pulveri no cien\u012bjama interneta p\u0101rdev\u0113ja, j\u016bs varat sagaid\u012bt ar\u012b pirm\u0101s klases servisu.      &nbsp;<\/p>\n","protected":false},"excerpt":{"rendered":"<p>Sal\u012bdzinot ar morf\u012bnu, fentanils ir sp\u0113c\u012bgs sint\u0113tisks opio\u012bdu prets\u0101pju l\u012bdzeklis, kas ir 50 l\u012bdz 100 rei\u017eu sp\u0113c\u012bg\u0101ks.1,2 Tas ir II saraksta recep\u0161u medikaments3, un to parasti lieto s\u0101pju mazin\u0101\u0161anai p\u0113c oper\u0101cijas vai t\u0101du personu \u0101rst\u0113\u0161anai, kur\u0101m ir stipras s\u0101pes. &nbsp;<\/p>\n","protected":false},"featured_media":18609,"comment_status":"closed","ping_status":"closed","template":"","meta":{"om_disable_all_campaigns":false,"_sitemap_exclude":false,"_sitemap_priority":"","_sitemap_frequency":"","_monsterinsights_skip_tracking":false,"_monsterinsights_sitenote_active":false,"_monsterinsights_sitenote_note":"","_monsterinsights_sitenote_category":0},"product_cat":[30172],"product_tag":[32282,32269,32273,32267,32268,32276,32271,32284,32280,32275,32278,32283,32281,32279,32274,32265,32277,32263,32272,32266,32264,32270],"class_list":{"0":"post-33227","1":"product","2":"type-product","3":"status-publish","4":"has-post-thumbnail","6":"product_cat-kimisko-vielu-un-psihodelisko-lidzeklu-izpete","7":"product_tag-autentisks-fentanila-pulveris-eiropa","8":"product_tag-cik-maksa-fentanila-pulveris","9":"product_tag-fentanila-pulvera-bezmaksas-piegade-eiropa","10":"product_tag-fentanila-pulvera-iedarbiba","11":"product_tag-fentanila-pulvera-pardosana-tiessaiste","12":"product_tag-fentanila-pulveris-interneta-veikals-eiropa","13":"product_tag-fentanila-pulveris-par-labako-cenu-eiropa","14":"product_tag-fentanyl-powder-europe-apskats","15":"product_tag-fentanyl-powder-europe-atlaide","16":"product_tag-fentanyl-powder-europe-izpardosana","17":"product_tag-fentanyl-powder-europe-piedavajumi","18":"product_tag-fentanyl-powder-europe-piegadataji","19":"product_tag-fentanyl-powder-europe-piegade","20":"product_tag-fentanyl-powder-europe-veikals","21":"product_tag-kur-nopirkt-fentanyl-powder-europe","22":"product_tag-kur-tiessaiste-nopirkt-fentanila-pulveri","23":"product_tag-lets-fentanila-pulveris-eiropa","24":"product_tag-nopirkt-fentanila-pulveri","25":"product_tag-pasutiet-fentanila-pulveri-eu","26":"product_tag-pasutiet-fentanila-pulveri-tiessaiste","27":"product_tag-perciet-fentanila-pulveri-tiessaiste","28":"product_tag-perciet-fentanila-pulveri-tiessaiste-eiropa","30":"first","31":"instock","32":"shipping-taxable","33":"purchasable","34":"product-type-variable","35":"farmacie-col"},"aioseo_notices":[],"_links":{"self":[{"href":"https:\/\/lacasadelamedicina.es\/lv\/wp-json\/wp\/v2\/product\/33227"}],"collection":[{"href":"https:\/\/lacasadelamedicina.es\/lv\/wp-json\/wp\/v2\/product"}],"about":[{"href":"https:\/\/lacasadelamedicina.es\/lv\/wp-json\/wp\/v2\/types\/product"}],"replies":[{"embeddable":true,"href":"https:\/\/lacasadelamedicina.es\/lv\/wp-json\/wp\/v2\/comments?post=33227"}],"wp:featuredmedia":[{"embeddable":true,"href":"https:\/\/lacasadelamedicina.es\/lv\/wp-json\/wp\/v2\/media\/18609"}],"wp:attachment":[{"href":"https:\/\/lacasadelamedicina.es\/lv\/wp-json\/wp\/v2\/media?parent=33227"}],"wp:term":[{"taxonomy":"product_cat","embeddable":true,"href":"https:\/\/lacasadelamedicina.es\/lv\/wp-json\/wp\/v2\/product_cat?post=33227"},{"taxonomy":"product_tag","embeddable":true,"href":"https:\/\/lacasadelamedicina.es\/lv\/wp-json\/wp\/v2\/product_tag?post=33227"}],"curies":[{"name":"wp","href":"https:\/\/api.w.org\/{rel}","templated":true}]}}