{"id":33222,"date":"2024-08-09T14:02:04","date_gmt":"2024-08-09T14:02:04","guid":{"rendered":"https:\/\/lacasadelamedicina.es\/product\/perciet-ketamina-pulveri-tiessaiste\/"},"modified":"2024-08-09T14:02:04","modified_gmt":"2024-08-09T14:02:04","slug":"perciet-ketamina-pulveri-tiessaiste","status":"publish","type":"product","link":"https:\/\/lacasadelamedicina.es\/lv\/produkts\/perciet-ketamina-pulveri-tiessaiste\/","title":{"rendered":"P\u0113rciet ketam\u012bna pulveri tie\u0161saist\u0113"},"content":{"rendered":"<h1>P\u0113rciet ketam\u012bna pulveri tie\u0161saist\u0113.<\/h1>\n<p> Ketam\u012bna izp\u0101rdo\u0161ana tie\u0161saist\u0113. Lai iz\u0101rst\u0113tu smagu stresu un izmisumu, ieg\u0101d\u0101jieties Ketam\u012bna pulveri. Ieg\u0101d\u0101jieties ketam\u012bna pulveri tie\u0161saist\u0113 \u2014 <a href=\"https:\/\/drlawsonspharmacy\/contact-us\/\">KONTAKTI<\/a> Depresija ir visizplat\u012bt\u0101k\u0101 gar\u012bg\u0101 slim\u012bba pasaul\u0113, un t\u0101 ir galvenais pa\u0161n\u0101v\u012bbu skaita pieauguma c\u0113lonis. T\u0101 k\u0101 t\u0101 darb\u012bba s\u0101kas \u0101tri, <a href=\"https:\/\/dieapotheke247.com\/\">ketam\u012bns<\/a> k\u013c\u016bst arvien popul\u0101r\u0101ks k\u0101 l\u012bdzeklis depresijas \u0101rst\u0113\u0161anai. Tas darbojas, piesaistoties NMDA receptoriem smadzen\u0113s, palielinot neirotransmitera glutam\u0101ta koncentr\u0101ciju. T\u0101 rezult\u0101t\u0101 tiek aktiviz\u0113ti AMPA receptori, izraisot vair\u0101k \u0137\u012bmisko vielu izdal\u012b\u0161anos. Viss process ietekm\u0113 izzi\u0146u, garast\u0101vokli un dom\u0101\u0161anas mode\u013cus. Turkl\u0101t z\u0101les uzlabo sazi\u0146u starp noteiktiem smadze\u0146u re\u0123ioniem un samazina ar iekaisumu saist\u012btus sign\u0101lus. Pirms Ketam\u012bna pulvera ieg\u0101des ir svar\u012bgi apzin\u0101ties plusus un m\u012bnusus.         &nbsp;<\/p>\n<h2>Ieg\u0101d\u0101jieties ketam\u012bna pulveri tie\u0161saist\u0113 no uzticama pieg\u0101d\u0101t\u0101ja<\/h2>\n<p> Lietojot recep\u0161u medikamentus medic\u012bnisku iemeslu d\u0113\u013c, nekas nav svar\u012bg\u0101ks par kvalit\u0101ti. Dr. Lawsons Pharmacy mums ir profesion\u0101\u013cu komanda, kas veic kvalit\u0101tes kontroles p\u0101rbaudes da\u017e\u0101dos posmos, lai nodro\u0161in\u0101tu m\u016bsu atbilst\u012bbu augst\u0101kajiem starptautiskajiem standartiem. Daudzi cilv\u0113ki ir guvu\u0161i lielus pan\u0101kumus ar m\u016bsu p\u0101rdoto ketam\u012bna pulveri, un m\u0113s ceram, ka ar\u012b j\u016bs to dar\u012bsit. Ja jums ir k\u0101di jaut\u0101jumi, l\u016bdzu, sazinieties ar m\u016bsu komandu jebkur\u0101 jums piem\u0113rot\u0101 laik\u0101.    <\/p>\n<h3><\/h3>\n<p>&nbsp;<\/p>\n","protected":false},"excerpt":{"rendered":"<p>Ir pier\u0101d\u012bts, ka ketam\u012bns ir efekt\u012bvs depresijas \u0101rst\u0113\u0161an\u0101 bipol\u0101riem cilv\u0113kiem, kuri nav rea\u0123\u0113ju\u0161i uz antidepresantiem. &nbsp;<\/p>\n","protected":false},"featured_media":18144,"comment_status":"closed","ping_status":"closed","template":"","meta":{"om_disable_all_campaigns":false,"_sitemap_exclude":false,"_sitemap_priority":"","_sitemap_frequency":"","_monsterinsights_skip_tracking":false,"_monsterinsights_sitenote_active":false,"_monsterinsights_sitenote_note":"","_monsterinsights_sitenote_category":0},"product_cat":[30172],"product_tag":[32260,32247,32251,32253,32262,32256,32259,32257,32245,32254,32246,32249,32258,32261,32252,32244,32255,32241,32250,32242,32243,32248],"class_list":{"0":"post-33222","1":"product","2":"type-product","3":"status-publish","4":"has-post-thumbnail","6":"product_cat-kimisko-vielu-un-psihodelisko-lidzeklu-izpete","7":"product_tag-autentisks-ketamina-pulveris-eiropa","8":"product_tag-cik-maksa-ketamina-pulveris","9":"product_tag-ketamina-pulvera-bezmaksas-piegade-eiropa","10":"product_tag-ketamina-pulvera-eiropa-izpardosana","11":"product_tag-ketamina-pulvera-eiropas-apskats","12":"product_tag-ketamina-pulvera-eiropas-piedavajumi","13":"product_tag-ketamina-pulvera-eiropas-piegade","14":"product_tag-ketamina-pulvera-eiropas-veikals","15":"product_tag-ketamina-pulvera-iedarbiba","16":"product_tag-ketamina-pulvera-interneta-veikals-eiropa","17":"product_tag-ketamina-pulvera-tirdznieciba-tiessaiste","18":"product_tag-ketamina-pulveris-par-labako-cenu-eiropa","19":"product_tag-ketamine-powder-europe-atlaide","20":"product_tag-ketamine-powder-europe-piegadataji","21":"product_tag-kur-nopirkt-ketamina-pulveri-eiropa","22":"product_tag-kur-tiessaiste-iegadaties-ketamina-pulveri","23":"product_tag-lets-ketamina-pulveris-eiropa","24":"product_tag-nopirkt-ketamina-pulveri","25":"product_tag-pasutiet-ketamina-pulveri-eu","26":"product_tag-pasutiet-ketamina-pulveri-tiessaiste","27":"product_tag-perciet-ketamina-pulveri-tiessaiste","28":"product_tag-perciet-ketamina-pulveri-tiessaiste-eiropa","30":"first","31":"instock","32":"shipping-taxable","33":"purchasable","34":"product-type-variable","35":"farmacie-col"},"aioseo_notices":[],"_links":{"self":[{"href":"https:\/\/lacasadelamedicina.es\/lv\/wp-json\/wp\/v2\/product\/33222"}],"collection":[{"href":"https:\/\/lacasadelamedicina.es\/lv\/wp-json\/wp\/v2\/product"}],"about":[{"href":"https:\/\/lacasadelamedicina.es\/lv\/wp-json\/wp\/v2\/types\/product"}],"replies":[{"embeddable":true,"href":"https:\/\/lacasadelamedicina.es\/lv\/wp-json\/wp\/v2\/comments?post=33222"}],"wp:featuredmedia":[{"embeddable":true,"href":"https:\/\/lacasadelamedicina.es\/lv\/wp-json\/wp\/v2\/media\/18144"}],"wp:attachment":[{"href":"https:\/\/lacasadelamedicina.es\/lv\/wp-json\/wp\/v2\/media?parent=33222"}],"wp:term":[{"taxonomy":"product_cat","embeddable":true,"href":"https:\/\/lacasadelamedicina.es\/lv\/wp-json\/wp\/v2\/product_cat?post=33222"},{"taxonomy":"product_tag","embeddable":true,"href":"https:\/\/lacasadelamedicina.es\/lv\/wp-json\/wp\/v2\/product_tag?post=33222"}],"curies":[{"name":"wp","href":"https:\/\/api.w.org\/{rel}","templated":true}]}}