{"id":33191,"date":"2024-08-09T14:02:08","date_gmt":"2024-08-09T14:02:08","guid":{"rendered":"https:\/\/lacasadelamedicina.es\/product\/iegadajieties-caluanie-muelear-oxidize-tiessaiste\/"},"modified":"2024-08-09T14:02:08","modified_gmt":"2024-08-09T14:02:08","slug":"iegadajieties-caluanie-muelear-oxidize-tiessaiste","status":"publish","type":"product","link":"https:\/\/lacasadelamedicina.es\/lv\/produkts\/iegadajieties-caluanie-muelear-oxidize-tiessaiste\/","title":{"rendered":"Ieg\u0101d\u0101jieties Caluanie Muelear Oxidize tie\u0161saist\u0113"},"content":{"rendered":"<h3>P\u0101rdo\u0161an\u0101 Caluanie Muelear Oxidize \u2014 ieg\u0101d\u0101jieties Caluanie Muelear Oxidize tie\u0161saist\u0113<\/h3>\n<p> ASV vado\u0161ais pieg\u0101d\u0101t\u0101js pa\u0161laik pied\u0101v\u0101 kalu\u0101na kodoloksidu p\u0101rdo\u0161anai tie\u0161saist\u0113. M\u016bsu komanda pal\u012bdz\u0113s jums atrast lab\u0101kos augstas kvalit\u0101tes cauanie muelear oxidise pied\u0101v\u0101jumus tie\u0161saist\u0113. P\u0113rc jau \u0161odien! P\u0113rciet Caluanie Muelear Oxidize tie\u0161saist\u0113 &#8211; P\u0113rciet Caluanie Muelear Oxidize tie\u0161saist\u0113    <a href=\"https:\/\/drlawsonspharmacy\/contact-us\/\">KONTAKTI<\/a><\/p>\n<h3>Vai t\u0101 Caluanie Muelear oksid\u0113j\u0101s?<\/h3>\n<p> Gai\u0161i br\u016bns, viskozs \u0161\u0137idrums, ko sauc par Caluanie \u0137\u012bmisko vielu, tiek ieg\u016bts, p\u0101resterific\u0113jot neapstr\u0101d\u0101tas palmu e\u013c\u013cas \u0161\u0137\u012bdumu. 99% gad\u012bjumu neapstr\u0101d\u0101tas kalu\u0101nas ra\u017eo\u0161anai izmanto muele\u0101ro oks\u012bdu. Lieliska \u0137\u012bmiska viela ar potenci\u0101lu glob\u0101lu pielietojumu centraliz\u0113t\u0101s \u0137\u012bmisk\u0101s ra\u017eo\u0161anas nozar\u0113s ir pasteriz\u0101cijas r\u016bpn\u012bca. Pied\u0101v\u0101jam p\u0101rdo\u0161anai Caluanie Muelear Oxidise pieg\u0101di. Caluanie muelear oxidise izmanto d\u0101rgakme\u0146u un \u012bpa\u0161u met\u0101lu apstr\u0101dei un sl\u012bp\u0113\u0161anai. \u0136\u012bmiskaj\u0101 r\u016bpniec\u012bb\u0101 to izmanto d\u0101rgakme\u0146u un pusd\u0101rgakme\u0146u apstr\u0101dei un met\u0101lu sl\u012bp\u0113\u0161anai. Ar vienu pol\u0101ru un vienu nepol\u0101ru galu traipu no\u0146em\u0161anai var izmantot vid\u0113jos Calianie \u0137\u012bmiskos \u0161\u0137\u012bdumus.       <\/p>\n<h3><strong>P\u0113rciet Caluanie Muelear Oxidize<\/strong><\/h3>\n<p> Caluanie bie\u017ei izmanto k\u0101 higroskopisku aizst\u0101j\u0113ju kr\u0101s\u0101s un \u0137imik\u0101lij\u0101s. To bie\u017ei izmanto p\u0101rkl\u0101jumos, kr\u0101s\u0101s, polim\u0113ros un tipogr\u0101fijas kr\u0101s\u0101s. Caluanie Chemical Solution ir traipu no\u0146em\u0161anas molekula ar vienu pol\u0101ru un vienu nepol\u0101ru galu. Tie sp\u0113j atbalst\u012bt ne\u0161\u0137\u012bsto\u0161us emul\u0123\u0113jo\u0161os mais\u012bjumus. Ar \u0161o \u0137\u012bmisko vielu var no\u0146emt taukus, gumijas cementu, pildspalvas traipus, l\u012bmi un nagu laku. \u0160o \u0137\u012bmisko vielu var satur\u0113t nagu lakas no\u0146\u0113m\u0113js. Ta\u010du neierobe\u017eotai lieto\u0161anai m\u016bsu interneta veikal\u0101 ieteicams ieg\u0101d\u0101ties Normal Caluanie pudel\u0113s. To izmanto \u0137\u012bmiskaj\u0101 r\u016bpniec\u012bb\u0101 met\u0101lu smalcin\u0101\u0161anai un retu un pusd\u0101rgakme\u0146u ra\u017eo\u0161anai. Ar vienu pol\u0101ru un vienu nepol\u0101ru galu traipu no\u0146em\u0161anai tiek izmantota molekula, kas paz\u012bstama k\u0101 Cauanie Muelear Oxide. Tas var pal\u012bdz\u0113t emul\u0123\u0113t vielas, kas parasti ne\u0161\u0137\u012bst. Ar \u0161o \u0137\u012bmisko vielu var no\u0146emt taukus, gumijas cementu, pildspalvas traipus, l\u012bmi un nagu laku. \u0160o vielu var satur\u0113t nagu lakas no\u0146\u0113m\u0113js. Tom\u0113r visp\u0101r\u0113jai lieto\u0161anai ieteicams ieg\u0101d\u0101ties Normal Caluanie pudel\u0113s no m\u016bsu interneta veikala Buy Caluanie Muelear Oxidise Online.             <\/p>\n<h3>K\u0101 es varu ieg\u0101d\u0101ties Caluanie muelear oxidize?<\/h3>\n<p> Tie sp\u0113j atbalst\u012bt ne\u0161\u0137\u012bsto\u0161us emul\u0123\u0113jo\u0161os mais\u012bjumus. Interneta veikals, lai ieg\u0101d\u0101tos Cauanie Muelear Oxidise. Lai ieg\u0101d\u0101tos lab\u0101ko produktu, sazinieties ar mums Dr. Lawsons Pharmacy. M\u0113s jums neliksim vilties. Klienti vis\u0101 pasaul\u0113 augstu v\u0113rt\u0113 m\u016bsu produktus un pakalpojumus, kam rakstur\u012bga augsta t\u012br\u012bba un nemain\u012bga kvalit\u0101te. M\u0113s esam pavad\u012bju\u0161i p\u0113d\u0113jo desmit gadu, p\u0113tot p\u0113tnieciskos savienojumus, un mums ir lieliskas zin\u0101\u0161anas par tiem. M\u0113s pied\u0101v\u0101jam uzticamus p\u0113tniec\u012bbas \u0137\u012bmisko vielu pieg\u0101d\u0101t\u0101jus. Pieg\u0101de parasti ilgst piecas l\u012bdz desmit dienas. M\u0113s pied\u0101v\u0101jam saviem klientiem pirm\u0101s klases p\u0101rs\u016bt\u012b\u0161anas vadl\u012bnijas. Vismodern\u0101k\u0101s iepako\u0161anas metodes nodro\u0161ina, ka m\u016bsu produktu kvalit\u0101te ir piln\u012bb\u0101 garant\u0113ta. Mums ir \u0161is apmelojo\u0161ais Muelear oksid\u0113t\u0101js pastas veid\u0101. Partuerize Caluanie Muelear Oxidise ir pieejams ar paraugiem.            <\/p>\n<h3>Ieg\u0101d\u0101jieties Caluanie Muelear Oxidize tie\u0161saist\u0113<\/h3>\n<p> Balstoties uz 99% Caluanie \u0161\u0137\u012bduma transmogeniz\u0101ciju no neapstr\u0101d\u0101tas palmu e\u013c\u013cas, Caluanie ir gai\u0161i br\u016bns \u0161\u0137idrums. To izstr\u0101d\u0101ja uz\u0146\u0113mums, kas ra\u017eo Muelear Oxidise Pasteurise \u2014 augst\u0101k\u0101s kvalit\u0101tes \u0137\u012bmisku vielu ar vair\u0101kiem pielietojumiem. Visvair\u0101k to izmanto \u0137\u012bmisk\u0101s centraliz\u0113t\u0101s p\u0101rstr\u0101des sektors. Tirg\u016b varat viegli ieg\u0101d\u0101ties Caluanie Muelear oxidize.    <\/p>\n<h3><strong>Caluanie Muelear Oxidize bestellen<\/strong><\/h3>\n<p> Tas ir paz\u012bstams k\u0101 higroskopisks l\u012bdzeklis \u0137\u012bmiskaj\u0101 un kr\u0101su r\u016bpniec\u012bb\u0101. Kr\u0101su, p\u0101rkl\u0101jumu, tintes un plastmasas r\u016bpniec\u012bb\u0101 to pla\u0161i izmanto. T\u0101 k\u0101 Cauanie ir smag\u0101ki \u016bde\u0146ra\u017ea atomi nek\u0101 parastie \u016bde\u0146ra\u017ea atomi, Cauanie ir paz\u012bstams ar\u012b k\u0101 smagais \u016bdens. \u0160\u012b \u0137\u012bmisk\u0101 viela ir paredz\u0113ta met\u0101lu oks\u012bdu sadal\u012b\u0161anai un sadedzin\u0101\u0161anai, nerea\u0123\u0113jot ar cit\u0101m viel\u0101m. Lai nodro\u0161in\u0101tu, ka p\u0101rvieto\u0161anai ar rok\u0101m nav negat\u012bvu seku, \u0161is bezkr\u0101sains \u0161\u0137idrums ir p\u0101rbaud\u012bts laboratorij\u0101s. Caluanie Muelear oxidise ir dro\u0161s un t\u012brs, t\u0101p\u0113c varat to bez vilcin\u0101\u0161an\u0101s ieg\u0101d\u0101ties tie\u0161saistes veikal\u0101.      <\/p>\n<h3>K\u0101 j\u016bs izmantojat Caluanie Muelear Oxidize?<\/h3>\n<p> \u0136\u012bmisk\u0101s vielas bie\u017ei tiek izmantotas da\u017e\u0101dos pielietojumos vis\u0101s nozar\u0113s. Met\u0101la un \u0137\u012bmiskaj\u0101 r\u016bpniec\u012bb\u0101 ir liels piepras\u012bjums p\u0113c produkta Caluanie Muelear Oxidise. Caluanie Muelear oxidise ir pieejams no cien\u012bjama pieg\u0101d\u0101t\u0101ja. Vissvar\u012bg\u0101k\u0101s lietojumprogrammas ir uzskait\u012btas zem\u0101k:    <\/p>\n<ul>\n<li>Emul\u0123\u0113\u0161ana<\/li>\n<li>Met\u0101la \u0137\u012bmisk\u0101 sl\u012bp\u0113\u0161ana<\/li>\n<li>Met\u0101la furnit\u016bras apstr\u0101de<\/li>\n<li>No\u0146em vielas, kuras nevar no\u0146emt citas \u0137\u012bmisk\u0101s vielas.<\/li>\n<li>Traipu no\u0146em\u0161ana<\/li>\n<li>D\u0101rgakme\u0146u un pusd\u0101rgakme\u0146u rafin\u0113\u0161ana<\/li>\n<\/ul>\n<p> Ja mekl\u0113jat vietu, kur ieg\u0101d\u0101ties l\u0113tu Caluanie Muelear Oxidate, j\u016bs atrad\u012bsiet lab\u0101ko tie\u0161saistes mazumtirgot\u0101ju tirg\u016b. Tie pied\u0101v\u0101 \u0101tru un dro\u0161u nos\u016bt\u012b\u0161anu un pieg\u0101di vis\u0101 pasaul\u0113, k\u0101 ar\u012b \u013coti diskr\u0113tu produktu. Vi\u0146i ir visuzticam\u0101kais tie\u0161saistes mazumtirgot\u0101js Kalu\u0101n\u012b, pied\u0101v\u0101jot augst\u0101k\u0101s kvalit\u0101tes produktus, kas pieejami tie\u0161saist\u0113, un pied\u0101v\u0101jot gan mazus, gan lielus pas\u016bt\u012bjumus ar savlaic\u012bgu pieg\u0101di, k\u0101 sol\u012bts. Lab\u0101kais risin\u0101jums tiem, kuri nav p\u0101rliecin\u0101ti, kur ieg\u0101d\u0101ties Caluanie Muelear oxidise, ir tie\u0161saistes mazumtirgot\u0101js.    <\/p>\n<h3>K\u0101p\u0113c pirkt Caluanie Muelear Oxidize no Dr. Lawsons?<\/h3>\n<p> Dr. Lawsons Pharmacy ir ap\u0146\u0113musies v\u0113l vair\u0101k veicin\u0101t kvalit\u0101tes nodro\u0161in\u0101\u0161anu un v\u0113rt\u012bbas rad\u012b\u0161anu. Caluanie Muelear oxidise ir pieejams m\u016bsu veikal\u0101 par pie\u0146emam\u0101m cen\u0101m. M\u0113s pied\u0101v\u0101jam atbilsto\u0161us nor\u0101d\u012bjumus, k\u0101 ar\u012b esam noba\u017e\u012bju\u0161ies par klientu dro\u0161\u012bbu. Lai <a href=\"https:\/\/dieapotheke247.com\/\">atbilst <\/a>konkr\u0113t\u0101m vajadz\u012bb\u0101m, m\u0113s varam piel\u0101got savus pakalpojumus. Un, ja jums ir neskaidr\u012bbas vai jaut\u0101jumi, l\u016bdzu, sazinieties ar m\u016bsu ekspertiem. Lai, str\u0101d\u0101jot ar \u0161\u012bm \u0137\u012bmiskaj\u0101m viel\u0101m, izvair\u012btos no nor\u012b\u0161anas vai saskares ar \u0101du, jums ir j\u0101b\u016bt pamatzin\u0101\u0161an\u0101m par apie\u0161anos ar \u0137\u012bmiskaj\u0101m viel\u0101m un dro\u0161u uzglab\u0101\u0161anu. Jums vajadz\u0113tu ar\u012b valk\u0101t aizsargap\u0123\u0113rbu. Caluanie Muelear Oxidize tie\u0161saistes kaufen        &nbsp;<\/p>\n","protected":false},"excerpt":{"rendered":"<p>P\u0101rdo\u0161an\u0101 Caluanie Muelear Oxidize \u2014 ieg\u0101d\u0101jieties Caluanie Muelear Oxidize tie\u0161saist\u0113 ASV vado\u0161ais pieg\u0101d\u0101t\u0101js pa\u0161laik pied\u0101v\u0101 kalu\u0101na kodoloksidu p\u0101rdo\u0161anai tie\u0161saist\u0113. M\u016bsu komanda pal\u012bdz\u0113s jums atrast lab\u0101kos augstas kvalit\u0101tes cauanie muelear oxidise pied\u0101v\u0101jumus tie\u0161saist\u0113. P\u0113rc jau \u0161odien! P\u0113rciet Caluanie Muelear Oxidize tie\u0161saist\u0113 &#8211; P\u0113rciet Caluanie Muelear Oxidize tie\u0161saist\u0113 KONTAKTI Vai t\u0101 Caluanie Muelear oksid\u0113j\u0101s? Gai\u0161i br\u016bns, viskozs [&hellip;]<\/p>\n","protected":false},"featured_media":18684,"comment_status":"closed","ping_status":"closed","template":"","meta":{"om_disable_all_campaigns":false,"_sitemap_exclude":false,"_sitemap_priority":"","_sitemap_frequency":"","_monsterinsights_skip_tracking":false,"_monsterinsights_sitenote_active":false,"_monsterinsights_sitenote_note":"","_monsterinsights_sitenote_category":0},"product_cat":[30172],"product_tag":[32128,32113,32119,32130,32126,32121,32124,32129,32127,32125,32122,32117,32114,32115,32111,32116,32120,32112,32123,32109,32118,32110],"class_list":{"0":"post-33191","1":"product","2":"type-product","3":"status-publish","4":"has-post-thumbnail","6":"product_cat-kimisko-vielu-un-psihodelisko-lidzeklu-izpete","7":"product_tag-autentisks-caluanie-muelear-oxidize-europe","8":"product_tag-caluanie-muelear-oksidacijas-ietekme","9":"product_tag-caluanie-muelear-oxidize-bezmaksas-piegade-eiropa","10":"product_tag-caluanie-muelear-oxidize-europe-apskats","11":"product_tag-caluanie-muelear-oxidize-europe-atlaide","12":"product_tag-caluanie-muelear-oxidize-europe-izpardosana","13":"product_tag-caluanie-muelear-oxidize-europe-piedavajumi","14":"product_tag-caluanie-muelear-oxidize-europe-piegadataji","15":"product_tag-caluanie-muelear-oxidize-europe-piegade","16":"product_tag-caluanie-muelear-oxidize-europe-veikals","17":"product_tag-caluanie-muelear-oxidize-interneta-veikals-eiropa","18":"product_tag-caluanie-muelear-oxidize-labako-cenu-eiropa","19":"product_tag-caluanie-muelear-oxidize-pardosana-tiessaiste","20":"product_tag-cik-maksa-caluanie-muelear-oxidize","21":"product_tag-iegadajieties-caluanie-muelear-oxidize-tiessaiste","22":"product_tag-iegadajieties-caluanie-muelear-oxidize-tiessaiste-eiropa","23":"product_tag-kur-nopirkt-caluanie-muelear-oxidize-europe","24":"product_tag-kur-nopirkt-caluanie-muelear-oxidize-tiessaiste","25":"product_tag-leti-caluanie-muelear-oxidize-europe","26":"product_tag-nopirkt-caluanie-muelear-oxidize","27":"product_tag-pasutiet-caluanie-muelear-oxidize-eu","28":"product_tag-pasutiet-caluanie-muelear-oxidize-tiessaiste","30":"first","31":"instock","32":"shipping-taxable","33":"purchasable","34":"product-type-variable","35":"farmacie-col"},"aioseo_notices":[],"_links":{"self":[{"href":"https:\/\/lacasadelamedicina.es\/lv\/wp-json\/wp\/v2\/product\/33191"}],"collection":[{"href":"https:\/\/lacasadelamedicina.es\/lv\/wp-json\/wp\/v2\/product"}],"about":[{"href":"https:\/\/lacasadelamedicina.es\/lv\/wp-json\/wp\/v2\/types\/product"}],"replies":[{"embeddable":true,"href":"https:\/\/lacasadelamedicina.es\/lv\/wp-json\/wp\/v2\/comments?post=33191"}],"wp:featuredmedia":[{"embeddable":true,"href":"https:\/\/lacasadelamedicina.es\/lv\/wp-json\/wp\/v2\/media\/18684"}],"wp:attachment":[{"href":"https:\/\/lacasadelamedicina.es\/lv\/wp-json\/wp\/v2\/media?parent=33191"}],"wp:term":[{"taxonomy":"product_cat","embeddable":true,"href":"https:\/\/lacasadelamedicina.es\/lv\/wp-json\/wp\/v2\/product_cat?post=33191"},{"taxonomy":"product_tag","embeddable":true,"href":"https:\/\/lacasadelamedicina.es\/lv\/wp-json\/wp\/v2\/product_tag?post=33191"}],"curies":[{"name":"wp","href":"https:\/\/api.w.org\/{rel}","templated":true}]}}