{"id":33180,"date":"2024-08-09T14:02:08","date_gmt":"2024-08-09T14:02:08","guid":{"rendered":"https:\/\/lacasadelamedicina.es\/product\/perciet-mefedronu-4-mmc-tiessaiste\/"},"modified":"2024-08-09T14:02:08","modified_gmt":"2024-08-09T14:02:08","slug":"perciet-mefedronu-4-mmc-tiessaiste","status":"publish","type":"product","link":"https:\/\/lacasadelamedicina.es\/lv\/produkts\/perciet-mefedronu-4-mmc-tiessaiste\/","title":{"rendered":"P\u0113rciet mefedronu (4-MMC) tie\u0161saist\u0113"},"content":{"rendered":"<h3>P\u0113rciet mefedronu (4-MMC) tie\u0161saist\u0113.<\/h3>\n<p> P\u0113rciet mefedronu (4-MMC) tie\u0161saist\u0113. Mefedronu raksturo monoam\u012bnu nodro\u0161in\u0101\u0161ana. T\u0101 diviem enantiom\u0113riem ir sal\u012bdzin\u0101ma intensit\u0101te k\u0101 substr\u0101tiem uz dopam\u012bna transport\u0113t\u0101jiem, jo \u200b\u200bt\u0101 ir hir\u0101la molekula. K\u0101 seroton\u012bna transport\u0113t\u0101ju substr\u0101ts R-mefedrons ir daudz maz\u0101k efekt\u012bvs nek\u0101 S-mefedrons. <strong><em>Ieg\u0101d\u0101jieties mefedronu (4-MMC) tie\u0161saist\u0113<\/em><\/strong> &#8211; <a href=\"https:\/\/drlawsonspharmacy\/contact-us\/\">KONTAKTI<\/a> Mefedrons (4-MMC) ir hidrofil\u0101ks par sal\u012bdzin\u0101majiem metilamfetam\u012bniem keto sk\u0101bek\u013ca d\u0113\u013c, kas var izskaidrot, k\u0101p\u0113c ir nepiecie\u0161amas liel\u0101kas devas, lai sasniegtu sal\u012bdzin\u0101mu. lai pan\u0101ktu efektu, jo mefedronam (4-MMC) ir maz\u0101ka sp\u0113ja iziet cauri hematoencef\u0101lisko barjerai. <strong>p\u0113rciet mefedronu tie\u0161saist\u0113<\/strong> Mefedronu (4-MMC) bie\u017ei sm\u0113\u0137\u0113 kop\u0101 ar alkoholu. P\u0113t\u012bjum\u0101 ar pel\u0113m tika p\u0101rbaud\u012bta \u0161o divu z\u0101\u013cu mijiedarb\u012bba un galven\u0101 uzman\u012bba tika piev\u0113rsta 4-MMC psihostimul\u0113jo\u0161aj\u0101m un atalgojo\u0161aj\u0101m \u012bpa\u0161\u012bb\u0101m. Ir konstat\u0113ts, ka alkohols iev\u0113rojami pastiprina 4-MMC psihostimul\u0113jo\u0161o iedarb\u012bbu, ja to pat\u0113r\u0113 nelielos (nestimul\u0113jos) daudzumos. Sinaptisk\u0101 dopam\u012bna palielin\u0101\u0161an\u0101s neitraliz\u0113ja \u0161o efektu, jo haloperidols, bet ne ketanser\u012bns, sp\u0113ja nov\u0113rst alkohola pastiprino\u0161o iedarb\u012bbu. Neliels, nekompens\u0113jams alkohola daudzums ar\u012b uzlaboja 4-MMC kompens\u0113jo\u0161\u0101s \u012bpa\u0161\u012bbas. Kur tie\u0161saist\u0113 ieg\u0101d\u0101ties mefedronu un m\u0113renu 4-MMC saska\u0146\u0101 ar M-CAT vaic\u0101jumu? Mephedrone (4-MMC) Online ir tikai viena no jaun\u0101kaj\u0101m \u0137\u012bmiskaj\u0101m viel\u0101m vai &#8220;leg\u0101laj\u0101m narkotik\u0101m&#8221;, kas nesen tika identific\u0113tas, k\u0101 ar\u012b sint\u0113tisk\u0101s, m\u0101ksl\u012bg\u0101s narkotikas, piem\u0113ram, modific\u0113t\u0101s ka\u0146epes un pusfabrik\u0101ti, piem\u0113ram, metilheksanam\u012bns. \u0160\u012bs z\u0101les galvenok\u0101rt tika izstr\u0101d\u0101tas, lai apietu noteikumus, kas aizliedz neleg\u0101l\u0101s narkotikas, ieg\u016bstot iesauku &#8220;arhitektu narkotikas&#8221;. Pirmo reizi mefedrona kombin\u0101ciju 1929. gad\u0101 aprakst\u012bja Sems de Burnaga San\u010dess \u017eurn\u0101l\u0101 Bulletin de la Soci\u00e9t\u00e9 Chimique de France ar nosaukumu &#8220;Toluil-alfa-monometilaminoetilcetons&#8221;, ta\u010du saska\u0146\u0101 ar kop\u012bgs Eiropas Narkotiku un narkom\u0101nijas nov\u0113ro\u0161anas centrs. &#8220;P\u0113d\u0113jo dienu laik\u0101 esmu izsmelts, un man bija da\u017ei jautri rea\u0123enti, t\u0101p\u0113c es dom\u0101ju, ka izm\u0113\u0123in\u0101\u0161u savus sp\u0113kus 1-(4-metilfenil)-2-metilaminopropanona hidrohlor\u012bda jeb 4-metilmetkatinona pagatavo\u0161an\u0101,&#8221; rakst\u012bja Motors. t\u012bmek\u013ca vietn\u0113, pirms apgalvoja, ka p\u0113c t\u0101 lieto\u0161anas vi\u0146\u0161 juta &#8220;pasakainu labkl\u0101j\u012bbas saj\u016btu, ko es nekad neesmu ieguvis no nevienas narkotikas, iz\u0146emot savu m\u012b\u013coto &#8220;Ecstasy&#8221;. Kinetic intervij\u0101s apgalvoja, ka ir &#8220;matem\u0101ti\u0137is, kur\u0161 agr\u0101k reklam\u0113ja miegaz\u0101les lielai narkotiku organiz\u0101cijai&#8221; un teica, ka vi\u0146\u0161 dz\u012bvoja Izra\u0113l\u0101, kad vi\u0146\u0161 no jauna atkl\u0101ja mefedronu.              <strong>K\u0101 es varu pas\u016bt\u012bt mefedronu (4-MMC) tie\u0161saist\u0113?<\/strong> Mefedrona (4-MMC) pas\u016bt\u012b\u0161ana tie\u0161saist\u0113 vienm\u0113r ir p\u0101rdom\u0101ts l\u0113mums, jo tas \u013cauj ietaup\u012bt laiku un naudu. Un sazi\u0146a ar tie\u0161saistes aptieku ir vien\u012bg\u0101 uzticam\u0101 iesp\u0113ja pas\u016bt\u012bt Mephedrone (4-MMC) tie\u0161saist\u0113. J\u016bs to izlas\u012bj\u0101t pareizi. Jebkuras aptiekas viet\u0101 ir j\u0101izmanto cien\u012bjama tie\u0161saistes mefedrona (4-MMC) pieg\u0101d\u0101t\u0101ja, lai j\u016bs var\u0113tu sagaid\u012bt augst\u0101k\u0101s klases produktus un \u0101tru pieg\u0101di bez probl\u0113m\u0101m. <strong>Mefedrona (4-MMC) tie\u0161saistes pieg\u0101d\u0101t\u0101js \u2014 j\u016bs saprotat, ka tas ir vien\u012bgais lab\u0101kais veids, k\u0101 tie\u0161saist\u0113 ieg\u0101d\u0101ties mefedronu (4-MMC).<\/strong> Run\u0101jot par to , <strong>P\u0113rciet mefedronu (4-MMC) tie\u0161saist\u0113<\/strong> \u2014 lab\u0101k\u0101 izv\u0113le ir t\u0101da tie\u0161saistes aptieka k\u0101 m\u016bsu. Sadarbojoties ar uzticamu, pieredz\u0113ju\u0161u aptieku, j\u016bs varat ieg\u016bt vislab\u0101kos produktus un nodro\u0161in\u0101t to efektivit\u0101ti un dro\u0161\u012bbu. Profesion\u0101li pakalpojumu sniedz\u0113ji \u013coti nopietni uztver savas saist\u012bbas un atbild\u012bbu pret klientiem. Mefedronu (4-MMC) un citas saist\u012bt\u0101s z\u0101les var ieg\u0101d\u0101ties tie\u0161saistes aptiek\u0101s par god\u012bg\u0101m un pie\u0146emam\u0101m cen\u0101m. \u0160\u012bs preces var ieg\u0101d\u0101ties par \u013coti nelielu naudu.        <\/p>\n<h3><strong>Vai j\u016bs zin\u0101t, kur nopirkt mefedronu (4-MMC)?<\/strong><\/h3>\n<p> P\u0101rdod mefedronu (4-MMC), ielas v\u0113rt\u012bba <a href=\"https:\/\/dieapotheke247.com\/\">Mefedrona<\/a> (4-MMC), mefedrona (4-MMC) deva, k\u0101 pagatavot mefedronu (4-MMC), kur es varu ieg\u0101d\u0101ties mefedronu ( 4 -MMC) nopirkt tie\u0161saist\u0113, kur nopirkt mefedronu (4-MMC), kas ir mefedrona (4-MMC) un premium mefedrona (4-MMC) p\u0101rdo\u0161ana. M\u0113s varam pied\u0101v\u0101t risin\u0101jumus visiem \u0161iem neatrisin\u0101tajiem jaut\u0101jumiem. M\u016bsu vietn\u0113 j\u016bs uzzin\u0101siet, k\u0101 tie\u0161saist\u0113 ieg\u0101d\u0101ties amfetam\u012bna pulveri un kur to ieg\u0101d\u0101ties.   <strong>K\u0101 ar 4-MMC (4-MEP)? Vai j\u016bs zin\u0101t, kur tie\u0161saist\u0113 var ieg\u0101d\u0101ties Mephedrone (4-MMC)? Kur es varu ieg\u016bt mefedronu (4-MMC), t\u012bru mefedronu (4-MMC), kur var ieg\u0101d\u0101ties mefedronu (4-MMC) tie\u0161saist\u0113 un citus saist\u012btos terminus un izteicienus ir \u201cpirkt mefedronu (4-MMC) p\u0101rdo\u0161anai\u201d, \u201c k\u0101 pagatavot mefedronu (4-MMC), \u201ck\u0101 izskat\u0101s mefedrons (4-MMC)\u201d un \u201cmefedronu (4-MMC) par ielas cenu\u201d.  <\/strong><\/p>\n<h3><strong>Pas\u016btiet Mephedron (4-MMC).<\/strong><\/h3>\n<p> Augstas kvalit\u0101tes tie\u0161saistes mefedrona (4-MMC) pulveris: t\u0101 k\u0101 vi\u0146i nevar person\u012bgi p\u0101rbaud\u012bt tie\u0161saist\u0113 pied\u0101v\u0101to Mephedrone (4-MMC) pulveri, ir piln\u012bgi saprotams, ka cilv\u0113ki neuzticas t\u0101 kvalit\u0101tei. Tom\u0113r tas neattiecas uz mefedrona (4-MMC) pulvera tie\u0161saistes pieg\u0101d\u0101t\u0101jiem. \u0160eit pied\u0101v\u0101tie produkti prec\u012bzi atspogu\u013co to, kas tie ir, un pirm\u0101s klases apkope tiek veikta profesion\u0101la uzraudz\u012bb\u0101. \u0100tri &amp; Diskr\u0113ta pieg\u0101de: p\u0113c pas\u016bt\u012bjuma sa\u0146em\u0161anas mefedrons (4-MMC) tiks nos\u016bt\u012bts tie\u0161saist\u0113, cik \u0101tri vien iesp\u0113jams. Nos\u016bt\u012b\u0161anas komanda dara visu iesp\u0113jamo, lai nodro\u0161in\u0101tu, ka nos\u016bt\u012b\u0161anas un pieg\u0101des process ir \u0101trs un vienk\u0101r\u0161s. Ieg\u0101d\u0101joties Mephedrone (4-MMC) tie\u0161saist\u0113 no speci\u0101lista, varat pa\u013cauties ar\u012b uz pirm\u0101s klases pakalpojumiem.      &nbsp;<\/p>\n","protected":false},"excerpt":{"rendered":"<p>Balto pulveri, kapsulas, tabletes vai citas mefedrona formas var \u0161\u0146aukt, injic\u0113t, sm\u0113\u0137\u0113t vai lietot rekt\u0101li. Efekts rodas 15 l\u012bdz 45 min\u016btes p\u0113c tam, kad narkotika ie\u0146emta iek\u0161\u0137\u012bgi, un t\u016bl\u012bt\u0113js efekts tiem, kas to \u0161\u0146auc. Mefedrons ir tikai viena no neskait\u0101maj\u0101m dizainera narkotik\u0101m jeb leg\u0101laj\u0101m narkotik\u0101m, par kur\u0101m zi\u0146ots p\u0113d\u0113jos gados, l\u012bdz\u0101s sint\u0113tiskajai marihu\u0101nai un cit\u0101m m\u0101ksl\u012bg\u0101m \u0137\u012bmisk\u0101m viel\u0101m, piem\u0113ram, metilheksanam\u012bnam.   &nbsp;<\/p>\n","protected":false},"featured_media":18639,"comment_status":"closed","ping_status":"closed","template":"","meta":{"om_disable_all_campaigns":false,"_sitemap_exclude":false,"_sitemap_priority":"","_sitemap_frequency":"","_monsterinsights_skip_tracking":false,"_monsterinsights_sitenote_active":false,"_monsterinsights_sitenote_note":"","_monsterinsights_sitenote_category":0},"product_cat":[30172],"product_tag":[32084,32071,32067,32072,32076,32068,32079,32075,32082,32081,32069,32078,32077,32073,32070,32080,32083,32085,32065,32086,32074,32066],"class_list":{"0":"post-33180","1":"product","2":"type-product","3":"status-publish","4":"has-post-thumbnail","6":"product_cat-kimisko-vielu-un-psihodelisko-lidzeklu-izpete","7":"product_tag-autentisks-mephedrone-4-mmc-eiropa","8":"product_tag-cik-maksa-mefedrons-4-mmc","9":"product_tag-iegadajieties-mefedronu-4-mmc-tiessaiste","10":"product_tag-iegadajieties-mefedronu-4-mmc-tiessaiste-eiropa","11":"product_tag-kur-nopirkt-mephedrone-4-mmc-europe","12":"product_tag-kur-tiessaiste-iegadaties-mefedronu-4-mmc","13":"product_tag-lets-mefedrona-4-mmc-eiropa","14":"product_tag-mefedrona-4-mmc-bezmaksas-piegade-eiropa","15":"product_tag-mefedrona-4-mmc-eiropas-atlaide","16":"product_tag-mefedrona-4-mmc-eiropas-veikals","17":"product_tag-mefedrona-4-mmc-iedarbiba","18":"product_tag-mefedrona-4-mmc-interneta-veikals-eiropa","19":"product_tag-mefedrona-4-mmc-izpardosana-eiropa","20":"product_tag-mefedrona-4-mmc-labaka-cena-eiropa","21":"product_tag-mefedrona-4-mmc-pardosana-tiessaiste","22":"product_tag-mefedrona-4-mmc-piedavajumi-eiropa","23":"product_tag-mefedrona-4-mmc-piegade-eiropa","24":"product_tag-mephedrone-4-mmc-eiropas-piegadataji","25":"product_tag-nopirkt-mefedronu-4-mmc","26":"product_tag-parskats-par-mefedronu-4-mmc-eiropa","27":"product_tag-pasutiet-mefedronu-4-mmc-eu","28":"product_tag-pasutiet-mefedronu-4-mmc-tiessaiste","30":"first","31":"instock","32":"shipping-taxable","33":"purchasable","34":"product-type-variable","35":"farmacie-col"},"aioseo_notices":[],"_links":{"self":[{"href":"https:\/\/lacasadelamedicina.es\/lv\/wp-json\/wp\/v2\/product\/33180"}],"collection":[{"href":"https:\/\/lacasadelamedicina.es\/lv\/wp-json\/wp\/v2\/product"}],"about":[{"href":"https:\/\/lacasadelamedicina.es\/lv\/wp-json\/wp\/v2\/types\/product"}],"replies":[{"embeddable":true,"href":"https:\/\/lacasadelamedicina.es\/lv\/wp-json\/wp\/v2\/comments?post=33180"}],"wp:featuredmedia":[{"embeddable":true,"href":"https:\/\/lacasadelamedicina.es\/lv\/wp-json\/wp\/v2\/media\/18639"}],"wp:attachment":[{"href":"https:\/\/lacasadelamedicina.es\/lv\/wp-json\/wp\/v2\/media?parent=33180"}],"wp:term":[{"taxonomy":"product_cat","embeddable":true,"href":"https:\/\/lacasadelamedicina.es\/lv\/wp-json\/wp\/v2\/product_cat?post=33180"},{"taxonomy":"product_tag","embeddable":true,"href":"https:\/\/lacasadelamedicina.es\/lv\/wp-json\/wp\/v2\/product_tag?post=33180"}],"curies":[{"name":"wp","href":"https:\/\/api.w.org\/{rel}","templated":true}]}}