{"id":33060,"date":"2024-08-09T14:02:09","date_gmt":"2024-08-09T14:02:09","guid":{"rendered":"https:\/\/lacasadelamedicina.es\/product\/perciet-kokainu-no-zivju-zvinam-tiessaiste\/"},"modified":"2024-09-17T09:37:11","modified_gmt":"2024-09-17T09:37:11","slug":"perciet-kokainu-no-zivju-zvinam-tiessaiste","status":"publish","type":"product","link":"https:\/\/lacasadelamedicina.es\/lv\/produkts\/perciet-kokainu-no-zivju-zvinam-tiessaiste\/","title":{"rendered":"P\u0113rciet koka\u012bnu no zivju zv\u012b\u0146\u0101m tie\u0161saist\u0113"},"content":{"rendered":"<h3>Nopirkt zivju skalu koka\u012bnu tie\u0161saist\u0113.<\/h3>\n<p> Viens no t\u012br\u0101kajiem m\u016bsdien\u0101s pieejamajiem koka\u012bna veidiem ir zivju zv\u012b\u0146u koka\u012bns, kas k\u013c\u016bst arvien popul\u0101r\u0101ks lietot\u0101ju vid\u016b, kuri mekl\u0113 augstas kvalit\u0101tes vielu. Tradicion\u0101l\u0101s koka\u012bna formas ir maz\u0101k iedarb\u012bgas nek\u0101 zivju koka\u012bns, ko da\u017ek\u0101rt sajauc ar cit\u0101m narkotisk\u0101m viel\u0101m, lai padar\u012btu to stipr\u0101ku. Ja v\u0113laties tie\u0161saist\u0113 ieg\u0101d\u0101ties zivju koka\u012bnu par zem\u0101ko cenu, mekl\u0113jiet tikai Dr. Lawsons Pharmacy. P\u0113rciet zivju koka\u012bnu tie\u0161saist\u0113 &#8211;    <a href=\"https:\/\/drlawsonspharmacy\/contact-us\/\">KONTAKTI<\/a><\/p>\n<h3>K\u0101 tiek ra\u017eots zivju zv\u012b\u0146u koka\u012bns?<\/h3>\n<p> Izm\u0113\u0123iniet Fish Scale Cocaine for Sale, ja mekl\u0113jat jaunu pieeju, lai ieg\u016btu augstu l\u012bmeni. Tas ir p\u0113r\u013cu balt\u0101 kr\u0101s\u0101 un ir augstas intensit\u0101tes koka\u012bns. Termins &#8220;zivju koka\u012bns&#8221; attiecas uz t\u0101 rakstur\u012bgo izskatu. Zivju koka\u012bnu ieg\u016bst, sajaucot cepamo sodu vai akt\u012bvo viet\u0113jo anest\u0113ziju ar t\u012bru koka\u012bna pulveri, lai izveidotu b\u0101zi, ko kars\u0113, l\u012bdz tas sa\u0161\u0137idrin\u0101s, p\u0113c tam izk\u0101\u0161, ielej un atdzes\u0113. \u0160\u012bs formas veido tepei l\u012bdz\u012bgu masu, kas p\u0113c atdzes\u0113\u0161anas tiek sadal\u012bta vien\u0101da izm\u0113ra koka\u012bnu saturo\u0161\u0101 produkta &#8220;zivju zv\u012b\u0146\u0101s&#8221;. Tas rada iev\u0113rojamu tirgu person\u0101m, kuras v\u0113las to lietot k\u0101 izklaid\u0113jo\u0161u narkotiku. P\u0113c tam \u0161os gabalus var t\u0101l\u0101k p\u0101rstr\u0101d\u0101t pulver\u012b vai p\u0101rdot k\u0101 t\u0101dus. J\u016bs varat ieg\u0101d\u0101ties zivju koka\u012bnu tie\u0161saist\u0113 vairum\u0101 vai gramos Dr Lawsons Pharmacy.        <\/p>\n<h3>Ieguvumi &amp;amp; Fishscale koka\u012bna blakuspar\u0101d\u012bbas<\/h3>\n<p> Lab\u0101kais koka\u012bna variants, kas ir gan sp\u0113c\u012bgs, gan atkar\u012bbu izraiso\u0161s, ir zivju koka\u012bns. Zivju zv\u012b\u0146u koka\u012bns at\u0161\u0137iras no citiem koka\u012bna veidiem daudzos veidos, tostarp ar k\u0101pumu un kritumu intensit\u0101ti. Varat b\u016bt p\u0101rliecin\u0101ts, ka g\u016bstat vislab\u0101ko iesp\u0113jamo pieredzi, jo ir pieejams ar\u012b augstas kvalit\u0101tes zivju koka\u012bns. Tas ir ide\u0101li piem\u0113rots lieto\u0161anai \u012bs\u0101s s\u0113rij\u0101s vai tad, kad jums nav laika pilnai devai, jo tas ilgst apm\u0113ram divas stundas, kad to lieto. Zivju koka\u012bns ir tikai v\u0113l viens vielas veids, ko cilv\u0113ki labpr\u0101t lieto; tam nav negat\u012bvas juridiskas vai vesel\u012bbas ietekmes. Sp\u0113c\u012bgs koka\u012bna veids, ko sauc par &#8220;zivju koka\u012bnu&#8221;, p\u0113d\u0113j\u0101 laik\u0101 ir k\u013cuvis popul\u0101rs. Lai gan tas var rad\u012bt sp\u0113c\u012bgus rezult\u0101tus, tam var b\u016bt ar\u012b negat\u012bvas sekas, kas var b\u016bt let\u0101las. Pirms Fishscale Cocaine lieto\u0161anas ir svar\u012bgi izgl\u012btoties par z\u0101\u013cu ra\u017eo\u0161anas procesu, iesp\u0113jamiem ieguvumiem un riskiem, k\u0101 ar\u012b par to, kur t\u0101s ieg\u016bt leg\u0101li. Personas, kuras izv\u0113las ieg\u0101d\u0101ties Fishscale koka\u012bnu tie\u0161saist\u0113 vairum\u0101 vai neliel\u0101s dev\u0101s, galu gal\u0101 ir atbild\u012bgas par apzin\u0101tu l\u0113mumu pie\u0146em\u0161anu par savu vesel\u012bbu un labkl\u0101j\u012bbu.         <\/p>\n<h3>Kur tie\u0161saist\u0113 nopirkt Fishscale koka\u012bnu?<\/h3>\n<p> Dr. Lawsons Pharmacy dro\u0161a narkotiku uzglab\u0101\u0161ana ir m\u016bsu galven\u0101 priorit\u0101te, t\u0101p\u0113c m\u0113s p\u0113rkam Fishscale Cocaine tikai no cien\u012bjamiem pieg\u0101d\u0101t\u0101jiem. Lai nodro\u0161in\u0101tu, ka sa\u0146emat augstas kvalit\u0101tes produktu, visam m\u016bsu Fishscale koka\u012bnam tiek veikta stingra kvalit\u0101tes kontrole un test\u0113\u0161anas metodes. Lai nodro\u0161in\u0101tu dro\u0161u pieg\u0101di, m\u0113s diskr\u0113ti un r\u016bp\u012bgi iepakojam un transport\u0113jam m\u016bsu Fishscale Cocaine p\u0101rdo\u0161anai tie\u0161saist\u0113. Pas\u016btiet Fishscale koka\u012bna vairumtirdzniec\u012bbu t\u016bl\u012bt!    &nbsp;<\/p>\n","protected":false},"excerpt":{"rendered":"<p>&nbsp;<\/p>\n","protected":false},"featured_media":18699,"comment_status":"closed","ping_status":"closed","template":"","meta":{"om_disable_all_campaigns":false,"_sitemap_exclude":false,"_sitemap_priority":"","_sitemap_frequency":"","_monsterinsights_skip_tracking":false,"_monsterinsights_sitenote_active":false,"_monsterinsights_sitenote_note":"","_monsterinsights_sitenote_category":0},"product_cat":[30591],"product_tag":[31514,31501,31499,31511,31508,31505,31507,31513,31516,31512,31510,31515,31503,31500,31506,31497,31509,31502,31504,31498,31495,31496],"class_list":{"0":"post-33060","1":"product","2":"type-product","3":"status-publish","4":"has-post-thumbnail","6":"product_cat-kokains","7":"product_tag-autentisks-kokains-no-zivju-zvinam-eiropa","8":"product_tag-cik-daudz-ir-kokains-no-zivju-zvinam","9":"product_tag-kokaina-ietekme-no-zivju-zvinam","10":"product_tag-kokains-no-zivju-svariem-eiropas-veikals","11":"product_tag-kokains-no-zivju-svariem-interneta-veikala-eiropa","12":"product_tag-kokains-no-zivju-zvinam-bezmaksas-piegade-uz-eiropu","13":"product_tag-kokains-no-zivju-zvinam-eiropa-izpardosana","14":"product_tag-kokains-no-zivju-zvinam-eiropa-piegade","15":"product_tag-kokains-no-zivju-zvinam-eiropas-apskats","16":"product_tag-kokains-no-zivju-zvinam-eiropas-atlaide","17":"product_tag-kokains-no-zivju-zvinam-eiropas-piedavajumi","18":"product_tag-kokains-no-zivju-zvinam-eiropas-piegadatajiem","19":"product_tag-kokains-no-zivju-zvinam-labaka-cena-eiropa","20":"product_tag-kokains-no-zivju-zvinam-pardosana-tiessaiste","21":"product_tag-kur-nopirkt-kokainu-no-zivju-zvinas-eiropa","22":"product_tag-kur-tiessaiste-nopirkt-kokainu-no-zivju-zvinam","23":"product_tag-lets-kokains-no-zivju-zvinam-eiropa","24":"product_tag-nopirkt-kokainu-no-zivju-zvinam-tiessaiste-eiropa","25":"product_tag-pasuti-kokainu-no-zivju-zvinam-eu","26":"product_tag-pasutiet-kokainu-no-zivju-zvinam-tiessaiste","27":"product_tag-perciet-kokainu-no-zivju-zvinam","28":"product_tag-perciet-kokainu-no-zivju-zvinam-tiessaiste","30":"first","31":"instock","32":"shipping-taxable","33":"purchasable","34":"product-type-variable","35":"farmacie-col"},"aioseo_notices":[],"_links":{"self":[{"href":"https:\/\/lacasadelamedicina.es\/lv\/wp-json\/wp\/v2\/product\/33060"}],"collection":[{"href":"https:\/\/lacasadelamedicina.es\/lv\/wp-json\/wp\/v2\/product"}],"about":[{"href":"https:\/\/lacasadelamedicina.es\/lv\/wp-json\/wp\/v2\/types\/product"}],"replies":[{"embeddable":true,"href":"https:\/\/lacasadelamedicina.es\/lv\/wp-json\/wp\/v2\/comments?post=33060"}],"wp:featuredmedia":[{"embeddable":true,"href":"https:\/\/lacasadelamedicina.es\/lv\/wp-json\/wp\/v2\/media\/18699"}],"wp:attachment":[{"href":"https:\/\/lacasadelamedicina.es\/lv\/wp-json\/wp\/v2\/media?parent=33060"}],"wp:term":[{"taxonomy":"product_cat","embeddable":true,"href":"https:\/\/lacasadelamedicina.es\/lv\/wp-json\/wp\/v2\/product_cat?post=33060"},{"taxonomy":"product_tag","embeddable":true,"href":"https:\/\/lacasadelamedicina.es\/lv\/wp-json\/wp\/v2\/product_tag?post=33060"}],"curies":[{"name":"wp","href":"https:\/\/api.w.org\/{rel}","templated":true}]}}