{"id":33045,"date":"2024-08-09T14:02:09","date_gmt":"2024-08-09T14:02:09","guid":{"rendered":"https:\/\/lacasadelamedicina.es\/product\/perciet-sarkano-skidro-dzivsudrabu-tiessaiste\/"},"modified":"2024-08-09T14:02:09","modified_gmt":"2024-08-09T14:02:09","slug":"perciet-sarkano-skidro-dzivsudrabu-tiessaiste","status":"publish","type":"product","link":"https:\/\/lacasadelamedicina.es\/lv\/produkts\/perciet-sarkano-skidro-dzivsudrabu-tiessaiste\/","title":{"rendered":"P\u0113rciet sarkano \u0161\u0137idro dz\u012bvsudrabu tie\u0161saist\u0113"},"content":{"rendered":"<h2>Sarkanais \u0161\u0137idrais dz\u012bvsudrabs &#8211; P\u0113rciet sarkano \u0161\u0137idro dz\u012bvsudrabu tie\u0161saist\u0113, sarkano \u0161\u0137idro dz\u012bvsudrabu p\u0101rdo\u0161anai Eirop\u0101<\/h2>\n<p> P\u0113rciet sarkano \u0161\u0137idro dz\u012bvsudrabu &#8211; Dr Lawsons Pharmacy ir lab\u0101kais tie\u0161saistes veikals, kur\u0101 varat ieg\u0101d\u0101ties sarkano \u0161\u0137idro dz\u012bvsudrabu un pas\u016bt\u012bt sarkano \u0161\u0137idro dz\u012bvsudrabu Eirop\u0101 par lab\u0101ko un l\u0113to cenu. <a href=\"https:\/\/drlawsonspharmacy\/contact-us\/\"><a href=\"https:\/\/drlawsonspharmacy\/contact-us\/\">KONTAKTI \u2014 ieg\u0101d\u0101jieties sarkano \u0161\u0137idro dz\u012bvsudrabu tie\u0161saist\u0113<\/a><\/a><\/p>\n<h3>Kas ir sarkanais \u0161\u0137idrais dz\u012bvsudrabs?<\/h3>\n<p> \u0136ir\u0161u sarkanais \u0161\u0137idrais dz\u012bvsudrabs, ko da\u017ek\u0101rt tie\u0161saist\u0113 d\u0113v\u0113 par sarkano \u0161\u0137idro dz\u012bvsudrabu, ir pus\u0161\u0137idrs. Kodoliero\u010du izstr\u0101di un ra\u017eo\u0161anu ieskauj neticama slepen\u012bba. Tam ir augsts bl\u012bvums 20,2 g\/cm3. To bie\u017ei izmanto kodoliero\u010du neskaidram sast\u0101vam un uzskata par kr\u0101pnieku vilt\u012bbu.    <\/p>\n<h3>Sarkan\u0101 \u0161\u0137idr\u0101 dz\u012bvsudraba priek\u0161roc\u012bbas:<\/h3>\n<p> Ar\u012b cilv\u0113ka vesel\u012bbai \u0161is komponents ir svar\u012bgs. izmanto filc\u0113\u0161anas proces\u0101, lai izgatavotu cepures, ko izmanto kalnr\u016bpniec\u012bb\u0101, lai izveidotu zelta un sudraba amalgamu, ko izmanto maznodro\u0161in\u0101tie darbinieki. K\u0101 lietot sarkano \u0161\u0137idro dz\u012bvsudrabu? Lai b\u016btu uzman\u012bg\u0101ks, izmantojot \u0161\u0101du ier\u012bci, jums vajadz\u0113tu piev\u0113rst uzman\u012bbu mazajiem padomiem. Ar dz\u012bvsudrabu sarkan\u0101 \u0161\u0137idr\u0101 veid\u0101 j\u0101r\u012bkojas ar aizsargcimdiem. Tas garant\u0113, ka varam tikt gal\u0101 ar jebkuru situ\u0101ciju.      <\/p>\n<h3>Kur nopirkt Red Liquid Mercury?<\/h3>\n<p> Viens no leg\u0101lajiem, ISO sertific\u0113tajiem uz\u0146\u0113mumiem, kas ra\u017eo augstas kvalit\u0101tes sarkano \u0161\u0137idro dz\u012bvsudrabu, ir Dr. Lawsons Pharmacy. M\u0113s esam ap\u0146\u0113mu\u0161ies nodro\u0161in\u0101t dz\u012bvsudrabu par god\u012bgu tirgus cenu, nekad neapdraudot kvalit\u0101ti. T\u0101p\u0113c j\u016bs varat pas\u016bt\u012bt Red Liquid Mercury jebkur\u0101 laik\u0101.   <\/p>\n<h3>K\u0101p\u0113c pirkt sarkano \u0161\u0137idro dz\u012bvsudrabu no LegitChemicals?<\/h3>\n<p> M\u0113s pied\u0101v\u0101jam tikai dab\u012bgus produktus. M\u0113s pieg\u0101d\u0101jam laik\u0101 daudz\u0101s jom\u0101s. \u0113rti lietojams jebkur\u0101 situ\u0101cij\u0101   <strong>Pas\u016btiet Red Liquid Mercury &#8211; P\u0113rciet Red Liquid Mercury tie\u0161saist\u0113 &#8211; P\u0113rciet Red Liquid Mercury <\/strong><\/p>\n<h3>K\u0101 nopirkt sarkano \u0161\u0137idro dz\u012bvsudrabu?<\/h3>\n<p> Izmantojot Eirop\u0101 nop\u0113rkamo Red Liquid Mercury, pirc\u0113js to var pas\u016bt\u012bt par daudz maz\u0101ku naudu. Tas ir labs elektr\u012bbas vad\u012bt\u0101js, kas izmantots sl\u0113d\u017eu un akumulatoru konstrukcij\u0101.<\/p>\n","protected":false},"excerpt":{"rendered":"<p>&nbsp;<\/p>\n","protected":false},"featured_media":18324,"comment_status":"closed","ping_status":"closed","template":"","meta":{"om_disable_all_campaigns":false,"_sitemap_exclude":false,"_sitemap_priority":"","_sitemap_frequency":"","_monsterinsights_skip_tracking":false,"_monsterinsights_sitenote_active":false,"_monsterinsights_sitenote_note":"","_monsterinsights_sitenote_category":0},"product_cat":[30172],"product_tag":[31426,31413,31409,31418,31410,31421,31408,31407,31416,31414,31423,31411,31412,31425,31419,31422,31424,31428,31427,31420,31415,31417],"class_list":{"0":"post-33045","1":"product","2":"type-product","3":"status-publish","4":"has-post-thumbnail","6":"product_cat-kimisko-vielu-un-psihodelisko-lidzeklu-izpete","7":"product_tag-autentisks-sarkanais-skidrais-dzivsudrabs-eiropa","8":"product_tag-cik-ir-sarkanais-skidrais-dzivsudrabs","9":"product_tag-iegadajieties-red-liquid-mercury-tiessaiste","10":"product_tag-kur-nopirkt-sarkano-skidro-dzivsudrabu-eiropa","11":"product_tag-kur-tiessaiste-nopirkt-sarkano-skidro-dzivsudrabu","12":"product_tag-lets-sarkanais-skidrais-dzivsudrabs-eiropa","13":"product_tag-nopirkt-red-liquid-mercury","14":"product_tag-pasutiet-red-liquid-mercury-tiessaiste","15":"product_tag-pasutiet-sarkano-skidro-dzivsudrabu-eu","16":"product_tag-perciet-sarkano-skidro-dzivsudrabu-tiessaiste-eiropa","17":"product_tag-sarkana-skidra-dzivsudraba-eiropas-veikals","18":"product_tag-sarkana-skidra-dzivsudraba-ietekme","19":"product_tag-sarkana-skidra-dzivsudraba-pardosana-tiessaiste","20":"product_tag-sarkana-skidra-dzivsudraba-piegade-eiropa","21":"product_tag-sarkanais-skidrais-dzivsudrabs-eiropa-izpardosana","22":"product_tag-sarkanais-skidrais-dzivsudrabs-eiropa-piedavajumi","23":"product_tag-sarkanais-skidrais-dzivsudrabs-eiropas-atlaide","24":"product_tag-sarkanais-skidrais-dzivsudrabs-eiropas-parskats","25":"product_tag-sarkanais-skidrais-dzivsudrabs-eiropas-piegadatajiem","26":"product_tag-sarkanais-skidrais-dzivsudrabs-interneta-veikals-eiropa","27":"product_tag-sarkanais-skidrais-dzivsudrabs-labaka-cena-eiropa","28":"product_tag-sarkans-skidrais-dzivsudrabs-bezmaksas-piegade-eiropa","30":"first","31":"instock","32":"shipping-taxable","33":"purchasable","34":"product-type-variable","35":"farmacie-col"},"aioseo_notices":[],"_links":{"self":[{"href":"https:\/\/lacasadelamedicina.es\/lv\/wp-json\/wp\/v2\/product\/33045"}],"collection":[{"href":"https:\/\/lacasadelamedicina.es\/lv\/wp-json\/wp\/v2\/product"}],"about":[{"href":"https:\/\/lacasadelamedicina.es\/lv\/wp-json\/wp\/v2\/types\/product"}],"replies":[{"embeddable":true,"href":"https:\/\/lacasadelamedicina.es\/lv\/wp-json\/wp\/v2\/comments?post=33045"}],"wp:featuredmedia":[{"embeddable":true,"href":"https:\/\/lacasadelamedicina.es\/lv\/wp-json\/wp\/v2\/media\/18324"}],"wp:attachment":[{"href":"https:\/\/lacasadelamedicina.es\/lv\/wp-json\/wp\/v2\/media?parent=33045"}],"wp:term":[{"taxonomy":"product_cat","embeddable":true,"href":"https:\/\/lacasadelamedicina.es\/lv\/wp-json\/wp\/v2\/product_cat?post=33045"},{"taxonomy":"product_tag","embeddable":true,"href":"https:\/\/lacasadelamedicina.es\/lv\/wp-json\/wp\/v2\/product_tag?post=33045"}],"curies":[{"name":"wp","href":"https:\/\/api.w.org\/{rel}","templated":true}]}}