{"id":32947,"date":"2024-08-09T14:02:09","date_gmt":"2024-08-09T14:02:09","guid":{"rendered":"https:\/\/lacasadelamedicina.es\/product\/perciet-sgt-78-tiessaiste\/"},"modified":"2024-08-09T14:02:09","modified_gmt":"2024-08-09T14:02:09","slug":"perciet-sgt-78-tiessaiste","status":"publish","type":"product","link":"https:\/\/lacasadelamedicina.es\/lv\/produkts\/perciet-sgt-78-tiessaiste\/","title":{"rendered":"P\u0113rciet SGT-78 tie\u0161saist\u0113"},"content":{"rendered":"<h3><span lang=\"EN-US\">SGT-78 &#8211; P\u0113rciet SGT-78 tie\u0161saist\u0113, SGT-78 p\u0101rdo\u0161anai, Pas\u016btiet SGT-78 tie\u0161saist\u0113. <\/span><\/h3>\n<p> P\u0113rciet SGT-78 tie\u0161saist\u0113 \u2014 Dr. Lawsons Pharmacy tagad pied\u0101v\u0101 SGT-78 ieg\u0101di tie\u0161saist\u0113. M\u016bsu uz\u0146\u0113mums nodarbojas ar SGT-78 p\u0101rdo\u0161anai un Sgt-78 tie\u0161saistes pas\u016bt\u012bjumiem. Pas\u016btiet SGT-78 likum\u012bgi tie\u0161i tagad! P\u0113rciet SGT-78 tie\u0161saist\u0113 &#8211;    <a href=\"https:\/\/drlawsonspharmacy\/contact-us\/\">KONTAKTI<\/a><\/p>\n<h3><span lang=\"EN-US\">Kas ir SGT-78? <\/span><\/h3>\n<p> Z\u0101\u013cu izstr\u0101d\u0101t\u0101s \u0137\u012bmisk\u0101s vielas <a href=\"https:\/\/dieapotheke247.com\/\">C22H24N4O,<\/a> tas bie\u017ei izraisa. Formulas noz\u012bme ir 360,5 g\/mol. Neviens nezina Sgt 78 pas\u016bt\u012b\u0161anas tie\u0161saist\u0113 toksikolo\u0123isko vai fiziolo\u0123isko ietekmi. Perif\u0113rie CB1 un CB2 kanabino\u012bdu receptori var sp\u0113c\u012bgi mijiedarboties ar sint\u0113tiskiem kanabino\u012bdiem. Vienu sint\u0113tisku kanabino\u012bdu, kura pamat\u0101 ir indazola-3-karboksam\u012bds un kas tiek p\u0101rdots tie\u0161saist\u0113 k\u0101 att\u012bsto\u0161as \u200b\u200bz\u0101les, sauc par SGT-78. Tam in vitro ir 0,58 nM un 6,12 nM kanabino\u012bdu receptoru CB1 un CB2 EC50 v\u0113rt\u012bbas, kas padara to par sp\u0113c\u012bgu agonistu. Anekdotiski pier\u0101d\u012bjumi liecina, ka CUMYL-4CN-BINACA ener\u0123\u0113tisk\u0101 deva cilv\u0113kiem ir aptuveni 0, 1 mg un ka tam ir hipotermiska un pretkrampju iedarb\u012bba pel\u0113m, ja to ievada caur CB1 receptoru. CUMYL-4CN-BINACA metabolisms rada cian\u012bdu, kas rada ba\u017eas par aknu boj\u0101jumiem. CUMYL-4CN-BINACA ievad\u012b\u0161ana ir saist\u012bta ar hipertermijas, rabdomiol\u012bzes un nieru mazsp\u0113jas ra\u0161anos.         <\/p>\n<h3><span lang=\"EN-US\">P\u0113rciet SGT-78 tie\u0161saist\u0113 \u2014 kas ir balst\u012bts uz SGT-78?<\/span><\/h3>\n<p> SGT-78, paz\u012bstams ar\u012b k\u0101 CUMYL-4CN-BINACA, ir sint\u0113tisks kanabino\u012bds, kura pamat\u0101 ir indazola-3-karboksam\u012bds. T\u0101, piem\u0113ram, ir pied\u0101v\u0101ta p\u0101rdo\u0161anai tie\u0161saist\u0113 k\u0101 dizaineru narkotika. Turkl\u0101t tas ir sp\u0113c\u012bgs CB1 un CB2 kanabino\u012bdu receptoru agonists. Visbeidzot, in vitro tika konstat\u0113tas attiec\u012bgi 0,58 nM un 6,12 nM EC50 v\u0113rt\u012bbas. SGT-78 izmanto CB1 receptoru pel\u0113m, lai atbr\u012bvotu hipotermiskas un pretkrampju vielas. Anekdotiski zi\u0146ojumi liecina, ka ener\u0123\u0113tisk\u0101 deva cilv\u0113kiem ir aptuveni 0,1 mg. SGT-78 metabolisms rada cian\u012bdu, kas rada ba\u017eas par aknu toksicit\u0101ti. Turkl\u0101t t\u0101 lieto\u0161ana ir saist\u012bta ar rabdomiol\u012bzi, nieru mazsp\u0113ju un smagu hipertermiju. Turkl\u0101t anal\u012btiskais atsauces standarts 5FAEB2201, viela, ko izmanto tiesu medic\u012bnas un zin\u0101tnes vajadz\u012bb\u0101m, ir struktur\u0101li identisks \u0161im sint\u0113tiskajam kanabino\u012bdam. Ieg\u0101d\u0101jieties SGT-78 tie\u0161saist\u0113 no ASV, lai ieg\u016btu augst\u0101k\u0101s kvalit\u0101tes preces. Pirmk\u0101rt, ka\u0146epes ra\u017eo vair\u0101kas vielas, ko sauc par kanabino\u012bdiem. Daudzas no t\u0101m nav sastopamas citos augos. Cik tie\u0161i? To ir gr\u016bti pateikt. Bie\u017ei tiek apgalvots, ka ka\u0146epes ra\u017eo desmitiem, ja ne vair\u0101k k\u0101 100 da\u017e\u0101du augu kanabino\u012bdus. Gr\u016bti ar\u012b noteikt prec\u012bzu summu. Liel\u0101k\u0101 da\u013ca no tiem ir ar\u012b nepietiekam\u0101 daudzum\u0101, jo \u012bpa\u0161i r\u016bpnieciskajos ka\u0146epju produktos. \u0160\u012b iemesla d\u0113\u013c zin\u0101tniekiem ir gr\u016bti tos prec\u012bzi noteikt. Fakts, ka to ir daudz, ir iz\u0161\u0137iro\u0161s.                   <\/p>\n<h3><strong>Pas\u016btiet SGT-78<\/strong><\/h3>\n<p> Tom\u0113r nav dro\u0161a veida, k\u0101 atkl\u0101t dizaineru narkotiku un p\u0113tniec\u012bbas \u0137\u012bmisko vielu \u013caunpr\u0101t\u012bgu izmanto\u0161anu. Citos gad\u012bjumos tie uzvedas sav\u0101d\u0101k nek\u0101 s\u0101kotn\u0113j\u0101 viela, un to lieto\u0161anas un \u013caunpr\u0101t\u012bgas izmanto\u0161anas paz\u012bmes un simptomi var b\u016bt \u013coti at\u0161\u0137ir\u012bgi. Tom\u0113r var b\u016bt noder\u012bgi iepaz\u012bties ar simptomiem un r\u0101d\u012bt\u0101jiem, lai atpaz\u012btu narkotiku \u013caunpr\u0101t\u012bgu izmanto\u0161anu. Rezum\u0113jot, t\u0101m ir daudz l\u012bdz\u012bbu, un t\u0101s ir saist\u012btas ar labi zin\u0101maj\u0101m dizaineru z\u0101l\u0113m, kuras tiek p\u0101rdotas, tikl\u012bdz k\u013c\u016bst pieejama inform\u0101cija.    &nbsp;<\/p>\n","protected":false},"excerpt":{"rendered":"<p>&nbsp;<\/p>\n","protected":false},"featured_media":18294,"comment_status":"closed","ping_status":"closed","template":"","meta":{"om_disable_all_campaigns":false,"_sitemap_exclude":false,"_sitemap_priority":"","_sitemap_frequency":"","_monsterinsights_skip_tracking":false,"_monsterinsights_sitenote_active":false,"_monsterinsights_sitenote_note":"","_monsterinsights_sitenote_category":0},"product_cat":[30172],"product_tag":[31183,31170,31176,31175,31167,31178,31164,31173,31165,31166,31171,31174,31181,31185,31179,31182,31180,31184,31168,31177,31172,31169],"class_list":{"0":"post-32947","1":"product","2":"type-product","3":"status-publish","4":"has-post-thumbnail","6":"product_cat-kimisko-vielu-un-psihodelisko-lidzeklu-izpete","7":"product_tag-autentisks-sgt-78-eiropa","8":"product_tag-cik-maksa-sgt-78","9":"product_tag-izpardosana-sgt-78-eiropa","10":"product_tag-kur-nopirkt-sgt-78-europe","11":"product_tag-kur-tiessaiste-iegadaties-sgt-78","12":"product_tag-leti-sgt-78-eiropa","13":"product_tag-nopirkt-sgt-78","14":"product_tag-pasutiet-sgt-78-eu","15":"product_tag-pasutiet-sgt-78-tiessaiste","16":"product_tag-perciet-sgt-78-tiessaiste","17":"product_tag-perciet-sgt-78-tiessaiste-eiropa","18":"product_tag-sgt-78-bezmaksas-piegade-eiropa","19":"product_tag-sgt-78-eiropa-atlaide","20":"product_tag-sgt-78-eiropas-apskats","21":"product_tag-sgt-78-eiropas-piedavajumi","22":"product_tag-sgt-78-eiropas-piegade","23":"product_tag-sgt-78-eiropas-veikals","24":"product_tag-sgt-78-europe-piegadataji","25":"product_tag-sgt-78-ietekme","26":"product_tag-sgt-78-interneta-veikals-eiropa","27":"product_tag-sgt-78-labaka-cena-eiropa","28":"product_tag-sgt-78-tirdznieciba-tiessaiste","30":"first","31":"instock","32":"shipping-taxable","33":"purchasable","34":"product-type-variable","35":"farmacie-col"},"aioseo_notices":[],"_links":{"self":[{"href":"https:\/\/lacasadelamedicina.es\/lv\/wp-json\/wp\/v2\/product\/32947"}],"collection":[{"href":"https:\/\/lacasadelamedicina.es\/lv\/wp-json\/wp\/v2\/product"}],"about":[{"href":"https:\/\/lacasadelamedicina.es\/lv\/wp-json\/wp\/v2\/types\/product"}],"replies":[{"embeddable":true,"href":"https:\/\/lacasadelamedicina.es\/lv\/wp-json\/wp\/v2\/comments?post=32947"}],"wp:featuredmedia":[{"embeddable":true,"href":"https:\/\/lacasadelamedicina.es\/lv\/wp-json\/wp\/v2\/media\/18294"}],"wp:attachment":[{"href":"https:\/\/lacasadelamedicina.es\/lv\/wp-json\/wp\/v2\/media?parent=32947"}],"wp:term":[{"taxonomy":"product_cat","embeddable":true,"href":"https:\/\/lacasadelamedicina.es\/lv\/wp-json\/wp\/v2\/product_cat?post=32947"},{"taxonomy":"product_tag","embeddable":true,"href":"https:\/\/lacasadelamedicina.es\/lv\/wp-json\/wp\/v2\/product_tag?post=32947"}],"curies":[{"name":"wp","href":"https:\/\/api.w.org\/{rel}","templated":true}]}}