{"id":32922,"date":"2024-08-09T14:02:09","date_gmt":"2024-08-09T14:02:09","guid":{"rendered":"https:\/\/lacasadelamedicina.es\/product\/perciet-sgt-67-tiessaiste\/"},"modified":"2024-08-09T14:02:09","modified_gmt":"2024-08-09T14:02:09","slug":"perciet-sgt-67-tiessaiste","status":"publish","type":"product","link":"https:\/\/lacasadelamedicina.es\/lv\/produkts\/perciet-sgt-67-tiessaiste\/","title":{"rendered":"P\u0113rciet SGT-67 tie\u0161saist\u0113"},"content":{"rendered":"<h3>SGT-67 pulveris &#8211; P\u0113rciet SGT-67 tie\u0161saist\u0113 &#8211; SGT-67 p\u0101rdo\u0161anai tie\u0161saist\u0113 ASV<\/h3>\n<p> SGT-67 ir viena no vair\u0101k\u0101m dizaina z\u0101l\u0113m vai sint\u0113tiskajiem kanabino\u012bdiem. SGT-67 ir 5F-APICA analogs, kur\u0101 N-adamantilgrupa ir aizst\u0101ta ar N-kumilgrupu. 5F-CUMYL-PICA tiek uzskat\u012bts par kanabino\u012bdu receptoru agonistu. \u0160is vienums tika izveidots krimin\u0101listikas un p\u0113tniec\u012bbas nol\u016bkos. Vienk\u0101r\u0161i noklik\u0161\u0137iniet uz pogas &#8220;Pirkt t\u016bl\u012bt&#8221; Dr. Lawson&#8217;s Pharmacy, lai tie\u0161saist\u0113 pas\u016bt\u012btu SGT-67. Lai nov\u0113rt\u0113tu p\u0113t\u0101m\u0101s \u0137\u012bmisk\u0101s vielas metabolismu un kl\u012brensu, izmantojot \u017eurku un cilv\u0113ka aknu mikrosomas un hepatoc\u012btus, SGT-67 p\u0113t\u012bjum\u0101 ur\u012bna paraugi tika sal\u012bdzin\u0101ti ar \u017eurku plazmu in vivo.      <a href=\"https:\/\/drlawsonspharmacy\/contact-us\/\">KONTAKTI<\/a><\/p>\n<h3>K\u0101 uzzin\u0101t par SGT-67?<\/h3>\n<p> SGT-67 farmakolo\u0123ij\u0101 Tas b\u016bt\u012bb\u0101 ir sint\u0113tisks kanabino\u012bds no indazolu grupas, lai gan t\u0101 farmakolo\u0123ija ir maz p\u0113t\u012bta. Galven\u0101 at\u0161\u0137ir\u012bba starp to un t\u0101 n\u0101kamo atvasin\u0101jumu ir t\u0101da, ka iepriek\u0161\u0113j\u0101 N-adamantilgrupa ir aizst\u0101ta ar N-kumilgrupu. L\u012bdz\u012bgi k\u0101 5F ir selekt\u012bvs pret CB2 receptoriem, tam j\u0101b\u016bt selekt\u012bvam ar\u012b pret CB1 receptoriem. Nav zin\u0101ms, ka SGT-67 USA ir kontrol\u0113jama viela nevien\u0101 liel\u0101kaj\u0101 valst\u012b, lai gan to var\u0113tu uzskat\u012bt par SGT-25 analogu, kas vair\u0101k\u0101s valst\u012bs ir nelikum\u012bgs. Pa\u0161laik tiek p\u0113t\u012btas \u0161\u012bs z\u0101les biolo\u0123isk\u0101s un toksikolo\u0123isk\u0101s \u012bpa\u0161\u012bbas. Tas nav paredz\u0113ts lieto\u0161anai nek\u0101da veida dz\u012bvniekiem, tostarp cilv\u0113kiem. SGT-67, kas ir pieejams no Dr. Lawsons Pharmacy, vado\u0161\u0101 tie\u0161saistes mazumtirgot\u0101ja, ir lab\u0101kais p\u0113t\u012bjuma rezult\u0101ts.       <\/p>\n<h3>K\u0101di ir iemesli SGT-67 izv\u0113lei?<\/h3>\n<p> Tas ir uzticams interneta veikals, kur\u0101 klienti var ieg\u0101d\u0101ties augstas kvalit\u0101tes SGT-67 USA produkciju, k\u0101 ar\u012b citas preces. Lai to pan\u0101ktu, jums ir j\u0101ieg\u0101d\u0101jas SGT-67 veikal\u0101, kur\u0101 ir visa nepiecie\u0161am\u0101 inform\u0101cija par \u0137\u012bmisko produktu. Mums ir \u0137\u012bmi\u0137u komanda, kas var sniegt jums atbilsto\u0161u inform\u0101ciju. M\u0113s pieg\u0101d\u0101jam SGT-67 un \u0137\u012bmiskos produktus, piem\u0113ram, 4F-MDMB-2201 un SGT-263 uz \u0136\u012bnu un cit\u0101m valst\u012bm. Vair\u0101kas aptiekas, koled\u017eas un laboratorijas studij\u0101m vairum\u0101 ieg\u0101d\u0101jas SGT-67. M\u0113s esam cien\u012bjams ra\u017eot\u0101js, kas piel\u0101go savas preces atbilsto\u0161i klientu pras\u012bb\u0101m.      <\/p>\n<h3>P\u0113rciet SGT-67 tie\u0161saist\u0113 \u2014 k\u0101 ieg\u0101d\u0101ties SGT-67?<\/h3>\n<p> Lai nodro\u0161in\u0101tu, ka m\u016bsu klienti ir apmierin\u0101ti, Dr. Lawsons Pharmacy str\u0101d\u0101 vair\u0101k un t\u0101l\u0101k. <\/p>\n<ul>\n<li>M\u0113s pied\u0101v\u0101jam augstas kvalit\u0101tes SGT-67 p\u0101rdo\u0161anai par \u013coti zem\u0101m izmaks\u0101m klientiem vis\u0101 pasaul\u0113. Nekav\u0113joties sazinieties ar mums, lai ieg\u016btu augst\u0101k\u0101s klases pakalpojumus. <\/li>\n<li>Turkl\u0101t m\u0113s p\u0101rdodam pla\u0161u \u0137\u012bmisko vielu kl\u0101stu.<\/li>\n<li>Ja jums ir nepiecie\u0161amas \u0137\u012bmiskas vielas, kas nav nor\u0101d\u012btas m\u016bsu t\u012bmek\u013ca vietn\u0113, sazinieties ar mums, un m\u0113s jums pazi\u0146osim, vai t\u0101s ir pieejamas un k\u0101 m\u0113s varam t\u0101s jums pieg\u0101d\u0101t.<\/li>\n<\/ul>\n<p> Ieg\u0101d\u0101tais SGT-67 pulveris tiks pieg\u0101d\u0101ts uz leju un iet\u012bts alum\u012bnija folij\u0101. Atkar\u012bb\u0101 no j\u016bsu dz\u012bvesvietas m\u0113s varam nos\u016bt\u012bt da\u017e\u0101dus ku\u0123niec\u012bbas uz\u0146\u0113mumus. J\u016bs varat ar\u012b ieg\u0101d\u0101ties SGT-67 tie\u0161saist\u0113. Sazinieties ar mums, lai ieg\u016btu s\u012bk\u0101ku inform\u0101ciju. M\u0113s pied\u0101v\u0101jam uzticamu un \u0101tru pieg\u0101des t\u012bklu, kas ir gatavs transport\u0113t preces vis\u0101 pasaul\u0113. Noklik\u0161\u0137iniet \u0161eit, lai uzzin\u0101tu vair\u0101k par SGT-67.      &nbsp;<\/p>\n","protected":false},"excerpt":{"rendered":"<p>&nbsp;<\/p>\n","protected":false},"featured_media":18279,"comment_status":"closed","ping_status":"closed","template":"","meta":{"om_disable_all_campaigns":false,"_sitemap_exclude":false,"_sitemap_priority":"","_sitemap_frequency":"","_monsterinsights_skip_tracking":false,"_monsterinsights_sitenote_active":false,"_monsterinsights_sitenote_note":"","_monsterinsights_sitenote_category":0},"product_cat":[30172],"product_tag":[31139,31126,31132,31131,31123,31134,31120,31129,31121,31122,31127,31130,31137,31141,31135,31138,31136,31140,31124,31133,31128,31125],"class_list":{"0":"post-32922","1":"product","2":"type-product","3":"status-publish","4":"has-post-thumbnail","6":"product_cat-kimisko-vielu-un-psihodelisko-lidzeklu-izpete","7":"product_tag-autentisks-sgt-67-eiropa","8":"product_tag-cik-maksa-sgt-67","9":"product_tag-izpardosana-sgt-67-eiropa","10":"product_tag-kur-nopirkt-sgt-67-europe","11":"product_tag-kur-tiessaiste-iegadaties-sgt-67","12":"product_tag-leti-sgt-67-eiropa","13":"product_tag-nopirkt-sgt-67","14":"product_tag-pasutiet-sgt-67-eu","15":"product_tag-pasutiet-sgt-67-tiessaiste","16":"product_tag-perciet-sgt-67-tiessaiste","17":"product_tag-perciet-sgt-67-tiessaiste-eiropa","18":"product_tag-sgt-67-bezmaksas-piegade-eiropa","19":"product_tag-sgt-67-eiropa-atlaide","20":"product_tag-sgt-67-eiropas-apskats","21":"product_tag-sgt-67-eiropas-piedavajumi","22":"product_tag-sgt-67-eiropas-piegade","23":"product_tag-sgt-67-eiropas-veikals","24":"product_tag-sgt-67-europe-piegadataji","25":"product_tag-sgt-67-ietekme","26":"product_tag-sgt-67-interneta-veikals-eiropa","27":"product_tag-sgt-67-labaka-cena-eiropa","28":"product_tag-sgt-67-pardosana-tiessaiste","30":"first","31":"instock","32":"shipping-taxable","33":"purchasable","34":"product-type-variable","35":"farmacie-col"},"aioseo_notices":[],"_links":{"self":[{"href":"https:\/\/lacasadelamedicina.es\/lv\/wp-json\/wp\/v2\/product\/32922"}],"collection":[{"href":"https:\/\/lacasadelamedicina.es\/lv\/wp-json\/wp\/v2\/product"}],"about":[{"href":"https:\/\/lacasadelamedicina.es\/lv\/wp-json\/wp\/v2\/types\/product"}],"replies":[{"embeddable":true,"href":"https:\/\/lacasadelamedicina.es\/lv\/wp-json\/wp\/v2\/comments?post=32922"}],"wp:featuredmedia":[{"embeddable":true,"href":"https:\/\/lacasadelamedicina.es\/lv\/wp-json\/wp\/v2\/media\/18279"}],"wp:attachment":[{"href":"https:\/\/lacasadelamedicina.es\/lv\/wp-json\/wp\/v2\/media?parent=32922"}],"wp:term":[{"taxonomy":"product_cat","embeddable":true,"href":"https:\/\/lacasadelamedicina.es\/lv\/wp-json\/wp\/v2\/product_cat?post=32922"},{"taxonomy":"product_tag","embeddable":true,"href":"https:\/\/lacasadelamedicina.es\/lv\/wp-json\/wp\/v2\/product_tag?post=32922"}],"curies":[{"name":"wp","href":"https:\/\/api.w.org\/{rel}","templated":true}]}}