{"id":32908,"date":"2024-08-09T14:02:09","date_gmt":"2024-08-09T14:02:09","guid":{"rendered":"https:\/\/lacasadelamedicina.es\/product\/perciet-sgt-263-tiessaiste\/"},"modified":"2024-08-09T14:02:09","modified_gmt":"2024-08-09T14:02:09","slug":"perciet-sgt-263-tiessaiste","status":"publish","type":"product","link":"https:\/\/lacasadelamedicina.es\/lv\/produkts\/perciet-sgt-263-tiessaiste\/","title":{"rendered":"P\u0113rciet SGT-263 tie\u0161saist\u0113"},"content":{"rendered":"<h3>SGT-263 pulveris \u2014 ieg\u0101d\u0101jieties SGT-263 tie\u0161saist\u0113, SGT-263 p\u0101rdo\u0161anai ASV<\/h3>\n<p> SGT-263 ir \u013coti sp\u0113c\u012bgs savienojums ar \u0137\u012bmisko formulu 1-5-fluorfenil-N-2-fenilpropan-2-il-7-azaindol-3-karboksam\u012bds, kam ir kop\u012bga zona ar MMB-CHMINACA. Tie\u0161saistes pas\u016bt\u012b\u0161ana SGT- 263 ir iesp\u0113jams no jebkuras vietas pasaul\u0113. Ar mums var sazin\u0101ties tikai SGT-263 ASV, Lielbrit\u0101nija un Austr\u0101lija. M\u016bsu tie\u0161saistes \u0137\u012bmisk\u0101 aptieka ir atv\u0113rta 24 stundas diennakt\u012b. M\u0113s esam gatavi jums pal\u012bdz\u0113t jebkur\u0101 laik\u0101. Vai v\u0113laties ieg\u016bt SGT-263 tie\u0161saist\u0113 par maz\u0101ku naudu? Pas\u016btiet to t\u016bl\u012bt. P\u0113rciet SGT-263 tie\u0161saist\u0113 &#8211;       <a href=\"https:\/\/drlawsonspharmacy\/contact-us\/\">KONTAKTI<\/a><\/p>\n<h3>P\u0113rciet SGT-263 tie\u0161saist\u0113 \u2014 kas ir SGT-263?<\/h3>\n<p> \u0160is modern\u0101kais sint\u0113tiskais kanabino\u012bds paver pla\u0161u jaunu izmekl\u0113\u0161anas iesp\u0113ju kl\u0101stu. \u0160aj\u0101 vietn\u0113 tiek pied\u0101v\u0101ti sint\u0113tiskie kanabino\u012bdi krimin\u0101listikas izmanto\u0161anai un anal\u012bzei. Ar \u0137\u012bmisko formulu C22H24N40 t\u0101s ir dizaina z\u0101les, ko var izmantot psihotropo un fiziolo\u0123isko z\u0101\u013cu ra\u017eo\u0161anai. Sist\u0113mas masa ir 360,5 g\/mol. Iesp\u0113jams, ka tiem ir p\u0101rm\u0113r\u012bga afinit\u0101te pret CB1 un CB2 kanabino\u012bdu receptoriem perif\u0113raj\u0101 nervu sist\u0113m\u0101. Parasti Sgt-263 tiek p\u0101rdots k\u0101 pulveris, bet, ja jums nepiecie\u0161amas papildu \u0137\u012bmisk\u0101s vielas, l\u016bdzu, sazinieties ar mums, jo mums ir vair\u0101kas iesp\u0113jas. P\u0101rdotaj\u0101m z\u0101l\u0113m nav cita m\u0113r\u0137a. Tos dr\u012bkst lietot dz\u012bvniekiem, p\u0101rtikai, medikamentiem, medic\u012bnas ier\u012bc\u0113m, kosm\u0113tikai vai citiem dz\u012bvniekiem tikai diagnostikas nol\u016bkos. P\u0101rliecinieties, vai j\u016bsu darba zona ir apr\u012bkota ar p\u0113tniecisk\u0101m \u0137imik\u0101lij\u0101m un tai ir atbilsto\u0161a ventil\u0101cija. Visi klienti var ieg\u0101d\u0101ties SGT-263 no Dr. Lawson&#8217;s Pharmacy.          <\/p>\n<h3>Cik dro\u0161i ir lietot SGT-263?<\/h3>\n<p> P\u0101rdoz\u0113\u0161ana Sgt. 263 nekav\u0113joties j\u0101\u0101rst\u0113 \u0101rstam, lai nodro\u0161in\u0101tu, ka elpce\u013ci ir t\u012bri un dz\u012bv\u012bbai svar\u012bg\u0101s paz\u012bmes ir stabilas. Daudzi cilv\u0113ki, kuri ir p\u0101rdoz\u0113ju\u0161i Sgt. 263 non\u0101k neatliekam\u0101s pal\u012bdz\u012bbas noda\u013c\u0101, lai aizsarg\u0101tu savus elpce\u013cus. Lai ieg\u016btu papildinform\u0101ciju par Sgt. 263 un k\u0101 sevi pasarg\u0101t, apmekl\u0113jiet Narkotiku fonda vietni.   <\/p>\n<ul>\n<li>Parasti mazas devas rada maz\u0101ku risku.<\/li>\n<li>Nejauciet z\u0101les, jo kombin\u0101cijas iedarb\u012bba var b\u016bt neparedzama.<\/li>\n<li>Izvairieties lietot vienu un to pa\u0161u devu divas reizes.<\/li>\n<li>Noteikti esiet kop\u0101 ar cilv\u0113kiem, kuriem varat uztic\u0113ties un kuri ir inform\u0113ti par pirm\u0101s pal\u012bdz\u012bbas snieg\u0161anu.<\/li>\n<\/ul>\n<p> Ja esat noraiz\u0113jies par savu alkohola vai narkotiku lieto\u0161anu, sazinieties ar Alkohola un narkotiku klientu apkalpo\u0161anas dienestu un ieg\u0101d\u0101jieties Sgt-263 par atlaidi, lai run\u0101tu ar pieredz\u0113ju\u0161u anal\u012bti\u0137i, kur\u0161 var sniegt jums pal\u012bdz\u012bbu, ieskatu un noder\u012bgu inform\u0101ciju. Uz visiem zvaniem tiek atbild\u0113ts 24\/7, konfidenci\u0101li un bez maksas. Sgt-263 ar grupu var ar\u012b pas\u016bt\u012bt, izmantojot vietni.   <\/p>\n<h3>K\u0101 veikt pas\u016bt\u012bjumu?<\/h3>\n<p> Pateicoties m\u016bsu specializ\u0113tajam t\u012bklam, visi m\u016bsu produkti tiek pieg\u0101d\u0101ti jums laik\u0101. M\u0113s esam uzticama komanda, kuras galvenais m\u0113r\u0137is ir apmierin\u0101t klientus. Pas\u016btot Sgt-263 tie\u0161saist\u0113, var\u0113siet pie\u0146emt apzin\u0101tu l\u0113mumu. M\u0113s apsol\u0101m, ka m\u016bsu produktu daudzums un kvalit\u0101te atbild\u012bs vai p\u0101rsniegs j\u016bsu cer\u012bbas.    &nbsp;<\/p>\n","protected":false},"excerpt":{"rendered":"<p>Kop\u0113ja sast\u0101vda\u013ca daudzos sint\u0113tiskos ka\u0146epju pulveros ir SGT-263, JAUNS kanabino\u012bds, kas mijiedarbojas ar kanabino\u012bdu receptoriem. Jaun\u0101kais kanabino\u012bds \u0137\u012bmisko p\u0113t\u012bjumu jom\u0101 SGT-263 ir non\u0101cis tikai \u0161eit, pazi\u0146o Dr. Lawsons Pharmacy.  &nbsp;<\/p>\n","protected":false},"featured_media":18264,"comment_status":"closed","ping_status":"closed","template":"","meta":{"om_disable_all_campaigns":false,"_sitemap_exclude":false,"_sitemap_priority":"","_sitemap_frequency":"","_monsterinsights_skip_tracking":false,"_monsterinsights_sitenote_active":false,"_monsterinsights_sitenote_note":"","_monsterinsights_sitenote_category":0},"product_cat":[30172],"product_tag":[31095,31082,31088,31087,31079,31090,31076,31085,31077,31078,31083,31086,31093,31097,31091,31094,31092,31096,31080,31089,31084,31081],"class_list":{"0":"post-32908","1":"product","2":"type-product","3":"status-publish","4":"has-post-thumbnail","6":"product_cat-kimisko-vielu-un-psihodelisko-lidzeklu-izpete","7":"product_tag-autentisks-sgt-263-eiropa","8":"product_tag-cik-maksa-sgt-263","9":"product_tag-izpardosana-sgt-263-eiropa","10":"product_tag-kur-nopirkt-sgt-263-europe","11":"product_tag-kur-tiessaiste-iegadaties-sgt-263","12":"product_tag-leti-sgt-263-eiropa","13":"product_tag-nopirkt-sgt-263","14":"product_tag-pasutiet-sgt-263-eu","15":"product_tag-pasutiet-sgt-263-tiessaiste","16":"product_tag-perciet-sgt-263-tiessaiste","17":"product_tag-perciet-sgt-263-tiessaiste-eiropa","18":"product_tag-sgt-263-bezmaksas-piegade-uz-eiropu","19":"product_tag-sgt-263-eiropa-atlaide","20":"product_tag-sgt-263-eiropas-apskats","21":"product_tag-sgt-263-eiropas-piedavajumi","22":"product_tag-sgt-263-eiropas-piegade","23":"product_tag-sgt-263-eiropas-veikals","24":"product_tag-sgt-263-europe-piegadataji","25":"product_tag-sgt-263-ietekme","26":"product_tag-sgt-263-interneta-veikals-eiropa","27":"product_tag-sgt-263-labaka-cena-eiropa","28":"product_tag-sgt-263-pardosana-tiessaiste","30":"first","31":"instock","32":"shipping-taxable","33":"purchasable","34":"product-type-variable","35":"farmacie-col"},"aioseo_notices":[],"_links":{"self":[{"href":"https:\/\/lacasadelamedicina.es\/lv\/wp-json\/wp\/v2\/product\/32908"}],"collection":[{"href":"https:\/\/lacasadelamedicina.es\/lv\/wp-json\/wp\/v2\/product"}],"about":[{"href":"https:\/\/lacasadelamedicina.es\/lv\/wp-json\/wp\/v2\/types\/product"}],"replies":[{"embeddable":true,"href":"https:\/\/lacasadelamedicina.es\/lv\/wp-json\/wp\/v2\/comments?post=32908"}],"wp:featuredmedia":[{"embeddable":true,"href":"https:\/\/lacasadelamedicina.es\/lv\/wp-json\/wp\/v2\/media\/18264"}],"wp:attachment":[{"href":"https:\/\/lacasadelamedicina.es\/lv\/wp-json\/wp\/v2\/media?parent=32908"}],"wp:term":[{"taxonomy":"product_cat","embeddable":true,"href":"https:\/\/lacasadelamedicina.es\/lv\/wp-json\/wp\/v2\/product_cat?post=32908"},{"taxonomy":"product_tag","embeddable":true,"href":"https:\/\/lacasadelamedicina.es\/lv\/wp-json\/wp\/v2\/product_tag?post=32908"}],"curies":[{"name":"wp","href":"https:\/\/api.w.org\/{rel}","templated":true}]}}