{"id":32859,"date":"2024-08-09T14:02:09","date_gmt":"2024-08-09T14:02:09","guid":{"rendered":"https:\/\/lacasadelamedicina.es\/product\/perciet-gamma-butirolaktonu-gbl-tiessaiste\/"},"modified":"2024-08-09T14:02:09","modified_gmt":"2024-08-09T14:02:09","slug":"perciet-gamma-butirolaktonu-gbl-tiessaiste","status":"publish","type":"product","link":"https:\/\/lacasadelamedicina.es\/lv\/produkts\/perciet-gamma-butirolaktonu-gbl-tiessaiste\/","title":{"rendered":"P\u0113rciet gamma butirolaktonu (GBL) tie\u0161saist\u0113"},"content":{"rendered":"<h3>P\u0101rdodu gamma-butirolaktonu, ieg\u0101d\u0101jieties GBL tie\u0161saist\u0113 V\u0100CIJ\u0100, pas\u016btiet GBL tie\u0161saist\u0113<\/h3>\n<p> P\u0113rciet gamma butirolaktonu (GBL) tie\u0161saist\u0113 \u2013 lai gan GHB un GBL ir noz\u012bm\u012bgi CNS nom\u0101co\u0161i l\u012bdzek\u013ci praktiski vis\u0101s dz\u012bvaj\u0101s b\u016btn\u0113s, v\u0113l nav zin\u0101ms, k\u0101 tie ietekm\u0113 smadzenes. \u0160o m\u012bklu risin\u0101\u0161ana var\u0113tu mums pal\u012bdz\u0113t izprast smadze\u0146u darb\u012bbas pamatiez\u012bmes. GHB un GBL optisk\u0101 noteik\u0161ana, visticam\u0101k, ir paredz\u0113ta <a href=\"https:\/\/dieapotheke247.com\/\">b<\/a>iolo\u0123iskie \u0161o neirodepresantu p\u0113t\u012bjumi var b\u016bt noder\u012bgi. Turkl\u0101t GHB un GBL ir vienas no neirolo\u0123isk\u0101m sug\u0101m, kur\u0101m sensorus ir \u012bpa\u0161i gr\u016bti izveidot to vienk\u0101r\u0161\u0101s strukt\u016bras un reakcijas vietu tr\u016bkuma d\u0113\u013c. Pateicoties m\u016bsu zin\u0101\u0161an\u0101m un uzticam\u012bbai gamma butirolaktona p\u0101rdo\u0161an\u0101 tie\u0161saist\u0113, m\u0113s esam k\u013cuvu\u0161i par vienu no popul\u0101r\u0101kajiem uz\u0146\u0113mumiem, kur\u0101 burtiski t\u016bksto\u0161iem pat\u0113r\u0113t\u0101ju no visas pasaules pas\u016bta GBL. P\u0113rciet gamma butirolaktonu (GBL) tie\u0161saist\u0113      <a href=\"https:\/\/drlawsonspharmacy\/contact-us\/\"><a href=\"https:\/\/drlawsonspharmacy\/contact-us\/\">KONTAKTI P\u0113rciet Gamma butirolaktonu (GBL) tie\u0161saist\u0113 &#8211;<\/a> <\/a><\/p>\n<h3>Kas ir GBL?<\/h3>\n<p> Tas ir bezkr\u0101sains, higroskopisks \u0161\u0137idrums, kas sajaucas ar \u016bdeni un nedaudz smar\u017eo. Visvienk\u0101r\u0161\u0101kie ir 4 oglek\u013ca laktoni. GBL cilv\u0113kiem darbojas k\u0101 -hidroksisviestsk\u0101bes GHB priek\u0161z\u0101les un k\u0101 CNS nom\u0101co\u0161s l\u012bdzeklis atp\u016btai ar barbitur\u0101tiem l\u012bdz\u012bgu iedarb\u012bbu. To p\u0101rv\u0113r\u0161 k\u0101 starpproduktu citos savienojumos, piem\u0113ram, metil-2-pirolidon\u0101. GBL ekstrakti bija bezpiedevu v\u012bna paraugos. \u0160is atkl\u0101jums pier\u0101da, ka GBL USA dab\u0101 sastopams da\u017eos v\u012bnos un saist\u012btos prec\u0113s. GC\/MS anal\u012bzi noteik\u0161anas koncentr\u0101cijai 5 g\/ml atviegloja vienk\u0101r\u0161a elimin\u0101cijas tehnika. GBL bie\u017ei tiek maldin\u0101ts un tiek pied\u0101v\u0101ts p\u0101rdo\u0161anai k\u0101 \u0161\u0137idrums.        <\/p>\n<h3>K\u0101p\u0113c pirkt GBL?<\/h3>\n<p> Mums ir laba reput\u0101cija k\u0101 pakalpojumu sniedz\u0113jam, kas vienm\u0113r nopietni uztver savas saist\u012bbas pret klientiem. Tie\u0161saistes mazumtirgot\u0101ji pied\u0101v\u0101 Gamma-Butyrolactone GBL Online un citus atbilsto\u0161us produktus par god\u012bg\u0101m cen\u0101m. Lai pas\u016bt\u012btu \u0161os GBL produktus, mums ir j\u0101iegulda liela nauda.   <\/p>\n<ul>\n<li>Iepako\u0161anas komanda j\u016bsu pas\u016bt\u012bjumu iesai\u0146os ar visliel\u0101ko precizit\u0101ti, lai izvair\u012btos no boj\u0101jumiem transport\u0113\u0161anas laik\u0101.<\/li>\n<li>T\u0101tad j\u016bs varat redz\u0113t, cik viegli ir pas\u016bt\u012bt no mums tie\u0161saist\u0113 gamma butirolaktona GBL t\u012br\u012b\u0161anas l\u012bdzekli.<\/li>\n<li>Bija laiks, kad bija gr\u016bti ieg\u0101d\u0101ties Gamma-Butyrolacton GBL.<\/li>\n<li>Bezsaist\u0113 garu braucienu laik\u0101 un tikai tad, ja pieejams bezsaist\u0113 tie\u0161saistes veikalos.<\/li>\n<li>Tom\u0113r tie\u0161saistes re\u017e\u012bms par\u0101d\u012bj\u0101s tehnolo\u0123isk\u0101s un v\u0113sturisk\u0101s att\u012bst\u012bbas d\u0113\u013c.<\/li>\n<\/ul>\n<p> Gamma-Butyrolactone GBL var viegli ieg\u0101d\u0101ties tie\u0161saistes veikal\u0101 par zemu cenu, izmantojot savas ier\u012bces no jebkuras vietas. Jums vairs nav j\u0101ce\u013co, jo jebkur\u0101 laik\u0101 pie mums varat ieg\u0101d\u0101ties Gamma-Butyrolacton GBL tie\u0161saist\u0113.  <\/p>\n<h3>K\u0101 lietot GBL?<\/h3>\n<p> \u0160is materi\u0101ls ir paredz\u0113ts, lai atbalst\u012btu j\u016bsu \u0101rsta vai cita vesel\u012bbas apr\u016bpes speci\u0101lista ieteikumus, un tas nav paredz\u0113ts, lai aptvertu visus iesp\u0113jamos lieto\u0161anas veidus, piesardz\u012bbas pas\u0101kumus, mijiedarb\u012bbu vai nelabv\u0113l\u012bgu ietekmi. \u0160\u012b inform\u0101cija var neattiekties uz j\u016bsu konkr\u0113to vesel\u012bbas st\u0101vokli. Nekad neieg\u0101d\u0101jieties GBL tie\u0161saist\u0113 vai no cita licenc\u0113ta vesel\u012bbas apr\u016bpes sniedz\u0113ja, pamatojoties tikai uz inform\u0101ciju, ko esat izlas\u012bjis tie\u0161saist\u0113.   Vienm\u0113r mekl\u0113jiet steidzamu profesion\u0101lu medic\u012bnisku padomu pie sava \u0101rsta. <strong><a href=\"https:\/\/legitchemicals.com\/product\/buy-gamma-butyrolactone-gbl-online\/\">P\u0113rciet GBL tie\u0161saist\u0113<\/a><\/strong> \u2014 Dr. Lawsons aptiek\u0101 tiek p\u0101rdots augst\u0101k\u0101s kvalit\u0101tes gamma hidroksibutir\u0101ts. P\u0113rciet GHB tie\u0161saist\u0113, pas\u016btiet GHB leg\u0101li tie\u0161saist\u0113. Gamma-hidroksibutir\u0101ta molekula atrodas smadzen\u0113s. GHB ir sedat\u012bvs efekts, kas ietekm\u0113 vair\u0101kus smadze\u0146u nervu ce\u013cus. To parasti izmanto k\u0101 narkotiku seksu\u0101las vardarb\u012bbas veicin\u0101\u0161anai un k\u0101 vies\u012bbu narkotiku, t\u0101p\u0113c dro\u0161\u012bbas apsv\u0113rumu d\u0113\u013c t\u0101 ir klasific\u0113ta k\u0101 aizliegta viela. T\u0101tad, lai ieg\u016btu GHB GAMMA HYDROXYBUTYRATE un risin\u0101tu nopietnu probl\u0113mu, jums ir j\u0101mekl\u0113 atbilsto\u0161\u0101 vietne. \u0160is produkts, kas joproj\u0101m tiek p\u0101rdots ASV, neskatoties uz to, ka 1990. gad\u0101 tika iz\u0146emts no tirgus, ir lab\u0101k piem\u0113rots j\u016bsu probl\u0113mas risin\u0101juma atra\u0161anai. P\u0113rciet gamma butirolaktonu (GBL) tie\u0161saist\u0113        &nbsp;<\/p>\n","protected":false},"excerpt":{"rendered":"<p>(GBL) tie\u0161saist\u0113 par zem\u0101kaj\u0101m cen\u0101m no ASV pieg\u0101d\u0101t\u0101ja. Bezkr\u0101sains, higroskopisks \u0161\u0137idrums ar v\u0101ju smar\u017eu, kas sajaucas ar \u016bdeni, tiek saukts par -butirolaktonu (GBL). Vienk\u0101r\u0161\u0101kais ir 4 oglek\u013ca laktons. GBL cilv\u0113kiem darbojas k\u0101 hidroksisviestsk\u0101bes (GHB) priek\u0161z\u0101les, un to lieto ar\u012b k\u0101 relaks\u0113jo\u0161u CNS nom\u0101co\u0161u l\u012bdzekli ar l\u012bdz\u012bgu iedarb\u012bbu k\u0101 barbitur\u0101tiem. Tas ir ar\u012b \u0137\u012bmisks starpprodukts, ko izmanto citu savienojumu ra\u017eo\u0161anai.     &nbsp;<\/p>\n","protected":false},"featured_media":18234,"comment_status":"closed","ping_status":"closed","template":"","meta":{"om_disable_all_campaigns":false,"_sitemap_exclude":false,"_sitemap_priority":"","_sitemap_frequency":"","_monsterinsights_skip_tracking":false,"_monsterinsights_sitenote_active":false,"_monsterinsights_sitenote_note":"","_monsterinsights_sitenote_category":0},"product_cat":[30172],"product_tag":[31051,31038,31042,31053,31049,31048,31036,31045,31044,31037,31047,31052,31050,31040,31034,31043,31035,31046,31032,31041,31033,31039],"class_list":{"0":"post-32859","1":"product","2":"type-product","3":"status-publish","4":"has-post-thumbnail","6":"product_cat-kimisko-vielu-un-psihodelisko-lidzeklu-izpete","7":"product_tag-autentisks-gamma-butirolaktons-gbl-eiropa","8":"product_tag-cik-maksa-gamma-butirolaktons-gbl","9":"product_tag-gamma-butirolaktona-gbl-bezmaksas-piegade-uz-eiropu","10":"product_tag-gamma-butirolaktona-gbl-eiropas-apskats","11":"product_tag-gamma-butirolaktona-gbl-eiropas-atlaide","12":"product_tag-gamma-butirolaktona-gbl-eiropas-veikals","13":"product_tag-gamma-butirolaktona-gbl-iedarbiba","14":"product_tag-gamma-butirolaktona-gbl-interneta-veikals-eiropa","15":"product_tag-gamma-butirolaktona-gbl-pardosana-eiropa","16":"product_tag-gamma-butirolaktona-gbl-pardosana-tiessaiste","17":"product_tag-gamma-butirolaktona-gbl-piedavajumi-eiropa","18":"product_tag-gamma-butirolaktona-gbl-piegadataji-eiropa","19":"product_tag-gamma-butirolaktona-gbl-piegade-eiropa","20":"product_tag-gamma-butirolaktons-gbl-labaka-cena-eiropa","21":"product_tag-iegadajieties-gamma-butirolaktonu-gbl-tiessaiste","22":"product_tag-kur-nopirkt-gamma-butirolaktonu-gbl-eiropa","23":"product_tag-kur-tiessaiste-iegadaties-gamma-butirolaktonu-gbl","24":"product_tag-lets-gamma-butirolaktons-gbl-eiropa","25":"product_tag-nopirkt-gamma-butirolaktonu-gbl","26":"product_tag-pasutiet-gamma-butirolaktonu-gbl-eu","27":"product_tag-pasutiet-gamma-butirolaktonu-gbl-tiessaiste","28":"product_tag-perciet-gamma-butirolaktonu-gbl-tiessaiste-eiropa","30":"first","31":"instock","32":"shipping-taxable","33":"purchasable","34":"product-type-variable","35":"farmacie-col"},"aioseo_notices":[],"_links":{"self":[{"href":"https:\/\/lacasadelamedicina.es\/lv\/wp-json\/wp\/v2\/product\/32859"}],"collection":[{"href":"https:\/\/lacasadelamedicina.es\/lv\/wp-json\/wp\/v2\/product"}],"about":[{"href":"https:\/\/lacasadelamedicina.es\/lv\/wp-json\/wp\/v2\/types\/product"}],"replies":[{"embeddable":true,"href":"https:\/\/lacasadelamedicina.es\/lv\/wp-json\/wp\/v2\/comments?post=32859"}],"wp:featuredmedia":[{"embeddable":true,"href":"https:\/\/lacasadelamedicina.es\/lv\/wp-json\/wp\/v2\/media\/18234"}],"wp:attachment":[{"href":"https:\/\/lacasadelamedicina.es\/lv\/wp-json\/wp\/v2\/media?parent=32859"}],"wp:term":[{"taxonomy":"product_cat","embeddable":true,"href":"https:\/\/lacasadelamedicina.es\/lv\/wp-json\/wp\/v2\/product_cat?post=32859"},{"taxonomy":"product_tag","embeddable":true,"href":"https:\/\/lacasadelamedicina.es\/lv\/wp-json\/wp\/v2\/product_tag?post=32859"}],"curies":[{"name":"wp","href":"https:\/\/api.w.org\/{rel}","templated":true}]}}