{"id":32781,"date":"2024-08-09T14:02:13","date_gmt":"2024-08-09T14:02:13","guid":{"rendered":"https:\/\/lacasadelamedicina.es\/product\/perciet-meksikanu-kokainu-tiessaiste\/"},"modified":"2024-08-09T14:02:13","modified_gmt":"2024-08-09T14:02:13","slug":"perciet-meksikanu-kokainu-tiessaiste","status":"publish","type":"product","link":"https:\/\/lacasadelamedicina.es\/lv\/produkts\/perciet-meksikanu-kokainu-tiessaiste\/","title":{"rendered":"P\u0113rciet meksik\u0101\u0146u koka\u012bnu tie\u0161saist\u0113"},"content":{"rendered":"<h3>P\u0113rciet meksik\u0101\u0146u koka\u012bnu tie\u0161saist\u0113.<\/h3>\n<p> Meksikas koka\u012bna pirk\u0161ana tie\u0161saist\u0113 var b\u016bt \u0101trs un dro\u0161s veids, k\u0101 ieg\u0101d\u0101ties \u0161o narkotiku, nesazinoties ar izplat\u012bt\u0101jiem vai melno tirgu j\u016bsu apk\u0101rtn\u0113. T\u0101tad, ja v\u0113laties ieg\u0101d\u0101ties meksik\u0101\u0146u koka\u012bnu, bet nezin\u0101t, ar ko s\u0101kt, vienk\u0101r\u0161i pas\u016btiet Narco Powders un nog\u0101d\u0101jiet to uz m\u0101j\u0101m. P\u0113rciet meksik\u0101\u0146u koka\u012bnu tie\u0161saist\u0113 &#8211;   <a href=\"https:\/\/drlawsonspharmacy\/contact-us\/\">KONTAKTI<\/a><\/p>\n<h3>K\u0101 tiek ra\u017eots meksik\u0101\u0146u koka\u012bns?<\/h3>\n<p> Ir divi galvenie koka\u012bna veidi: meksik\u0101\u0146u un kolumbie\u0161u. Kam\u0113r Kolumbijas koka\u012bnu ekstrah\u0113 no \u0100frikas kokas kr\u016bma lap\u0101m, Meksikas koka\u012bnu gatavo no kokas lap\u0101m vai mago\u0146u s\u0113kl\u0101m. Meksikas koka\u012bns tiek ra\u017eots nedaudz sare\u017e\u0123\u012bt\u0101k\u0101 veid\u0101 nek\u0101 Kolumbijas koka\u012bns. Koka lapas vispirms iz\u017e\u0101v\u0113, pirms sasmalcina pulver\u012b. Lai izveidotu vircu, \u0161o pulveri sajauc ar \u016bdeni un papildu viel\u0101m, piem\u0113ram, cukuru un s\u0101li. P\u0113c tam mais\u012bjumu kars\u0113, lai izveidotu biezu pastu, no kuras var izveidot tabletes vai blokus.      <\/p>\n<h3>P\u0113rciet meksik\u0101\u0146u koka\u012bnu tie\u0161saist\u0113<\/h3>\n<p> Meksikas koka\u012bna apstr\u0101dei ir daudz alternat\u012bvu meto\u017eu. Pirms injic\u0113\u0161anas vai k\u016bpin\u0101\u0161anas meksik\u0101\u0146u koka\u012bnu var iz\u0161\u0137\u012bdin\u0101t da\u017e\u0101dos \u0161\u0137\u012bdin\u0101t\u0101jos. Ja v\u0113laties ieg\u0101d\u0101ties meksik\u0101\u0146u koka\u012bnu tie\u0161saist\u0113 no Dr. Lawsons Pharmacy, jums vajadz\u0113tu piev\u0113rst uzman\u012bbu t\u012bmek\u013ca vietnes dro\u0161\u012bbas nor\u0101d\u012bjumiem. Kad vien iesp\u0113jams, izmantojiet t\u012bras adatas un neinjic\u0113jiet z\u0101les atkl\u0101t\u0101s br\u016bc\u0113s, jo tas var izrais\u012bt infekcijas un citas vesel\u012bbas probl\u0113mas. T\u0101pat vienm\u0113r esiet piesardz\u012bgs, nodarbojoties ar seksu ar k\u0101du, kur\u0161 tikko lietojis tie\u0161saist\u0113 ieg\u0101d\u0101tu meksik\u0101\u0146u koka\u012bnu. P\u0113rciet meksik\u0101\u0146u koka\u012bnu tie\u0161saist\u0113      <\/p>\n<h3>Meksikas koka\u012bna priek\u0161roc\u012bbas<\/h3>\n<p> Viena no vispla\u0161\u0101k izmantotaj\u0101m koka\u012bna \u0161\u0137irn\u0113m ir meksik\u0101\u0146u koka\u012bns. Tam ir sp\u0113c\u012bgs un ilgsto\u0161s efekts, tas ir augst\u0101k\u0101s kvalit\u0101tes, un tam ir ide\u0101ls griezums. Turkl\u0101t, sal\u012bdzinot ar cit\u0101m koka\u012bna \u0161\u0137irn\u0113m, meksik\u0101\u0146u koka\u012bns, visticam\u0101k, ir maz\u0101k viltots vai satur pies\u0101r\u0146ot\u0101jus. Tas noz\u012bm\u0113, ka to ir \u0101tr\u0101k izveidot un vienk\u0101r\u0161\u0101k lietot. Visbeidzot, meksik\u0101\u0146u koka\u012bns ir lab\u0101kais risin\u0101jums tiem, kam ir vajadz\u012bgas narkotisk\u0101s vielas ce\u013c\u0101, jo to var uzglab\u0101t ilgu laiku, nepasliktinot vai nezaud\u0113jot lietojam\u012bbu.     <\/p>\n<h3>Meksikas koka\u012bna blakuspar\u0101d\u012bbas<\/h3>\n<p> Meksikas koka\u012bns ir atkar\u012bbu izraiso\u0161a, sp\u0113c\u012bga viela, kurai var b\u016bt negat\u012bvas blakuspar\u0101d\u012bbas. Regul\u0101ra meksik\u0101\u0146u koka\u012bna lieto\u0161ana, t\u0101pat k\u0101 jebkura cita atkar\u012bba, var izrais\u012bt sirdsdarb\u012bbas \u0101truma palielin\u0101\u0161anos, sv\u012b\u0161anu un acu z\u012bl\u012b\u0161u papla\u0161in\u0101\u0161anos. Smagos gad\u012bjumos ir iesp\u0113jami krampji, trauksme, \u010d\u016blas mut\u0113 un slikta d\u016b\u0161a. \u0160o z\u0101\u013cu lieto\u0161ana rada fiziskas atkar\u012bbas att\u012bst\u012bbas risku, t\u0101p\u0113c jums r\u016bp\u012bgi j\u0101iev\u0113ro nor\u0101d\u012bjumi par devu.    <\/p>\n<h3>Kur tie\u0161saist\u0113 nopirkt meksik\u0101\u0146u koka\u012bnu?<\/h3>\n<p> Ja v\u0113laties ieg\u0101d\u0101ties augstas kvalit\u0101tes meksik\u0101\u0146u koka\u012bnu, nav lab\u0101kas vietas k\u0101 Dr. Lawsons Pharmacy. \u0160eit j\u016bs varat ieg\u016bt visu veidu meksik\u0101\u0146u koka\u012bnu, s\u0101kot no balta pulvera l\u012bdz krekam. Varat b\u016bt p\u0101rliecin\u0101ti, ka m\u016bsu pla\u0161aj\u0101 kl\u0101st\u0101 atrad\u012bsiet sav\u0101m vajadz\u012bb\u0101m atbilsto\u0161o koka\u012bna \u0161\u0137irni un veidu. Turkl\u0101t m\u0113s pied\u0101v\u0101jam da\u017e\u0101das maks\u0101\u0161anas metodes, tostarp Bitcoin un bankas p\u0101rskait\u012bjumu, lai j\u016bs var\u0113tu ieg\u0101d\u0101ties z\u0101les ar piln\u012bgu p\u0101rliec\u012bbu.    &nbsp;<\/p>\n","protected":false},"excerpt":{"rendered":"<p>P\u0113rciet meksik\u0101\u0146u koka\u012bnu tie\u0161saist\u0113. Meksikas koka\u012bna pirk\u0161ana tie\u0161saist\u0113 var b\u016bt \u0101trs un dro\u0161s veids, k\u0101 ieg\u0101d\u0101ties \u0161o narkotiku, nesazinoties ar izplat\u012bt\u0101jiem vai melno tirgu j\u016bsu apk\u0101rtn\u0113. T\u0101tad, ja v\u0113laties ieg\u0101d\u0101ties meksik\u0101\u0146u koka\u012bnu, bet nezin\u0101t, ar ko s\u0101kt, vienk\u0101r\u0161i pas\u016btiet Narco Powders un nog\u0101d\u0101jiet to uz m\u0101j\u0101m. P\u0113rciet meksik\u0101\u0146u koka\u012bnu tie\u0161saist\u0113 &#8211; KONTAKTI K\u0101 tiek ra\u017eots [&hellip;]<\/p>\n","protected":false},"featured_media":18744,"comment_status":"closed","ping_status":"closed","template":"","meta":{"om_disable_all_campaigns":false,"_sitemap_exclude":false,"_sitemap_priority":"","_sitemap_frequency":"","_monsterinsights_skip_tracking":false,"_monsterinsights_sitenote_active":false,"_monsterinsights_sitenote_note":"","_monsterinsights_sitenote_category":0},"product_cat":[30591],"product_tag":[30919,30906,30911,30903,30914,30910,30917,30921,30915,30916,30904,30913,30908,30912,30920,30918,30905,30900,30909,30901,30902,30907],"class_list":{"0":"post-32781","1":"product","2":"type-product","3":"status-publish","4":"has-post-thumbnail","6":"product_cat-kokains","7":"product_tag-autentisks-meksikanu-kokains-eiropa","8":"product_tag-cik-maksa-meksikanu-kokains","9":"product_tag-kur-nopirkt-meksikanu-kokainu-eiropa","10":"product_tag-kur-tiessaiste-nopirkt-meksikanu-kokainu","11":"product_tag-letais-meksikanu-kokains-eiropa","12":"product_tag-meksikas-bezmaksas-kokaina-piegade-uz-eiropu","13":"product_tag-meksikas-kokaina-eiropa-atlaide","14":"product_tag-meksikas-kokaina-eiropas-apskats","15":"product_tag-meksikas-kokaina-eiropas-piedavajumi","16":"product_tag-meksikas-kokaina-eiropas-veikals","17":"product_tag-meksikas-kokaina-ietekme","18":"product_tag-meksikas-kokaina-interneta-veikals-eiropa","19":"product_tag-meksikas-kokaina-labaka-cena-eiropa","20":"product_tag-meksikas-kokaina-pardosana-eiropa","21":"product_tag-meksikas-kokaina-piegadataji-eiropa","22":"product_tag-meksikas-kokaina-piegade-eiropa","23":"product_tag-meksikas-kokaina-tirdznieciba-tiessaiste","24":"product_tag-nopirkt-meksikanu-kokainu","25":"product_tag-pasutiet-meksikanu-kokainu-es","26":"product_tag-pasutiet-meksikanu-kokainu-tiessaiste","27":"product_tag-perciet-meksikanu-kokainu-tiessaiste","28":"product_tag-perciet-meksikanu-kokainu-tiessaiste-eiropa","30":"first","31":"instock","32":"shipping-taxable","33":"purchasable","34":"product-type-variable","35":"farmacie-col"},"aioseo_notices":[],"_links":{"self":[{"href":"https:\/\/lacasadelamedicina.es\/lv\/wp-json\/wp\/v2\/product\/32781"}],"collection":[{"href":"https:\/\/lacasadelamedicina.es\/lv\/wp-json\/wp\/v2\/product"}],"about":[{"href":"https:\/\/lacasadelamedicina.es\/lv\/wp-json\/wp\/v2\/types\/product"}],"replies":[{"embeddable":true,"href":"https:\/\/lacasadelamedicina.es\/lv\/wp-json\/wp\/v2\/comments?post=32781"}],"wp:featuredmedia":[{"embeddable":true,"href":"https:\/\/lacasadelamedicina.es\/lv\/wp-json\/wp\/v2\/media\/18744"}],"wp:attachment":[{"href":"https:\/\/lacasadelamedicina.es\/lv\/wp-json\/wp\/v2\/media?parent=32781"}],"wp:term":[{"taxonomy":"product_cat","embeddable":true,"href":"https:\/\/lacasadelamedicina.es\/lv\/wp-json\/wp\/v2\/product_cat?post=32781"},{"taxonomy":"product_tag","embeddable":true,"href":"https:\/\/lacasadelamedicina.es\/lv\/wp-json\/wp\/v2\/product_tag?post=32781"}],"curies":[{"name":"wp","href":"https:\/\/api.w.org\/{rel}","templated":true}]}}