{"id":32767,"date":"2024-08-09T14:02:13","date_gmt":"2024-08-09T14:02:13","guid":{"rendered":"https:\/\/lacasadelamedicina.es\/product\/perciet-peru-kokainu-tiessaiste\/"},"modified":"2024-08-09T14:02:13","modified_gmt":"2024-08-09T14:02:13","slug":"perciet-peru-kokainu-tiessaiste","status":"publish","type":"product","link":"https:\/\/lacasadelamedicina.es\/lv\/produkts\/perciet-peru-kokainu-tiessaiste\/","title":{"rendered":"P\u0113rciet Peru koka\u012bnu tie\u0161saist\u0113"},"content":{"rendered":"<h3>P\u0113rciet Peru koka\u012bnu tie\u0161saist\u0113.<\/h3>\n<p> Vai j\u016bs mekl\u0113jat \u012bstu, sp\u0113c\u012bgu augstu? Dr. Lawsons Pharmacy pied\u0101v\u0101 <a href=\"https:\/\/dieapotheke247.com\/\">O<\/a>nline Peru koka\u012bna pas\u016bt\u012bjums. Izmantojot ra\u017eo\u0161anas procesu, kur\u0101 past\u0101v\u012bgi tiek ra\u017eots augstas kvalit\u0101tes koka\u012bns, m\u0113s specializ\u0113jamies tikai lab\u0101k\u0101 Peru koka\u012bna p\u0101rdo\u0161an\u0101 tie\u0161saist\u0113. Peru koka\u012bns tie\u0161saist\u0113    <a href=\"https:\/\/drlawsonspharmacy\/contact-us\/\"><a href=\"https:\/\/drlawsonspharmacy\/contact-us\/\">kaufen<\/a><\/a>  &#8211;  <a href=\"https:\/\/dieapotheke247.com\/\"><a href=\"https:\/\/dieapotheke247.com\/\">KONTAKTI<\/a><\/a><\/p>\n<p><em>Berl\u012bne, Hamburga, Minhene, Minhene, \u0136elne, \u0136elne, Frankfurte, \u0160tutgarte, Diseldorfa, Dortmunde, Esene, Leipciga, Br\u0113mene, Dr\u0113zdene, Hanovere, Hannovere, Nirnberga, Nirnberga, D\u012bsburga, Bohuma, Vupert\u0101le, Bonna, Manheima, Karlsr\u016be, Augsburga, V\u012bsb\u0101dene, Minstere, Gelzenkirhene, \u0100hene, Kemnica, Braun\u0161veiga, \u0136\u012ble, Kr\u0113felde, Halle, Z\u0101le,<\/em><\/p>\n<h3>K\u0101 tiek ra\u017eots Peru koka\u012bns?<\/h3>\n<p> M\u0113\u0123inot ieg\u0101d\u0101ties koka\u012bnu, ir svar\u012bgi saprast procesus, kas notiek koka\u012bna rad\u012b\u0161anas laik\u0101. Peru koka\u012bns tiek ra\u017eots vair\u0101kos veidos. Peru koka\u012bns visbie\u017e\u0101k tiek rad\u012bts ferment\u0101cijas ce\u013c\u0101. Koka lapas ferment\u0101cijas proces\u0101 iem\u0113rc \u016bden\u012b, ieg\u016bstot kristaliz\u0113tu koka\u012bna hidrohlor\u012bdu. Izmantojot \u0161o metodi, tiek ieg\u016bts augstas kvalit\u0101tes produkts, kas ir viegli izdal\u0101ms un neprasa \u012bpa\u0161us instrumentus vai prasmes. Koka\u012bna ieg\u016b\u0161ana, izmantojot \u0113teri, ir v\u0113l viens tipisks process Peru. Koka lapas p\u0113c ekstrakcijas procesa iegremd\u0113\u0161anas \u0113tera \u0161\u0137\u012bdum\u0101 tiek p\u0101rstr\u0101d\u0101tas koka\u012bna hidrohlor\u012bda krist\u0101los. Ekstrakcijas apst\u0101k\u013ci var at\u0161\u0137irties, padarot \u0161o procesu maz\u0101k uzticamu nek\u0101 ferment\u0101ciju kvalit\u0101tes konsistences zi\u0146\u0101.        <\/p>\n<h3>P\u0113rciet Peru koka\u012bnu tie\u0161saist\u0113<\/h3>\n<p> Visbeidzot, koka\u012bna ieg\u016b\u0161anai Peru tiek izmantota ar\u012b subkritisk\u0101 \u016bdens iegremd\u0113\u0161anas tehnika (SWIM). SWIM proces\u0101 kokas lapas iem\u0113rc \u016bden\u012b zem atmosf\u0113ras spiediena, l\u012bdz t\u0101s iz\u0161\u0137\u012bst \u0161\u0137idrum\u0101, un p\u0113c tam iz\u0161\u0137\u012bdu\u0161\u0101s ciet\u0101s vielas ekstrah\u0113, izmantojot parast\u0101s ekstrakcijas ar \u0161\u0137\u012bdin\u0101t\u0101ju metodes, piem\u0113ram, destil\u0101ciju vai kristaliz\u0101ciju. Ja lietojat Peru koka\u012bnu no Dr. Pas\u016btot Lawsons Pharmacy tie\u0161saist\u0113, varat b\u016bt p\u0101rliecin\u0101ts, ka sa\u0146emsiet augstas kvalit\u0101tes produktu, kas atbilst j\u016bsu vajadz\u012bb\u0101m.   <\/p>\n<h3>Peru koka\u012bna priek\u0161roc\u012bbas<\/h3>\n<p> Bez \u0161aub\u0101m, Peru koka\u012bns ir viena no visvair\u0101k lietotaj\u0101m narkotik\u0101m pasaul\u0113. Un ne velti \u2013 tas ir sp\u0113c\u012bgs stimulants, kas var pal\u012bdz\u0113t justies ener\u0123isk\u0101kiem un dz\u012bvespriec\u012bg\u0101kiem. Peru koka\u012bna lietot\u0101ji bie\u017ei zi\u0146o, ka p\u0113c \u0161\u012bs vielas pat\u0113r\u0113\u0161anas j\u016btas ener\u0123isk\u0101ki un modr\u0101ki. Palielin\u0101ta ener\u0123ija var veicin\u0101t produktivit\u0101ti, koncentr\u0113\u0161anos un probl\u0113mu risin\u0101\u0161anu. Dr. Lawsons Pharmacy pied\u0101v\u0101 lielapjoma Peru koka\u012bnu, kas var pal\u012bdz\u0113t lietot\u0101jiem justies laim\u012bg\u0101kiem un baud\u012bt sabiedrisk\u0101s pulc\u0113\u0161an\u0101s, m\u0101kslinieciskos centienus un atp\u016btas aktivit\u0101tes vair\u0101k nek\u0101 bez \u0161\u012bs narkotikas.     <\/p>\n<h3>K\u0101das ir Peru koka\u012bna lieto\u0161anas blakuspar\u0101d\u012bbas?<\/h3>\n<p> Kreka koka\u012bns no Peru ir celms, kam bie\u017ei ir liel\u0101ka iedarb\u012bba nek\u0101 cit\u0101m kreka \u0161\u0137irn\u0113m. Tas nor\u0101da, ka Peru koka\u012bnam var b\u016bt smag\u0101kas fiziskas blakuspar\u0101d\u012bbas, sal\u012bdzinot ar citiem kreka koka\u012bna veidiem. Paaugstin\u0101ta sirdsdarb\u012bba un asinsspiediens, paaugstin\u0101ts elpce\u013cu slim\u012bbu risks, atkar\u012bbas un uzved\u012bbas izmai\u0146as, psiholo\u0123iskas blakuspar\u0101d\u012bbas, piem\u0113ram, depresija, trauksme un paranojas domas, abstinences simptomi, ilgsto\u0161i iek\u0161\u0113jo org\u0101nu boj\u0101jumi, gr\u016btniec\u012bbas riski un citas vesel\u012bbas probl\u0113mas. Peru koka\u012bna lieto\u0161anas iesp\u0113jamo fizisko blakuspar\u0101d\u012bbu piem\u0113ri.   <\/p>\n<h3>Kur tie\u0161saist\u0113 var ieg\u0101d\u0101ties autentisku Peru koka\u012bnu?<\/h3>\n<p> Vai mekl\u0113jat veidu, k\u0101 piln\u012bb\u0101 pat\u0113r\u0113t Peru koka\u012bnu, nerisk\u0113jot tikt arest\u0113tam? Dr. Lawsons Pharmacy ir vien\u012bg\u0101 iesp\u0113ja. \u0160eit j\u016bs varat dro\u0161i ieg\u0101d\u0101ties vairumtirdzniec\u012bb\u0101 augstas kvalit\u0101tes Peru koka\u012bnu tie\u0161saist\u0113. T\u0101 k\u0101 m\u016bsu produkti ir stipr\u0101ki nek\u0101 citi tirg\u016b pieejamie koka\u012bna veidi, tie ir rakstur\u012bgi. Veiciet pirkumu t\u016bl\u012bt!     &nbsp;<\/p>\n","protected":false},"excerpt":{"rendered":"<p>P\u0113rciet Peru koka\u012bnu tie\u0161saist\u0113. Vai j\u016bs mekl\u0113jat \u012bstu, sp\u0113c\u012bgu augstu? Dr. Lawsons Pharmacy pied\u0101v\u0101 Online Peru koka\u012bna pas\u016bt\u012bjums. Izmantojot ra\u017eo\u0161anas procesu, kur\u0101 past\u0101v\u012bgi tiek ra\u017eots augstas kvalit\u0101tes koka\u012bns, m\u0113s specializ\u0113jamies tikai lab\u0101k\u0101 Peru koka\u012bna p\u0101rdo\u0161an\u0101 tie\u0161saist\u0113. Peru koka\u012bns tie\u0161saist\u0113 kaufen &#8211; KONTAKTI Berl\u012bne, Hamburga, Minhene, Minhene, \u0136elne, \u0136elne, Frankfurte, \u0160tutgarte, Diseldorfa, Dortmunde, Esene, Leipciga, Br\u0113mene, [&hellip;]<\/p>\n","protected":false},"featured_media":18339,"comment_status":"closed","ping_status":"closed","template":"","meta":{"om_disable_all_campaigns":false,"_sitemap_exclude":false,"_sitemap_priority":"","_sitemap_frequency":"","_monsterinsights_skip_tracking":false,"_monsterinsights_sitenote_active":false,"_monsterinsights_sitenote_note":"","_monsterinsights_sitenote_category":0},"product_cat":[30591],"product_tag":[30875,30862,30858,30867,30859,30870,30857,30865,30856,30863,30866,30873,30877,30871,30860,30869,30864,30868,30861,30876,30874,30872],"class_list":{"0":"post-32767","1":"product","2":"type-product","3":"status-publish","4":"has-post-thumbnail","6":"product_cat-kokains","7":"product_tag-autentisks-peru-kokains-eiropa","8":"product_tag-cik-maksa-peru-kokains","9":"product_tag-iegadajieties-peru-kokainu-tiessaiste","10":"product_tag-kur-nopirkt-peru-kokainu-eiropa","11":"product_tag-kur-tiessaiste-nopirkt-peru-kokainu","12":"product_tag-letais-peru-kokains-eiropa","13":"product_tag-nopirkt-peru-kokainu","14":"product_tag-pasutiet-peru-kokainu-es","15":"product_tag-pasutiet-peru-kokainu-tiessaiste","16":"product_tag-perciet-peru-kokainu-tiessaiste-eiropa","17":"product_tag-peru-kokaina-bezmaksas-piegade-uz-eiropu","18":"product_tag-peru-kokaina-eiropa-atlaide","19":"product_tag-peru-kokaina-eiropas-apskats","20":"product_tag-peru-kokaina-eiropas-piedavajumi","21":"product_tag-peru-kokaina-ietekme","22":"product_tag-peru-kokaina-interneta-veikals-eiropa","23":"product_tag-peru-kokaina-labaka-cena-eiropa","24":"product_tag-peru-kokaina-pardosana-eiropa","25":"product_tag-peru-kokaina-pardosana-tiessaiste","26":"product_tag-peru-kokaina-piegadataji-eiropa","27":"product_tag-peru-kokaina-piegade-eiropa","28":"product_tag-peru-kokaina-veikals-eiropa","30":"first","31":"instock","32":"shipping-taxable","33":"purchasable","34":"product-type-variable","35":"farmacie-col"},"aioseo_notices":[],"_links":{"self":[{"href":"https:\/\/lacasadelamedicina.es\/lv\/wp-json\/wp\/v2\/product\/32767"}],"collection":[{"href":"https:\/\/lacasadelamedicina.es\/lv\/wp-json\/wp\/v2\/product"}],"about":[{"href":"https:\/\/lacasadelamedicina.es\/lv\/wp-json\/wp\/v2\/types\/product"}],"replies":[{"embeddable":true,"href":"https:\/\/lacasadelamedicina.es\/lv\/wp-json\/wp\/v2\/comments?post=32767"}],"wp:featuredmedia":[{"embeddable":true,"href":"https:\/\/lacasadelamedicina.es\/lv\/wp-json\/wp\/v2\/media\/18339"}],"wp:attachment":[{"href":"https:\/\/lacasadelamedicina.es\/lv\/wp-json\/wp\/v2\/media?parent=32767"}],"wp:term":[{"taxonomy":"product_cat","embeddable":true,"href":"https:\/\/lacasadelamedicina.es\/lv\/wp-json\/wp\/v2\/product_cat?post=32767"},{"taxonomy":"product_tag","embeddable":true,"href":"https:\/\/lacasadelamedicina.es\/lv\/wp-json\/wp\/v2\/product_tag?post=32767"}],"curies":[{"name":"wp","href":"https:\/\/api.w.org\/{rel}","templated":true}]}}