{"id":32713,"date":"2024-08-09T14:02:16","date_gmt":"2024-08-09T14:02:16","guid":{"rendered":"https:\/\/lacasadelamedicina.es\/product\/perciet-kreka-kokainu-tiessaiste\/"},"modified":"2024-08-09T14:02:16","modified_gmt":"2024-08-09T14:02:16","slug":"perciet-kreka-kokainu-tiessaiste","status":"publish","type":"product","link":"https:\/\/lacasadelamedicina.es\/lv\/produkts\/perciet-kreka-kokainu-tiessaiste\/","title":{"rendered":"P\u0113rciet kreka koka\u012bnu tie\u0161saist\u0113"},"content":{"rendered":"<h3>P\u0113rciet kreka koka\u012bnu tie\u0161saist\u0113.<\/h3>\n<p> Kreka ir z\u0101les jums, ja j\u016bs mekl\u0113jat augstu, kas sniegs jums sp\u0113c\u012bgu ener\u0123ijas stimulu. Koka augs ir plaisu avots, sp\u0113c\u012bgs stimulants. Tam ir sp\u0113c\u012bga, t\u016bl\u012bt\u0113ja iedarb\u012bba, kas cita starp\u0101 rada baudu un ener\u0123ijas piepl\u016bdumu. Vai pl\u0101nojat ieg\u0101d\u0101ties kreka koka\u012bnu tie\u0161saist\u0113? Ja t\u0101, Dr. Lawsons Pharmacy ir j\u016bsu vienas pieturas a\u0123ent\u016bra, kur\u0101 var atrast visu, ko v\u0113laties ieg\u0101d\u0101ties tie\u0161saist\u0113 saist\u012bb\u0101 ar kreka. P\u0113rciet kreka koka\u012bnu tie\u0161saist\u0113 &#8211;      <a href=\"https:\/\/drlawsonspharmacy\/contact-us\/\">KONTAKTI<\/a><\/p>\n<h3>No k\u0101 sast\u0101v kreka koka\u012bns?<\/h3>\n<p> Koka auga lapas izmanto koka\u012bna, stimulatora, ra\u017eo\u0161anai. To bie\u017ei tirgo k\u0101 &#8220;kreka koka\u012bnu&#8221;, koka\u012bna un \u016bdens kombin\u0101ciju. Dr. Lawsons Pharmacy ir lab\u0101k\u0101 izv\u0113le ikvienam, kas v\u0113las dro\u0161i ieg\u0101d\u0101ties \u0161o sp\u0113c\u012bgo vielu, pateicoties pla\u0161ajam augstas kvalit\u0101tes kreka vairum\u0101, dro\u0161\u0101m maks\u0101jumu metod\u0113m un diskr\u0113tai pieg\u0101dei.   <\/p>\n<h3>Kreka koka\u012bna priek\u0161roc\u012bbas<\/h3>\n<p> Viena no tirg\u016b visbie\u017e\u0101k lietotaj\u0101m narkotik\u0101m ir kreka, un tas ir pamatota iemesla d\u0113\u013c. Tas ir vienk\u0101r\u0161s un \u0101trs veids, k\u0101 ieg\u016bt sp\u0113c\u012bgu augstu, kas ilgst ilg\u0101k nek\u0101 citas z\u0101les. At\u0161\u0137ir\u012bb\u0101 no cit\u0101m narkotisk\u0101m viel\u0101m, kuru iedarb\u012bbai da\u017ek\u0101rt nepiecie\u0161amas stundas, kreka iedarbojas uzreiz. J\u016bs varat izbaud\u012bt savu uzplaukumu nekav\u0113joties, jo j\u016bs varat sajust efektu jau p\u0113c da\u017e\u0101m min\u016bt\u0113m. Tiek uzskat\u012bts, ka kreka ar\u012b palielina rado\u0161umu un emocion\u0101lo intensit\u0101ti sal\u012bdzin\u0101jum\u0101 ar cit\u0101m narkotik\u0101m, piem\u0113ram, marihu\u0101nu vai ekstaz\u012b. Ieg\u0101d\u0101jieties kreka koka\u012bnu tie\u0161saist\u0113 Aptiek\u0101 Dr. Lawsons Pharmacy m\u0113s pied\u0101v\u0101jam pat\u0113r\u0113t\u0101jiem vis\u0101s valst\u012bs par pieejamu piek\u013cuvi augst\u0101k\u0101s kvalit\u0101tes kreka koka\u012bnam, ko var ieg\u0101d\u0101ties tie\u0161saist\u0113. J\u016bs varat b\u016bt p\u0101rliecin\u0101ti, ka ieg\u016bsit vislab\u0101kos iesp\u0113jamos rezult\u0101tus, jo m\u016bsu kreka tiek ra\u017eota atbilsto\u0161i augst\u0101kajiem t\u012br\u012bbas standartiem.       <\/p>\n<h3>Kreka koka\u012bna blakuspar\u0101d\u012bbas<\/h3>\n<p> Kreka ir \u0101rk\u0101rt\u012bgi atkar\u012bbu izraiso\u0161a un kait\u012bga viela, kas var nopietni kait\u0113t j\u016bsu vesel\u012bbai. Kreka negat\u012bv\u0101 ietekme var b\u016bt n\u0101v\u0113jo\u0161a, izrais\u012bt atkar\u012bbu un negat\u012bvi ietekm\u0113t gar\u012bgo vesel\u012bbu. Turkl\u0101t plaisai var b\u016bt t\u016bl\u012bt\u0113jas fiziskas blakuspar\u0101d\u012bbas, piem\u0113ram, sirdsklauves, agresija un psihoze. Pirms kreka lieto\u0161anas ir svar\u012bgi izgl\u012btot sevi par riskiem, jo \u200b\u200bilgtermi\u0146a negat\u012bv\u0101 ietekme var par\u0101d\u012bties tikai vair\u0101kus gadus p\u0113c lieto\u0161anas.    <\/p>\n<h3>P\u0113rciet Crack Cocaine tie\u0161saist\u0113 \u2014 ieg\u0101d\u0101jieties Crack Cocaine tie\u0161saist\u0113 no Dr Lawsons Pharmacy<\/h3>\n<p> Vai mekl\u0113jat veidu, k\u0101 tikt augstu? Apmekl\u0113jiet Dr. Lawsons Pharmacy \u2014 vietni, kur\u0101 varat ieg\u0101d\u0101ties kvalitat\u012bvi p\u0101rbaud\u012btas plaisas vairum\u0101. M\u0113s pied\u0101v\u0101jam pla\u0161u pre\u010du kl\u0101stu, ieskaitot plaisas no viena kilograma l\u012bdz nelieliem daudzumiem. J\u016bs neatrad\u012bsiet lab\u0101ku pied\u0101v\u0101jumu par m\u016bsu lielisko kreka cenu nekur citur. M\u0113s iesai\u0146ojam savus priek\u0161metus \u013coti r\u016bp\u012bgi, lai tie non\u0101ktu diskr\u0113ti un dro\u0161i, jo m\u0113s zin\u0101m priv\u0101tuma v\u0113rt\u012bbu. M\u0113s patiesi ceram, ka uzskat\u012bsit Dr. Lawsons Pharmacy par savu galveno interneta avotu kreka ieg\u0101dei.      &nbsp;<\/p>\n","protected":false},"excerpt":{"rendered":"<p>P\u0113rciet kreka koka\u012bnu tie\u0161saist\u0113. Kreka ir z\u0101les jums, ja j\u016bs mekl\u0113jat augstu, kas sniegs jums sp\u0113c\u012bgu ener\u0123ijas stimulu. Koka augs ir plaisu avots, sp\u0113c\u012bgs stimulants. Tam ir sp\u0113c\u012bga, t\u016bl\u012bt\u0113ja iedarb\u012bba, kas cita starp\u0101 rada baudu un ener\u0123ijas piepl\u016bdumu. Vai pl\u0101nojat ieg\u0101d\u0101ties kreka koka\u012bnu tie\u0161saist\u0113? Ja t\u0101, Dr. Lawsons Pharmacy ir j\u016bsu vienas pieturas a\u0123ent\u016bra, kur\u0101 [&hellip;]<\/p>\n","protected":false},"featured_media":18759,"comment_status":"closed","ping_status":"closed","template":"","meta":{"om_disable_all_campaigns":false,"_sitemap_exclude":false,"_sitemap_priority":"","_sitemap_frequency":"","_monsterinsights_skip_tracking":false,"_monsterinsights_sitenote_active":false,"_monsterinsights_sitenote_note":"","_monsterinsights_sitenote_category":0},"product_cat":[30591],"product_tag":[30765,30752,30767,30764,30766,30763,30748,30756,30761,30762,30750,30759,30758,30751,30754,30757,30749,30760,30746,30755,30747,30753],"class_list":{"0":"post-32713","1":"product","2":"type-product","3":"status-publish","4":"has-post-thumbnail","6":"product_cat-kokains","7":"product_tag-autentisks-kreka-kokains-eiropa","8":"product_tag-cik-maksa-kreka-kokains","9":"product_tag-crack-kokaina-eiropas-apskats","10":"product_tag-crack-kokaina-piegade-eiropa","11":"product_tag-crack-kokains-eiropa-piegadatajiem","12":"product_tag-crack-kokains-eiropas-atlaide","13":"product_tag-iegadajieties-kreka-kokainu-tiessaiste","14":"product_tag-kreka-kokaina-bezmaksas-piegade-uz-eiropu","15":"product_tag-kreka-kokaina-eiropas-darijumi","16":"product_tag-kreka-kokaina-eiropas-veikals","17":"product_tag-kreka-kokaina-ietekme","18":"product_tag-kreka-kokaina-interneta-veikals-eiropa","19":"product_tag-kreka-kokaina-izpardosana-eiropa","20":"product_tag-kreka-kokaina-pardosana-tiessaiste","21":"product_tag-kreka-kokains-labaka-cena-eiropa","22":"product_tag-kur-nopirkt-kreka-kokainu-eiropa","23":"product_tag-kur-tiessaiste-nopirkt-kreka-kokainu","24":"product_tag-letais-kreka-kokains-eiropa","25":"product_tag-nopirkt-kreka-kokainu","26":"product_tag-pasutiet-kreka-kokainu-eu","27":"product_tag-pasutiet-kreka-kokainu-tiessaiste","28":"product_tag-perciet-kreka-kokainu-tiessaiste-eiropa","30":"first","31":"instock","32":"shipping-taxable","33":"purchasable","34":"product-type-variable","35":"farmacie-col"},"aioseo_notices":[],"_links":{"self":[{"href":"https:\/\/lacasadelamedicina.es\/lv\/wp-json\/wp\/v2\/product\/32713"}],"collection":[{"href":"https:\/\/lacasadelamedicina.es\/lv\/wp-json\/wp\/v2\/product"}],"about":[{"href":"https:\/\/lacasadelamedicina.es\/lv\/wp-json\/wp\/v2\/types\/product"}],"replies":[{"embeddable":true,"href":"https:\/\/lacasadelamedicina.es\/lv\/wp-json\/wp\/v2\/comments?post=32713"}],"wp:featuredmedia":[{"embeddable":true,"href":"https:\/\/lacasadelamedicina.es\/lv\/wp-json\/wp\/v2\/media\/18759"}],"wp:attachment":[{"href":"https:\/\/lacasadelamedicina.es\/lv\/wp-json\/wp\/v2\/media?parent=32713"}],"wp:term":[{"taxonomy":"product_cat","embeddable":true,"href":"https:\/\/lacasadelamedicina.es\/lv\/wp-json\/wp\/v2\/product_cat?post=32713"},{"taxonomy":"product_tag","embeddable":true,"href":"https:\/\/lacasadelamedicina.es\/lv\/wp-json\/wp\/v2\/product_tag?post=32713"}],"curies":[{"name":"wp","href":"https:\/\/api.w.org\/{rel}","templated":true}]}}