{"id":32613,"date":"2024-08-09T14:02:17","date_gmt":"2024-08-09T14:02:17","guid":{"rendered":"https:\/\/lacasadelamedicina.es\/product\/perciet-kilocain-pulveri-99-tiessaiste\/"},"modified":"2024-08-09T14:02:17","modified_gmt":"2024-08-09T14:02:17","slug":"perciet-kilocain-pulveri-99-tiessaiste","status":"publish","type":"product","link":"https:\/\/lacasadelamedicina.es\/lv\/produkts\/perciet-kilocain-pulveri-99-tiessaiste\/","title":{"rendered":"P\u0113rciet Kilocain pulveri 99% tie\u0161saist\u0113"},"content":{"rendered":"<h3>P\u0113rciet Kilocaine pulveri 99% tie\u0161saist\u0113<\/h3>\n<p> P\u0113rciet Kiloka\u012bna pulveri vairum\u0101 t\u016bl\u012bt; P\u0113rciet Kilocaine pulveri 99% tie\u0161saist\u0113 \u2014 <a href=\"https:\/\/drlawsonspharmacy\/contact-us\/\">KONTAKTI P\u0113rciet Kilocaine Powder 99 tie\u0161saist\u0113<\/a> Kiloka\u012bns ir l\u012bdz\u012bgs koka\u012bnam. Pavisam jauna un interesanta p\u0113tniec\u012bbas \u0137\u012bmisk\u0101 viela Kilocaine kop\u0161 t\u0101s izlai\u0161anas ir sa\u0146\u0113musi pozit\u012bvas atsauksmes. \u0160o eksperiment\u0101lo z\u0101\u013cu kategoriju bie\u017ei d\u0113v\u0113 par &#8220;dizaineru z\u0101l\u0113m&#8221;. Pateicoties to jaunajai \u0137\u012bmiskajai strukt\u016brai un specifisku tiesisko regul\u0113jumu tr\u016bkumam, tie ir jauna narkotiku klase. Pa\u0161as p\u0113tniecisk\u0101s \u0137\u012bmisk\u0101s vielas joproj\u0101m ir likum\u012bgas un nepl\u0101notas, kas padara t\u0101s interesantas vair\u0101ku iemeslu d\u0113\u013c. Tos bie\u017ei d\u0113v\u0113 par &#8220;vannas s\u0101\u013ciem&#8221; vai &#8220;leg\u0101lajiem apreibino\u0161iem l\u012bdzek\u013ciem&#8221;, jo tos p\u0101rdod leg\u0101li un to iedarb\u012bba bie\u017ei ir p\u0101rsteidzo\u0161i l\u012bdz\u012bga galveno neleg\u0101lo narkotiku avota iedarb\u012bbai.      <\/p>\n<h3><strong>K\u0101 nopirkt Kilocain pulveri 99% t\u012br\u0101 veid\u0101<\/strong><\/h3>\n<p> Aizraujo\u0161\u0101 jaun\u0101 p\u0113tniec\u012bbas viela Kilocain ir sa\u0146\u0113musi pozit\u012bvas atsauksmes kop\u0161 t\u0101s izlai\u0161anas. T\u0101 k\u0101 t\u0101 ir \u0137\u012bmiska viela, kas joproj\u0101m tiek p\u0113t\u012bta, t\u0101 ietilpst kategorij\u0101 &#8220;dizaineru medikamenti&#8221;. \u0160\u012bs vielas pieder pie \u012bpa\u0161as z\u0101\u013cu klases, kur\u0101m ir rakstur\u012bga \u012bpa\u0161a \u0137\u012bmisk\u0101 strukt\u016bra un kur\u0101m saska\u0146\u0101 ar sp\u0113k\u0101 eso\u0161ajiem ties\u012bbu aktiem bie\u017ei ir ierobe\u017eots regul\u0113jums. \u0160\u012bs vielas bie\u017ei d\u0113v\u0113 par &#8220;vannas s\u0101\u013ciem&#8221; vai &#8220;leg\u0101lajiem apreibino\u0161iem l\u012bdzek\u013ciem&#8221;, \u0161\u012bs vielas tiek p\u0101rdotas leg\u0101li, un to iedarb\u012bba ir l\u012bdz\u012bga neleg\u0101l\u0101m narkotik\u0101m, ta\u010du at\u0161\u0137iras p\u0113c iedarb\u012bbas. T\u0101du \u0137\u012bmisko vielu k\u0101 Kilocain juridiskais un neregul\u0113tais statuss, kas paver aizraujo\u0161u iesp\u0113ju visumu, ir tas, kas mudina zin\u0101tniekus t\u0101s izp\u0113t\u012bt. P\u0113rciet Kilocain Powder 99 tie\u0161saist\u0113      <\/p>\n<h3><strong>Pas\u016btiet Kilocain pulveri<\/strong><\/h3>\n<p> Termins &#8220;dizaina z\u0101les&#8221; attiecas uz pla\u0161u vielu kl\u0101stu, kas ir sintez\u0113tas p\u0113tniec\u012bbas un test\u0113\u0161anas nol\u016bkos zin\u0101tn\u0113. &nbsp;<\/p>\n","protected":false},"excerpt":{"rendered":"<p><strong>P\u0113rciet 99% t\u012bru Kilocaine pulveri tie\u0161saist\u0113. Koka\u012bns ir sal\u012bdzin\u0101ms ar kiloka\u012bnu.  <\/strong><\/p>\n","protected":false},"featured_media":18414,"comment_status":"closed","ping_status":"closed","template":"","meta":{"om_disable_all_campaigns":false,"_sitemap_exclude":false,"_sitemap_priority":"","_sitemap_frequency":"","_monsterinsights_skip_tracking":false,"_monsterinsights_sitenote_active":false,"_monsterinsights_sitenote_note":"","_monsterinsights_sitenote_category":0},"product_cat":[30172],"product_tag":[30655,30642,30640,30648,30657,30653,30656,30654,30652,30649,30646,30651,30644,30641,30638,30647,30650,30645,30639,30636,30637,30643],"class_list":{"0":"post-32613","1":"product","2":"type-product","3":"status-publish","4":"has-post-thumbnail","6":"product_cat-kimisko-vielu-un-psihodelisko-lidzeklu-izpete","7":"product_tag-autentisks-kilocain-pulveris-99-eiropa","8":"product_tag-cik-ir-kilocain-pulveris-99","9":"product_tag-kilocain-pulvera-iedarbiba-99","10":"product_tag-kilocain-pulveris-99-eiropa-izpardosana","11":"product_tag-kilocain-pulveris-99-eiropas-apskats","12":"product_tag-kilocain-pulveris-99-eiropas-atlaide","13":"product_tag-kilocain-pulveris-99-eiropas-piegadataji","14":"product_tag-kilocain-pulveris-99-eiropas-piegade","15":"product_tag-kilocain-pulveris-99-eiropas-veikals","16":"product_tag-kilocain-pulveris-99-interneta-veikals-eiropa","17":"product_tag-kilokaina-pulveris-99-bezmaksas-piegade-uz-eiropu","18":"product_tag-kilokaina-pulveris-99-eiropas-piedavajumi","19":"product_tag-kilokaina-pulveris-99-labaka-cena-eiropa","20":"product_tag-kilokaina-pulveris-99-pardosanas-tiessaiste","21":"product_tag-kur-nopirkt-kilocain-pulveri-99-tiessaiste","22":"product_tag-kur-nopirkt-kilocain-pulveris-99-eiropa","23":"product_tag-lets-kilocain-pulveris-99-eiropa","24":"product_tag-pasutiet-kilocain-pulveri-99-es","25":"product_tag-pasutiet-kilocain-pulveri-99-tiessaiste","26":"product_tag-perciet-kilocain-pulveri-99","27":"product_tag-perciet-kilocain-pulveri-99-tiessaiste","28":"product_tag-perciet-kilocain-pulveri-99-tiessaiste-eiropa","30":"first","31":"instock","32":"shipping-taxable","33":"purchasable","34":"product-type-variable","35":"farmacie-col"},"aioseo_notices":[],"_links":{"self":[{"href":"https:\/\/lacasadelamedicina.es\/lv\/wp-json\/wp\/v2\/product\/32613"}],"collection":[{"href":"https:\/\/lacasadelamedicina.es\/lv\/wp-json\/wp\/v2\/product"}],"about":[{"href":"https:\/\/lacasadelamedicina.es\/lv\/wp-json\/wp\/v2\/types\/product"}],"replies":[{"embeddable":true,"href":"https:\/\/lacasadelamedicina.es\/lv\/wp-json\/wp\/v2\/comments?post=32613"}],"wp:featuredmedia":[{"embeddable":true,"href":"https:\/\/lacasadelamedicina.es\/lv\/wp-json\/wp\/v2\/media\/18414"}],"wp:attachment":[{"href":"https:\/\/lacasadelamedicina.es\/lv\/wp-json\/wp\/v2\/media?parent=32613"}],"wp:term":[{"taxonomy":"product_cat","embeddable":true,"href":"https:\/\/lacasadelamedicina.es\/lv\/wp-json\/wp\/v2\/product_cat?post=32613"},{"taxonomy":"product_tag","embeddable":true,"href":"https:\/\/lacasadelamedicina.es\/lv\/wp-json\/wp\/v2\/product_tag?post=32613"}],"curies":[{"name":"wp","href":"https:\/\/api.w.org\/{rel}","templated":true}]}}