{"id":32568,"date":"2024-08-09T14:02:20","date_gmt":"2024-08-09T14:02:20","guid":{"rendered":"https:\/\/lacasadelamedicina.es\/product\/perciet-benzilmetilketonu-b-m-k-tiessaiste\/"},"modified":"2024-08-09T14:02:20","modified_gmt":"2024-08-09T14:02:20","slug":"perciet-benzilmetilketonu-b-m-k-tiessaiste","status":"publish","type":"product","link":"https:\/\/lacasadelamedicina.es\/lv\/produkts\/perciet-benzilmetilketonu-b-m-k-tiessaiste\/","title":{"rendered":"P\u0113rciet benzilmetilketonu (B-M-K) tie\u0161saist\u0113"},"content":{"rendered":"<h3>P\u0101rdo\u0161an\u0101 benzilmetilketons-b-m-k \u2014 ieg\u0101d\u0101jieties benzilmetilketonu-b-m-k tie\u0161saist\u0113<\/h3>\n<p> M\u0113s esam j\u016bsu lab\u0101kais avots un izplat\u012bt\u0101js benzilmetilketona ieg\u0101dei, k\u0101 ar\u012b benzilmetilketona p\u0101rdo\u0161anai. J\u016bs varat ieg\u0101d\u0101ties benzilmetilketonu tie\u0161saist\u0113 viegli un likum\u012bgi no mums. P\u0113rciet benzilmetilketonu (B-M-K) tie\u0161saist\u0113 \u2014 <a href=\"https:\/\/drlawsonspharmacy\/contact-us\/\">KONTAKTI<\/a> BMK ir dab\u0101 sastopama \u0137\u012bmiska viela ar pla\u0161u lietojumu kl\u0101stu. Tas ir viena posma process narkotiku ekstaz\u012b sint\u0113z\u0113. Tas ir sajaucams \u0161\u0137idrums, kas \u0161\u0137\u012bst \u016bden\u012b un ir bezgar\u0161\u012bgs, bezkr\u0101sains un viegli uzliesmojo\u0161s. Lab\u0101k\u0101 BMK e\u013c\u013ca ir pieejama m\u016bsu interneta veikal\u0101. Benzilmetilketona ieg\u0101de tie\u0161saist\u0113 ir vienk\u0101r\u0161a. Iev\u0113rojiet \u0161\u012bs vadl\u012bnijas: t\u0101l\u0101k eso\u0161aj\u0101 nolai\u017eamaj\u0101 izv\u0113ln\u0113 atlasiet v\u0113lamo produktu. Noklik\u0161\u0137iniet uz &#8220;Pievienot grozam&#8221;, lai pabeigtu preces ieg\u0101di. Veiciet pas\u016bt\u012bjumu, kad tas ir pieg\u0101d\u0101ts.          <\/p>\n<h3>Benzilmetilketona priek\u0161roc\u012bbas<\/h3>\n<p> Pateicoties t\u0101 spirta un ketonu sast\u0101vam, benzoilmetilketonam var b\u016bt diur\u0113tisks un detoksik\u0101cijas efekts. <\/p>\n<ul>\n<li>Da\u017ei p\u0113tnieki ir ieteiku\u0161i BMK k\u0101 noder\u012bgu stresa mazin\u0101\u0161anas l\u012bdzekli.<\/li>\n<li>Da\u017ei saka, ka tas pazemina kortizolu, stresa hormonu, lai gan var paiet zin\u0101ms laiks, lai sajustu ietekmi.<\/li>\n<li>V\u0113l viens iesp\u0113jamais <strong>benzilmetilketons-b-m-k <\/strong> ir tas, ka tas var samazin\u0101t Alcheimera slim\u012bbas risku.<\/li>\n<li>Tiek uzskat\u012bts, ka savienojums c\u012bn\u0101s ar iekaisumu smadzen\u0113s, kas var aizsarg\u0101t pret Alcheimera slim\u012bbu izrais\u012btiem nervu boj\u0101jumiem.<\/li>\n<\/ul>\n<h3>Kur var ieg\u0101d\u0101ties benzilmetilketonu?<\/h3>\n<p> Benzilmetilketons jeb fenilacetons ir \u0137\u012bmiska viela. E\u013c\u013ca ir caursp\u012bd\u012bga, un t\u0101s refrakcijas indekss ir 1,5168. T\u0101 k\u0101 tas ir izejviela vai starpprodukts metamfetam\u012bna un amfetam\u012bna ra\u017eo\u0161an\u0101, to bie\u017ei d\u0113v\u0113 par P2P. \u0160\u012b lieta labi smar\u017eo un ir tikpat bl\u012bva k\u0101 \u016bdens. BMK tiek izmantota k\u0101 neleg\u0101la \u0137\u012bmiska viela neleg\u0101l\u0101 amfetam\u012bna ra\u017eo\u0161an\u0101, lai gan tai ir da\u017ei likum\u012bgi lietojumi, piem\u0113ram, propilheksedr\u012bna izstr\u0101d\u0113. P\u0113rciet benzilmetilketonu (b-m-k) tie\u0161saist\u0113.<\/p>\n","protected":false},"excerpt":{"rendered":"<p>P\u0101rdo\u0161an\u0101 benzilmetilketons-b-m-k \u2014 ieg\u0101d\u0101jieties benzilmetilketonu-b-m-k tie\u0161saist\u0113 M\u0113s esam j\u016bsu lab\u0101kais avots un izplat\u012bt\u0101js benzilmetilketona ieg\u0101dei, k\u0101 ar\u012b benzilmetilketona p\u0101rdo\u0161anai. J\u016bs varat ieg\u0101d\u0101ties benzilmetilketonu tie\u0161saist\u0113 viegli un likum\u012bgi no mums. P\u0113rciet benzilmetilketonu (B-M-K) tie\u0161saist\u0113 \u2014 KONTAKTI BMK ir dab\u0101 sastopama \u0137\u012bmiska viela ar pla\u0161u lietojumu kl\u0101stu. Tas ir viena posma process narkotiku ekstaz\u012b sint\u0113z\u0113. Tas ir [&hellip;]<\/p>\n","protected":false},"featured_media":18654,"comment_status":"closed","ping_status":"closed","template":"","meta":{"om_disable_all_campaigns":false,"_sitemap_exclude":false,"_sitemap_priority":"","_sitemap_frequency":"","_monsterinsights_skip_tracking":false,"_monsterinsights_sitenote_active":false,"_monsterinsights_sitenote_note":"","_monsterinsights_sitenote_category":0},"product_cat":[30172],"product_tag":[30566,30557,30568,30551,30552,30562,30555,30564,30567,30563,30560,30559,30565,30553,30549,30554,30558,30550,30561,30547,30548,30556],"class_list":{"0":"post-32568","1":"product","2":"type-product","3":"status-publish","4":"has-post-thumbnail","6":"product_cat-kimisko-vielu-un-psihodelisko-lidzeklu-izpete","7":"product_tag-autentisks-benzilmetilketons-b-m-k-eiropa","8":"product_tag-benzilmetilketona-b-m-k-bezmaksas-piegade-eiropa","9":"product_tag-benzilmetilketona-b-m-k-eiropas-apskats","10":"product_tag-benzilmetilketona-b-m-k-ietekme","11":"product_tag-benzilmetilketona-b-m-k-pardosana-tiessaiste","12":"product_tag-benzilmetilketona-b-m-k-piedavajumi-eiropa","13":"product_tag-benzilmetilketons-b-m-k-labaka-cena-eiropa","14":"product_tag-benzyl-methyl-ketone-b-m-k-eiropas-atlaide","15":"product_tag-benzyl-methyl-ketone-b-m-k-eiropas-piegadataji","16":"product_tag-benzyl-methyl-ketone-b-m-k-eiropas-veikals","17":"product_tag-benzyl-methyl-ketone-b-m-k-interneta-veikals-eiropa","18":"product_tag-benzyl-methyl-ketone-b-m-k-pardosana-eiropa","19":"product_tag-benzyl-methyl-ketone-b-m-k-piegade-eiropa","20":"product_tag-cik-maksa-benzilmetilketons-b-m-k","21":"product_tag-iegadajieties-benzilmetilketonu-b-m-k-tiessaiste","22":"product_tag-iegadajieties-benzilmetilketonu-b-m-k-tiessaiste-eiropa","23":"product_tag-kur-nopirkt-benzyl-methyl-ketone-b-m-k-europe","24":"product_tag-kur-tiessaiste-iegadaties-benzilmetilketonu-b-m-k","25":"product_tag-lets-benzilmetilketons-b-m-k-eiropa","26":"product_tag-nopirkt-benzilmetilketonu-b-m-k","27":"product_tag-pasutiet-benzilmetilketonu-b-m-k-tiessaiste","28":"product_tag-pasutiet-benzyl-methyl-ketone-b-m-k-eu","30":"first","31":"instock","32":"shipping-taxable","33":"purchasable","34":"product-type-variable","35":"has-default-attributes","36":"farmacie-col"},"aioseo_notices":[],"_links":{"self":[{"href":"https:\/\/lacasadelamedicina.es\/lv\/wp-json\/wp\/v2\/product\/32568"}],"collection":[{"href":"https:\/\/lacasadelamedicina.es\/lv\/wp-json\/wp\/v2\/product"}],"about":[{"href":"https:\/\/lacasadelamedicina.es\/lv\/wp-json\/wp\/v2\/types\/product"}],"replies":[{"embeddable":true,"href":"https:\/\/lacasadelamedicina.es\/lv\/wp-json\/wp\/v2\/comments?post=32568"}],"wp:featuredmedia":[{"embeddable":true,"href":"https:\/\/lacasadelamedicina.es\/lv\/wp-json\/wp\/v2\/media\/18654"}],"wp:attachment":[{"href":"https:\/\/lacasadelamedicina.es\/lv\/wp-json\/wp\/v2\/media?parent=32568"}],"wp:term":[{"taxonomy":"product_cat","embeddable":true,"href":"https:\/\/lacasadelamedicina.es\/lv\/wp-json\/wp\/v2\/product_cat?post=32568"},{"taxonomy":"product_tag","embeddable":true,"href":"https:\/\/lacasadelamedicina.es\/lv\/wp-json\/wp\/v2\/product_tag?post=32568"}],"curies":[{"name":"wp","href":"https:\/\/api.w.org\/{rel}","templated":true}]}}