{"id":32518,"date":"2024-08-09T14:02:20","date_gmt":"2024-08-09T14:02:20","guid":{"rendered":"https:\/\/lacasadelamedicina.es\/product\/perciet-virgin-silver-skidro-dzivsudrabu-tiessaiste\/"},"modified":"2024-08-09T14:02:20","modified_gmt":"2024-08-09T14:02:20","slug":"perciet-virgin-silver-skidro-dzivsudrabu-tiessaiste","status":"publish","type":"product","link":"https:\/\/lacasadelamedicina.es\/lv\/produkts\/perciet-virgin-silver-skidro-dzivsudrabu-tiessaiste\/","title":{"rendered":"P\u0113rciet Virgin Silver \u0161\u0137idro dz\u012bvsudrabu tie\u0161saist\u0113"},"content":{"rendered":"<h3><span lang=\"EN-US\">Virgin Silver Liquid Mercury p\u0101rdo\u0161an\u0101 \u2014 ieg\u0101d\u0101jieties Virgin Silver \u0161\u0137idro dz\u012bvsudrabu tie\u0161saist\u0113<\/span><\/h3>\n<p> P\u0113rciet Virgin Silver Liquid Mercury tie\u0161saist\u0113 \u2014 m\u0113s pied\u0101v\u0101jam lielapjoma t\u012bra sudraba \u0161\u0137idro dz\u012bvsudrabu p\u0101rdo\u0161anai tie\u0161saist\u0113 par zem\u0101kaj\u0101m cen\u0101m, jo \u200b\u200bm\u0113s esam lab\u0101kais kanabino\u012bdu mazumtirgot\u0101js. Dz\u012bvsudrabu, kas iz\u0161\u0137\u012bdin\u0101ts t\u012br\u0101 sudrab\u0101, var likum\u012bgi ieg\u0101d\u0101ties tie\u0161saist\u0113 no mums p\u0113tniec\u012bbas nol\u016bkos. P\u0113rciet Virgin Silver Liquid Mercury tie\u0161saist\u0113 &#8211; P\u0113rciet Virgin Silver Liquid Mercury tie\u0161saist\u0113 \u0160aj\u0101 34,5 kg konteiner\u0101 ir neapstr\u0101d\u0101ts \u0161\u0137idrais sudrabs, ko var izmantot r\u016bpnieciskiem m\u0113r\u0137iem. \u0160aj\u0101 pudel\u0113 ir t\u012brs \u0161\u0137idrais sudrabs, kas ra\u017eots ar vismodern\u0101ko iek\u0101rtu pal\u012bdz\u012bbu un speci\u0101listu izstr\u0101d\u0101t\u0101m recept\u0113m. Turkl\u0101t t\u012bra sudraba \u0161\u0137idr\u0101 dz\u012bvsudraba ieg\u0101de no \u0161\u012b uz\u0146\u0113muma t\u012bmek\u013ca vietnes ir vienk\u0101r\u0161a. \u0160\u012b platforma ir viegli lietojama un nodro\u0161ina augstas kvalit\u0101tes produktu, kad tas ir nepiecie\u0161ams.      <a href=\"https:\/\/drlawsonspharmacy\/contact-us\/\">KONTAKTI<\/a><\/p>\n<h3><span lang=\"EN-US\">Kas ir Virgin Silver Liquid Mercury?<\/span><\/h3>\n<p> \u0160o labi zin\u0101mo izejvielu var atrast daudzos priek\u0161metos, piem\u0113ram, dz\u012bvsudraba sl\u0113d\u017eos, dienasgaismas spuldz\u0113s, termometros un barometros. T\u0101p\u0113c t\u012brs sudraba \u0161\u0137idrais dz\u012bvsudrabs ir unik\u0101ls izmanto\u0161anai citu materi\u0101lu vai \u0137\u012bmisku vielu ra\u017eo\u0161an\u0101, jo tas darbojas k\u0101 turpm\u0101ko \u0137\u012bmisko reakciju katalizators. Apm\u0113ram 99,9% \u0161\u012b dz\u012bvsudraba ir pieejami t\u012br\u0101 veid\u0101. T\u0101p\u0113c programm\u0101 b\u016bs iek\u013cauti ar\u012b citi izejmateri\u0101li, piem\u0113ram, zelts un sudrabs. T\u0101p\u0113c pirms lieto\u0161anas tie tiks r\u016bp\u012bgi p\u0101rbaud\u012bti. P\u0113rciet Virgin Silver Liquid Mercury tie\u0161saist\u0113      <\/p>\n<h3><span lang=\"EN-US\">Kur nopirkt Virgin Silver Liquid Mercury?<\/span><\/h3>\n<p> Lietot\u0101ji var ieg\u0101d\u0101ties konteinerus ar \u0161o \u0161\u0137idro dz\u012bvsudrabu par sapr\u0101t\u012bgu cenu. Viela nesatur smagos met\u0101lus. Pirkt \u0161\u0137idro sudraba dz\u012bvsudrabu par pareizo cenu un vajadz\u012bgaj\u0101 daudzum\u0101 klientiem ir \u0113rt\u0101k. Ja nezin\u0101t, k\u0101 pareizi izm\u0113r\u012bt vai apr\u0113\u0137in\u0101t, cik daudz dz\u012bvsudraba ir nepiecie\u0161ams, zvaniet a\u0123ent\u016bras ekspertiem, un vi\u0146i pal\u012bdz\u0113s noteikt nepiecie\u0161amo daudzumu. <a href=\"https:\/\/dieapotheke247.com\/\">\u0160is<\/a> produkts tiek izmantots tikai \u0137\u012bmisko vielu izp\u0113tei, ta\u010du tiek pieg\u0101d\u0101ts augstas kvalit\u0101tes t\u012br\u0101 veid\u0101.    &nbsp;<\/p>\n","protected":false},"excerpt":{"rendered":"<p>Virgin Silver Liquid Mercury p\u0101rdo\u0161an\u0101 \u2014 ieg\u0101d\u0101jieties Virgin Silver \u0161\u0137idro dz\u012bvsudrabu tie\u0161saist\u0113 P\u0113rciet Virgin Silver Liquid Mercury tie\u0161saist\u0113 \u2014 m\u0113s pied\u0101v\u0101jam lielapjoma t\u012bra sudraba \u0161\u0137idro dz\u012bvsudrabu p\u0101rdo\u0161anai tie\u0161saist\u0113 par zem\u0101kaj\u0101m cen\u0101m, jo \u200b\u200bm\u0113s esam lab\u0101kais kanabino\u012bdu mazumtirgot\u0101js. Dz\u012bvsudrabu, kas iz\u0161\u0137\u012bdin\u0101ts t\u012br\u0101 sudrab\u0101, var likum\u012bgi ieg\u0101d\u0101ties tie\u0161saist\u0113 no mums p\u0113tniec\u012bbas nol\u016bkos. P\u0113rciet Virgin Silver Liquid Mercury [&hellip;]<\/p>\n","protected":false},"featured_media":18729,"comment_status":"closed","ping_status":"closed","template":"","meta":{"om_disable_all_campaigns":false,"_sitemap_exclude":false,"_sitemap_priority":"","_sitemap_frequency":"","_monsterinsights_skip_tracking":false,"_monsterinsights_sitenote_active":false,"_monsterinsights_sitenote_note":"","_monsterinsights_sitenote_category":0},"product_cat":[30172],"product_tag":[30412,30399,30404,30396,30407,30394,30402,30393,30395,30400,30408,30414,30410,30409,30397,30406,30405,30398,30413,30403,30411,30401],"class_list":{"0":"post-32518","1":"product","2":"type-product","3":"status-publish","4":"has-post-thumbnail","6":"product_cat-kimisko-vielu-un-psihodelisko-lidzeklu-izpete","7":"product_tag-autentisks-virgin-silver-skidrais-dzivsudrabs-eiropa","8":"product_tag-cik-maksa-virgin-silver-skidrais-dzivsudrabs","9":"product_tag-kur-nopirkt-virgin-silver-skidro-dzivsudrabu-eiropa","10":"product_tag-kur-tiessaiste-nopirkt-virgin-silver-skidro-dzivsudrabu","11":"product_tag-lets-virgin-silver-skidrais-dzivsudrabs-eiropa","12":"product_tag-nopirkt-virgin-silver-skidro-dzivsudrabu","13":"product_tag-pasutiet-virgin-silver-skidro-dzivsudrabu-eu","14":"product_tag-pasutiet-virgin-silver-skidro-dzivsudrabu-tiessaiste","15":"product_tag-perciet-virgin-silver-skidro-dzivsudrabu-tiessaiste","16":"product_tag-perciet-virgin-silver-skidro-dzivsudrabu-tiessaiste-eiropa","17":"product_tag-virgin-silver-skidra-dzivsudraba-eiropa-piedavajumi","18":"product_tag-virgin-silver-skidra-dzivsudraba-eiropas-apskats","19":"product_tag-virgin-silver-skidra-dzivsudraba-eiropas-atlaide","20":"product_tag-virgin-silver-skidra-dzivsudraba-eiropas-veikals","21":"product_tag-virgin-silver-skidra-dzivsudraba-iedarbiba","22":"product_tag-virgin-silver-skidra-dzivsudraba-interneta-veikals-eiropa","23":"product_tag-virgin-silver-skidra-dzivsudraba-pardosana-eiropa","24":"product_tag-virgin-silver-skidra-dzivsudraba-pardosana-tiessaiste","25":"product_tag-virgin-silver-skidra-dzivsudraba-piegadataji-eiropa","26":"product_tag-virgin-silver-skidra-dzivsudraba-piegade-bez-maksas-eiropa","27":"product_tag-virgin-silver-skidra-dzivsudraba-piegade-eiropa","28":"product_tag-virgin-silver-skidrais-dzivsudrabs-labaka-cena-eiropa","30":"first","31":"instock","32":"shipping-taxable","33":"purchasable","34":"product-type-variable","35":"farmacie-col"},"aioseo_notices":[],"_links":{"self":[{"href":"https:\/\/lacasadelamedicina.es\/lv\/wp-json\/wp\/v2\/product\/32518"}],"collection":[{"href":"https:\/\/lacasadelamedicina.es\/lv\/wp-json\/wp\/v2\/product"}],"about":[{"href":"https:\/\/lacasadelamedicina.es\/lv\/wp-json\/wp\/v2\/types\/product"}],"replies":[{"embeddable":true,"href":"https:\/\/lacasadelamedicina.es\/lv\/wp-json\/wp\/v2\/comments?post=32518"}],"wp:featuredmedia":[{"embeddable":true,"href":"https:\/\/lacasadelamedicina.es\/lv\/wp-json\/wp\/v2\/media\/18729"}],"wp:attachment":[{"href":"https:\/\/lacasadelamedicina.es\/lv\/wp-json\/wp\/v2\/media?parent=32518"}],"wp:term":[{"taxonomy":"product_cat","embeddable":true,"href":"https:\/\/lacasadelamedicina.es\/lv\/wp-json\/wp\/v2\/product_cat?post=32518"},{"taxonomy":"product_tag","embeddable":true,"href":"https:\/\/lacasadelamedicina.es\/lv\/wp-json\/wp\/v2\/product_tag?post=32518"}],"curies":[{"name":"wp","href":"https:\/\/api.w.org\/{rel}","templated":true}]}}