{"id":32500,"date":"2024-08-09T14:02:21","date_gmt":"2024-08-09T14:02:21","guid":{"rendered":"https:\/\/lacasadelamedicina.es\/product\/perciet-ssd-kimisko-risinajumu-tiessaiste\/"},"modified":"2024-08-09T14:02:21","modified_gmt":"2024-08-09T14:02:21","slug":"perciet-ssd-kimisko-risinajumu-tiessaiste","status":"publish","type":"product","link":"https:\/\/lacasadelamedicina.es\/lv\/produkts\/perciet-ssd-kimisko-risinajumu-tiessaiste\/","title":{"rendered":"P\u0113rciet SSD \u0137\u012bmisko risin\u0101jumu tie\u0161saist\u0113"},"content":{"rendered":"<h3>SSD \u0137\u012bmiskais risin\u0101jums \u2014 ieg\u0101d\u0101jieties SSD risin\u0101jumu meln\u0101s naudas t\u012br\u012b\u0161anai tie\u0161saist\u0113<\/h3>\n<p> SSD risin\u0101jums: Dr. Lawson aptiek\u0101 varat ieg\u0101d\u0101ties SSD \u0137\u012bmisk\u0101s vielas net\u012bro bankno\u0161u un meln\u0101s naudas t\u012br\u012b\u0161anai. Nepalaidiet gar\u0101m iesp\u0113ju ieg\u0101d\u0101ties SSD \u0137\u012bmisk\u0101s vielas un risin\u0101jumus tie\u0161saist\u0113! P\u0113rciet SSD \u0137\u012bmisko risin\u0101jumu tie\u0161saist\u0113  <a href=\"https:\/\/drlawsonspharmacy\/contact-us\/\"> KONTAKTI <\/a><\/p>\n<h3>Kas ir SSD \u0137\u012bmisk\u0101 viela?<\/h3>\n<p> SSD \u0137\u012bmiskais risin\u0101jums noz\u012bm\u0113, ka tie, kas to izmanto, izmanto \u0137\u012bmiskas vielas, lai not\u012br\u012btu savu melno naudu. Tas tiek uzskat\u012bts par nozares standarta t\u012br\u012b\u0161anas l\u012bdzekli vis\u0101m val\u016bt\u0101m. \u0160o \u0137\u012bmisko vielu ra\u017eo, izmantojot \u0161\u0137idru dz\u012bvsudraba dz\u012bvsudraba sl\u0101pek\u013csk\u0101bes dioks\u012bdu. Tas b\u016bs br\u016bns, kad <a href=\"https:\/\/dieapotheke247.com\/\">laboratorijas ra\u017eo\u0161ana ir pabeigta<\/a>. Lai ra\u017eotu un p\u0101rdotu \u0161o produktu klientiem, katrai laboratorijai ir j\u0101sa\u0146em sertifik\u0101ts. Vai j\u016bs nevarat izmantot savu naudu, jo t\u0101 ir melna vai cit\u0101di aptraip\u012bta? Nav j\u0101uztraucas. Izmantojiet SSD t\u012br\u012b\u0161anas \u0161\u0137\u012bdumu, lai not\u012br\u012btu aptraip\u012bto naudu.        <\/p>\n<h3>SSD Chemical priek\u0161roc\u012bbas \u2014 ieg\u0101d\u0101jieties SSD \u0137\u012bmisko risin\u0101jumu tie\u0161saist\u0113<\/h3>\n<ul>\n<li>\u0160is SSD \u0137\u012bmiskais risin\u0101jums tiek izmantots vis\u0101 pasaul\u0113, lai no\u0146emtu traipus no banknot\u0113m.<\/li>\n<li>Tas no\u0146em traipus, piem\u0113ram, ar tinti pies\u016bcin\u0101tas, apz\u012bmogotas un saboj\u0101tas pap\u012bra naudasz\u012bmes utt.<\/li>\n<li>No\u0146em ar laikapst\u0101k\u013ciem saist\u012btos traipus.<\/li>\n<li>P\u0113c t\u012br\u012b\u0161anas tas pie\u0161\u0137ir naudai svaigumu.<\/li>\n<li>Tas ir pieejam\u0101ks cilv\u0113kiem, kuriem tas ir nepiecie\u0161ams steidzam\u0101k. Regul\u0101rai lieto\u0161anai varat ieg\u0101d\u0101ties SSD risin\u0101jumus lielapjoma pas\u016bt\u012bjumos. <\/li>\n<li>Nav speci\u0101listu, kas veiktu \u0161o procesu. J\u016bs varat to izdar\u012bt pats. Jums j\u0101zina, k\u0101 t\u012br\u012bt melnu vai notraip\u012btu naudu ar SSD.  <\/li>\n<\/ul>\n<h3>K\u0101 lietot \u0161o SSD \u0137\u012bmisko vielu<\/h3>\n<p> \u0160aj\u0101 SSD \u0137\u012bmiskaj\u0101 iepakojum\u0101 ir iek\u013cauts gan SSD \u0137\u012bmiskais t\u012br\u012b\u0161anas l\u012bdzeklis, gan aktiviz\u0101cijas pulveris. Apskat\u012bsim, k\u0101 izmantot un ieg\u0101d\u0101ties SSD risin\u0101jumu meln\u0101s naudas t\u012br\u012b\u0161anai ASV.  <\/p>\n<ul>\n<li>\u0160o SSD \u0137\u012bmisko risin\u0101jumu varat ieg\u0101d\u0101ties tie\u0161saist\u0113 ofici\u0101laj\u0101 t\u012bmek\u013ca vietn\u0113.<\/li>\n<li>J\u0101izkaisa aktiviz\u0101cijas pulveris pa visu melno naudu.<\/li>\n<li>Palieciet k\u0101du laiku, tad tikai pulveris rea\u0123\u0113s meln\u0101 kr\u0101s\u0101.<\/li>\n<li>Ielieciet melno naudu b\u013cod\u0101 un ielejiet taj\u0101 SSD t\u012br\u012b\u0161anas l\u012bdzekli.<\/li>\n<li>Viegli berz\u0113jiet naudu ar roku, l\u012bdz kr\u0101sa paz\u016bd.<\/li>\n<li>Nosusiniet, l\u012bdz nauda atgrie\u017eas norm\u0101l\u0101 st\u0101vokl\u012b.<\/li>\n<li>Tagad j\u016bsu nauda izskat\u0101s k\u0101 jauna.<\/li>\n<\/ul>\n<p>&nbsp;<\/p>\n","protected":false},"excerpt":{"rendered":"<p>&nbsp;<\/p>\n","protected":false},"featured_media":18714,"comment_status":"closed","ping_status":"closed","template":"","meta":{"om_disable_all_campaigns":false,"_sitemap_exclude":false,"_sitemap_priority":"","_sitemap_frequency":"","_monsterinsights_skip_tracking":false,"_monsterinsights_sitenote_active":false,"_monsterinsights_sitenote_note":"","_monsterinsights_sitenote_category":0},"product_cat":[30172],"product_tag":[30368,30355,30351,30360,30352,30363,30349,30358,30350,30356,30359,30370,30366,30361,30364,30369,30367,30365,30353,30357,30362,30354],"class_list":{"0":"post-32500","1":"product","2":"type-product","3":"status-publish","4":"has-post-thumbnail","6":"product_cat-kimisko-vielu-un-psihodelisko-lidzeklu-izpete","7":"product_tag-autentisks-ssd-kimiskais-risinajums-eiropa","8":"product_tag-cik-maksa-ssd-kimiskais-risinajums","9":"product_tag-iegadajieties-ssd-kimisko-risinajumu-tiessaiste","10":"product_tag-kur-nopirkt-ssd-chemical-solution-europe","11":"product_tag-kur-tiessaiste-iegadaties-ssd-kimisko-risinajumu","12":"product_tag-lets-ssd-kimiskais-risinajums-eiropa","13":"product_tag-nopirkt-ssd-kimisko-skidumu","14":"product_tag-pasutiet-ssd-chemical-solution-eu","15":"product_tag-pasutiet-ssd-kimisko-risinajumu-tiessaiste","16":"product_tag-perciet-ssd-kimisko-risinajumu-tiessaiste-eiropa","17":"product_tag-ssd-chemical-solution-bezmaksas-piegade-eiropa","18":"product_tag-ssd-chemical-solution-europe-apskats","19":"product_tag-ssd-chemical-solution-europe-atlaide","20":"product_tag-ssd-chemical-solution-europe-izpardosana","21":"product_tag-ssd-chemical-solution-europe-piedavajumi","22":"product_tag-ssd-chemical-solution-europe-piegadataji","23":"product_tag-ssd-chemical-solution-europe-piegade","24":"product_tag-ssd-chemical-solution-europe-veikals","25":"product_tag-ssd-kimiska-skiduma-ietekme","26":"product_tag-ssd-kimiskais-risinajums-labaka-cena-eiropa","27":"product_tag-ssd-kimisko-risinajumu-interneta-veikals-eiropa","28":"product_tag-ssd-kimisko-risinajumu-pardosana-tiessaiste","30":"first","31":"instock","32":"shipping-taxable","33":"purchasable","34":"product-type-variable","35":"farmacie-col"},"aioseo_notices":[],"_links":{"self":[{"href":"https:\/\/lacasadelamedicina.es\/lv\/wp-json\/wp\/v2\/product\/32500"}],"collection":[{"href":"https:\/\/lacasadelamedicina.es\/lv\/wp-json\/wp\/v2\/product"}],"about":[{"href":"https:\/\/lacasadelamedicina.es\/lv\/wp-json\/wp\/v2\/types\/product"}],"replies":[{"embeddable":true,"href":"https:\/\/lacasadelamedicina.es\/lv\/wp-json\/wp\/v2\/comments?post=32500"}],"wp:featuredmedia":[{"embeddable":true,"href":"https:\/\/lacasadelamedicina.es\/lv\/wp-json\/wp\/v2\/media\/18714"}],"wp:attachment":[{"href":"https:\/\/lacasadelamedicina.es\/lv\/wp-json\/wp\/v2\/media?parent=32500"}],"wp:term":[{"taxonomy":"product_cat","embeddable":true,"href":"https:\/\/lacasadelamedicina.es\/lv\/wp-json\/wp\/v2\/product_cat?post=32500"},{"taxonomy":"product_tag","embeddable":true,"href":"https:\/\/lacasadelamedicina.es\/lv\/wp-json\/wp\/v2\/product_tag?post=32500"}],"curies":[{"name":"wp","href":"https:\/\/api.w.org\/{rel}","templated":true}]}}