{"id":32494,"date":"2024-08-09T14:02:21","date_gmt":"2024-08-09T14:02:21","guid":{"rendered":"https:\/\/lacasadelamedicina.es\/product\/perciet-4f-bca-tiessaiste\/"},"modified":"2024-08-09T14:02:21","modified_gmt":"2024-08-09T14:02:21","slug":"perciet-4f-bca-tiessaiste","status":"publish","type":"product","link":"https:\/\/lacasadelamedicina.es\/lv\/produkts\/perciet-4f-bca-tiessaiste\/","title":{"rendered":"P\u0113rciet 4F BCA tie\u0161saist\u0113"},"content":{"rendered":"<h3>4F BCA &#8211; 4f-bca p\u0101rdo\u0161anai &#8211; P\u0113rciet 4f bca tie\u0161saist\u0113 V\u0100CIJA P\u0113tniec\u012bbas \u0137imik\u0101lijas<\/h3>\n<p> P\u0113rciet 4F BCA tie\u0161saist\u0113 \u2014 t\u0101 k\u0101 tas ir b\u016btisks vielas veids ar pieaugo\u0161u tirgus piepras\u012bjumu, m\u016bsu uz\u0146\u0113mums Ultimate Online Pharmacy ir \u0161eit, lai apmierin\u0101tu \u0161\u012bs cer\u012bbas ar \u013coti efekt\u012bvu produktu l\u012bniju. Ja v\u0113laties ieg\u0101d\u0101ties 4F <a href=\"https:\/\/dieapotheke247.com\/\">B<\/a>CA tie\u0161saist\u0113, nekav\u0113joties sazinieties ar mums. Dr. Lawsons Pharmacy ir paz\u012bstama ar sav\u0101m augst\u0101k\u0101s klases prec\u0113m un zino\u0161u atbalstu. M\u0113s esam cien\u012bjami 4F-BCA p\u0101rdev\u0113ji un pieg\u0101d\u0101t\u0101ji tie\u0161saistes nozar\u0113. Tas ir paz\u012bstams k\u0101 4-fluor-BCA un ir \u0161\u0137idr\u0101 un ciet\u0101 veid\u0101. reiz p\u0101rdots k\u0101 stimulants; tas pieder pie kanabino\u012bdu indazola klases. P\u0113rciet 4F BCA tie\u0161saist\u0113 &#8211;       <a href=\"https:\/\/drlawsonspharmacy\/contact-us\/\">KONTAKTI<\/a><\/p>\n<p>&nbsp;<\/p>\n<h3>Kas ir 4F BCA?<\/h3>\n<p> Jaunums ka\u0146epju p\u0113tniec\u012bbas \u0137\u012bmisko vielu saim\u0113 ir 4F-BCA. Z\u0101les ir dzeltenas un 99,6% t\u012bras. Personai \u0137\u012bmisk\u0101 viela j\u0101glab\u0101 v\u0113s\u0101, saus\u0101 viet\u0101. Z\u0101les darbojas l\u012bdz\u012bgi k\u0101 4ADB un 5ADB. T\u0101 ir sp\u0113c\u012bga p\u0113tniecisk\u0101 \u0137imik\u0101lija, bet nav piem\u0113rota cilv\u0113ku uz\u0146em\u0161anai. \u0160\u0137iet, ka 4F-BCA iedarb\u012bba ir sal\u012bdzin\u0101ma ar citiem kanabino\u012bdiem. Lai izmantotu krimin\u0101listikas, p\u0113tniec\u012bbas un test\u0113\u0161anas nol\u016bkos, \u0137\u012bmi\u0137i un p\u0113tnieki var ieg\u0101d\u0101ties 4F-BCA USA. \u0160\u012bs z\u0101les \u0137\u012bmi\u0137i, zin\u0101tnieki un p\u0113tnieki ieg\u0101d\u0101jas k\u0101 kop\u012bgus p\u0113tniec\u012bbas atsauces materi\u0101lus. Citi lietojumi nav apstiprin\u0101ti. J\u016bs varat ieg\u016bt 4F-BCA p\u0113tniec\u012bbai un p\u0101rdo\u0161anai. Daudz\u0101s valst\u012bs \u0161\u012bs narkotikas ir ierobe\u017eotas vai kontrol\u0113tas, un vair\u0101ki ASV \u0161tati t\u0101s ir aizliegu\u0161i.           &nbsp;<\/p>\n<h3>P\u0113rciet 4F BCA tie\u0161saist\u0113<\/h3>\n<p> Nav pier\u0101d\u012bjumu, kas \u012bpa\u0161i atbalst\u012btu 4F-BCA lieto\u0161anu. \u0160\u012bs z\u0101les pal\u012bdz atp\u016bsties satrauktajiem un tr\u016bc\u012bgajiem cilv\u0113kiem, kuri t\u0101s lieto. Tas ir pieejams tie\u0161saist\u0113. P\u0113rciet 4F-BCA ar atlaidi. Mums ir bag\u0101t\u012bgas nozares zin\u0101\u0161anas un saprotam pat\u0113r\u0113t\u0101ju psiholo\u0123iju.     <strong>To galvenok\u0101rt var ieelpot vai lietot iek\u0161\u0137\u012bgi.<\/strong><\/p>\n<p><strong>No otras puses, prec\u012bzs z\u0101\u013cu daudzums un daudzums ir diskusiju jaut\u0101jums.<\/strong><\/p>\n<p><strong>Liel\u0101k\u0101 da\u013ca cilv\u0113ku nezina prec\u012bzu devu vai sast\u0101vu, ko vi\u0146i lieto.<\/strong> Medic\u012bnisk\u0101s aptaujas liecina, ka \u0161\u012bm z\u0101l\u0113m, piem\u0113ram, Chemical frog&#8217;s 4F-BCA ar 99,9% t\u012br\u012bbu, nav r\u016bpnieciskas, komerci\u0101las vai medic\u012bniskas lieto\u0161anas. Tulkots ar www.DeepL.com\/Translator (bezmaksas versija)  &nbsp;<\/p>\n<h3><strong>Pas\u016bt\u012bt 4F BCA<\/strong> \u2014 k\u0101 izv\u0113l\u0113ties pareizo platformu?<\/h3>\n<p> P\u0101rdo\u0161an\u0101 eso\u0161\u0101 4F-BCA augst\u0101 kvalit\u0101te, nevainojams \u0137\u012bmiskais mar\u0137\u0113jums, diskr\u0113ts iepakojums, savlaic\u012bga pieg\u0101de, dro\u0161a transport\u0113\u0161ana un citi m\u016bsu uz\u0146\u0113muma pied\u0101v\u0101tie pakalpojumi izce\u013c m\u016bs no konkurentiem. M\u016bsu vietn\u0113 ir viegli un dro\u0161i ieg\u016bt 4F-BCA tie\u0161saistes izp\u0113tes \u0137\u012bmisk\u0101s vielas. Visi klientu dati parasti ir aizsarg\u0101ti m\u016bsu sist\u0113m\u0101. Ar\u012b m\u016bsu maks\u0101jumu procesi ir dro\u0161i. T\u0101 ir \u013coti sp\u0113c\u012bga un akt\u012bva viela. Saistoties ar CB1 receptoriem smadzen\u0113s, tas pal\u0113nina to darb\u012bbu. Ilgsto\u0161i lietojot, cilv\u0113ka centr\u0101l\u0101 nervu sist\u0113ma ir \u013coti neaizsarg\u0101ta. Da\u017ei \u0137\u012bmisko vielu ra\u017eot\u0101ji ra\u017eo z\u0101les augu veid\u0101 un tirgo t\u0101s uz vietas k\u0101 dro\u0161as un leg\u0101las vielas.        &nbsp;<\/p>\n","protected":false},"excerpt":{"rendered":"<p>&nbsp;<\/p>\n","protected":false},"featured_media":18669,"comment_status":"closed","ping_status":"closed","template":"","meta":{"om_disable_all_campaigns":false,"_sitemap_exclude":false,"_sitemap_priority":"","_sitemap_frequency":"","_monsterinsights_skip_tracking":false,"_monsterinsights_sitenote_active":false,"_monsterinsights_sitenote_note":"","_monsterinsights_sitenote_category":0},"product_cat":[30172],"product_tag":[30337,30348,30344,30339,30342,30347,30345,30343,30331,30340,30335,30332,30346,30333,30329,30338,30330,30341,30327,30336,30328,30334],"class_list":{"0":"post-32494","1":"product","2":"type-product","3":"status-publish","4":"has-post-thumbnail","6":"product_cat-kimisko-vielu-un-psihodelisko-lidzeklu-izpete","7":"product_tag-4f-bca-bezmaksas-piegade-eiropa","8":"product_tag-4f-bca-europe-apskats","9":"product_tag-4f-bca-europe-atlaide","10":"product_tag-4f-bca-europe-izpardosana","11":"product_tag-4f-bca-europe-piedavajumi","12":"product_tag-4f-bca-europe-piegadataji","13":"product_tag-4f-bca-europe-piegade","14":"product_tag-4f-bca-europe-veikals","15":"product_tag-4f-bca-ietekme","16":"product_tag-4f-bca-interneta-veikals-eiropa","17":"product_tag-4f-bca-labaka-cena-eiropa","18":"product_tag-4f-bca-pardosana-tiessaiste","19":"product_tag-autentisks-4f-bca-europe","20":"product_tag-cik-maksa-4f-bca","21":"product_tag-iegadajieties-4f-bca-tiessaiste","22":"product_tag-kur-nopirkt-4f-bca-europe","23":"product_tag-kur-nopirkt-4f-bca-tiessaiste","24":"product_tag-leti-4f-bca-europe","25":"product_tag-nopirkt-4f-bca","26":"product_tag-pasutiet-4f-bca-eu","27":"product_tag-pasutiet-4f-bca-tiessaiste","28":"product_tag-perciet-4f-bca-tiessaiste-eiropa","30":"first","31":"instock","32":"shipping-taxable","33":"purchasable","34":"product-type-variable","35":"farmacie-col"},"aioseo_notices":[],"_links":{"self":[{"href":"https:\/\/lacasadelamedicina.es\/lv\/wp-json\/wp\/v2\/product\/32494"}],"collection":[{"href":"https:\/\/lacasadelamedicina.es\/lv\/wp-json\/wp\/v2\/product"}],"about":[{"href":"https:\/\/lacasadelamedicina.es\/lv\/wp-json\/wp\/v2\/types\/product"}],"replies":[{"embeddable":true,"href":"https:\/\/lacasadelamedicina.es\/lv\/wp-json\/wp\/v2\/comments?post=32494"}],"wp:featuredmedia":[{"embeddable":true,"href":"https:\/\/lacasadelamedicina.es\/lv\/wp-json\/wp\/v2\/media\/18669"}],"wp:attachment":[{"href":"https:\/\/lacasadelamedicina.es\/lv\/wp-json\/wp\/v2\/media?parent=32494"}],"wp:term":[{"taxonomy":"product_cat","embeddable":true,"href":"https:\/\/lacasadelamedicina.es\/lv\/wp-json\/wp\/v2\/product_cat?post=32494"},{"taxonomy":"product_tag","embeddable":true,"href":"https:\/\/lacasadelamedicina.es\/lv\/wp-json\/wp\/v2\/product_tag?post=32494"}],"curies":[{"name":"wp","href":"https:\/\/api.w.org\/{rel}","templated":true}]}}