{"id":32462,"date":"2024-08-09T14:02:30","date_gmt":"2024-08-09T14:02:30","guid":{"rendered":"https:\/\/lacasadelamedicina.es\/product\/perciet-k2-papiru-tiessaiste\/"},"modified":"2024-09-16T17:56:50","modified_gmt":"2024-09-16T17:56:50","slug":"perciet-k2-papiru-tiessaiste","status":"publish","type":"product","link":"https:\/\/lacasadelamedicina.es\/lv\/produkts\/perciet-k2-papiru-tiessaiste\/","title":{"rendered":"P\u0113rciet K2 pap\u012bru tie\u0161saist\u0113"},"content":{"rendered":"<h3 class=\"product_title entry-title\">P\u0113rciet K2 pap\u012bru tie\u0161saist\u0113.<\/h3>\n<h3>L\u0113tas K2 pap\u012bra loksnes tiek pieg\u0101d\u0101tas l\u012bdz j\u016bsu durv\u012bm<\/h3>\n<p> J\u016bs varat ieg\u0101d\u0101ties K2 pap\u012bru tie\u0161saist\u0113. Izplat\u012bts marihu\u0101nas lieto\u0161anas veids \u0101tri p\u0101riet uz sint\u0113tisko formu. K2 pap\u012brs ir sasmalcin\u0101ta augu materi\u0101la un m\u0101ksl\u012bgu vielu mais\u012bjums ar psihed\u0113lisku iedarb\u012bbu. P\u0113t\u012bjumi liecina, ka \u0137\u012bmisk\u0101s vielas piesaist\u0101s tiem pa\u0161iem smadze\u0146u nervu \u0161\u016bnu receptoriem k\u0101 THC, paaugstinot garast\u0101vokli, veicinot relaks\u0101ciju, mainot uztveri un izraisot psihozes. Ja mekl\u0113jat augst\u0101k\u0101s klases preces, m\u016bsu uzticamaj\u0101 interneta veikal\u0101 esat non\u0101cis \u012bstaj\u0101 viet\u0101. M\u0113s ieg\u0101d\u0101jamies savus produktus no uzticamiem ra\u017eot\u0101jiem, lai nodro\u0161in\u0101tu m\u016bsu klientu dro\u0161\u012bbu. M\u0113s apsol\u0101m, ka neno\u017e\u0113losit, ka izm\u0113\u0123in\u0101j\u0101t m\u016bs.       <a href=\"https:\/\/drlawsonspharmacy\/contact-us\/\"><a href=\"https:\/\/drlawsonspharmacy\/contact-us\/\">KONTAKTI<\/a><\/a><\/p>\n<h3><strong>Pas\u016btiet K2 pap\u012bru<\/strong><\/h3>\n<p> Kanabino\u012bdi ir \u0137\u012bmiski savienojumi, kas dabiski sastopami marihu\u0101nas augos un ir daudzu farmaceitisko produktu celtniec\u012bbas bloki. Ka\u0146epju akt\u012bvajai sast\u0101vda\u013cai ir molekul\u0101ra l\u012bdz\u012bba ar sint\u0113tisko K2 augu pap\u012bru. Ieguvumi ir liel\u0101ki, un, kad sesija ir beigusies, cilv\u0113ks var justies mier\u012bgs un pacil\u0101ts. Marihu\u0101nu izmanto k\u0101 dro\u0161u aizst\u0101j\u0113ju vair\u0101kiem terapeitiskiem un atp\u016btas m\u0113r\u0137iem, jo \u200b\u200bcilv\u0113ki arvien vair\u0101k apzin\u0101s t\u0101s priek\u0161roc\u012bbas. Lai gan p\u0101rdoz\u0113\u0161ana var izrais\u012bt trauksmi, halucin\u0101cijas, paaugstin\u0101tu asinsspiedienu, s\u0101pes kr\u016bt\u012bs, elpas tr\u016bkumu, krampjus un vem\u0161anu, j\u0101iev\u0113ro piesardz\u012bba. \u0136\u012bmisk\u0101s vielas da\u017eos K2 gar\u0161vielu produktos tirg\u016b var b\u016bt b\u012bstamas. T\u0101p\u0113c ir svar\u012bgi ieg\u0101d\u0101ties Dr. Lawsons Pharmacy.       <\/p>\n<h3><strong>Pas\u016btiet K2 pap\u012bru<\/strong><\/h3>\n<p> Vai v\u0113laties ieg\u016bt lab\u0101kos augu izcelsmes produktus? M\u0113s pied\u0101v\u0101jam jums lielisku veidu, k\u0101 ieg\u0101d\u0101ties K2 pap\u012bru tie\u0161saist\u0113 par lielisk\u0101m cen\u0101m, jo \u200b\u200bmums ir liela starptautiska klientu b\u0101ze. M\u0113s ne tikai pied\u0101v\u0101jam jums liel\u0101ko izv\u0113li, bet ar\u012b pied\u0101v\u0101jam diskr\u0113tas pieg\u0101des iesp\u0113jas un dro\u0161as nor\u0113\u0137inu iesp\u0113jas. J\u016bs neesat spiests apst\u0101ties blakus eso\u0161aj\u0101s degvielas uzpildes stacij\u0101s vai atp\u016btas pietur\u0101s. Uz\u0146\u0113mums pl\u0101no turpin\u0101t paaugstin\u0101t lati\u0146u gan produktu kvalit\u0101t\u0113, gan klientu apkalpo\u0161an\u0101, lai paliktu priek\u0161\u0101 konkurentiem. M\u016bsu galvenais m\u0113r\u0137is ir b\u016bt apmierin\u0101tam, un mums vienm\u0113r ir zino\u0161a komanda, lai atrisin\u0101tu visas probl\u0113mas. Ja jums ir k\u0101di jaut\u0101jumi vai neskaidr\u012bbas, nevilcinieties sazin\u0101ties ar mums.<\/p>\n","protected":false},"excerpt":{"rendered":"<p>Katr\u0101 A4 form\u0101ta loksn\u0113 ir 25 ml = 0,845351 \u0161\u0137idruma unces \u0161\u0137idruma K2 inf\u016bzijas. P\u0101rdodu K2 pap\u012bru, kas ir bezkr\u0101sains un bez smar\u017eas. Papildus p\u0101rdodam K2 aerosolu. M\u0113s pied\u0101v\u0101jam augst\u0101k\u0101s kvalit\u0101tes produktus ar izcilu un diskr\u0113tu pieg\u0101di. Ar 12 gadu pieredzi p\u0113tniec\u012bbas \u0137\u012bmisko vielu pieg\u0101d\u0113 dro\u0161\u012bba ir m\u016bsu galven\u0101 priorit\u0101te. M\u0113s esam uzticami un pied\u0101v\u0101jam tikai augstas kvalit\u0101tes produktus par konkur\u0113tsp\u0113j\u012bg\u0101m cen\u0101m. P\u0113rciet K2 pap\u012bru tie\u0161saist\u0113, l\u0113tu K2 pap\u012bru, p\u0101rdodu K2 pap\u012bru, leg\u0101lo augsto K2 spice pap\u012bru, \u0161\u0137idro K2 uz pap\u012bra, gar\u0161vielu pap\u012bru,       &nbsp;<\/p>\n","protected":false},"featured_media":18804,"comment_status":"closed","ping_status":"closed","template":"","meta":{"om_disable_all_campaigns":false,"_sitemap_exclude":false,"_sitemap_priority":"","_sitemap_frequency":"","_monsterinsights_skip_tracking":false,"_monsterinsights_sitenote_active":false,"_monsterinsights_sitenote_note":"","_monsterinsights_sitenote_category":0},"product_cat":[30172],"product_tag":[30258,30245,30249,30243,30260,30256,30254,30259,30255,30252,30251,30244,30257,30247,30250,30242,30253,30248,30240,30239,30241,30246],"class_list":{"0":"post-32462","1":"product","2":"type-product","3":"status-publish","4":"has-post-thumbnail","6":"product_cat-kimisko-vielu-un-psihodelisko-lidzeklu-izpete","7":"product_tag-autentisks-k2-papirs-eiropa","8":"product_tag-cik-maksa-k2-papirs","9":"product_tag-k2-papira-bezmaksas-piegade-eiropa","10":"product_tag-k2-papira-efekti","11":"product_tag-k2-papira-eiropas-apskats","12":"product_tag-k2-papira-eiropas-atlaide","13":"product_tag-k2-papira-eiropas-piedavajumi","14":"product_tag-k2-papira-eiropas-piegadataji","15":"product_tag-k2-papira-eiropas-veikals","16":"product_tag-k2-papira-interneta-veikals-eiropa","17":"product_tag-k2-papira-izpardosana-eiropa","18":"product_tag-k2-papira-pardosana-tiessaiste","19":"product_tag-k2-papira-piegade-eiropa","20":"product_tag-k2-papirs-par-labako-cenu-eiropa","21":"product_tag-kur-nopirkt-k2-papiru-eiropa","22":"product_tag-kur-tiessaiste-iegadaties-k2-papiru","23":"product_tag-lets-k2-papirs-eiropa","24":"product_tag-pasutiet-k2-papiru-eu","25":"product_tag-pasutiet-k2-papiru-tiessaiste","26":"product_tag-perciet-k2-papiru","27":"product_tag-perciet-k2-papiru-tiessaiste","28":"product_tag-perciet-k2-papiru-tiessaiste-eiropa","30":"first","31":"instock","32":"shipping-taxable","33":"purchasable","34":"product-type-variable","35":"farmacie-col"},"aioseo_notices":[],"_links":{"self":[{"href":"https:\/\/lacasadelamedicina.es\/lv\/wp-json\/wp\/v2\/product\/32462"}],"collection":[{"href":"https:\/\/lacasadelamedicina.es\/lv\/wp-json\/wp\/v2\/product"}],"about":[{"href":"https:\/\/lacasadelamedicina.es\/lv\/wp-json\/wp\/v2\/types\/product"}],"replies":[{"embeddable":true,"href":"https:\/\/lacasadelamedicina.es\/lv\/wp-json\/wp\/v2\/comments?post=32462"}],"wp:featuredmedia":[{"embeddable":true,"href":"https:\/\/lacasadelamedicina.es\/lv\/wp-json\/wp\/v2\/media\/18804"}],"wp:attachment":[{"href":"https:\/\/lacasadelamedicina.es\/lv\/wp-json\/wp\/v2\/media?parent=32462"}],"wp:term":[{"taxonomy":"product_cat","embeddable":true,"href":"https:\/\/lacasadelamedicina.es\/lv\/wp-json\/wp\/v2\/product_cat?post=32462"},{"taxonomy":"product_tag","embeddable":true,"href":"https:\/\/lacasadelamedicina.es\/lv\/wp-json\/wp\/v2\/product_tag?post=32462"}],"curies":[{"name":"wp","href":"https:\/\/api.w.org\/{rel}","templated":true}]}}