{"id":32440,"date":"2024-08-09T14:02:30","date_gmt":"2024-08-09T14:02:30","guid":{"rendered":"https:\/\/lacasadelamedicina.es\/product\/perciet-k2-dumu-aerosolu-tiessaiste-spice-tiessaiste\/"},"modified":"2024-09-16T17:56:52","modified_gmt":"2024-09-16T17:56:52","slug":"perciet-k2-dumu-aerosolu-tiessaiste-spice-tiessaiste","status":"publish","type":"product","link":"https:\/\/lacasadelamedicina.es\/lv\/produkts\/perciet-k2-dumu-aerosolu-tiessaiste-spice-tiessaiste\/","title":{"rendered":"P\u0113rciet K2 d\u016bmu aerosolu tie\u0161saist\u0113 (SPICE) tie\u0161saist\u0113"},"content":{"rendered":"<h3>P\u0113rciet K2 v\u012braka aerosolu tie\u0161saist\u0113 (SPICE) tie\u0161saist\u0113.<\/h3>\n<p> P\u0113rc K2 v\u012braka aerosolu \u2013 pieejams ar\u012b K2 pap\u012brs. Ir iesp\u0113jams ieg\u0101d\u0101ties bezkr\u0101sainu un bez smar\u017eas K2 aerosolu. Lai p\u0101rkl\u0101tu visu A4 pap\u012bra lapu, jums ir nepiecie\u0161ami 25 ml aerosola. P\u0113rciet K2 v\u012braka aerosolu tie\u0161saist\u0113 (SPICE) <a href=\"https:\/\/drlawsonspharmacy\/contact-us\/\">KONTAKTI<\/a> Divi vispaz\u012bstam\u0101kie sint\u0113tisk\u0101s marihu\u0101nas nosaukumi ir arom\u0101ts un K2. Tie sast\u0101v no \u017e\u0101v\u0113ta augu materi\u0101la, kas sajaukts ar m\u0101ksl\u012bgajiem kanabino\u012bdiem. M\u0101ksl\u012bgie kanabino\u012bdi ir sint\u0113tiski mais\u012bjumi, kam ir t\u0101da pati ietekme uz smadze\u0146u kanabino\u012bdu receptoriem k\u0101 delta9-tetrahidrokanabinolam (THC), kas ir galven\u0101 marihu\u0101nas psihoakt\u012bv\u0101 sast\u0101vda\u013ca. Ka\u0146epju lietot\u0101ji uzskata, ka Spice lieto\u0161anai ir l\u012bdz\u012bga ietekme. Kanabino\u012bdi jeb \u0137\u012bmiskie savienojumi ir atrodami marihu\u0101nas aug\u0101. Z\u0101\u013cu grupu, ko sauc par m\u0101ksl\u012bgiem kanabino\u012bdiem, sauc par arom\u0101tu un K2. Tie sast\u0101v no \u017e\u0101v\u0113ta augu materi\u0101la, kas ir apstr\u0101d\u0101ts ar m\u0101ksl\u012bg\u0101m viel\u0101m, lai ietekm\u0113tu uztveri. Pirmk\u0101rt, anal\u012bti\u0137i veica testus, izmantojot \u0161\u012bs m\u0101ksl\u012bg\u0101s z\u0101les.           <\/p>\n<h3>P\u0113rciet K2 d\u016bmu aerosolu tie\u0161saist\u0113 (SPICE)<\/h3>\n<p> K2 tiek pied\u0101v\u0101ts ar\u012b k\u0101 \u0161\u0137idrums, ko var sm\u0113\u0137\u0113t, izmantojot e-cigaretes. To var ar\u012b lietot k\u0101 t\u0113ju vai k\u016bpin\u0101t savienojumos vai p\u012bp\u0113s. P\u0113c tam \u0161\u0137idr\u0101 K2 forma tiek pilin\u0101ta uz \u0161\u0137iedr\u0101m, pap\u012bra un augiem. Gar\u0161vielai var b\u016bt l\u012bdz\u012bga iedarb\u012bba k\u0101 marihu\u0101nai, ta\u010du to lieto galvenok\u0101rt t\u0101s r\u012bc\u012bbas br\u012bv\u012bbas un b\u0113d\u012bg\u0101s slavas d\u0113\u013c. Parasti \u0161\u012b \u0137\u012bmisk\u0101 viela tiek pied\u0101v\u0101ta k\u0101 augu materi\u0101ls. Neskatoties uz to, ka m\u0113s pied\u0101v\u0101jam izcilu K2 gar\u0161u, m\u016bsu piel\u0101goto mais\u012bjumu kop\u0113jo sast\u0101vu piln\u012bb\u0101 nosaka sp\u0113k\u0101 eso\u0161ie noteikumi. Z\u0101\u013cu v\u012braks tie\u0161saist\u0113 Lai atmodin\u0101tu savas saj\u016btas, ieg\u0101d\u0101jieties sp\u0113c\u012bgus K2 augu v\u012brakus! P\u0113rkot K2 no mums, m\u016bsu kvalit\u0101te izce\u013cas no tiem, kas p\u0101rdod nedz\u012bvus mais\u012bjumus un imit\u0101cijas. M\u0113s izce\u013camies no citiem p\u0101rdev\u0113jiem, jo \u200b\u200bm\u0113s p\u0101rdodam augstas kvalit\u0101tes augu v\u012braks. P\u0101rdodu m\u0101ksl\u012bgu ielu trankvilizatoru ar sint\u0113tisk\u0101m viel\u0101m, kas izsmidzina uz gar\u0161as, arom\u0101ts ir paz\u012bstams ar\u012b k\u0101 K2, sint\u0113tisk\u0101 marihu\u0101na un sint\u0113tiskais nez\u0101\u013cu v\u012braka aerosols, k2 aerosols. Uz pap\u012bra, K2 \u0161\u0137idrums. J\u016bs varat ieg\u0101d\u0101ties K2 izsmidzin\u0101mos un \u0161\u0137idros v\u012brakus tie\u0161saist\u0113. Pas\u016btiet augst\u0101k\u0101s kvalit\u0101tes K2 zing pap\u012bru un pieg\u0101d\u0101jiet to tie\u0161i uz m\u0101j\u0101m.             <\/p>\n<h3><strong>K2 v\u012braka aerosols tie\u0161saist\u0113 (SPICE) tie\u0161saist\u0113<\/strong><\/h3>\n<p> Ja v\u0113laties apg\u016bt K2 viet\u0113jos v\u012braka \u0161\u0137idrumus un e-\u0161\u0137idrumus tie\u0161saist\u0113, esat non\u0101cis ide\u0101l\u0101 viet\u0101. Lai apmierin\u0101tu visu klientu vajadz\u012bbas Amerikas Savienotaj\u0101s Valst\u012bs un vis\u0101 pasaul\u0113, m\u0113s p\u0101rdodam viet\u0113jos dusm\u012bgos K2 \u0161\u0137idruma domin\u0113jo\u0161os elementus par viszem\u0101kaj\u0101m cen\u0101m. V\u0113l viens labi zin\u0101ms lietojums ir K2 du\u0161u izgatavo\u0161ana, ko parasti lieto lok\u0101li. Tas neap\u0161aub\u0101mi ir vit\u0101li svar\u012bgi. Ra\u017eotie kanabino\u012bdi \u2013 saukti ar\u012b par \u201cgar\u0161u\u201d vai \u201cK2\u201d \u2013 pirmo reizi par\u0101d\u012bj\u0101s Amerikas Savienotaj\u0101s Valst\u012bs 2000. gados. augstas kvalit\u0101tes K2 gar\u0161vielu pap\u012brs. M\u0113s pied\u0101v\u0101jam lab\u0101ko K2 gar\u0161vielu pap\u012bru, ko varat ieg\u0101d\u0101ties tie\u0161saist\u0113. Ieg\u016bstiet to t\u016bl\u012bt. Kas \u012bsti ir sint\u0113tisk\u0101 marihu\u0101na (paz\u012bstama ar\u012b k\u0101 K2, Spice vai ra\u017eotie kanabino\u012bdi)? Lab\u0101kie viet\u0113jie v\u012braks ir pieejami pie mums.          &nbsp;<\/p>\n","protected":false},"excerpt":{"rendered":"<p>K2 Spray ir pieejams ieg\u0101dei, un tas ir bezkr\u0101sains un bez smar\u017eas. Lai izsmidzin\u0101tu visu A4 pap\u012bra lapu, jums b\u016bs nepiecie\u0161ami 25 ml. K2 pap\u012brs ir v\u0113l viena prece, ko m\u0113s p\u0101rdodam.   &nbsp;<\/p>\n","protected":false},"featured_media":18789,"comment_status":"closed","ping_status":"closed","template":"","meta":{"om_disable_all_campaigns":false,"_sitemap_exclude":false,"_sitemap_priority":"","_sitemap_frequency":"","_monsterinsights_skip_tracking":false,"_monsterinsights_sitenote_active":false,"_monsterinsights_sitenote_note":"","_monsterinsights_sitenote_category":0},"product_cat":[30172],"product_tag":[30192,30179,30177,30178,30183,30190,30185,30193,30194,30188,30191,30189,30186,30181,30184,30175,30187,30182,30176,30173,30174,30180],"class_list":{"0":"post-32440","1":"product","2":"type-product","3":"status-publish","4":"has-post-thumbnail","6":"product_cat-kimisko-vielu-un-psihodelisko-lidzeklu-izpete","7":"product_tag-autentisks-k2-dumu-aerosols-spice-eiropa","8":"product_tag-cik-maksa-k2-dumu-aerosols-spice","9":"product_tag-k2-dumu-aerosola-spice-ietekme","10":"product_tag-k2-dumu-aerosola-spice-tirdznieciba-tiessaiste","11":"product_tag-k2-dumu-aerosols-spice-bezmaksas-piegade-eiropa","12":"product_tag-k2-dumu-aerosols-spice-eiropa-atlaide","13":"product_tag-k2-dumu-aerosols-spice-eiropa-izpardosana","14":"product_tag-k2-dumu-aerosols-spice-eiropa-piegadatajiem","15":"product_tag-k2-dumu-aerosols-spice-eiropas-apskats","16":"product_tag-k2-dumu-aerosols-spice-eiropas-piedavajumi","17":"product_tag-k2-dumu-aerosols-spice-eiropas-piegade","18":"product_tag-k2-dumu-aerosols-spice-eiropas-veikals","19":"product_tag-k2-dumu-aerosols-spice-interneta-veikals-eiropa","20":"product_tag-k2-dumu-aerosols-spice-labaka-cena-eiropa","21":"product_tag-kur-nopirkt-k2-dumu-aerosolu-spice-eiropa","22":"product_tag-kur-tiessaiste-nopirkt-dumu-aerosolu-k2-spice","23":"product_tag-lets-k2-dumu-aerosols-spice-eiropa","24":"product_tag-pasutiet-k2-dumu-aerosolu-spice-eu","25":"product_tag-pasutiet-k2-dumu-aerosolu-spice-tiessaiste","26":"product_tag-perciet-k2-dumu-aerosolu-spice","27":"product_tag-perciet-k2-dumu-aerosolu-spice-tiessaiste","28":"product_tag-perciet-k2-dumu-aerosolu-spice-tiessaiste-eiropa","30":"first","31":"instock","32":"shipping-taxable","33":"purchasable","34":"product-type-variable","35":"farmacie-col"},"aioseo_notices":[],"_links":{"self":[{"href":"https:\/\/lacasadelamedicina.es\/lv\/wp-json\/wp\/v2\/product\/32440"}],"collection":[{"href":"https:\/\/lacasadelamedicina.es\/lv\/wp-json\/wp\/v2\/product"}],"about":[{"href":"https:\/\/lacasadelamedicina.es\/lv\/wp-json\/wp\/v2\/types\/product"}],"replies":[{"embeddable":true,"href":"https:\/\/lacasadelamedicina.es\/lv\/wp-json\/wp\/v2\/comments?post=32440"}],"wp:featuredmedia":[{"embeddable":true,"href":"https:\/\/lacasadelamedicina.es\/lv\/wp-json\/wp\/v2\/media\/18789"}],"wp:attachment":[{"href":"https:\/\/lacasadelamedicina.es\/lv\/wp-json\/wp\/v2\/media?parent=32440"}],"wp:term":[{"taxonomy":"product_cat","embeddable":true,"href":"https:\/\/lacasadelamedicina.es\/lv\/wp-json\/wp\/v2\/product_cat?post=32440"},{"taxonomy":"product_tag","embeddable":true,"href":"https:\/\/lacasadelamedicina.es\/lv\/wp-json\/wp\/v2\/product_tag?post=32440"}],"curies":[{"name":"wp","href":"https:\/\/api.w.org\/{rel}","templated":true}]}}