{"id":32435,"date":"2024-08-09T14:02:39","date_gmt":"2024-08-09T14:02:39","guid":{"rendered":"https:\/\/lacasadelamedicina.es\/product\/perciet-170-ug-shiva-lsd-bloteri-tiessaiste\/"},"modified":"2024-09-16T17:55:18","modified_gmt":"2024-09-16T17:55:18","slug":"perciet-170-ug-shiva-lsd-bloteri-tiessaiste","status":"publish","type":"product","link":"https:\/\/lacasadelamedicina.es\/lv\/produkts\/perciet-170-ug-shiva-lsd-bloteri-tiessaiste\/","title":{"rendered":"P\u0113rciet 170 ug Shiva LSD bloteri tie\u0161saist\u0113"},"content":{"rendered":"<h2><strong>P\u0113rciet 1P-LSD 170UG SHIVA LSD BLOTTERUS tie\u0161saist\u0113<\/strong><\/h2>\n<p> Psihed\u0113liskais medikaments 1P-LSD, ko sauc ar\u012b par 1-propionil-lizerg\u012bnsk\u0101bes dietilam\u012bdu, ir LSD atvasin\u0101jums un funkcion\u0101ls analogs un ALD-52 homologs. LSD un 1P-LSD ir kop\u012bgas \u0137\u012bmiskas attiec\u012bbas, un tiek uzskat\u012bts, ka to iedarb\u012bba ir diezgan l\u012bdz\u012bga. Lai gan par 1P-LSD farmakolo\u0123iju ir zin\u0101ms maz, tas, iesp\u0113jams, iedarbojas uz seroton\u012bna receptoriem smadzen\u0113s, radot t\u0101 psihed\u0113lisko efektu.   <\/p>\n<h2><strong>P\u0113rciet 170 ug \u0161ivas LSD bloteri<\/strong><\/h2>\n<p> IUPAC ID: (6aR,9R)-N,N-dietil-7-metil-4,6,6a,7,8,9-heksahidroindolo- [4,3-fg] hinol\u012bna-9-karboksam\u012bds Mol\u0101r\u0101 masa: 323,43 g Ku\u0161anas temperat\u016bra: 80 \u00b0C Formula: C20H25N3O CAS ID: 50-37-3 Lizer\u0123sk\u0101bes dietilam\u012bds, kas paz\u012bstams ar\u012b k\u0101 sk\u0101be, ir psihed\u0113lisks medikaments, kas paz\u012bstams ar savu psiholo\u0123isko iedarb\u012bbu. Formula: C20H25N30 IUPAC ID: (6aR,9R)- N,N-dietil-7-metil-4,6,6a,7,8,9-heksahidroindolo-  [4,3-fg] hinol\u012bna-9-karboksam\u012bds Mol\u0101r\u0101 masa: 323,43 g\/mol Ku\u0161anas temperat\u016bra: 80 \u00b0C CAS ID: 50-37-3 <\/p>\n<h3><strong>1P-LSD 170UG SHIVA LSD BLOTERI<\/strong><\/h3>\n<p> Mums ir daudz loj\u0101lu klientu vis\u0101 pasaul\u0113, un m\u0113s ceram uz sadarb\u012bbu ar jums ilgtermi\u0146\u0101. Ja jums nepiecie\u0161ama papildu inform\u0101cija, nevilcinieties sazin\u0101ties ar mums; m\u0113s dar\u012bsim visu iesp\u0113jamo, lai apmierin\u0101tu j\u016bsu vajadz\u012bbas. Jauni psihoakt\u012bvi savienojumi jeb pr\u0101tu maino\u0161as \u0137\u012bmiskas vielas, kas ir sintez\u0113tas laboratorij\u0101 un pied\u0101v\u0101tas k\u0101 likum\u012bgi aizst\u0101j\u0113ji neleg\u0101l\u0101m narkotik\u0101m, piem\u0113ram, koka\u012bnam un marihu\u0101nai, p\u0113d\u0113jo 20 gadu laik\u0101 narkotiku nozar\u0113 ir k\u013cuvu\u0161as arvien izplat\u012bt\u0101kas. \u0160\u012bs z\u0101les nav tiku\u0161as pla\u0161i p\u0101rbaud\u012btas, t\u0101p\u0113c ir iesp\u0113jams, ka to iedarb\u012bba b\u016bs nekonsekventa un neparedzama.    <\/p>\n<h3><strong>EFEKTI<\/strong><\/h3>\n<p> Zin\u0101tniskaj\u0101 literat\u016br\u0101 1P-LSD iedarb\u012bbas profils nav labi aprakst\u012bts. Parasti tiek uzskat\u012bts, ka tas ir l\u012bdz\u012bgs LSD. Saska\u0146\u0101 ar vair\u0101kiem anekdotiskiem zi\u0146ojumiem, 1P-LSD cilv\u0113kiem saglab\u0101jas nedaudz maz\u0101k laika nek\u0101 LSD, un liel\u0101k\u0101 da\u013ca lietot\u0101ju apgalvo, ka nesp\u0113j noteikt at\u0161\u0137ir\u012bbu starp abu z\u0101\u013cu kvalitat\u012bvo iedarb\u012bbu.   <\/p>\n<h3><strong>GAMA IZV\u0112LE<\/strong><\/h3>\n<p> Vissvar\u012bg\u0101kais faktors, izv\u0113loties m\u016bsu pakalpojumu, ir Meth Trust. Prim\u0101rais aspekts arvien liel\u0101ka klientu skaita ieg\u016b\u0161anai ir kvalit\u0101te. Pied\u0101v\u0101jumi un atlaides ir \u013coti svar\u012bgas m\u016bsu klientu pan\u0101kumiem.   <\/p>\n<h3><strong>SECIN\u0100JUMS<\/strong><\/h3>\n<p> Viens no popul\u0101r\u0101kajiem LSD produktiem pusaud\u017eu vid\u016b, kuri to bie\u017ei lieto k\u0101 ball\u012b\u0161u narkotiku, ir Goblin\u2019s Den. Virtu\u0101laj\u0101 tirg\u016b ir liels LSD pre\u010du kl\u0101sts, kas ir br\u012bvi pieejams. \u0160eit m\u0113s garant\u0113jam jums lab\u0101ko produkta kvalit\u0101ti un cenu, 200 mcg Goblin\u2019s Den.<\/p>\n","protected":false},"excerpt":{"rendered":"<p>P\u0113rciet 1P-LSD 170UG SHIVA LSD BLOTTERUS tie\u0161saist\u0113 Psihed\u0113liskais medikaments 1P-LSD, ko sauc ar\u012b par 1-propionil-lizerg\u012bnsk\u0101bes dietilam\u012bdu, ir LSD atvasin\u0101jums un funkcion\u0101ls analogs un ALD-52 homologs. LSD un 1P-LSD ir kop\u012bgas \u0137\u012bmiskas attiec\u012bbas, un tiek uzskat\u012bts, ka to iedarb\u012bba ir diezgan l\u012bdz\u012bga. Lai gan par 1P-LSD farmakolo\u0123iju ir zin\u0101ms maz, tas, iesp\u0113jams, iedarbojas uz seroton\u012bna receptoriem [&hellip;]<\/p>\n","protected":false},"featured_media":19209,"comment_status":"open","ping_status":"closed","template":"","meta":{"om_disable_all_campaigns":false,"_sitemap_exclude":false,"_sitemap_priority":"","_sitemap_frequency":"","_monsterinsights_skip_tracking":false,"_monsterinsights_sitenote_active":false,"_monsterinsights_sitenote_note":"","_monsterinsights_sitenote_category":0},"product_cat":[29530],"product_tag":[30154,30158,30160,30168,30171,30167,30162,30165,30170,30166,30155,30163,30169,30156,30151,30161,30152,30164,30153,30159,30150,30157],"class_list":{"0":"post-32435","1":"product","2":"type-product","3":"status-publish","4":"has-post-thumbnail","6":"product_cat-lsd-lv","7":"product_tag-170-ug-shiva-lsd-bloteri-iedarbiba","8":"product_tag-170-ug-shiva-lsd-bloteri-par-labako-cenu-eiropa","9":"product_tag-170-ug-shiva-lsd-blotters-bezmaksas-piegade-uz-eiropu","10":"product_tag-170-ug-shiva-lsd-blotters-eiropas-piegade","11":"product_tag-170-ug-shiva-lsd-blotters-europe-apskats","12":"product_tag-170-ug-shiva-lsd-blotters-europe-atlaide","13":"product_tag-170-ug-shiva-lsd-blotters-europe-izpardosana","14":"product_tag-170-ug-shiva-lsd-blotters-europe-piedavajumi","15":"product_tag-170-ug-shiva-lsd-blotters-europe-piegadataji","16":"product_tag-170-ug-shiva-lsd-blotters-europe-veikals","17":"product_tag-170-ug-shiva-lsd-blotters-pardosana-tiessaiste","18":"product_tag-170ug-shiva-lsd-blotters-interneta-veikals-eiropa","19":"product_tag-autentiski-170-ug-shiva-lsd-blotters-europe","20":"product_tag-cik-maksa-170-ug-shiva-lsd-bloteri","21":"product_tag-iegadajieties-170-ug-shiva-lsd-bloteri-tiessaiste","22":"product_tag-kur-nopirkt-170g-shiva-lsd-blotters-europe","23":"product_tag-kur-tiessaiste-iegadaties-170-ug-shiva-lsd-bloteri","24":"product_tag-leti-170-g-shiva-lsd-blotters-europe","25":"product_tag-pasutiet-170-ug-shiva-lsd-bloteri-tiessaiste","26":"product_tag-pasutiet-170-ug-shiva-lsd-blotters-eu","27":"product_tag-perciet-170-ug-shiva-lsd-bloteri","28":"product_tag-perciet-170-ug-shiva-lsd-bloteri-tiessaiste-eiropa","30":"first","31":"instock","32":"shipping-taxable","33":"purchasable","34":"product-type-variable","35":"farmacie-col"},"aioseo_notices":[],"_links":{"self":[{"href":"https:\/\/lacasadelamedicina.es\/lv\/wp-json\/wp\/v2\/product\/32435"}],"collection":[{"href":"https:\/\/lacasadelamedicina.es\/lv\/wp-json\/wp\/v2\/product"}],"about":[{"href":"https:\/\/lacasadelamedicina.es\/lv\/wp-json\/wp\/v2\/types\/product"}],"replies":[{"embeddable":true,"href":"https:\/\/lacasadelamedicina.es\/lv\/wp-json\/wp\/v2\/comments?post=32435"}],"wp:featuredmedia":[{"embeddable":true,"href":"https:\/\/lacasadelamedicina.es\/lv\/wp-json\/wp\/v2\/media\/19209"}],"wp:attachment":[{"href":"https:\/\/lacasadelamedicina.es\/lv\/wp-json\/wp\/v2\/media?parent=32435"}],"wp:term":[{"taxonomy":"product_cat","embeddable":true,"href":"https:\/\/lacasadelamedicina.es\/lv\/wp-json\/wp\/v2\/product_cat?post=32435"},{"taxonomy":"product_tag","embeddable":true,"href":"https:\/\/lacasadelamedicina.es\/lv\/wp-json\/wp\/v2\/product_tag?post=32435"}],"curies":[{"name":"wp","href":"https:\/\/api.w.org\/{rel}","templated":true}]}}