{"id":32434,"date":"2024-08-09T14:02:39","date_gmt":"2024-08-09T14:02:39","guid":{"rendered":"https:\/\/lacasadelamedicina.es\/product\/perciet-albertu-einsteinu-karalieni-elizabeti-tiessaiste\/"},"modified":"2024-09-16T17:56:07","modified_gmt":"2024-09-16T17:56:07","slug":"perciet-albertu-einsteinu-karalieni-elizabeti-tiessaiste","status":"publish","type":"product","link":"https:\/\/lacasadelamedicina.es\/lv\/produkts\/perciet-albertu-einsteinu-karalieni-elizabeti-tiessaiste\/","title":{"rendered":"P\u0113rciet Albertu Ein\u0161teinu + Karalieni Elizabeti tie\u0161saist\u0113"},"content":{"rendered":"<h2>P\u0113rciet Albertu Ein\u0161teinu + Karalieni Elizabeti tie\u0161saist\u0113. Komplekt\u0101 2 augstas kvalit\u0101tes palagi. <\/h2>\n<p> P\u0113rciet Albertu Ein\u0161teinu + Karalieni Elizabeti tie\u0161saist\u0113. 2 augstas kvalit\u0101tes palagu komplekts. \u0160\u012bm perfor\u0113taj\u0101m loksn\u0113m ir spilgtas kr\u0101sas, augstas deta\u013cas un t\u012bra 1\/4 collas perfor\u0101cija. 2 Da\u017e\u0101di dizaini \u2013 tiek p\u0101rdoti ar\u012b atsevi\u0161\u0137i.<\/p>\n","protected":false},"excerpt":{"rendered":"<p>P\u0113rciet Albertu Ein\u0161teinu + Karalieni Elizabeti tie\u0161saist\u0113. Komplekt\u0101 2 augstas kvalit\u0101tes palagi. P\u0113rciet Albertu Ein\u0161teinu + Karalieni Elizabeti tie\u0161saist\u0113. 2 augstas kvalit\u0101tes palagu komplekts. \u0160\u012bm perfor\u0113taj\u0101m loksn\u0113m ir spilgtas kr\u0101sas, augstas deta\u013cas un t\u012bra 1\/4 collas perfor\u0101cija. 2 Da\u017e\u0101di dizaini \u2013 tiek p\u0101rdoti ar\u012b atsevi\u0161\u0137i.<\/p>\n","protected":false},"featured_media":19239,"comment_status":"open","ping_status":"closed","template":"","meta":{"om_disable_all_campaigns":false,"_sitemap_exclude":false,"_sitemap_priority":"","_sitemap_frequency":"","_monsterinsights_skip_tracking":false,"_monsterinsights_sitenote_active":false,"_monsterinsights_sitenote_note":"","_monsterinsights_sitenote_category":0},"product_cat":[29530],"product_tag":[29908,29925,29916,29919,29920,29909,29914,29921,29924,29912,29917,29922,29923,29910,29915,29906,29918,29913,29907,29904,29905,29911],"class_list":{"0":"post-32434","1":"product","2":"type-product","3":"status-publish","4":"has-post-thumbnail","6":"product_cat-lsd-lv","7":"product_tag-alberta-einsteina-karalienes-elizabetes-efekti","8":"product_tag-alberta-einsteina-karalienes-elizabetes-eiropas-apskats","9":"product_tag-alberta-einsteina-karalienes-elizabetes-eiropas-izpardosana","10":"product_tag-alberta-einsteina-karalienes-elizabetes-eiropas-piedavajumi","11":"product_tag-alberta-einsteina-karalienes-elizabetes-eiropas-veikals","12":"product_tag-alberta-einsteina-un-karalienes-elizabetes-pardosana-tiessaiste","13":"product_tag-alberts-einsteins-karaliene-elizabete-bezmaksas-piegade-eiropa","14":"product_tag-alberts-einsteins-karaliene-elizabete-eiropas-atlaide","15":"product_tag-alberts-einsteins-karaliene-elizabete-eiropas-piegadataji","16":"product_tag-alberts-einsteins-karaliene-elizabete-labaka-cena-eiropa","17":"product_tag-alberts-einsteins-karalienes-elizabetes-interneta-veikals-eiropa","18":"product_tag-alberts-einsteins-karalienes-elizabetes-piegade-eiropa","19":"product_tag-autentisks-alberts-einsteins-eiropa-karaliene-elizabete","20":"product_tag-cik-maksa-alberts-einsteins-karaliene-elizabete","21":"product_tag-kur-nopirkt-albert-einstein-queen-elizabeth-europe","22":"product_tag-kur-tiessaiste-iegadaties-albertu-einsteinu-karalieni-elizabeti","23":"product_tag-leti-alberts-einsteins-karaliene-elizabete-eiropa","24":"product_tag-ordenis-alberts-einsteins-karaliene-elizabete-es","25":"product_tag-pasutiet-albertu-einsteinu-karalieni-elizabeti-tiessaiste","26":"product_tag-perciet-albertu-einsteinu-karalieni-elizabeti","27":"product_tag-perciet-albertu-einsteinu-karalieni-elizabeti-tiessaiste","28":"product_tag-perciet-albertu-einsteinu-karalieni-elizabeti-tiessaiste-eiropa","30":"first","31":"instock","32":"shipping-taxable","33":"purchasable","34":"product-type-simple","35":"farmacie-col"},"aioseo_notices":[],"_links":{"self":[{"href":"https:\/\/lacasadelamedicina.es\/lv\/wp-json\/wp\/v2\/product\/32434"}],"collection":[{"href":"https:\/\/lacasadelamedicina.es\/lv\/wp-json\/wp\/v2\/product"}],"about":[{"href":"https:\/\/lacasadelamedicina.es\/lv\/wp-json\/wp\/v2\/types\/product"}],"replies":[{"embeddable":true,"href":"https:\/\/lacasadelamedicina.es\/lv\/wp-json\/wp\/v2\/comments?post=32434"}],"wp:featuredmedia":[{"embeddable":true,"href":"https:\/\/lacasadelamedicina.es\/lv\/wp-json\/wp\/v2\/media\/19239"}],"wp:attachment":[{"href":"https:\/\/lacasadelamedicina.es\/lv\/wp-json\/wp\/v2\/media?parent=32434"}],"wp:term":[{"taxonomy":"product_cat","embeddable":true,"href":"https:\/\/lacasadelamedicina.es\/lv\/wp-json\/wp\/v2\/product_cat?post=32434"},{"taxonomy":"product_tag","embeddable":true,"href":"https:\/\/lacasadelamedicina.es\/lv\/wp-json\/wp\/v2\/product_tag?post=32434"}],"curies":[{"name":"wp","href":"https:\/\/api.w.org\/{rel}","templated":true}]}}