{"id":32433,"date":"2024-08-09T14:02:39","date_gmt":"2024-08-09T14:02:39","guid":{"rendered":"https:\/\/lacasadelamedicina.es\/product\/perciet-1p-lsd-bloteri-150mcg-tiessaiste\/"},"modified":"2024-09-16T17:56:09","modified_gmt":"2024-09-16T17:56:09","slug":"perciet-1p-lsd-bloteri-150mcg-tiessaiste","status":"publish","type":"product","link":"https:\/\/lacasadelamedicina.es\/lv\/produkts\/perciet-1p-lsd-bloteri-150mcg-tiessaiste\/","title":{"rendered":"P\u0113rciet 1P-LSD bloteri 150mcg tie\u0161saist\u0113"},"content":{"rendered":"<h3>P\u0113rciet 150 mcg 1P-LSD bloteri: izp\u0113tiet \u0137\u012bmisko inform\u0101ciju<\/h3>\n<p><strong>Kas ir 150 mcg 1P-LSD bloteri?<\/strong> 1P-LSD bloteri (150 mcg) ir p\u0113tniecisk\u0101s \u0137\u012bmisk\u0101s vielas veids, ko parasti izmanto p\u0113t\u012bjumos. Lai gan \u0161os bloteri pa\u0161laik ir likum\u012bgi p\u0101rdot un ieg\u0101d\u0101ties, to juridiskais statuss var main\u012bties. Ir svar\u012bgi atz\u012bm\u0113t, ka 1P-LSD bloteri ir paredz\u0113ti tikai p\u0113tniec\u012bbas nol\u016bkiem un nav apstiprin\u0101ti lieto\u0161anai p\u0101rtik\u0101. <strong>Uzglab\u0101\u0161anas vadl\u012bnijas 150mcg 1P-LSD blotteriem<\/strong> Lai nodro\u0161in\u0101tu 1P-LSD bloteri (150mcg) ilgm\u016b\u017e\u012bbu un efektivit\u0101ti, uzglab\u0101jiet tos v\u0113s\u0101, saus\u0101 viet\u0101. Uzglab\u0101jot \u0161\u0101dos apst\u0101k\u013cos, \u0137\u012bmisk\u0101 viela paliek stabila l\u012bdz diviem gadiem. Pareiza uzglab\u0101\u0161ana pal\u012bdz\u0113s saglab\u0101t bloteri integrit\u0101ti vis\u0101 to glab\u0101\u0161anas laik\u0101. IUPAC: 1-propionil-lizerg\u012bnsk\u0101bes dietilam\u012bds CAS#: N\/A Molekul\u0101r\u0101 formula: C23H29N3O2 Molekulmasa: 379,45926g\/mol <strong>Pas\u016btiet 150mcg 1P-LSD bloteri no Chemswell!<\/strong> Chemswell pied\u0101v\u0101 \u0101tru un uzticamu 150mcg 1P-LSD bloteri pieg\u0101di. Ja veicat pas\u016bt\u012bjumu \u0161odien, varat sagaid\u012bt, ka j\u016bsu paka pien\u0101ks pie j\u016bsu durv\u012bm vienas dienas laik\u0101. PostNL visas pieg\u0101des apstr\u0101d\u0101 diskr\u0113ti, nodro\u0161inot priv\u0101tumu. Lai sa\u0146emtu 1P-LSD bloteri lielapjoma pas\u016bt\u012bjumus, l\u016bdzu, sazinieties ar m\u016bsu klientu apkalpo\u0161anas komandu, lai ieg\u016btu pla\u0161\u0101ku inform\u0101ciju. <strong>Maks\u0101jumu iesp\u0113jas<\/strong> Chemswell j\u016bsu \u0113rt\u012bb\u0101m pied\u0101v\u0101 da\u017e\u0101das maks\u0101juma metodes, tostarp:         <\/p>\n<ul>\n<li>Kred\u012btkarte (Mastercard, Visa, American Express)<\/li>\n<li>PayPal<\/li>\n<li>Bitcoin<\/li>\n<li>ide\u0101ls<\/li>\n<\/ul>\n<p><strong>K\u0101p\u0113c izv\u0113l\u0113ties Chemswell?<\/strong> Chemswell ir ap\u0146\u0113mies pied\u0101v\u0101t augst\u0101k\u0101s kvalit\u0101tes pakalpojumus par konkur\u0113tsp\u0113j\u012bg\u0101m cen\u0101m. Ja jums ir k\u0101di jaut\u0101jumi vai papildu inform\u0101cija, l\u016bdzu, sazinieties ar mums pa e-pastu vai t\u0101lruni. Apmekl\u0113jiet m\u016bsu kontaktu lapu, lai ieg\u016btu s\u012bk\u0101ku inform\u0101ciju. 1P-LSD ir jauna lizergam\u012bda klases psihed\u0113lisk\u0101 viela. 1P-LSD ir cie\u0161i saist\u012bts ar LSD, un tiek zi\u0146ots, ka tas rada gandr\u012bz identiskus efektus. T\u0101 novit\u0101tes d\u0113\u013c ir maz zin\u0101ms par 1P-LSD farmakolo\u0123iju, ta\u010du tiek uzskat\u012bts, ka tas izraisa t\u0101 iedarb\u012bbu, saistoties ar seroton\u012bna receptoriem smadzen\u0113s. Pas\u016btiet savus 150 mcg 1P-LSD bloteri no Chemswell jau \u0161odien, lai ieg\u016btu izcilu pakalpojumu un v\u0113rt\u012bbu.<\/p>\n","protected":false},"excerpt":{"rendered":"<p>1P-LSD Blotters 150mcg ir lizergam\u012bdu klases psihed\u0113lisks medikaments, kas ir LSD atvasin\u0101ts un funkcion\u0101ls analogs un ALD-52 homologs. Tas rad\u0101s 2015. gad\u0101, kad par\u0101d\u012bj\u0101s dizaineru z\u0101les, kas tika p\u0101rdotas tie\u0161saist\u0113. Tas modific\u0113 LSD molekulu, pievienojot propionilgrupu LSD indola grupas sl\u0101pek\u013ca atomam.  <\/p>\n","protected":false},"featured_media":19224,"comment_status":"closed","ping_status":"closed","template":"","meta":{"om_disable_all_campaigns":false,"_sitemap_exclude":false,"_sitemap_priority":"","_sitemap_frequency":"","_monsterinsights_skip_tracking":false,"_monsterinsights_sitenote_active":false,"_monsterinsights_sitenote_note":"","_monsterinsights_sitenote_category":0},"product_cat":[29530],"product_tag":[30148,30131,30136,30143,30138,30141,30146,30144,30147,30142,30139,30132,30145,30133,30137,30130,30140,30135,30149,30128,30129,30134],"class_list":{"0":"post-32433","1":"product","2":"type-product","3":"status-publish","4":"has-post-thumbnail","6":"product_cat-lsd-lv","7":"product_tag-1p-lsd-bloteri-150mcg-labaka-cena-eiropa","8":"product_tag-1p-lsd-bloteri-iedarbiba-150mcg","9":"product_tag-1p-lsd-blotters-150mcg-bezmaksas-piegade-eiropa","10":"product_tag-1p-lsd-blotters-150mcg-eiropa-atlaide","11":"product_tag-1p-lsd-blotters-150mcg-eiropa-izpardosana","12":"product_tag-1p-lsd-blotters-150mcg-eiropas-piedavajumi","13":"product_tag-1p-lsd-blotters-150mcg-eiropas-piegadataji","14":"product_tag-1p-lsd-blotters-150mcg-eiropas-piegade","15":"product_tag-1p-lsd-blotters-150mcg-europe-apskats","16":"product_tag-1p-lsd-blotters-150mcg-europe-veikals","17":"product_tag-1p-lsd-blotters-150mcg-interneta-veikals-eiropa","18":"product_tag-1p-lsd-blotters-150mcg-pardosana-tiessaiste","19":"product_tag-authentic1p-lsd-blotters-150mcg-europe-lv","20":"product_tag-cik-maksa-1p-lsd-blotters-150mcg","21":"product_tag-kur-nopirkt-1p-lsd-blotters-150mcg-europe","22":"product_tag-kur-tiessaiste-iegadaties-1p-lsd-blotters-150mcg","23":"product_tag-leti-1p-lsd-bloteri-150mcg-eiropa","24":"product_tag-pasutiet-1p-lsd-bloteri-150mcg-eu","25":"product_tag-pasutiet-tiessaiste-1p-lsd-blotters-150mcg","26":"product_tag-perciet-1p-lsd-bloteri-150mcg","27":"product_tag-perciet-1p-lsd-bloteri-150mcg-tiessaiste","28":"product_tag-perciet-1p-lsd-bloteri-150mcg-tiessaiste-eiropa","30":"first","31":"instock","32":"shipping-taxable","33":"purchasable","34":"product-type-simple","35":"farmacie-col"},"aioseo_notices":[],"_links":{"self":[{"href":"https:\/\/lacasadelamedicina.es\/lv\/wp-json\/wp\/v2\/product\/32433"}],"collection":[{"href":"https:\/\/lacasadelamedicina.es\/lv\/wp-json\/wp\/v2\/product"}],"about":[{"href":"https:\/\/lacasadelamedicina.es\/lv\/wp-json\/wp\/v2\/types\/product"}],"replies":[{"embeddable":true,"href":"https:\/\/lacasadelamedicina.es\/lv\/wp-json\/wp\/v2\/comments?post=32433"}],"wp:featuredmedia":[{"embeddable":true,"href":"https:\/\/lacasadelamedicina.es\/lv\/wp-json\/wp\/v2\/media\/19224"}],"wp:attachment":[{"href":"https:\/\/lacasadelamedicina.es\/lv\/wp-json\/wp\/v2\/media?parent=32433"}],"wp:term":[{"taxonomy":"product_cat","embeddable":true,"href":"https:\/\/lacasadelamedicina.es\/lv\/wp-json\/wp\/v2\/product_cat?post=32433"},{"taxonomy":"product_tag","embeddable":true,"href":"https:\/\/lacasadelamedicina.es\/lv\/wp-json\/wp\/v2\/product_tag?post=32433"}],"curies":[{"name":"wp","href":"https:\/\/api.w.org\/{rel}","templated":true}]}}