{"id":32393,"date":"2024-08-09T14:02:39","date_gmt":"2024-08-09T14:02:39","guid":{"rendered":"https:\/\/lacasadelamedicina.es\/product\/iegadajieties-155-mcg-teachers-gaze-pasveidots-99-tirs-acteku-kristals-tiessaiste\/"},"modified":"2024-08-09T14:02:39","modified_gmt":"2024-08-09T14:02:39","slug":"iegadajieties-155-mcg-teachers-gaze-pasveidots-99-tirs-acteku-kristals-tiessaiste","status":"publish","type":"product","link":"https:\/\/lacasadelamedicina.es\/lv\/produkts\/iegadajieties-155-mcg-teachers-gaze-pasveidots-99-tirs-acteku-kristals-tiessaiste\/","title":{"rendered":"Ieg\u0101d\u0101jieties 155 MCG Teacher\u2019s Gaze (pa\u0161veidots, 99% t\u012brs acteku krist\u0101ls) tie\u0161saist\u0113"},"content":{"rendered":"<h3>Lab\u0101k\u0101 vieta, kur tie\u0161saist\u0113 ieg\u0101d\u0101ties Teacher\u2019s Gaze LSD<\/h3>\n<p> M\u0113s pied\u0101v\u0101jam at\u0161\u0137ir\u012bgu pied\u0101v\u0101jumu: ierobe\u017eotu Teacher\u2019s Gaze LSD cil\u0146u partiju, kas tika izveidotas, izmantojot retu krist\u0101lu, kas ieg\u016bts no \u012bpa\u0161as entuziastu grupas, kas atbilst m\u016bsu perspekt\u012bv\u0101m par realit\u0101ti un gar\u012bgumu. \u0160\u012b ekskluz\u012bv\u0101 partija tika ra\u017eota vienreiz un p\u0113c tam tika p\u0101rtraukta, kas noz\u012bm\u0113, ka ne mums, ne k\u0101dam citam \u0161is konkr\u0113tais krist\u0101ls vairs neb\u016bs. P\u0113c p\u0101rbaudes m\u0113s bij\u0101m p\u0101rsteigti par \u0161o pied\u0101v\u0101to cil\u0146u efektivit\u0101ti un pieredzi. T\u0101 k\u0101 krist\u0101ls ir retums, cena ir augst\u0101ka sal\u012bdzin\u0101jum\u0101 ar acteku \u0161\u0137irn\u0113m, ta\u010du m\u0113s to pied\u0101v\u0101jam par nelielu piemaksu, lai dal\u012btos ar to m\u016bsu psihed\u0113liskaj\u0101 kopien\u0101.    <\/p>\n<h3>LSD Blotter Acid ir pieejams ieg\u0101dei tie\u0161saist\u0113<\/h3>\n<p> Teacher\u2019s Gaze LSD Online pied\u0101v\u0101 pla\u0161u produktu kl\u0101stu, tostarp Goblin\u2019s Den, Hoffman LSD blotter, Void Realm, Teacher\u2019s Gaze, Fractal Storm un citus. J\u0101atz\u012bm\u0113, ka Teacher\u2019s Gaze ir viens no visvair\u0101k piepras\u012btajiem produktiem, \u012bpa\u0161i gados jaun\u0101ku lietot\u0101ju vid\u016b. \u0160eit ir da\u017eas galven\u0101s deta\u013cas par Teacher\u2019s Gaze LSD:   <\/p>\n<ul>\n<li>Aptuveni 10% cilv\u0113ku ASV ir izm\u0113\u0123in\u0101ju\u0161i Teacher\u2019s Gaze LSD k\u0101d\u0101 br\u012bd\u012b kop\u0161 2017. gada, un 0,7% to ir lietoju\u0161i p\u0113d\u0113j\u0101 gada laik\u0101. T\u0101 izmanto\u0161ana bija visizplat\u012bt\u0101k\u0101 no 1960. l\u012bdz 1980. gadiem. Parasti Teacher\u2019s Gaze LSD tiek nor\u012bts vai novietots zem m\u0113les, bie\u017ei izplatot uz blotterpap\u012bra.  <\/li>\n<\/ul>\n<h3>Galven\u0101 inform\u0101cija, lai tie\u0161saist\u0113 ieg\u0101d\u0101tos 155 mcg Teacher\u2019s Gaze<\/h3>\n<p> Ieg\u0101d\u0101joties 155 mikrogramus Teacher\u2019s Gaze, tas parasti tiek sajaukts ar 99% acteku krist\u0101la. Ir zin\u0101ms, ka \u0161\u012b viela \u0101tri iziet no asinsrites, ja t\u0101 tiek injic\u0113ta.  <\/p>\n<h4>155 mcg skolot\u0101ja skatiena blakuspar\u0101d\u012bbas<\/h4>\n<ul>\n<li>Halucin\u0101cijas ir bie\u017ei sastopama skolot\u0101ja skatiena ietekme.<\/li>\n<li>Lietot\u0101jiem var rasties miega probl\u0113mas.<\/li>\n<\/ul>\n<h3>Secin\u0101jums<\/h3>\n<p> Teacher\u2019s Gaze ir iecien\u012bts produkts pusaud\u017eu vid\u016b, un t\u0101 halucinog\u0113n\u0101s iedarb\u012bbas d\u0113\u013c to bie\u017ei uzskata par ball\u012b\u0161u narkotiku, kas to at\u0161\u0137ir no citiem LSD produktiem. LSD, ko parasti d\u0113v\u0113 par &#8220;sk\u0101bi&#8221;, ir zin\u0101ms, ka tas izraisa b\u016btiskas uztveres izmai\u0146as. Teacher\u2019s Gaze LSD ir sp\u0113c\u012bga, garast\u0101vokli maino\u0161a viela, kas ieg\u016bta no lizerg\u012bnsk\u0101bes, kuras izcelsme ir uz graudiem, piem\u0113ram, rudziem, sastopam\u0101s melno graudu s\u0113n\u012btes. To ra\u017eo neleg\u0101l\u0101s laboratorij\u0101s, galvenok\u0101rt ASV, kur to p\u0101rv\u0113r\u0161 \u0161\u0137idrum\u0101 izplat\u012b\u0161anai. Tas parasti ir bezkr\u0101sains, bez smar\u017eas un ar nedaudz r\u016bgtu gar\u0161u.     &nbsp;<\/p>\n","protected":false},"excerpt":{"rendered":"<p>Apocynaceae augu \u0123imen\u0113 ietilpst t\u0101das sugas k\u0101 Tabernanthe iboga, Voacanga africana un Tabernaemontana undulata, kas satur dab\u0101 sastopamo halucinog\u0113no savienojumu iboga\u012bnu. Psihed\u0113lisks medikaments ar disociat\u012bvu iedarb\u012bbu. <\/p>\n","protected":false},"featured_media":19194,"comment_status":"closed","ping_status":"closed","template":"","meta":{"om_disable_all_campaigns":false,"_sitemap_exclude":false,"_sitemap_priority":"","_sitemap_frequency":"","_monsterinsights_skip_tracking":false,"_monsterinsights_sitenote_active":false,"_monsterinsights_sitenote_note":"","_monsterinsights_sitenote_category":0},"product_cat":[29530],"product_tag":[30064,30065,30071,30082,30078,30073,30076,30081,30079,30077,30074,30069,30066,30060,30072,30070,30061,30068,30080,30075,30067,30059,30062,30063],"class_list":{"0":"post-32393","1":"product","2":"type-product","3":"status-publish","4":"has-post-thumbnail","6":"product_cat-lsd-lv","7":"product_tag-155-mcg-skolotaja-skatiena-efekti-pasveidots","8":"product_tag-155-mcg-teacheraes-gaze-pasveidots","9":"product_tag-99-pure-aztec-crystal-bezmaksas-piegade-uz-eiropu","10":"product_tag-99-pure-aztec-crystal-eiropas-apskats","11":"product_tag-99-pure-aztec-crystal-eiropas-atlaide","12":"product_tag-99-pure-aztec-crystal-eiropas-izpardosana","13":"product_tag-99-pure-aztec-crystal-eiropas-piedavajumi","14":"product_tag-99-pure-aztec-crystal-eiropas-piegadataji","15":"product_tag-99-pure-aztec-crystal-eiropas-piegade","16":"product_tag-99-pure-aztec-crystal-eiropas-veikals","17":"product_tag-99-pure-aztec-crystal-interneta-veikals-eiropa","18":"product_tag-99-pure-aztec-crystal-labaka-cena-eiropa","19":"product_tag-99-pure-aztec-crystal-pardosana-tiessaiste","20":"product_tag-99-tirs-acteku-kristals","21":"product_tag-99-tirs-acteku-kristals-eiropa","22":"product_tag-99-tirs-acteku-kristals-es","23":"product_tag-99-tirs-acteku-kristals-tiessaiste","24":"product_tag-99-tirs-acteku-kristals-tiessaiste-eiropa","25":"product_tag-authentic-155-mcg-teacheraes-gaze-pasu-veidots","26":"product_tag-cheap-155-mcg-teacheraes-gaze-pasizveidots","27":"product_tag-cik-maksa-155-mcg-teacheraes-gaze-pasveidots","28":"product_tag-iegadajieties-155-mcg-teacheraes-gaze-pasveidots","29":"product_tag-kur-nopirkt-155-mcg-teacheraes-gaze-pasveidots","30":"product_tag-pasutiet-155-mcg-teacheraes-gaze-pasveidots","32":"first","33":"instock","34":"shipping-taxable","35":"purchasable","36":"product-type-variable","37":"farmacie-col"},"aioseo_notices":[],"_links":{"self":[{"href":"https:\/\/lacasadelamedicina.es\/lv\/wp-json\/wp\/v2\/product\/32393"}],"collection":[{"href":"https:\/\/lacasadelamedicina.es\/lv\/wp-json\/wp\/v2\/product"}],"about":[{"href":"https:\/\/lacasadelamedicina.es\/lv\/wp-json\/wp\/v2\/types\/product"}],"replies":[{"embeddable":true,"href":"https:\/\/lacasadelamedicina.es\/lv\/wp-json\/wp\/v2\/comments?post=32393"}],"wp:featuredmedia":[{"embeddable":true,"href":"https:\/\/lacasadelamedicina.es\/lv\/wp-json\/wp\/v2\/media\/19194"}],"wp:attachment":[{"href":"https:\/\/lacasadelamedicina.es\/lv\/wp-json\/wp\/v2\/media?parent=32393"}],"wp:term":[{"taxonomy":"product_cat","embeddable":true,"href":"https:\/\/lacasadelamedicina.es\/lv\/wp-json\/wp\/v2\/product_cat?post=32393"},{"taxonomy":"product_tag","embeddable":true,"href":"https:\/\/lacasadelamedicina.es\/lv\/wp-json\/wp\/v2\/product_tag?post=32393"}],"curies":[{"name":"wp","href":"https:\/\/api.w.org\/{rel}","templated":true}]}}