{"id":32384,"date":"2024-08-09T14:02:39","date_gmt":"2024-08-09T14:02:39","guid":{"rendered":"https:\/\/lacasadelamedicina.es\/product\/perciet-105-mcg-voidrealm-tiessaiste\/"},"modified":"2024-08-09T14:02:39","modified_gmt":"2024-08-09T14:02:39","slug":"perciet-105-mcg-voidrealm-tiessaiste","status":"publish","type":"product","link":"https:\/\/lacasadelamedicina.es\/lv\/produkts\/perciet-105-mcg-voidrealm-tiessaiste\/","title":{"rendered":"P\u0113rciet 105 MCG Voidrealm tie\u0161saist\u0113"},"content":{"rendered":"<p><strong>P\u0113rciet 105 mcg Voidrealm tie\u0161saist\u0113<\/strong> LSD var neb\u016bt toksisks, ta\u010du, lietojot pieaugo\u0161\u0101s devas, var att\u012bst\u012bties rezistence. Iesp\u0113jamas nelabv\u0113l\u012bgas psiholo\u0123iskas reakcijas, piem\u0113ram, bailes, depresija un v\u012bzijas. Ja vairs netiek lietots, var rasties satrauco\u0161as halucin\u0101cijas, ko sauc par hronisku redzes halucinog\u0113no sindromu. N\u0101ve k\u0101 LSD sekas ir \u013coti reta par\u0101d\u012bba. <strong>Fakti, kas var pal\u012bdz\u0113t jums tie\u0161saist\u0113 ieg\u0101d\u0101ties 105 mcg Voidrealm<\/strong> Lai gan LSD pied\u0101v\u0101 pla\u0161u produktu kl\u0101stu, piem\u0113ram, vape ratus, frakt\u0101\u013cu v\u0113tru, skolot\u0101ju gan\u012bbu utt. . Un Voidrealm ir v\u0113l viena popul\u0101ra LSD viela, kas neizraisa \u012bpa\u0161u atkar\u012bbu, ta\u010du ir svar\u012bgi iev\u0113rot piesardz\u012bbu, lietojot \u0161\u012bs z\u0101les. \u0160eit ir da\u017ei ieteikumi, kas pal\u012bdz\u0113s jums tie\u0161saist\u0113 ieg\u0101d\u0101ties 105 mcg tuk\u0161umu. <strong>Fakti, kas pal\u012bdz\u0113s tie\u0161saist\u0113 ieg\u0101d\u0101ties 105 mcg Voidrealm<\/strong><strong>Secin\u0101jums<\/strong> 105 mcg tuk\u0161uma dom\u0113ns rada pretest\u012bbu, kas noz\u012bm\u0113, ka pacientam ir nepiecie\u0161ams vair\u0101k LSD, lai sasniegtu t\u0101du pa\u0161u efektu. Pacientiem, kuri z\u0101les lieto regul\u0101ri, pak\u0101peniski j\u0101palielina devas, lai saglab\u0101tu iepriek\u0161 piedz\u012bvot\u0101s atkar\u012bbas apjomu. \u0145emot v\u0113r\u0101 produkta nenoteikto raksturu, t\u0101 ir \u013coti b\u012bstama prakse. Vis\u0101 2018. gad\u0101 par upuriem k\u013cuvu\u0161o cilv\u0113ku skaits vecum\u0101 no divpadsmit gadiem. <strong>Pas\u016btiet p\u0113tniecisk\u0101s \u0137imik\u0101lijas vietn\u0113 darkweb,<\/strong>, ieg\u0101d\u0101jieties p\u0113tniecisk\u0101s \u0137imik\u0101lijas vietn\u0113 darkweb tie\u0161saist\u0113 ar \u0101tru pieg\u0101di no DHL un Fedex. P\u0113rciet p\u0113tniecisk\u0101s \u0137imik\u0101lijas tie\u0161saist\u0113 ASV. P\u0113rciet LSD z\u0101les. tie\u0161saist\u0113.P\u0113rciet fentanilu tie\u0161saist\u0113 Amerikas Savienotaj\u0101s Valst\u012bs. P\u0113rciet Crystal Meth tie\u0161saist\u0113, koka\u012bnu p\u0101rdo\u0161anai tie\u0161saist\u0113 ASV<\/p>\n","protected":false},"excerpt":{"rendered":"<p>Ieg\u0101d\u0101jieties 105 mcg Voidrealm tie\u0161saist\u0113Lai gan LSD ir \u013coti pla\u0161s produktu kl\u0101sts, piem\u0113ram, vape rati, frakt\u0101\u013cu v\u0113tra, skolot\u0101ja gan\u012b\u0161ana utt. Un Voidrealm ir ar\u012b viens no tiem popul\u0101rajiem LSD produktiem, kas nav tik atkar\u012bbu izraiso\u0161s, ta\u010du ar \u0161\u0101da veida narkotik\u0101m j\u0101b\u016bt pietiekami uzman\u012bgiem. T\u0101p\u0113c \u0161eit ir da\u017ei punkti, kas var pal\u012bdz\u0113t jums tie\u0161saist\u0113 ieg\u0101d\u0101ties 105 mcg tuk\u0161umu  <\/p>\n","protected":false},"featured_media":19179,"comment_status":"open","ping_status":"closed","template":"","meta":{"om_disable_all_campaigns":false,"_sitemap_exclude":false,"_sitemap_priority":"","_sitemap_frequency":"","_monsterinsights_skip_tracking":false,"_monsterinsights_sitenote_active":false,"_monsterinsights_sitenote_note":"","_monsterinsights_sitenote_category":0},"product_cat":[29530],"product_tag":[30024,30018,30035,30031,30026,30029,30034,30032,30030,30027,30022,30019,30033,30020,30025,30017,30028,30023,30014,30016,30015,30021],"class_list":{"0":"post-32384","1":"product","2":"type-product","3":"status-publish","4":"has-post-thumbnail","6":"product_cat-lsd-lv","7":"product_tag-105-mcg-voidrealm-bezmaksas-piegade-eiropa","8":"product_tag-105-mcg-voidrealm-efekti","9":"product_tag-105-mcg-voidrealm-europe-apskats","10":"product_tag-105-mcg-voidrealm-europe-atlaide","11":"product_tag-105-mcg-voidrealm-europe-izpardosana","12":"product_tag-105-mcg-voidrealm-europe-piedavajumi","13":"product_tag-105-mcg-voidrealm-europe-piegadataji","14":"product_tag-105-mcg-voidrealm-europe-piegade","15":"product_tag-105-mcg-voidrealm-europe-veikals","16":"product_tag-105-mcg-voidrealm-interneta-veikals-eiropa","17":"product_tag-105-mcg-voidrealm-labaka-cena-eiropa","18":"product_tag-105-mcg-voidrealm-pardosana-tiessaiste","19":"product_tag-autentisks-105-mcg-voidrealm-europe","20":"product_tag-cik-ir-105-mcg-voidrealm","21":"product_tag-kur-nopirkt-105-mcg-voidrealm-europe","22":"product_tag-kur-tiessaiste-iegadaties-105-mcg-voidrealm","23":"product_tag-leti-105-mcg-voidrealm-europe","24":"product_tag-pasutiet-105-mcg-voidrealm-eu","25":"product_tag-pasutiet-105-mcg-voidrealm-tiessaiste","26":"product_tag-perciet-105-mcg-voidrealm","27":"product_tag-perciet-105-mcg-voidrealm-tiessaiste","28":"product_tag-perciet-105-mcg-voidrealm-tiessaiste-eiropa","30":"first","31":"instock","32":"shipping-taxable","33":"purchasable","34":"product-type-variable","35":"farmacie-col"},"aioseo_notices":[],"_links":{"self":[{"href":"https:\/\/lacasadelamedicina.es\/lv\/wp-json\/wp\/v2\/product\/32384"}],"collection":[{"href":"https:\/\/lacasadelamedicina.es\/lv\/wp-json\/wp\/v2\/product"}],"about":[{"href":"https:\/\/lacasadelamedicina.es\/lv\/wp-json\/wp\/v2\/types\/product"}],"replies":[{"embeddable":true,"href":"https:\/\/lacasadelamedicina.es\/lv\/wp-json\/wp\/v2\/comments?post=32384"}],"wp:featuredmedia":[{"embeddable":true,"href":"https:\/\/lacasadelamedicina.es\/lv\/wp-json\/wp\/v2\/media\/19179"}],"wp:attachment":[{"href":"https:\/\/lacasadelamedicina.es\/lv\/wp-json\/wp\/v2\/media?parent=32384"}],"wp:term":[{"taxonomy":"product_cat","embeddable":true,"href":"https:\/\/lacasadelamedicina.es\/lv\/wp-json\/wp\/v2\/product_cat?post=32384"},{"taxonomy":"product_tag","embeddable":true,"href":"https:\/\/lacasadelamedicina.es\/lv\/wp-json\/wp\/v2\/product_tag?post=32384"}],"curies":[{"name":"wp","href":"https:\/\/api.w.org\/{rel}","templated":true}]}}