{"id":32373,"date":"2024-08-09T14:02:42","date_gmt":"2024-08-09T14:02:42","guid":{"rendered":"https:\/\/lacasadelamedicina.es\/product\/perciet-california-sunshine-tiessaiste\/"},"modified":"2024-08-09T14:02:42","modified_gmt":"2024-08-09T14:02:42","slug":"perciet-california-sunshine-tiessaiste","status":"publish","type":"product","link":"https:\/\/lacasadelamedicina.es\/lv\/produkts\/perciet-california-sunshine-tiessaiste\/","title":{"rendered":"P\u0113rciet California Sunshine tie\u0161saist\u0113"},"content":{"rendered":"<h2>P\u0113rciet California Sunshine tie\u0161saist\u0113<\/h2>\n<p> California Sunshine \u2014 100 cilnes lapa. P\u0113rciet California Sunshine LSD tie\u0161saist\u0113. Ikonisks, da\u017ek\u0101rt sajaukts k\u0101 oran\u017es saules stars, ar spilgt\u0101m kr\u0101s\u0101m un p\u0101rsteidzo\u0161\u0101m deta\u013c\u0101m \u0161is blotter ir doz\u0113ts vis\u0101 pasaul\u0113 kop\u0161 1980. gadiem, un tas ir absol\u016bts d\u0101rgakmens LSD v\u0113stur\u0113.  <\/p>\n<h2>P\u0113rciet California Sunshine LSD tie\u0161saist\u0113<\/h2>\n<p> Vi\u0146i rad\u012bja ori\u0123in\u0101lo oran\u017eo saules staru LSD p\u0113c lielas devas sk\u0101bes ce\u013cojuma, kur\u0101 iek\u0161\u0113ja balss Nikolasam Sandam teica, ka vi\u0146a dz\u012bves uzdevums ir rad\u012bt psihed\u0113lisku un iesl\u0113gt pasauli.Buy California Sunshine LSD tie\u0161saist\u0113 LSD (lizerg\u012bnsk\u0101bes dietilam\u012bds), pirmo reizi sintez\u0113ts. 1938. gad\u0101, ir sp\u0113c\u012bga psihoakt\u012bva viela. Tas ir m\u0101ksl\u012bgi ra\u017eots no lizerg\u012bnsk\u0101bes, ko ieg\u016bst no melnajiem melnajiem graudiem, s\u0113n\u012btes, kas aug uz rudziem un citiem graudiem. Pateicoties t\u0101 augstajai iedarb\u012bbai, LSD devas parasti m\u0113ra mikrogramos (mcg). LSD ietekme, ko bie\u017ei d\u0113v\u0113 par \u201cce\u013cojumu\u201d, var b\u016bt no stimul\u0113jo\u0161a un pat\u012bkama l\u012bdz pr\u0101tu maino\u0161am. Tom\u0113r t\u0101s var izrais\u012bt ar\u012b nepat\u012bkamas vai da\u017ek\u0101rt bied\u0113jo\u0161as pieredzes, kas paz\u012bstamas k\u0101 \u201cslikts ce\u013cojums\u201d ASV LSD ir klasific\u0113ta k\u0101 neleg\u0101la viela, un Narkotiku apkaro\u0161anas p\u0101rvalde (DEA) to ir atzinusi par I saraksta narkotik\u0101m. \u0160\u012b klasifik\u0101cija noz\u012bm\u0113, ka tiek uzskat\u012bts, ka LSD ir augsts \u013caunpr\u0101t\u012bgas izmanto\u0161anas potenci\u0101ls, tam tr\u016bkst medic\u012bnisku lietojumu un tas tiek uzskat\u012bts par nedro\u0161u lieto\u0161anai \u0101rsta uzraudz\u012bb\u0101. Neskatoties uz I saraksta statusu, atkal ir radusies interese izp\u0113t\u012bt iesp\u0113jamos LSD terapeitiskos lietojumus, piem\u0113ram, alkoholisma un depresijas \u0101rst\u0113\u0161an\u0101. Pa\u0161laik notieko\u0161ie p\u0113t\u012bjumi, kas atbilst m\u016bsdienu p\u0113tniec\u012bbas standartiem, var uzlabot m\u016bsu izpratni par LSD iesp\u0113jamajiem ieguvumiem.<\/p>\n","protected":false},"excerpt":{"rendered":"<h2>P\u0113rciet California Sunshine LSD tie\u0161saist\u0113<\/h2>\n<p> LSD tiek pieg\u0101d\u0101ts stiklam l\u012bdz\u012bg\u0101 strukt\u016br\u0101 un p\u0113c tam sajaucas ar citiem latentiem stiprin\u0101jumiem vai tiek v\u0101jin\u0101ts k\u0101 \u0161\u0137idrums, lai izveidotu uz\u0146emam\u0101s strukt\u016br\u0101s. Tas ir bez smar\u017eas, b\u0113d\u012bgs un ar nedaudz skarbu gar\u0161u. <\/p>\n","protected":false},"featured_media":19284,"comment_status":"open","ping_status":"closed","template":"","meta":{"om_disable_all_campaigns":false,"_sitemap_exclude":false,"_sitemap_priority":"","_sitemap_frequency":"","_monsterinsights_skip_tracking":false,"_monsterinsights_sitenote_active":false,"_monsterinsights_sitenote_note":"","_monsterinsights_sitenote_category":0},"product_cat":[29530],"product_tag":[29533,29531,29532],"class_list":{"0":"post-32373","1":"product","2":"type-product","3":"status-publish","4":"has-post-thumbnail","6":"product_cat-lsd-lv","7":"product_tag-kur-tiessaiste-nopirkt-california-sunshine","8":"product_tag-perciet-california-sunshine","9":"product_tag-perciet-california-sunshine-tiessaiste","11":"first","12":"instock","13":"shipping-taxable","14":"purchasable","15":"product-type-simple","16":"farmacie-col"},"aioseo_notices":[],"_links":{"self":[{"href":"https:\/\/lacasadelamedicina.es\/lv\/wp-json\/wp\/v2\/product\/32373"}],"collection":[{"href":"https:\/\/lacasadelamedicina.es\/lv\/wp-json\/wp\/v2\/product"}],"about":[{"href":"https:\/\/lacasadelamedicina.es\/lv\/wp-json\/wp\/v2\/types\/product"}],"replies":[{"embeddable":true,"href":"https:\/\/lacasadelamedicina.es\/lv\/wp-json\/wp\/v2\/comments?post=32373"}],"wp:featuredmedia":[{"embeddable":true,"href":"https:\/\/lacasadelamedicina.es\/lv\/wp-json\/wp\/v2\/media\/19284"}],"wp:attachment":[{"href":"https:\/\/lacasadelamedicina.es\/lv\/wp-json\/wp\/v2\/media?parent=32373"}],"wp:term":[{"taxonomy":"product_cat","embeddable":true,"href":"https:\/\/lacasadelamedicina.es\/lv\/wp-json\/wp\/v2\/product_cat?post=32373"},{"taxonomy":"product_tag","embeddable":true,"href":"https:\/\/lacasadelamedicina.es\/lv\/wp-json\/wp\/v2\/product_tag?post=32373"}],"curies":[{"name":"wp","href":"https:\/\/api.w.org\/{rel}","templated":true}]}}