{"id":32358,"date":"2024-08-09T14:02:42","date_gmt":"2024-08-09T14:02:42","guid":{"rendered":"https:\/\/lacasadelamedicina.es\/product\/perciet-alice-in-wonderland-308-ug-tiessaiste\/"},"modified":"2024-10-15T19:59:15","modified_gmt":"2024-10-15T19:59:15","slug":"perciet-alice-in-wonderland-308-ug-tiessaiste","status":"publish","type":"product","link":"https:\/\/lacasadelamedicina.es\/lv\/produkts\/perciet-alice-in-wonderland-308-ug-tiessaiste\/","title":{"rendered":"P\u0113rciet Alice In Wonderland 308 Ug tie\u0161saist\u0113"},"content":{"rendered":"<h2>P\u0113rciet Alice In Wonderland 308 Ug tie\u0161saist\u0113<\/h2>\n<p>Psihed\u0113lisko narkotiku (jeb ent\u0113og\u0113nu) lizerg\u012bnsk\u0101bes dietilam\u012bdu (LSD) 1938. gada 16. novembr\u012b Sandoz (tagad Novartis) laboratorij\u0101s B\u0101zel\u0113, \u0160veic\u0113, pirmo reizi sintez\u0113ja \u0160veices \u0137\u012bmi\u0137is Alberts Hofmans. Se\u0161desmito gadu vid\u016b pret LSD lieto\u0161anu v\u0113rst\u0101 pretest\u012bba un t\u0101 \u0161\u0137ietam\u0101 graujo\u0161\u0101 ietekme uz Rietumu vidus\u0161\u0137iras v\u0113rt\u012bb\u0101m noveda pie t\u0101, ka vald\u012bba s\u0101ka ierobe\u017eot \u0161\u012bs narkotikas pieejam\u012bbu, padarot jebk\u0101du t\u0101s lieto\u0161anu neleg\u0101lu.<\/p>\n<p>[21]  LSD tika klasific\u0113ts k\u0101 &#8220;I saraksta&#8221; viela, kas juridiski nor\u0101da, ka \u0161ai narkotikai ir &#8220;augsts \u013caunpr\u0101t\u012bgas izmanto\u0161anas potenci\u0101ls&#8221; un tai nav &#8220;pa\u0161laik atz\u012bta medic\u012bniska pielietojuma \u0101rstniec\u012bb\u0101&#8221;. LSD tika iz\u0146emts no likum\u012bgas aprites. Amerikas Savienoto Valstu Narkotiku apkaro\u0161anas p\u0101rvalde apgalvoja: P\u0113rciet Lsd tie\u0161saist\u0113. Pas\u016bt\u012bt Lsd tie\u0161saist\u0113. Lsd p\u0101rdo\u0161anai tie\u0161saist\u0113    <\/p>\n<h2>Lizergsk\u0101bes dietilam\u012bda ieguvumi vesel\u012bbai<\/h2>\n<p>1) LSD mazina trauksmi un s\u0101pes nedziedin\u0101mi slimiem pacientiem. 2) LSD pastiprina emocion\u0101lo emp\u0101tiju, socialit\u0101ti un su\u0123estibilit\u0101ti. 3) LSD labv\u0113l\u012bgi ietekm\u0113 alkohola un narkotiku atkar\u012bbu<br \/>\n4) LSD mazina klasterveida galvass\u0101pes. 5) LSD garast\u0101vok\u013ca trauc\u0113jumu un depresijas \u0101rst\u0113\u0161anai. 6) LSD pal\u012bdz veicin\u0101t cilv\u0113ka rado\u0161umu. 7) LSD k\u0101 autisma \u0101rst\u0113\u0161anas l\u012bdzeklis. 8) LSD ir sp\u0113c\u012bga pretiekaisuma iedarb\u012bba. 9) LSD mazina noziedznieku noziedz\u012bbu. L\u012bdz 20. gadsimta 60. gadu vidum pieaugo\u0161\u0101 pretest\u012bba pret LSD un t\u0101 \u0161\u0137ietam\u0101 negat\u012bv\u0101 ietekme uz Rietumu vidus\u0161\u0137iras v\u0113rt\u012bb\u0101m noveda pie vald\u012bbas iejauk\u0161an\u0101s, lai ierobe\u017eotu t\u0101 pieejam\u012bbu. Varas iest\u0101des pasludin\u0101ja LSD par &#8220;I saraksta&#8221; vielu, klasific\u0113jot to k\u0101 vielu ar &#8220;augstu \u013caunpr\u0101t\u012bgas izmanto\u0161anas potenci\u0101lu&#8221; un bez &#8220;atz\u012bta medic\u012bnisk\u0101 pielietojuma \u0101rstniec\u012bb\u0101&#8221;. L\u012bdz ar to LSD tika iz\u0146emts no likum\u012bgas aprites. ASV Narkotiku apkaro\u0161anas p\u0101rvalde uzsv\u0113ra t\u0101 aizliegumu, nor\u0101dot: &#8220;LSD var ieg\u0101d\u0101ties tie\u0161saist\u0113. Pas\u016btiet LSD tie\u0161saist\u0113. LSD p\u0101rdo\u0161ana tie\u0161saist\u0113.&#8221;<\/p>\n","protected":false},"excerpt":{"rendered":"<p>P\u0113rciet Alice In Wonderland 308 Ug tie\u0161saist\u0113 Psihed\u0113lisko narkotiku (jeb ent\u0113og\u0113nu) lizerg\u012bnsk\u0101bes dietilam\u012bdu (LSD) 1938. gada 16. novembr\u012b Sandoz (tagad Novartis) laboratorij\u0101s B\u0101zel\u0113, \u0160veic\u0113, pirmo reizi sintez\u0113ja \u0160veices \u0137\u012bmi\u0137is Alberts Hofmans. Se\u0161desmito gadu vid\u016b pret LSD lieto\u0161anu v\u0113rst\u0101 pretest\u012bba un t\u0101 \u0161\u0137ietam\u0101 graujo\u0161\u0101 ietekme uz Rietumu vidus\u0161\u0137iras v\u0113rt\u012bb\u0101m noveda pie t\u0101, ka vald\u012bba s\u0101ka ierobe\u017eot [&hellip;]<\/p>\n","protected":false},"featured_media":19269,"comment_status":"open","ping_status":"closed","template":"","meta":{"om_disable_all_campaigns":false,"_sitemap_exclude":false,"_sitemap_priority":"","_sitemap_frequency":"","_monsterinsights_skip_tracking":false,"_monsterinsights_sitenote_active":false,"_monsterinsights_sitenote_note":"","_monsterinsights_sitenote_category":0},"product_cat":[29530],"product_tag":[39883,39885,39888,39893,39890,39894,39889,39886,39881,39875,39891,39873,39877,39884,39869,39887,39882,39871,39865,39879,39867],"class_list":{"0":"post-32358","1":"product","2":"type-product","3":"status-publish","4":"has-post-thumbnail","6":"product_cat-lsd-lv","7":"product_tag-alise-brinumzeme-308-ug-bezmaksas-piegade-eiropa","8":"product_tag-alise-brinumzeme-308-ug-eiropa-pardosana","9":"product_tag-alise-brinumzeme-308-ug-eiropa-piedavajumi","10":"product_tag-alise-brinumzeme-308-ug-eiropas-piegadataji","11":"product_tag-alise-brinumzeme-308-ug-europe-atlaide","12":"product_tag-alise-brinumzeme-308-ug-europe-parskats","13":"product_tag-alise-brinumzeme-308-ug-europe-veikals","14":"product_tag-alise-brinumzeme-308-ug-interneta-veikals-europe","15":"product_tag-alise-brinumzeme-308-ug-labaka-cena-eiropa","16":"product_tag-alise-brinumzeme-308-ug-pardosana-tiessaiste","17":"product_tag-alise-brinumzeme-308-ug-piegade-eiropa","18":"product_tag-alises-brinumzeme-ietekme-308-ug","19":"product_tag-cik-daudz-ir-alise-brinumzeme-308-ug","20":"product_tag-kur-nopirkt-alise-brinumzeme-308-ug-europe","21":"product_tag-kur-nopirkt-alise-brinumzeme-308-ug-tiessaiste","22":"product_tag-leti-alise-brinumzeme-308-ug-eiropa","23":"product_tag-pasutit-alise-brinumzeme-308-ug-es","24":"product_tag-pasutit-alise-brinumzeme-308-ug-tiessaiste","25":"product_tag-pirkt-alise-brinumzeme-308-ug","26":"product_tag-pirkt-alise-brinumzeme-308-ug-online-europe","27":"product_tag-pirkt-alise-brinumzeme-308-ug-tiessaiste","29":"first","30":"instock","31":"shipping-taxable","32":"purchasable","33":"product-type-variable","34":"farmacie-col"},"aioseo_notices":[],"_links":{"self":[{"href":"https:\/\/lacasadelamedicina.es\/lv\/wp-json\/wp\/v2\/product\/32358"}],"collection":[{"href":"https:\/\/lacasadelamedicina.es\/lv\/wp-json\/wp\/v2\/product"}],"about":[{"href":"https:\/\/lacasadelamedicina.es\/lv\/wp-json\/wp\/v2\/types\/product"}],"replies":[{"embeddable":true,"href":"https:\/\/lacasadelamedicina.es\/lv\/wp-json\/wp\/v2\/comments?post=32358"}],"wp:featuredmedia":[{"embeddable":true,"href":"https:\/\/lacasadelamedicina.es\/lv\/wp-json\/wp\/v2\/media\/19269"}],"wp:attachment":[{"href":"https:\/\/lacasadelamedicina.es\/lv\/wp-json\/wp\/v2\/media?parent=32358"}],"wp:term":[{"taxonomy":"product_cat","embeddable":true,"href":"https:\/\/lacasadelamedicina.es\/lv\/wp-json\/wp\/v2\/product_cat?post=32358"},{"taxonomy":"product_tag","embeddable":true,"href":"https:\/\/lacasadelamedicina.es\/lv\/wp-json\/wp\/v2\/product_tag?post=32358"}],"curies":[{"name":"wp","href":"https:\/\/api.w.org\/{rel}","templated":true}]}}