{"id":32331,"date":"2024-08-09T14:02:42","date_gmt":"2024-08-09T14:02:42","guid":{"rendered":"https:\/\/lacasadelamedicina.es\/product\/iegadajieties-alberta-hofmana-velosipedu-dienu-1943-tiessaiste\/"},"modified":"2024-09-16T17:13:39","modified_gmt":"2024-09-16T17:13:39","slug":"iegadajieties-alberta-hofmana-velosipedu-dienu-1943-tiessaiste","status":"publish","type":"product","link":"https:\/\/lacasadelamedicina.es\/lv\/produkts\/iegadajieties-alberta-hofmana-velosipedu-dienu-1943-tiessaiste\/","title":{"rendered":"Ieg\u0101d\u0101jieties Alberta Hofma\u0146a velosip\u0113du dienu 1943 tie\u0161saist\u0113"},"content":{"rendered":"<h2>Ieg\u0101d\u0101jieties Alberta Hofma\u0146a velosip\u0113du dienu 1943 tie\u0161saist\u0113<\/h2>\n<p> \u201cPamaz\u0101m var\u0113ju s\u0101kt izbaud\u012bt v\u0113l nebiju\u0161as kr\u0101sas un formu sp\u0113les, kas saglab\u0101j\u0101s aiz man\u0101m aizv\u0113rtaj\u0101m ac\u012bm. Man\u012b pl\u016bda kaleidoskopiski fantastiski att\u0113li, kas main\u012bj\u0101s, raibi, atveroties un p\u0113c tam nosl\u0113dzoties ap\u013cos un spir\u0101l\u0113s, eksplod\u0113jot kr\u0101sain\u0101s str\u016bklak\u0101s, p\u0101rk\u0101rtojoties un hibridiz\u0113jot sevi past\u0101v\u012bg\u0101 pl\u016bsm\u0101.<\/p>\n","protected":false},"excerpt":{"rendered":"<p>Ieg\u0101d\u0101jieties Alberta Hofma\u0146a velosip\u0113du dienu 1943 tie\u0161saist\u0113 \u201cPamaz\u0101m var\u0113ju s\u0101kt izbaud\u012bt v\u0113l nebiju\u0161as kr\u0101sas un formu sp\u0113les, kas saglab\u0101j\u0101s aiz man\u0101m aizv\u0113rtaj\u0101m ac\u012bm. Man\u012b pl\u016bda kaleidoskopiski fantastiski att\u0113li, kas main\u012bj\u0101s, raibi, atveroties un p\u0113c tam nosl\u0113dzoties ap\u013cos un spir\u0101l\u0113s, eksplod\u0113jot kr\u0101sain\u0101s str\u016bklak\u0101s, p\u0101rk\u0101rtojoties un hibridiz\u0113jot sevi past\u0101v\u012bg\u0101 pl\u016bsm\u0101.<\/p>\n","protected":false},"featured_media":19254,"comment_status":"open","ping_status":"closed","template":"","meta":{"om_disable_all_campaigns":false,"_sitemap_exclude":false,"_sitemap_priority":"","_sitemap_frequency":"","_monsterinsights_skip_tracking":false,"_monsterinsights_sitenote_active":false,"_monsterinsights_sitenote_note":"","_monsterinsights_sitenote_category":0},"product_cat":[29530],"product_tag":[29811,29804,29808,29809,29799,29812,29803,29806,29795,29807,29796,29801,29810,29797,29792,29802,29793,29805,29800,29794,29798,29791],"class_list":{"0":"post-32331","1":"product","2":"type-product","3":"status-publish","4":"has-post-thumbnail","6":"product_cat-lsd-lv","7":"product_tag-albert-hofmann-bicycle-day-1943-eiropas-piegadataji","8":"product_tag-albert-hofmann-bicycle-day-1943-interneta-veikals-eiropa","9":"product_tag-albert-hofmann-velosipedu-diena-1943-eiropas-atlaide","10":"product_tag-albert-hofmann-velosipedu-diena-1943-eiropas-piegade","11":"product_tag-albert-hofmann-velosipedu-diena-1943-labaka-cena-eiropa","12":"product_tag-alberta-hofmana-velodienas-1943-gada-eiropas-apskats","13":"product_tag-alberta-hofmana-velodienas-1943-gada-eiropas-izpardosana","14":"product_tag-alberta-hofmana-velodienas-1943-gada-eiropas-piedavajumi","15":"product_tag-alberta-hofmana-velodienas-1943-gada-ietekme","16":"product_tag-alberta-hofmana-velosipedu-diena-1943-eiropas-veikals","17":"product_tag-alberta-hofmana-velosipedu-diena-1943-pardosana-tiessaiste","18":"product_tag-alberta-hofmana-velosipedu-diena-1943-gada-bezmaksas-piegade-eiropa","19":"product_tag-autentiska-alberta-hofmana-velosipedu-diena-1943-gada-eiropa","20":"product_tag-cik-maksa-alberta-hofmana-velo-diena-1943","21":"product_tag-iegadajieties-alberta-hofmana-velosipedu-dienu-1943-tiessaiste","22":"product_tag-kur-nopirkt-albert-hofmann-velosipedu-diena-1943-eiropa","23":"product_tag-kur-tiessaiste-nopirkt-alberta-hofmana-velosipedu-diena-1943","24":"product_tag-letu-alberta-hofmana-velosipedu-diena-1943-gada-eiropa","25":"product_tag-pasutiet-alberta-hofmana-velosipedu-diena-1943-es","26":"product_tag-pasutiet-alberta-hofmana-velosipedu-dienu-1943-tiessaiste","27":"product_tag-perciet-alberta-hofmana-velosipedu-dienu-1943-tiessaiste-eiropa","28":"product_tag-perciet-alberta-hofmana-velosipedu-dienu-1943-gada","30":"first","31":"instock","32":"shipping-taxable","33":"purchasable","34":"product-type-simple","35":"farmacie-col"},"aioseo_notices":[],"_links":{"self":[{"href":"https:\/\/lacasadelamedicina.es\/lv\/wp-json\/wp\/v2\/product\/32331"}],"collection":[{"href":"https:\/\/lacasadelamedicina.es\/lv\/wp-json\/wp\/v2\/product"}],"about":[{"href":"https:\/\/lacasadelamedicina.es\/lv\/wp-json\/wp\/v2\/types\/product"}],"replies":[{"embeddable":true,"href":"https:\/\/lacasadelamedicina.es\/lv\/wp-json\/wp\/v2\/comments?post=32331"}],"wp:featuredmedia":[{"embeddable":true,"href":"https:\/\/lacasadelamedicina.es\/lv\/wp-json\/wp\/v2\/media\/19254"}],"wp:attachment":[{"href":"https:\/\/lacasadelamedicina.es\/lv\/wp-json\/wp\/v2\/media?parent=32331"}],"wp:term":[{"taxonomy":"product_cat","embeddable":true,"href":"https:\/\/lacasadelamedicina.es\/lv\/wp-json\/wp\/v2\/product_cat?post=32331"},{"taxonomy":"product_tag","embeddable":true,"href":"https:\/\/lacasadelamedicina.es\/lv\/wp-json\/wp\/v2\/product_tag?post=32331"}],"curies":[{"name":"wp","href":"https:\/\/api.w.org\/{rel}","templated":true}]}}