{"id":32312,"date":"2024-08-09T14:02:43","date_gmt":"2024-08-09T14:02:43","guid":{"rendered":"https:\/\/lacasadelamedicina.es\/product\/perciet-pentobarbitala-skidumu-iekskigai-lietosanai-tiessaiste\/"},"modified":"2024-09-16T17:12:22","modified_gmt":"2024-09-16T17:12:22","slug":"perciet-pentobarbitala-skidumu-iekskigai-lietosanai-tiessaiste","status":"publish","type":"product","link":"https:\/\/lacasadelamedicina.es\/lv\/produkts\/perciet-pentobarbitala-skidumu-iekskigai-lietosanai-tiessaiste\/","title":{"rendered":"P\u0113rciet Pentobarbit\u0101la \u0161\u0137\u012bdumu iek\u0161\u0137\u012bgai lieto\u0161anai tie\u0161saist\u0113"},"content":{"rendered":"<h3>Pentobarbit\u0101la \u0161\u0137\u012bduma iek\u0161\u0137\u012bgai lieto\u0161anai lieto\u0161ana<\/h3>\n<p> Pentobarbit\u0101lam ir da\u017e\u0101di pielietojumi. Jo \u012bpa\u0161i to lieto eitan\u0101zij\u0101, tostarp dz\u012bvniekiem, piem\u0113ram, su\u0146iem un ka\u0137iem, kur to ievada n\u0101v\u0113jo\u0161\u0101s dev\u0101s. Veterin\u0101r\u0101rsti izmanto ar\u012b pentobarbit\u0101lu sed\u0101cijai un eitan\u0101zijai.   <\/p>\n<h3>K\u0101 darbojas pentobarbit\u0101la \u0161\u0137\u012bdums iek\u0161\u0137\u012bgai lieto\u0161anai<\/h3>\n<p> Pentobarbit\u0101ls darbojas, nom\u0101cot centr\u0101l\u0101s nervu sist\u0113mas (CNS) un smadze\u0146u darb\u012bbu. <\/p>\n<h3>Atkar\u012bbas potenci\u0101ls<\/h3>\n<p> Pentobarbit\u0101ls rada lielu atkar\u012bbu. Ir \u013coti svar\u012bgi iev\u0113rot noteikto devu un pirms lieto\u0161anas p\u0101rtrauk\u0161anas konsult\u0113ties ar savu \u0101rstu. P\u0113k\u0161\u0146a p\u0101rtrauk\u0161ana var izrais\u012bt abstinences simptomus, piem\u0113ram, bezmiegu un reiboni. Vienm\u0113r mekl\u0113jiet medic\u012bnisku padomu, k\u0101 dro\u0161i p\u0101rtraukt pentobarbit\u0101la lieto\u0161anu.    <\/p>\n<h3>Lieto\u0161ana su\u0146iem<\/h3>\n<p> Pentobarbit\u0101lu parasti izmanto su\u0146u eitan\u0101z\u0113\u0161anai. Ieviests veterin\u0101raj\u0101 medic\u012bn\u0101 1931. gad\u0101, tas bija noz\u012bm\u012bgs sasniegums dz\u012bvnieku anest\u0113zijas un sed\u0101cijas jom\u0101. Neskatoties uz jaun\u0101k\u0101m z\u0101l\u0113m, pentobarbit\u0101ls joproj\u0101m tiek izmantots t\u0101du slim\u012bbu \u0101rst\u0113\u0161anai k\u0101 epilepsijas l\u0113kmes. Tas ir pieejams tikai p\u0113c licenc\u0113ta veterin\u0101r\u0101rsta receptes.    <\/p>\n<h3>Inform\u0101cija par devu<\/h3>\n<p> Pentobarbit\u0101la deva ir j\u0101iev\u0113ro prec\u012bzi saska\u0146\u0101 ar \u0101rsta nor\u0101d\u012bjumiem. Devas tiek piel\u0101gotas, \u0146emot v\u0113r\u0101 pacienta specifisk\u0101s \u012bpa\u0161\u012bbas un ievad\u012b\u0161anas \u0101trumu. Gados vec\u0101kiem vai nov\u0101jin\u0101tiem pacientiem, k\u0101 ar\u012b tiem, kam ir aknu vai nieru darb\u012bbas trauc\u0113jumi, var b\u016bt nepiecie\u0161amas piel\u0101gotas devas. Devu nosaka t\u0101di faktori k\u0101 \u0101rst\u0113jamais st\u0101voklis, pacienta visp\u0101r\u0113j\u0101 vesel\u012bba un personisk\u0101s \u012bpa\u0161\u012bbas.    <\/p>\n<h3>Pieejam\u0101s devas un iedarb\u012bba<\/h3>\n<p> Pentobarbit\u0101la \u0161\u0137\u012bdums iek\u0161\u0137\u012bgai lieto\u0161anai ir paz\u012bstams ar savu \u0101tro darb\u012bbu. To bie\u017ei izmanto eitan\u0101zij\u0101 t\u0101 \u0101tr\u0101s iedarb\u012bbas d\u0113\u013c ar minim\u0101l\u0101m zi\u0146ot\u0101m k\u013c\u016bm\u0113m. Parasti devas sv\u0101rst\u0101s no 25 ml l\u012bdz 100 ml ar da\u017e\u0101d\u0101m let\u0101l\u0101m sek\u0101m atkar\u012bb\u0101 no indiv\u012bda svara un vesel\u012bbas:   <\/p>\n<ul>\n<li><strong>25 ml<\/strong> \u2014 pieaugu\u0161ie, kas sver no 25 kg l\u012bdz 50 kg<\/li>\n<li><strong>50 ml<\/strong> \u2014 pieaugu\u0161ie, kas sver no 55 kg l\u012bdz 85 kg<\/li>\n<li><strong>75 ml<\/strong> \u2014 pieaugu\u0161ie, kas sver no 90 kg l\u012bdz 120 kg<\/li>\n<li><strong>100 ml<\/strong> \u2014 pieaugu\u0161ie, kas sver vair\u0101k nek\u0101 125 kg<\/li>\n<\/ul>\n<h3>Piesardz\u012bbas pas\u0101kumi eitan\u0101zijai<\/h3>\n<p> Eitan\u0101zijas speci\u0101listi bie\u017ei iesaka lietot alkoholu uzreiz p\u0113c pentobarbit\u0101la uz\u0146em\u0161anas, lai pastiprin\u0101tu t\u0101 iedarb\u012bbu un mask\u0113tu t\u0101 r\u016bgto gar\u0161u. Izvairieties no \u0113\u0161anas pirms vai p\u0113c lieto\u0161anas, lai samazin\u0101tu vem\u0161anas risku un nodro\u0161in\u0101tu pareizu uzs\u016bk\u0161anos. Da\u017ei \u0101rsti iesaka lietot \u0161okol\u0101di, lai uzlabotu gar\u0161u.   <\/p>\n<h3>Darb\u012bbas s\u0101kums<\/h3>\n<p> P\u0113t\u012bjumi liecina, ka n\u0101v\u0113jo\u0161a 50 gramu pentobarbit\u0101la deva var izrais\u012bt n\u0101vi divu stundu laik\u0101 p\u0113c nor\u012b\u0161anas. <\/p>\n<h3>Pieejam\u012bba<\/h3>\n<p> Pentobarbit\u0101la \u0161\u0137\u012bdums iek\u0161\u0137\u012bgai lieto\u0161anai tiek pied\u0101v\u0101ts da\u017e\u0101d\u0101s koncentr\u0101cij\u0101s, tostarp 25 ml, 50 ml, 75 ml un 100 ml pudel\u0113s. <\/p>\n<h3>Blakuspar\u0101d\u012bbas<\/h3>\n<p> T\u0101pat k\u0101 citi barbitur\u0101ti, pentobarbit\u0101ls var izrais\u012bt vair\u0101kas blakuspar\u0101d\u012bbas. Bie\u017eas sekas ir:  <\/p>\n<ul>\n<li>Miegain\u012bba<\/li>\n<li>CNS depresija<\/li>\n<li>A\u0123it\u0101cija<\/li>\n<li>Nervozit\u0101te<\/li>\n<li>Apjukums<\/li>\n<li>Halucin\u0101cijas<\/li>\n<li>Murgi<\/li>\n<li>Reibonis<\/li>\n<li>Nenorm\u0101la dom\u0101\u0161ana<\/li>\n<li>Bezmiegs<\/li>\n<li>Trauksme<\/li>\n<li>Slikta d\u016b\u0161a<\/li>\n<li>Aizciet\u0113jums<\/li>\n<li>Vem\u0161ana<\/li>\n<\/ul>\n<h3>P\u0101rdoz\u0113\u0161anas risks<\/h3>\n<p> Pentobarbit\u0101la p\u0101rdoz\u0113\u0161ana ir \u013coti b\u012bstama. P\u0101rm\u0113r\u012bga uz\u0146em\u0161ana, pat tikai par 2-10 gramiem, var b\u016bt let\u0101la. Smaga p\u0101rdoz\u0113\u0161ana var izrais\u012bt kl\u012bnisku n\u0101vi ar iesp\u0113jam\u0101m komplik\u0101cij\u0101m, piem\u0113ram, pneimoniju, plau\u0161u t\u016bsku, aritmij\u0101m, sastr\u0113guma sirds mazsp\u0113ju un nieru mazsp\u0113ju. Ir \u013coti svar\u012bgi apzin\u0101ties pareizo devu un nekav\u0113joties mekl\u0113t medic\u012bnisko pal\u012bdz\u012bbu, ja notiek p\u0101rdoz\u0113\u0161ana.    <\/p>\n<h3>Pirk\u0161ana tie\u0161saist\u0113<\/h3>\n<p> Pentobarbit\u0101la \u0161\u0137\u012bdumu iek\u0161\u0137\u012bgai lieto\u0161anai varat ieg\u0101d\u0101ties tie\u0161saist\u0113, ta\u010du esiet piesardz\u012bgs. T\u0101 k\u0101 II sarakst\u0101 iek\u013caut\u0101 kontrol\u0113jama viela ir regul\u0113ta. Esiet piesardz\u012bgs pret tie\u0161saistes p\u0101rdev\u0113jiem un p\u0101rliecinieties, ka p\u0113rkat no cien\u012bjamiem avotiem. Tikai da\u017eas licenc\u0113tas aptiekas var leg\u0101li p\u0101rdot barbitur\u0101tus. Pirms pirkuma veik\u0161anas r\u016bp\u012bgi izp\u0113tiet un p\u0101rskatiet p\u0101rdev\u0113ja le\u0123itimit\u0101ti.     <\/p>\n<h3>Juridiskais statuss<\/h3>\n<p> Pentobarbit\u0101ls ir kontrol\u0113tas z\u0101les, un, lai to ieg\u016btu likum\u012bgi, nepiecie\u0161ama \u0101rsta recepte. <\/p>\n<h3>Secin\u0101jums<\/h3>\n<p> Pentobarbit\u0101ls ir da\u017e\u0101d\u0101s form\u0101s, tostarp \u0161\u0137\u012bdums iek\u0161\u0137\u012bgai lieto\u0161anai, tabletes, pulveris un tabletes. Pareiza jebkuras formas ievad\u012b\u0161ana rad\u012bs l\u012bdz\u012bgus rezult\u0101tus. Lai ieg\u016btu papildinform\u0101ciju vai ieg\u0101d\u0101tos pentobarbit\u0101lu, apmekl\u0113jiet Dr. Lawsonspharmacy uzticamas un dro\u0161as iesp\u0113jas.<\/p>\n","protected":false},"excerpt":{"rendered":"<p><strong>P\u0113rciet n\u0101trija pentobarbit\u0101la \u0161\u0137\u012bdumu iek\u0161\u0137\u012bgai lieto\u0161anai tie\u0161saist\u0113<\/strong> dzer\u0161anai. \u0160is \u013coti koncentr\u0113tais un \u0101tras darb\u012bbas \u0161\u0137\u012bdums iedarbojas da\u017eu min\u016b\u0161u laik\u0101. T\u0101l\u0101k izv\u0113lieties vajadz\u012bgo devu vai daudzumu un pievienojiet to grozam.  <\/p>\n","protected":false},"featured_media":19374,"comment_status":"open","ping_status":"closed","template":"","meta":{"om_disable_all_campaigns":false,"_sitemap_exclude":false,"_sitemap_priority":"","_sitemap_frequency":"","_monsterinsights_skip_tracking":false,"_monsterinsights_sitenote_active":false,"_monsterinsights_sitenote_note":"","_monsterinsights_sitenote_category":0},"product_cat":[29411],"product_tag":[29744,29731,29726,29736,29727,29739,29734,29728,29729,29738,29735,29737,29740,29745,29746,29742,29741,29733,29743,29730,29725,29732],"class_list":{"0":"post-32312","1":"product","2":"type-product","3":"status-publish","4":"has-post-thumbnail","6":"product_cat-pentobarbitala-natrijs-nembutals","7":"product_tag-autentisks-pentobarbitala-skidums-iekskigai-lietosanai-eiropa","8":"product_tag-cik-maksa-pentobarbitala-skidums-iekskigai-lietosanai","9":"product_tag-iegadajieties-pentobarbitala-skidumu-iekskigai-lietosanai-tiessaiste","10":"product_tag-kur-nopirkt-pentobarbitala-skidumu-iekskigai-lietosanai-eiropa","11":"product_tag-kur-tiessaiste-iegadaties-pentobarbitala-skidumu-iekskigai-lietosanai","12":"product_tag-lets-pentobarbitala-skidums-iekskigai-lietosanai-eiropa","13":"product_tag-pasutiet-pentobarbitala-skidumu-iekskigai-lietosanai-eu","14":"product_tag-pasutiet-pentobarbitala-skidumu-iekskigai-lietosanai-tiessaiste","15":"product_tag-pentobarbitala-skiduma-iekskigai-lietosanai-iedarbiba","16":"product_tag-pentobarbitala-skiduma-iekskigai-lietosanai-interneta-veikals-eiropa","17":"product_tag-pentobarbitala-skidums-iekskigai-lietosanai-bezmaksas-piegade-eiropa","18":"product_tag-pentobarbitala-skidums-iekskigai-lietosanai-eiropa","19":"product_tag-pentobarbitala-skidums-iekskigai-lietosanai-eiropa-piedavajumi","20":"product_tag-pentobarbitala-skidums-iekskigai-lietosanai-eiropa-piegadataji","21":"product_tag-pentobarbitala-skidums-iekskigai-lietosanai-eiropas-apskats","22":"product_tag-pentobarbitala-skidums-iekskigai-lietosanai-eiropas-atlaide","23":"product_tag-pentobarbitala-skidums-iekskigai-lietosanai-eiropas-veikals","24":"product_tag-pentobarbitala-skidums-iekskigai-lietosanai-labaka-cena-eiropa","25":"product_tag-pentobarbitala-skidums-iekskigai-lietosanai-piegade-eiropa","26":"product_tag-pentobarbitala-skidumu-iekskigai-lietosanai-tirdznieciba-tiessaiste","27":"product_tag-perciet-pentobarbitala-skidumu-iekskigai-lietosanai","28":"product_tag-perciet-pentobarbitala-skidumu-iekskigai-lietosanai-tiessaiste-eiropa","30":"first","31":"instock","32":"shipping-taxable","33":"purchasable","34":"product-type-variable","35":"farmacie-col"},"aioseo_notices":[],"_links":{"self":[{"href":"https:\/\/lacasadelamedicina.es\/lv\/wp-json\/wp\/v2\/product\/32312"}],"collection":[{"href":"https:\/\/lacasadelamedicina.es\/lv\/wp-json\/wp\/v2\/product"}],"about":[{"href":"https:\/\/lacasadelamedicina.es\/lv\/wp-json\/wp\/v2\/types\/product"}],"replies":[{"embeddable":true,"href":"https:\/\/lacasadelamedicina.es\/lv\/wp-json\/wp\/v2\/comments?post=32312"}],"wp:featuredmedia":[{"embeddable":true,"href":"https:\/\/lacasadelamedicina.es\/lv\/wp-json\/wp\/v2\/media\/19374"}],"wp:attachment":[{"href":"https:\/\/lacasadelamedicina.es\/lv\/wp-json\/wp\/v2\/media?parent=32312"}],"wp:term":[{"taxonomy":"product_cat","embeddable":true,"href":"https:\/\/lacasadelamedicina.es\/lv\/wp-json\/wp\/v2\/product_cat?post=32312"},{"taxonomy":"product_tag","embeddable":true,"href":"https:\/\/lacasadelamedicina.es\/lv\/wp-json\/wp\/v2\/product_tag?post=32312"}],"curies":[{"name":"wp","href":"https:\/\/api.w.org\/{rel}","templated":true}]}}