{"id":32298,"date":"2024-08-09T14:02:43","date_gmt":"2024-08-09T14:02:43","guid":{"rendered":"https:\/\/lacasadelamedicina.es\/product\/perciet-pentobarbitala-intravenozo-skidumu-tiessaiste\/"},"modified":"2024-09-16T17:11:27","modified_gmt":"2024-09-16T17:11:27","slug":"perciet-pentobarbitala-intravenozo-skidumu-tiessaiste","status":"publish","type":"product","link":"https:\/\/lacasadelamedicina.es\/lv\/produkts\/perciet-pentobarbitala-intravenozo-skidumu-tiessaiste\/","title":{"rendered":"P\u0113rciet Pentobarbit\u0101la intravenozo \u0161\u0137\u012bdumu tie\u0161saist\u0113"},"content":{"rendered":"<h2>P\u0113rciet Pentobarbit\u0101la intravenozo \u0161\u0137\u012bdumu<\/h2>\n<p> Ir daudz veidu barbitur\u0101tu, un pentobarbit\u0101la intravenozais \u0161\u0137\u012bdums ir tikai viens no tiem. Aptiek\u0101 Dr. Law Sons m\u0113s sniedzam visaptvero\u0161u inform\u0101ciju par \u0161\u012bm z\u0101l\u0113m, lai pal\u012bdz\u0113tu jums izprast to lieto\u0161anu un ietekmi.  <\/p>\n<h3>Kas ir pentobarbit\u0101ls?<\/h3>\n<p> Pentobarbit\u0101ls ir barbitur\u0101ts, kas nom\u0101c centr\u0101lo nervu sist\u0113mu (CNS) un smadzenes. Tas galvenok\u0101rt tiek parakst\u012bts, lai izrais\u012btu miegu, nevis k\u0101 nomierino\u0161s l\u012bdzeklis. T\u0101pat k\u0101 citi barbitur\u0101ti, t\u0101 efektivit\u0101te var samazin\u0101ties, ilgsto\u0161i lietojot, un bie\u017ei vien k\u013c\u016bst maz\u0101k efekt\u012bva p\u0113c div\u0101m ned\u0113\u013c\u0101m. Z\u0101les pusperiods ir no 5 l\u012bdz 50 stund\u0101m atkar\u012bb\u0101 no devas. K\u0101dreiz pla\u0161i pieejams pentobarbit\u0101ls tagad ir reti sastopams un d\u0101rgs, jo daudz\u0101s valst\u012bs to vairs neizmanto k\u0101 anest\u0113zijas l\u012bdzekli.     <\/p>\n<h3>Pentobarbit\u0101la psiholo\u0123isk\u0101 un fiziolo\u0123isk\u0101 ietekme<\/h3>\n<p> Pentobarbit\u0101ls var izrais\u012bt da\u017e\u0101dus fiziolo\u0123iskus efektus, tostarp: <\/p>\n<ul>\n<li>Pazemin\u0101ts arteri\u0101lais spiediens<\/li>\n<li>Perif\u0113ra vazodilat\u0101cija<\/li>\n<li>Izmain\u012bta sirdsdarb\u012bba<\/li>\n<li>Sirds izsviedes nom\u0101kums<\/li>\n<li>Samazin\u0101ta vazopresora reakcija<\/li>\n<\/ul>\n<p> P\u0113t\u012bjumu kontekst\u0101 tas var ietekm\u0113t t\u0101dus main\u012bgos lielumus k\u0101 miokarda boj\u0101jumus p\u0113c koron\u0101ro art\u0113riju nosie\u0161anas. Z\u0101les nodro\u0161ina sed\u0101cijas dzi\u013cumu, kas ir l\u012bdz\u012bgs Jorgensena tehnikai, un iedarb\u012bba ilgst 2-4 stundas. K\u0101 CNS nom\u0101co\u0161s l\u012bdzeklis var padar\u012bt cilv\u0113kus jut\u012bg\u0101kus pret stimuliem. Gadu desmitiem pentobarbit\u0101ls bija standarta anest\u0113zijas l\u012bdzeklis laboratorijas dz\u012bvniekiem. Efekt\u012bva anest\u0113zija laboratorijas dz\u012bvniekiem tiek pan\u0101kta ar dev\u0101m, kas ir l\u012bdz\u012bgas t\u0101m, kas var izrais\u012bt elpo\u0161anas mazsp\u0113ju, ko ievada l\u0113ni intravenozas injekcijas veid\u0101. Lai gan liel\u0101kaj\u0101 da\u013c\u0101 valstu pentobarbit\u0101ls vairs nav komerci\u0101li pieejams anest\u0113zijai, to joproj\u0101m var ieg\u016bt no licenc\u0113tiem pieg\u0101d\u0101t\u0101jiem, piem\u0113ram, Dr. Law Sons Pharmacy \u012bpa\u0161\u0101m p\u0113tniec\u012bbas vajadz\u012bb\u0101m.      <\/p>\n<h2>Vai j\u016bs varat \u0101rst\u0113t pentobarbit\u0101la p\u0101rdoz\u0113\u0161anu?<\/h2>\n<p> Jebkura barbitur\u0101ta p\u0101rdoz\u0113\u0161ana var b\u016bt \u0101rk\u0101rt\u012bgi let\u0101la. Jums vienm\u0113r j\u0101pazi\u0146o savam \u0101rstam, ja dom\u0101jat, ka esat jut\u012bgs pret barbitur\u0101tiem vai ja Jums ir bijusi narkotiku lieto\u0161ana. Jums ar\u012b j\u0101past\u0101sta \u0101rstam, ja Jums ir aknu vai nieru slim\u012bba, porf\u012brija, hronisks obstrukt\u012bvs plau\u0161u st\u0101voklis, nekontrol\u0113ta astma vai anamn\u0113z\u0113 ir gar\u012bga vai hroniska slim\u012bba. Ja k\u0101ds m\u012b\u013cotais vai tuvs cilv\u0113ks ir p\u0101rdoz\u0113jis pentobarbit\u0101lu, nem\u0113\u0123iniet vi\u0146am vai vi\u0146ai vemt. Jums nekav\u0113joties j\u0101mekl\u0113 medic\u012bnisk\u0101 pal\u012bdz\u012bba. Pentobarbit\u0101la p\u0101rdoz\u0113\u0161anas \u0101rst\u0113\u0161ana galvenok\u0101rt ietver atbalsto\u0161u pal\u012bdz\u012bbu. T\u0101l\u0101k ir nor\u0101d\u012btas da\u017eas no atbalsta proced\u016br\u0101m.       <\/p>\n<ul>\n<li>Bie\u017e\u0101ko p\u0101rdoz\u0113\u0161anas simptomu p\u0101rbaude<\/li>\n<li>\u0160\u0137idruma ievades un izvad\u012b\u0161anas nov\u0113ro\u0161ana<\/li>\n<li>P\u0101rliecinieties, vai ir pietiekami daudz sk\u0101bek\u013ca<\/li>\n<li>P\u0101rliecinieties, ka cietu\u0161ais vienm\u0113r ir dro\u0161\u012bb\u0101<\/li>\n<li>\u0160oka simptomu p\u0101rbaude<\/li>\n<li>Apzi\u0146as l\u012bme\u0146u p\u0101rbaude<\/li>\n<li>Ja ir nieru darb\u012bbas trauc\u0113jumi, var b\u016bt nepiecie\u0161ama hemodial\u012bze, lai z\u0101les iz\u0146emtu no sist\u0113mas<\/li>\n<li>\u0160\u0137idruma uz\u0146em\u0161anas palielin\u0101\u0161an\u0101s<\/li>\n<li>Nodro\u0161inot pentobarbit\u0101la izdal\u012b\u0161anos caur nier\u0113m<\/li>\n<li>S\u0101ciet antibiotiku terapiju, ja cietu\u0161ajam ir pneimonija<\/li>\n<li>Pied\u0101v\u0101jot apr\u016bpi, kas var uzlabot gar\u012bgo modr\u012bbu un nov\u0113rst visas ietekm\u0113t\u0101s dom\u0101\u0161anas paz\u012bmes<\/li>\n<li>Iesp\u0113jamo probl\u0113mu, piem\u0113ram, nieru mazsp\u0113jas, plau\u0161u t\u016bskas, aritmijas un sastr\u0113guma sirds probl\u0113mu p\u0101rbaude.<\/li>\n<\/ul>\n<h3>Pentobarbit\u0101la blakuspar\u0101d\u012bbas<\/h3>\n<p> Lietojot pentobarbit\u0101lu, p\u0113c tam var rasties vair\u0101kas blakuspar\u0101d\u012bbas. Da\u017ei var b\u016bt viegli, bet citi ir smagi. \u0160eit m\u0113s esam sniegu\u0161i liel\u0101ko da\u013cu blakuspar\u0101d\u012bbu. Atcerieties, ka \u0161is nav piln\u012bgs blakuspar\u0101d\u012bbu saraksts. Tajos ietilpst: apjukums, murgi, trauksme, patolo\u0123iska dom\u0101\u0161ana, slikta d\u016b\u0161a, aizciet\u0113jums, drudzis, uzbudin\u0101jums, halucin\u0101cijas, nervozit\u0101te, bezmiegs, reibonis, slikta d\u016b\u0161a, vem\u0161ana un galvass\u0101pes, cita starp\u0101.     <\/p>\n<h3>Vai j\u016bs varat k\u013c\u016bt atkar\u012bgi no pentobarbit\u0101la intravenoza \u0161\u0137\u012bduma?<\/h3>\n<p> T\u0101pat k\u0101 vairums barbitur\u0101tu, ar\u012b pentobarbit\u0101ls rada lielu atkar\u012bbu. Izvairieties lietot z\u0101les liel\u0101k\u0101s dev\u0101s, nek\u0101 nepiecie\u0161ams, vai ilg\u0101ku laiku, nek\u0101 nepiecie\u0161ams. Turkl\u0101t, p\u0101rtraucot lietot z\u0101les, noteikti konsult\u0113jieties ar \u0101rstu. Pentobarbit\u0101ls var izrais\u012bt smagus abstinences simptomus, piem\u0113ram, reiboni, bezmiegu, \u0123\u012bboni un daudz ko citu, un \u0101rsts zina, k\u0101 pak\u0101peniski samazin\u0101t devu, lai j\u016bs neciestu no \u0161iem abstinences simptomiem.    <\/p>\n<h3>Vai j\u016bs varat leg\u0101li ieg\u016bt pentobarbit\u0101lu?<\/h3>\n<p> Pentobarbit\u0101ls ir viens no nedaudzajiem barbitur\u0101tiem, ko varat ieg\u0101d\u0101ties leg\u0101li. Tom\u0113r ir v\u0113rts atz\u012bm\u0113t, ka uz\u0146\u0113mumu skaits, kas ra\u017eo pentobarbit\u0101lu, ir krasi samazin\u0101jies, apgr\u016btinot \u0161\u012bs z\u0101les ieg\u016b\u0161anu. Lai j\u016bs var\u0113tu ieg\u0101d\u0101ties \u0161\u012bs z\u0101les, jums ir nepiecie\u0161ams \u0101rsta ieteikums\/recepte.   <\/p>\n<h3>Vai j\u016bs varat ieg\u0101d\u0101ties pentobarbit\u0101lu tie\u0161saist\u0113?<\/h3>\n<p> Ja mekl\u0113jat pentobarbit\u0101lu mekl\u0113t\u0101jprogramm\u0101s, j\u016bs ieg\u016bsit daudzus tie\u0161saistes p\u0101rdev\u0113jus, kas p\u0101rdod pentobarbit\u0101lu un citus barbitur\u0101tus. Tom\u0113r jums j\u0101zina, ka pentobarbit\u0101ls un citi barbitur\u0101ti daudz\u0101s valst\u012bs ir kontrol\u0113tas z\u0101les. Ja pl\u0101nojat ieg\u0101d\u0101ties pentobarbit\u0101lu tie\u0161saist\u0113, pirms pirkuma p\u0101rliecinieties, vai esat veicis atbilsto\u0161u izp\u0113ti. Daudzu atsauksmju las\u012b\u0161ana ar\u012b nodro\u0161ina, ka p\u0113rkat no likum\u012bga pirc\u0113ja.<\/p>\n","protected":false},"excerpt":{"rendered":"<p>Ieg\u0101d\u0101jieties Nembutal Pentobarbital let\u0101lo injekciju \u0161\u0137\u012bdumu tie\u0161saist\u0113. Pieejams 50 mg\/ml koncentr\u0101cij\u0101, \u0161\u0137\u012bdums ir pieejams 20 ml un 50 ml flakonos. Izv\u0113lieties vajadz\u012bgo daudzumu un pievienojiet to grozam. M\u0113s pied\u0101v\u0101jam \u0101tru un garant\u0113tu diskr\u0113tu pieg\u0101di visiem pas\u016bt\u012bjumiem.   <\/p>\n","protected":false},"featured_media":19719,"comment_status":"open","ping_status":"closed","template":"","meta":{"om_disable_all_campaigns":false,"_sitemap_exclude":false,"_sitemap_priority":"","_sitemap_frequency":"","_monsterinsights_skip_tracking":false,"_monsterinsights_sitenote_active":false,"_monsterinsights_sitenote_note":"","_monsterinsights_sitenote_category":0},"product_cat":[29411],"product_tag":[29692,29679,29684,29675,29687,29682,29676,29677,29691,29683,29685,29694,29688,29690,29693,29681,29689,29686,29678,29673,29674,29680],"class_list":{"0":"post-32298","1":"product","2":"type-product","3":"status-publish","4":"has-post-thumbnail","6":"product_cat-pentobarbitala-natrijs-nembutals","7":"product_tag-autentisks-pentobarbitala-intravenozais-skidums-eiropa","8":"product_tag-cik-daudz-ir-pentobarbitala-intravenozais-skidums","9":"product_tag-kur-nopirkt-pentobarbitala-intravenozo-skidumu-eiropa","10":"product_tag-kur-tiessaiste-iegadaties-pentobarbitala-intravenozo-skidumu","11":"product_tag-lets-pentobarbitala-intravenozais-skidums-eiropa","12":"product_tag-pasutiet-pentobarbitala-intravenozo-skidumu-es","13":"product_tag-pasutiet-pentobarbitala-intravenozo-skidumu-tiessaiste","14":"product_tag-pentobarbitala-intravenoza-skiduma-iedarbiba","15":"product_tag-pentobarbitala-intravenoza-skiduma-piegade-eiropa","16":"product_tag-pentobarbitala-intravenozais-skidums-bezmaksas-piegade-uz-eiropu","17":"product_tag-pentobarbitala-intravenozais-skidums-eiropa","18":"product_tag-pentobarbitala-intravenozais-skidums-eiropa-apskats","19":"product_tag-pentobarbitala-intravenozais-skidums-eiropa-piedavajumi","20":"product_tag-pentobarbitala-intravenozais-skidums-eiropas-atlaide","21":"product_tag-pentobarbitala-intravenozais-skidums-eiropas-piegadataji","22":"product_tag-pentobarbitala-intravenozais-skidums-labaka-cena-eiropa","23":"product_tag-pentobarbitala-intravenozo-skidumu-eiropas-veikals","24":"product_tag-pentobarbitala-intravenozo-skidumu-interneta-veikals-eiropa","25":"product_tag-pentobarbitala-intravenozo-skidumu-tirdznieciba-tiessaiste","26":"product_tag-perciet-pentobarbitala-intravenozo-skidumu","27":"product_tag-perciet-pentobarbitala-intravenozo-skidumu-tiessaiste","28":"product_tag-perciet-pentobarbitala-intravenozo-skidumu-tiessaiste-eiropa","30":"first","31":"instock","32":"shipping-taxable","33":"purchasable","34":"product-type-variable","35":"farmacie-col"},"aioseo_notices":[],"_links":{"self":[{"href":"https:\/\/lacasadelamedicina.es\/lv\/wp-json\/wp\/v2\/product\/32298"}],"collection":[{"href":"https:\/\/lacasadelamedicina.es\/lv\/wp-json\/wp\/v2\/product"}],"about":[{"href":"https:\/\/lacasadelamedicina.es\/lv\/wp-json\/wp\/v2\/types\/product"}],"replies":[{"embeddable":true,"href":"https:\/\/lacasadelamedicina.es\/lv\/wp-json\/wp\/v2\/comments?post=32298"}],"wp:featuredmedia":[{"embeddable":true,"href":"https:\/\/lacasadelamedicina.es\/lv\/wp-json\/wp\/v2\/media\/19719"}],"wp:attachment":[{"href":"https:\/\/lacasadelamedicina.es\/lv\/wp-json\/wp\/v2\/media?parent=32298"}],"wp:term":[{"taxonomy":"product_cat","embeddable":true,"href":"https:\/\/lacasadelamedicina.es\/lv\/wp-json\/wp\/v2\/product_cat?post=32298"},{"taxonomy":"product_tag","embeddable":true,"href":"https:\/\/lacasadelamedicina.es\/lv\/wp-json\/wp\/v2\/product_tag?post=32298"}],"curies":[{"name":"wp","href":"https:\/\/api.w.org\/{rel}","templated":true}]}}