{"id":32279,"date":"2024-08-09T14:02:43","date_gmt":"2024-08-09T14:02:43","guid":{"rendered":"https:\/\/lacasadelamedicina.es\/product\/perciet-lsd-filz-226-un-tiessaiste\/"},"modified":"2024-08-09T14:02:43","modified_gmt":"2024-08-09T14:02:43","slug":"perciet-lsd-filz-226-un-tiessaiste","status":"publish","type":"product","link":"https:\/\/lacasadelamedicina.es\/lv\/produkts\/perciet-lsd-filz-226-un-tiessaiste\/","title":{"rendered":"P\u0113rciet LSD Filz 226 un tie\u0161saist\u0113"},"content":{"rendered":"<h3>P\u0113rciet LSD Filz 226 un tie\u0161saist\u0113<\/h3>\n<p> P\u0113rciet LSD Filz 226 ug tie\u0161saist\u0113. Eiropas z\u0101\u013cu p\u0101rbaudes grupa, kas analiz\u0113ja \u0161o LSD devas vien\u012bbu, izteica br\u012bdin\u0101jumu par &#8220;lielu devu&#8221;, jo taj\u0101 ir vair\u0101k nek\u0101 150 mikrogrami LSD. <\/p>\n<h3>1P-LSD (1-propionillizerg\u012bnsk\u0101bes dietilam\u012bds) \u2014 uzlabojiet savas saj\u016btas<\/h3>\n<p> Vai esat gatavs doties p\u0101rveidojo\u0161\u0101 pr\u0101ta ce\u013cojum\u0101? Izp\u0113tiet m\u016bsu augst\u0101k\u0101s klases 1P-LSD \u2014 sp\u0113c\u012bgu un prec\u012bzi izstr\u0101d\u0101tu savienojumu, kas izstr\u0101d\u0101ts, lai pied\u0101v\u0101tu unik\u0101lu un dzi\u013cu psihed\u0113lisku pieredzi. Lieliski piem\u0113rots tiem, kas v\u0113las papla\u0161in\u0101t apzi\u0146u un dzi\u013c\u0101ku ieskatu, m\u016bsu 1P-LSD sola p\u0101rpasaul\u012bgu piedz\u012bvojumu.   <strong>Galven\u0101s funkcijas:<\/strong><\/p>\n<ul>\n<li><strong>Sp\u0113c\u012bga psihod\u0113lisk\u0101 pieredze:<\/strong> 1P-LSD ir paz\u012bstams ar savu sp\u0113ju izrais\u012bt sp\u0113c\u012bgas halucin\u0101cijas, dzi\u013cu pa\u0161p\u0101rbaudi un intens\u012bvu eiforiju. Sagatavojieties gar\u012bgai odisejai, kas var novest pie noz\u012bm\u012bgas sevis atkl\u0101\u0161anas un gar\u012bgas atmodas. <\/li>\n<li><strong>Izcila kvalit\u0101te un t\u012br\u012bba:<\/strong> m\u0113s pie\u0161\u0137iram priorit\u0101ti j\u016bsu dro\u0161\u012bbai un apmierin\u0101t\u012bbai. M\u016bsu 1P-LSD tiek ieg\u016bts no cien\u012bjamiem laboratorij\u0101m, un tas tiek r\u016bp\u012bgi p\u0101rbaud\u012bts, lai nodro\u0161in\u0101tu visaugst\u0101ko kvalit\u0101ti. Varat pa\u013cauties, ka sa\u0146emat t\u012br\u0101ko un autentisk\u0101ko produktu.  <\/li>\n<li><strong>Prec\u012bza doz\u0113\u0161ana:<\/strong> katrs 1P-LSD bloteris ir r\u016bp\u012bgi doz\u0113ts, lai nodro\u0161in\u0101tu konsekventu un uzticamu pieredzi. M\u016bsu prec\u012bzais ra\u017eo\u0161anas process garant\u0113 prec\u012bzu doz\u0113\u0161anu, lai j\u016bs var\u0113tu piln\u012bb\u0101 koncentr\u0113ties uz savu ce\u013cojumu. <\/li>\n<li><strong>\u0100tra pieg\u0101de un diskr\u0113ts iepakojums:<\/strong> m\u0113s augstu v\u0113rt\u0113jam j\u016bsu priv\u0101tumu un savlaic\u012bgu pieg\u0101di. J\u016bsu pas\u016bt\u012bjums tiks diskr\u0113ti iesai\u0146ots, lai aizsarg\u0101tu j\u016bsu anonimit\u0101ti, un pieg\u0101d\u0101ts \u0101tri un dro\u0161i. <\/li>\n<\/ul>\n<p><strong>Dro\u0161\u012bbas pas\u0101kumi:<\/strong> lai gan 1P-LSD pied\u0101v\u0101 iev\u0113rojamu izp\u0113ti par izmain\u012btiem apzi\u0146as st\u0101vok\u013ciem, ir \u013coti svar\u012bgi to izmantot atbild\u012bgi. L\u016bdzu, iev\u0113rojiet \u0161\u012bs dro\u0161\u012bbas vadl\u012bnijas:  <\/p>\n<ol>\n<li><strong>Iestat\u012b\u0161ana un iestat\u012b\u0161ana:<\/strong> izveidojiet \u0113rtu un paz\u012bstamu vidi savai pieredzei. Ide\u0101l\u0101 gad\u012bjum\u0101 atrodieties uzticamu draugu vai gidu komp\u0101nij\u0101. <\/li>\n<li><strong>Pareiza deva:<\/strong> iev\u0113rojiet ieteicam\u0101s devas, lai izvair\u012btos no nep\u0101rvaramas pieredzes. Ies\u0101c\u0113jiem j\u0101s\u0101k ar mazu devu, lai nov\u0113rt\u0113tu savu jut\u012bgumu. <\/li>\n<li><strong>Zini savas robe\u017eas:<\/strong> psihed\u0113liska pieredze var b\u016bt intens\u012bva un neparedzama. J\u0101apzin\u0101s, kad mekl\u0113t pal\u012bdz\u012bbu vai medic\u012bnisko pal\u012bdz\u012bbu, ja nepiecie\u0161ams. <\/li>\n<li><strong>Juridisk\u0101 atbilst\u012bba:<\/strong> pirms ieg\u0101des p\u0101rbaudiet 1P-LSD likum\u012bbu sav\u0101 re\u0123ion\u0101. M\u0113s neatbalst\u0101m nelikum\u012bgu vai bezatbild\u012bgu izmanto\u0161anu. <\/li>\n<\/ol>\n<p><strong>1P-LSD un LSD at\u0161\u0137ir\u012bbas un l\u012bdz\u012bbas<\/strong> Gan 1P-LSD, gan LSD ir sp\u0113c\u012bgi psihed\u0113liski l\u012bdzek\u013ci ar l\u012bdz\u012bgu iedarb\u012bbu, ta\u010du past\u0101v iev\u0113rojamas at\u0161\u0137ir\u012bbas: <\/p>\n<ul>\n<li><strong>1P-LSD:<\/strong>\n<ul>\n<li><strong>\u0136\u012bmisk\u0101 strukt\u016bra:<\/strong> 1P-LSD ir LSD struktur\u0101ls analogs, kas satur propionilgrupu, kas pievienota sl\u0101pek\u013ca molekulai.<\/li>\n<li><strong>Legalit\u0101te:<\/strong> 1P-LSD, ko bie\u017ei uzskata par p\u0113tniecisku \u0137\u012bmisku vielu, var b\u016bt likum\u012bga da\u017e\u0101s jom\u0101s, kur LSD ir aizliegts. \u0160\u012bs juridisk\u0101s neskaidr\u012bbas ir novedu\u0161as pie t\u0101 pieejam\u012bbas noteiktos tirgos. <\/li>\n<li><strong>Ietekme un iedarb\u012bba:<\/strong> tiek uzskat\u012bts, ka t\u0101 iedarb\u012bba ir gandr\u012bz identiska LSD iedarb\u012bbai, izraisot psihed\u0113lisku pieredzi, piem\u0113ram, vizu\u0101lus izkrop\u013cojumus, main\u012btu laika uztveri, eiforiju un introspekt\u012bvas domas. .<\/li>\n<li><strong>Dro\u0161\u012bbas profils:<\/strong> ir veikti ierobe\u017eoti p\u0113t\u012bjumi, ta\u010du parasti tiek uzskat\u012bts, ka 1P-LSD dro\u0161\u012bbas profils ir l\u012bdz\u012bgs LSD. T\u0101pat k\u0101 visas psihed\u0113lisk\u0101s z\u0101les, tas j\u0101lieto piesardz\u012bgi. <\/li>\n<\/ul>\n<\/li>\n<li><strong>LSD:<\/strong>\n<ul>\n<li><strong>\u0136\u012bmisk\u0101 strukt\u016bra:<\/strong> LSD jeb lizerg\u012bnsk\u0101bes dietilam\u012bds pirmo reizi tika sintez\u0113ts 1938. gad\u0101 un ir ieg\u016bts no melno graudaugu s\u0113n\u012btes.<\/li>\n<li><strong>Likumit\u0101te:<\/strong> LSD daudz\u0101s valst\u012bs, tostarp ASV, ir klasific\u0113ts k\u0101 I sarakst\u0101 iek\u013caut\u0101 kontrol\u0113jam\u0101 viela, t\u0101d\u0113\u013c t\u0101 ra\u017eo\u0161ana, glab\u0101\u0161ana vai izplat\u012b\u0161ana bez atbilsto\u0161as \u200b\u200bizp\u0113tes at\u013caujas ir nelikum\u012bga. .<\/li>\n<li><strong>Ietekme un iedarb\u012bba:<\/strong> LSD ir slavens ar savu dzi\u013co psihed\u0113lisko iedarb\u012bbu, tostarp intens\u012bv\u0101m halucin\u0101cij\u0101m, izmain\u012bt\u0101m uztver\u0113m, saasin\u0101t\u0101m emocij\u0101m un bie\u017ei vien mistisku vai gar\u012bgu pieredzi. Efekt\u012bv\u0101 deva parasti ir \u013coti zema. <\/li>\n<li><strong>Dro\u0161\u012bbas profils:<\/strong> LSD ir vair\u0101k p\u0113t\u012bts un parasti tiek uzskat\u012bts par dro\u0161u, ja to lieto atbild\u012bgi. Tom\u0113r tam var b\u016bt neparedzamas sekas, un da\u017ei lietot\u0101ji var piedz\u012bvot psiholo\u0123isku diskomfortu. <\/li>\n<\/ul>\n<\/li>\n<\/ul>\n","protected":false},"excerpt":{"rendered":"<p>P\u0113rciet LSD Filz 226 un tie\u0161saist\u0113 P\u0113rciet LSD Filz 226 ug tie\u0161saist\u0113. Eiropas z\u0101\u013cu p\u0101rbaudes grupa, kas analiz\u0113ja \u0161o LSD devas vien\u012bbu, izteica br\u012bdin\u0101jumu par &#8220;lielu devu&#8221;, jo taj\u0101 ir vair\u0101k nek\u0101 150 mikrogrami LSD. 1P-LSD (1-propionillizerg\u012bnsk\u0101bes dietilam\u012bds) \u2014 uzlabojiet savas saj\u016btas Vai esat gatavs doties p\u0101rveidojo\u0161\u0101 pr\u0101ta ce\u013cojum\u0101? Izp\u0113tiet m\u016bsu augst\u0101k\u0101s klases 1P-LSD \u2014 [&hellip;]<\/p>\n","protected":false},"featured_media":19329,"comment_status":"closed","ping_status":"closed","template":"","meta":{"om_disable_all_campaigns":false,"_sitemap_exclude":false,"_sitemap_priority":"","_sitemap_frequency":"","_monsterinsights_skip_tracking":false,"_monsterinsights_sitenote_active":false,"_monsterinsights_sitenote_note":"","_monsterinsights_sitenote_category":0},"product_cat":[29530],"product_tag":[29594,29581,29586,29577,29589,29585,29596,29592,29587,29590,29595,29593,29591,29579,29588,29583,29580,29584,29578,29575,29582,29576],"class_list":{"0":"post-32279","1":"product","2":"type-product","3":"status-publish","4":"has-post-thumbnail","6":"product_cat-lsd-lv","7":"product_tag-autentisks-lsd-filz-226-ug-europe","8":"product_tag-cik-maksa-lsd-filz-226-ug","9":"product_tag-kur-nopirkt-lsd-filz-226-ug-europe","10":"product_tag-kur-tiessaiste-nopirkt-lsd-filz-226-ug","11":"product_tag-leti-lsd-filz-226-ug-europe","12":"product_tag-lsd-filz-226-ug-bezmaksas-piegade-eiropa","13":"product_tag-lsd-filz-226-ug-europe-apskats","14":"product_tag-lsd-filz-226-ug-europe-atlaide","15":"product_tag-lsd-filz-226-ug-europe-izpardosana","16":"product_tag-lsd-filz-226-ug-europe-piedavajumi","17":"product_tag-lsd-filz-226-ug-europe-piegadataji","18":"product_tag-lsd-filz-226-ug-europe-piegade","19":"product_tag-lsd-filz-226-ug-europe-veikals","20":"product_tag-lsd-filz-226-ug-ietekme","21":"product_tag-lsd-filz-226-ug-interneta-veikals-eiropa","22":"product_tag-lsd-filz-226-ug-labaka-cena-eiropa","23":"product_tag-lsd-filz-226-un-tirdznieciba-tiessaiste","24":"product_tag-pasutiet-lsd-filz-226-ug-eu","25":"product_tag-pasutiet-lsd-filz-226-ug-tiessaiste","26":"product_tag-perciet-lsd-filz-226-ug","27":"product_tag-perciet-lsd-filz-226-ug-tiessaiste-eiropa","28":"product_tag-perciet-lsd-filz-226-un-tiessaiste","30":"first","31":"instock","32":"shipping-taxable","33":"purchasable","34":"product-type-simple","35":"farmacie-col"},"aioseo_notices":[],"_links":{"self":[{"href":"https:\/\/lacasadelamedicina.es\/lv\/wp-json\/wp\/v2\/product\/32279"}],"collection":[{"href":"https:\/\/lacasadelamedicina.es\/lv\/wp-json\/wp\/v2\/product"}],"about":[{"href":"https:\/\/lacasadelamedicina.es\/lv\/wp-json\/wp\/v2\/types\/product"}],"replies":[{"embeddable":true,"href":"https:\/\/lacasadelamedicina.es\/lv\/wp-json\/wp\/v2\/comments?post=32279"}],"wp:featuredmedia":[{"embeddable":true,"href":"https:\/\/lacasadelamedicina.es\/lv\/wp-json\/wp\/v2\/media\/19329"}],"wp:attachment":[{"href":"https:\/\/lacasadelamedicina.es\/lv\/wp-json\/wp\/v2\/media?parent=32279"}],"wp:term":[{"taxonomy":"product_cat","embeddable":true,"href":"https:\/\/lacasadelamedicina.es\/lv\/wp-json\/wp\/v2\/product_cat?post=32279"},{"taxonomy":"product_tag","embeddable":true,"href":"https:\/\/lacasadelamedicina.es\/lv\/wp-json\/wp\/v2\/product_tag?post=32279"}],"curies":[{"name":"wp","href":"https:\/\/api.w.org\/{rel}","templated":true}]}}