{"id":32272,"date":"2024-08-09T14:02:43","date_gmt":"2024-08-09T14:02:43","guid":{"rendered":"https:\/\/lacasadelamedicina.es\/product\/perciet-skidro-lsd-tiessaiste\/"},"modified":"2024-08-09T14:02:43","modified_gmt":"2024-08-09T14:02:43","slug":"perciet-skidro-lsd-tiessaiste","status":"publish","type":"product","link":"https:\/\/lacasadelamedicina.es\/lv\/produkts\/perciet-skidro-lsd-tiessaiste\/","title":{"rendered":"P\u0113rciet \u0161\u0137idro LSD tie\u0161saist\u0113"},"content":{"rendered":"<h2>P\u0113rciet \u0161\u0137idro LSD p\u0101rdo\u0161anai tie\u0161saist\u0113<\/h2>\n<h3>P\u0113rciet \u0161\u0137idro LSD p\u0101rdo\u0161anai tie\u0161saist\u0113<\/h3>\n<p> LSD s\u0101kas k\u0101 krist\u0101liska viela un p\u0113c tam tiek izplat\u012bts pat\u0113r\u0113jam\u0101 form\u0101. Se\u0161desmitajos gados to parasti izplat\u012bja mikropunktos (s\u012bk\u0101s tablet\u0113s), \u017eelat\u012bna kvadr\u0101tos (paz\u012bstami k\u0101 &#8220;logu r\u016btis&#8221;) un blotterpap\u012br\u0101. <strong>P\u0113rciet LSD<\/strong> Psihed\u0113liskos l\u012bdzek\u013cus, tostarp LSD, da\u017e\u0101di cilv\u0113ki uztver at\u0161\u0137ir\u012bgi \u2014 da\u017ei uzskata tos par v\u0113rt\u012bgu r\u012bku psihiatrij\u0101, citi par draudiem sabiedr\u012bbai un da\u017ei k\u0101 v\u0101rti uz alternat\u012bv\u0101m jom\u0101m. LSD kop\u0101 ar citiem labi zin\u0101miem psihed\u0113liskiem l\u012bdzek\u013ciem, piem\u0113ram, DMT, meskal\u012bnu un psilocib\u012bnu, ir izmantoti da\u017e\u0101d\u0101s kult\u016br\u0101s gadsimtiem ilgi, lai izrais\u012btu izmain\u012btus apzi\u0146as st\u0101vok\u013cus. Lai gan LSD pirmo reizi tika atkl\u0101ts 1943. gad\u0101, p\u0101r\u0113j\u0101s vielas ir ieg\u016btas no augiem un s\u0113n\u0113m, un t\u0101m ir sena lieto\u0161anas v\u0113sture.    <strong>K\u0101p\u0113c pirkt LSD?<\/strong> LSD, kas paz\u012bstams ar\u012b k\u0101 &#8220;sk\u0101be&#8221;, ir viena no sp\u0113c\u012bg\u0101kaj\u0101m viel\u0101m, kas maina garast\u0101vokli. To sintez\u0113 no lizerg\u012bnsk\u0101bes, kas atrodama rudzos un citos graudos augo\u0161aj\u0101 melngraudu s\u0113n\u0113. LSD parasti ir pieejams da\u017e\u0101d\u0101s form\u0101s, tostarp maz\u0101s tablet\u0113s (mikrodotos), kapsul\u0101s, \u017eelat\u012bna kvadr\u0101tos (logu r\u016bt\u012bs) un da\u017ereiz uz blotterpap\u012bra ar m\u0101ksliniecisku dizainu vai multfilmu varo\u0146iem. To var p\u0101rdot ar\u012b \u0161\u0137idr\u0101 veid\u0101. Neatkar\u012bgi no formas LSD parasti izraisa dzi\u013cu atrau\u0161anos no realit\u0101tes.<\/p>\n","protected":false},"excerpt":{"rendered":"<p>M\u016bsu risin\u0101jums satur ori\u0123in\u0101lo LSD-25, nevis aizst\u0101j\u0113ju (t\u0101 k\u0101 daudzas citas vietnes t\u0101 viet\u0101 var pied\u0101v\u0101t 1P-LSD). Tas ir pieejams da\u017e\u0101dos at\u0161\u0137aid\u012b\u0161anas stiprumos. \u0160\u0137\u012bdumu gatavo ar akt\u012bvo vielu un destil\u0113tu \u016bdeni, kas sagatavots steril\u0101 vid\u0113, lai nodro\u0161in\u0101tu t\u012br\u012bbu. Viens b\u016btisks \u0161\u0137idruma form\u0101ta ieguvums ir sp\u0113ja prec\u012bzi izm\u0113r\u012bt devas. Katra pudele ir apr\u012bkota ar pilin\u0101t\u0101ja v\u0101ku, kas mar\u0137\u0113ts ar 0,25 ml soli, nodro\u0161inot prec\u012bzu doz\u0113\u0161anu un \u0113rtu lieto\u0161anu. Tas nodro\u0161ina, ka varat uz\u0146emt tie\u0161i tik daudz, cik v\u0113laties.     <\/p>\n","protected":false},"featured_media":19314,"comment_status":"open","ping_status":"closed","template":"","meta":{"om_disable_all_campaigns":false,"_sitemap_exclude":false,"_sitemap_priority":"","_sitemap_frequency":"","_monsterinsights_skip_tracking":false,"_monsterinsights_sitenote_active":false,"_monsterinsights_sitenote_note":"","_monsterinsights_sitenote_category":0},"product_cat":[29530],"product_tag":[29550,29541,29552,29548,29543,29546,29551,29549,29547,29544,29539,29536,29537,29535,29542,29533,29545,29540,29534,29531,29532,29538],"class_list":{"0":"post-32272","1":"product","2":"type-product","3":"status-publish","4":"has-post-thumbnail","6":"product_cat-lsd-lv","7":"product_tag-authentic-california-sunshine-europe-lv","8":"product_tag-california-sunshine-bezmaksas-piegade-uz-eiropu","9":"product_tag-california-sunshine-europe-apskats","10":"product_tag-california-sunshine-europe-atlaide","11":"product_tag-california-sunshine-europe-izpardosana","12":"product_tag-california-sunshine-europe-piedavajumi","13":"product_tag-california-sunshine-europe-piegadataji","14":"product_tag-california-sunshine-europe-piegade","15":"product_tag-california-sunshine-europe-veikals","16":"product_tag-california-sunshine-interneta-veikals-eiropa","17":"product_tag-california-sunshine-labaka-cena-eiropa","18":"product_tag-california-sunshine-pardosana-tiessaiste","19":"product_tag-cik-maksa-california-sunshine","20":"product_tag-kalifornijas-saules-staru-ietekme","21":"product_tag-kur-nopirkt-california-sunshine-europe","22":"product_tag-kur-tiessaiste-nopirkt-california-sunshine","23":"product_tag-leti-california-sunshine-europe","24":"product_tag-pasutiet-california-sunshine-eu","25":"product_tag-pasutiet-california-sunshine-tiessaiste","26":"product_tag-perciet-california-sunshine","27":"product_tag-perciet-california-sunshine-tiessaiste","28":"product_tag-perciet-california-sunshine-tiessaiste-eiropa","30":"first","31":"instock","32":"shipping-taxable","33":"purchasable","34":"product-type-simple","35":"farmacie-col"},"aioseo_notices":[],"_links":{"self":[{"href":"https:\/\/lacasadelamedicina.es\/lv\/wp-json\/wp\/v2\/product\/32272"}],"collection":[{"href":"https:\/\/lacasadelamedicina.es\/lv\/wp-json\/wp\/v2\/product"}],"about":[{"href":"https:\/\/lacasadelamedicina.es\/lv\/wp-json\/wp\/v2\/types\/product"}],"replies":[{"embeddable":true,"href":"https:\/\/lacasadelamedicina.es\/lv\/wp-json\/wp\/v2\/comments?post=32272"}],"wp:featuredmedia":[{"embeddable":true,"href":"https:\/\/lacasadelamedicina.es\/lv\/wp-json\/wp\/v2\/media\/19314"}],"wp:attachment":[{"href":"https:\/\/lacasadelamedicina.es\/lv\/wp-json\/wp\/v2\/media?parent=32272"}],"wp:term":[{"taxonomy":"product_cat","embeddable":true,"href":"https:\/\/lacasadelamedicina.es\/lv\/wp-json\/wp\/v2\/product_cat?post=32272"},{"taxonomy":"product_tag","embeddable":true,"href":"https:\/\/lacasadelamedicina.es\/lv\/wp-json\/wp\/v2\/product_tag?post=32272"}],"curies":[{"name":"wp","href":"https:\/\/api.w.org\/{rel}","templated":true}]}}