{"id":32253,"date":"2024-08-09T14:02:44","date_gmt":"2024-08-09T14:02:44","guid":{"rendered":"https:\/\/lacasadelamedicina.es\/product\/perciet-pentobarbitala-tabletes-tiessaiste\/"},"modified":"2024-08-09T14:02:44","modified_gmt":"2024-08-09T14:02:44","slug":"perciet-pentobarbitala-tabletes-tiessaiste","status":"publish","type":"product","link":"https:\/\/lacasadelamedicina.es\/lv\/produkts\/perciet-pentobarbitala-tabletes-tiessaiste\/","title":{"rendered":"P\u0113rciet Pentobarbit\u0101la tabletes tie\u0161saist\u0113"},"content":{"rendered":"<h2>P\u0113rciet Pentobarbit\u0101la tabletes tie\u0161saist\u0113<\/h2>\n<p><strong>K\u0101p\u0113c lieto pentobarbit\u0101la tabletes?<\/strong> Pentobarbit\u0101la tabletes galvenok\u0101rt izmanto k\u0101 \u012bslaic\u012bgu nomierino\u0161u l\u012bdzekli, lai nov\u0113rstu bezmiegu un izrais\u012btu miegu \u0137irur\u0123isk\u0101m proced\u016br\u0101m. Tos var izmantot ar\u012b \u0101rk\u0101rtas krampju \u0101rst\u0113\u0161anai. Tom\u0113r tie nav vien\u012bgie pentobarbit\u0101la lietojumi.   <strong>Svar\u012bga inform\u0101cija par pentobarbit\u0101la tablet\u0113m<\/strong><\/p>\n<ul>\n<li><strong>Izvairieties, ja:<\/strong> Jums ir bijusi porf\u012brija (\u0123en\u0113tiski enz\u012bmu trauc\u0113jumi, kas ietekm\u0113 CNS un \u0101du) vai ja Jums ir aler\u0123ija pret barbitur\u0101tiem.<\/li>\n<li><strong>Medic\u012bniski st\u0101vok\u013ci:<\/strong> inform\u0113jiet savu \u0101rstu, ja Jums ir aknu vai nieru slim\u012bba, hroniska slim\u012bba vai anamn\u0113z\u0113 ir \u013caunpr\u0101t\u012bga barbitur\u0101tu lieto\u0161ana, lai p\u0101rliecin\u0101tos, ka z\u0101les jums ir dro\u0161as. .<\/li>\n<li><strong>Gr\u016btniec\u012bba:<\/strong> pentobarbit\u0101ls var kait\u0113t nedzimu\u0161am b\u0113rnam, izraisot atkar\u012bbu un abstinences simptomus p\u0113c piedzim\u0161anas. Vienm\u0113r konsult\u0113jieties ar savu \u0101rstu, ja esat gr\u016btniece vai pl\u0101nojat gr\u016btniec\u012bbu. <\/li>\n<li><strong>Dzimst\u012bbas kontrole:<\/strong> pentobarbit\u0101ls var ietekm\u0113t kontracepcijas table\u0161u efektivit\u0101ti. Var ieteikt nehormon\u0101las metodes. <\/li>\n<\/ul>\n<p><strong>Iesp\u0113jamie riski b\u0113rniem un gr\u016btniec\u0113m<\/strong><\/p>\n<ul>\n<li><strong>Smadze\u0146u att\u012bst\u012bba:<\/strong> oper\u0101cijas laik\u0101 lietotie sedat\u012bvie l\u012bdzek\u013ci var ietekm\u0113t smadze\u0146u att\u012bst\u012bbu b\u0113rniem l\u012bdz tr\u012bs gadu vecumam vai v\u0113l nedzimu\u0161iem b\u0113rniem, kas pak\u013cauti pentobarbit\u0101lam. Atk\u0101rtota lieto\u0161ana var izrais\u012bt m\u0101c\u012b\u0161an\u0101s vai uzved\u012bbas probl\u0113mas. Tom\u0113r vienreiz\u0113ja \u012bstermi\u0146a lieto\u0161ana p\u0113t\u012bjumos nav uzr\u0101d\u012bjusi b\u016btisku ietekmi.  <\/li>\n<li><strong>Z\u012bd\u012b\u0161anas periods:<\/strong> pentobarbit\u0101ls var non\u0101kt m\u0101tes pien\u0101 un ietekm\u0113t z\u012bdaini. Past\u0101stiet savam \u0101rstam, ja barojat b\u0113rnu ar kr\u016bti. <\/li>\n<\/ul>\n<p><strong>Narkotiku mijiedarb\u012bba<\/strong> Izvairieties no pentobarbit\u0101la kombin\u0101cijas ar citiem CNS nom\u0101co\u0161iem l\u012bdzek\u013ciem vai viel\u0101m, kas ietekm\u0113 elpo\u0161anu vai izraisa miegu, jo tas var izrais\u012bt smagas vai dz\u012bv\u012bbai b\u012bstamas sekas. Past\u0101stiet savam \u0101rstam, ja lietojat:  <\/p>\n<ul>\n<li>Grizeofulv\u012bns<\/li>\n<li>Doksicikl\u012bns<\/li>\n<li>Krampju z\u0101les, piem\u0113ram, divalproekss<\/li>\n<li>Stero\u012bdu z\u0101les, piem\u0113ram, deksametazons<\/li>\n<li>Hormonu aizst\u0101jterapija vai kontracepcijas tabletes<\/li>\n<li>Asins \u0161\u0137idrin\u0101t\u0101ji, piem\u0113ram, kumad\u012bns vai varfar\u012bns<\/li>\n<li>MAO inhibitori, piem\u0113ram, metil\u0113ns vai linezol\u012bds<\/li>\n<\/ul>\n<p> \u0160is saraksts nav piln\u012bgs, un citas z\u0101les, tostarp augu izcelsmes produkti un bezrecep\u0161u vitam\u012bni, var mijiedarboties ar pentobarbit\u0101lu. <strong>Izlaista deva<\/strong> Pentobarbit\u0101lu parasti izraksta p\u0113c nepiecie\u0161am\u012bbas, t\u0101p\u0113c devas izlai\u0161ana var nerad\u012bt ba\u017eas. Ja lietojat devu grafiku un esat izlaidis devu, lietojiet to, tikl\u012bdz atceraties. Izlaidiet to, ja n\u0101kam\u0101 deva ir nenov\u0113r\u0161ama. Nekad nedubl\u0113jiet, lai aizvietotu aizmirsto devu. <strong>P\u0101rdoz\u0113\u0161anas riski<\/strong> Pentobarbit\u0101la p\u0101rdoz\u0113\u0161ana var b\u016bt let\u0101la. Ja jums ir aizdomas par p\u0101rdoz\u0113\u0161anu, nekav\u0113joties mekl\u0113jiet medic\u012bnisko pal\u012bdz\u012bbu. Simptomi ir v\u0101ja vai klibuma saj\u016bta, l\u0113na vai sekla elpo\u0161ana, izteikta miegain\u012bba, v\u0101j\u0161 pulss, \u0101tra sirdsdarb\u012bba, samazin\u0101ta urin\u0113\u0161ana, \u0123\u012bbonis, papla\u0161in\u0101tas z\u012bl\u012btes vai aukstuma saj\u016bta. <strong>Blakuspar\u0101d\u012bbas<\/strong> Ja rodas smagas aler\u0123iskas reakcijas, piem\u0113ram, apgr\u016btin\u0101ta elpo\u0161ana vai sejas, l\u016bpu, m\u0113les vai r\u012bkles piet\u016bkums, mekl\u0113jiet neatliekamo pal\u012bdz\u012bbu. Citas nopietnas blakuspar\u0101d\u012bbas ir:       <\/p>\n<ul>\n<li>Apjukums, uzbudin\u0101jums, halucin\u0101cijas<\/li>\n<li>V\u0101ja vai sekla elpo\u0161ana<\/li>\n<li>V\u0101j\u0161 pulss vai l\u0113na sirdsdarb\u012bba<\/li>\n<li>Reibonis, slikta d\u016b\u0161a vai vem\u0161ana<\/li>\n<\/ul>\n<p> Bie\u017eas blakuspar\u0101d\u012bbas var ietvert: <\/p>\n<ul>\n<li>L\u012bdzsvara vai koordin\u0101cijas zudums<\/li>\n<li>Miegain\u012bba, reibonis<\/li>\n<li>Miega trauc\u0113jumi, piem\u0113ram, murgi vai bezmiegs<\/li>\n<\/ul>\n<p><strong>Piesardz\u012bbas pas\u0101kumi<\/strong><\/p>\n<ul>\n<li><strong>Modrums:<\/strong> pentobarbit\u0101ls var pasliktin\u0101t j\u016bsu sp\u0113ju dom\u0101t un rea\u0123\u0113t. Izvairieties no darb\u012bb\u0101m, kur\u0101m nepiecie\u0161ama piln\u012bga modr\u012bba, piem\u0113ram, brauk\u0161ana. <\/li>\n<li><strong>Alkohols:<\/strong> nelietojiet alkoholu, kam\u0113r lietojat \u0161\u012bs z\u0101les.<\/li>\n<li><strong>Kop\u012bgo\u0161ana:<\/strong> turiet pentobarbit\u0101lu prom no b\u0113rniem un tiem, kuriem ir bijusi vielu lieto\u0161ana. Lietojiet to tikai t\u0101, k\u0101 nor\u0101d\u012bts, un r\u016bp\u012bgi iev\u0113rojiet nor\u0101d\u012bjumus par devu. <\/li>\n<\/ul>\n<p><strong>Pentobarbit\u0101la table\u0161u ieg\u0101de tie\u0161saist\u0113<\/strong> Lai gan pentobarbit\u0101la tabletes ir iesp\u0113jams ieg\u0101d\u0101ties tie\u0161saist\u0113, ieteicams iev\u0113rot piesardz\u012bbu. Noteikti r\u016bp\u012bgi izp\u0113tiet un izlasiet atsauksmes, lai izvair\u012btos no kr\u0101pniec\u012bbas un p\u0101rbaud\u012btu, vai iep\u0113rkaties no cien\u012bjama avota. Lai veiktu dro\u0161us un diskr\u0113tus dar\u012bjumus, apmekl\u0113jiet vietni <a href=\"https:\/\/lacasadelamedicina.es\/lv\/\"><strong>Dr. Lawsons aptieka<\/strong>.<\/a>  <\/p>\n<p>&nbsp;<\/p>\n","protected":false},"excerpt":{"rendered":"<p>Pas\u016btiet Nembutal pentobarbit\u0101la n\u0101trija tabletes iek\u0161\u0137\u012bgai lieto\u0161anai. Pieejams 50 mg un 100 mg dev\u0101s. Katrs pas\u016bt\u012bjums ir dro\u0161i iesai\u0146ots un nos\u016bt\u012bts diskr\u0113ti. T\u0101l\u0101k atlasiet v\u0113lamo devu un daudzumu, p\u0113c tam pievienojiet grozam.   <\/p>\n","protected":false},"featured_media":19389,"comment_status":"open","ping_status":"closed","template":"","meta":{"om_disable_all_campaigns":false,"_sitemap_exclude":false,"_sitemap_priority":"","_sitemap_frequency":"","_monsterinsights_skip_tracking":false,"_monsterinsights_sitenote_active":false,"_monsterinsights_sitenote_note":"","_monsterinsights_sitenote_category":0},"product_cat":[29411],"product_tag":[29483,29470,29475,29466,29478,29473,29467,29474,29485,29484,29480,29468,29477,29482,29476,29469,29481,29479,29472,29464,29465,29471],"class_list":{"0":"post-32253","1":"product","2":"type-product","3":"status-publish","4":"has-post-thumbnail","6":"product_cat-pentobarbitala-natrijs-nembutals","7":"product_tag-autentiskas-pentobarbitala-tabletes-eiropa","8":"product_tag-cik-maksa-pentobarbitala-tabletes","9":"product_tag-kur-nopirkt-pentobarbitala-tabletes-eiropa","10":"product_tag-kur-tiessaiste-iegadaties-pentobarbitala-tabletes","11":"product_tag-letas-pentobarbitala-tabletes-eiropa","12":"product_tag-pasutiet-pentobarbitala-tabletes-eu","13":"product_tag-pasutiet-pentobarbitala-tabletes-tiessaiste","14":"product_tag-pentobarbitala-tablesu-bezmaksas-piegade-eiropa","15":"product_tag-pentobarbitala-tablesu-eiropas-apskats","16":"product_tag-pentobarbitala-tablesu-eiropas-piegadataji","17":"product_tag-pentobarbitala-tablesu-eiropas-veikals","18":"product_tag-pentobarbitala-tablesu-iedarbiba","19":"product_tag-pentobarbitala-tablesu-interneta-veikals-eiropa","20":"product_tag-pentobarbitala-tablesu-piegade-eiropa","21":"product_tag-pentobarbitala-tablesu-tirdznieciba-eiropa","22":"product_tag-pentobarbitala-tablesu-tirdznieciba-tiessaiste","23":"product_tag-pentobarbitala-tabletes-eiropa-atlaide","24":"product_tag-pentobarbitala-tabletes-eiropa-piedavajumi","25":"product_tag-pentobarbitala-tabletes-labaka-cena-eiropa","26":"product_tag-perciet-pentobarbitala-tabletes","27":"product_tag-perciet-pentobarbitala-tabletes-tiessaiste","28":"product_tag-perciet-pentobarbitala-tabletes-tiessaiste-eiropa","30":"first","31":"instock","32":"shipping-taxable","33":"purchasable","34":"product-type-variable","35":"farmacie-col"},"aioseo_notices":[],"_links":{"self":[{"href":"https:\/\/lacasadelamedicina.es\/lv\/wp-json\/wp\/v2\/product\/32253"}],"collection":[{"href":"https:\/\/lacasadelamedicina.es\/lv\/wp-json\/wp\/v2\/product"}],"about":[{"href":"https:\/\/lacasadelamedicina.es\/lv\/wp-json\/wp\/v2\/types\/product"}],"replies":[{"embeddable":true,"href":"https:\/\/lacasadelamedicina.es\/lv\/wp-json\/wp\/v2\/comments?post=32253"}],"wp:featuredmedia":[{"embeddable":true,"href":"https:\/\/lacasadelamedicina.es\/lv\/wp-json\/wp\/v2\/media\/19389"}],"wp:attachment":[{"href":"https:\/\/lacasadelamedicina.es\/lv\/wp-json\/wp\/v2\/media?parent=32253"}],"wp:term":[{"taxonomy":"product_cat","embeddable":true,"href":"https:\/\/lacasadelamedicina.es\/lv\/wp-json\/wp\/v2\/product_cat?post=32253"},{"taxonomy":"product_tag","embeddable":true,"href":"https:\/\/lacasadelamedicina.es\/lv\/wp-json\/wp\/v2\/product_tag?post=32253"}],"curies":[{"name":"wp","href":"https:\/\/api.w.org\/{rel}","templated":true}]}}