{"id":32240,"date":"2024-08-09T14:02:46","date_gmt":"2024-08-09T14:02:46","guid":{"rendered":"https:\/\/lacasadelamedicina.es\/product\/perciet-kalija-cianida-pulveri-un-tabletes-tiessaiste\/"},"modified":"2024-08-09T14:02:46","modified_gmt":"2024-08-09T14:02:46","slug":"perciet-kalija-cianida-pulveri-un-tabletes-tiessaiste","status":"publish","type":"product","link":"https:\/\/lacasadelamedicina.es\/lv\/produkts\/perciet-kalija-cianida-pulveri-un-tabletes-tiessaiste\/","title":{"rendered":"P\u0113rciet k\u0101lija cian\u012bda pulveri un tabletes tie\u0161saist\u0113"},"content":{"rendered":"<h3>P\u0113rciet k\u0101lija cian\u012bda pulveri un tabletes tie\u0161saist\u0113<\/h3>\n<p> Vai \u0161\u012b ir pirm\u0101 reize, kad saskaraties ar k\u0101lija cian\u012bda pulveri un tablet\u0113m? Ja t\u0101, tad nav j\u0101uztraucas. \u0160aj\u0101 rakst\u0101 m\u0113s apspried\u012bsim visu, kas jums j\u0101zina par \u0137\u012bmisko vielu. K\u0101lija cian\u012bds (KCN) ir neorganisks savienojums, kas par\u0101d\u0101s k\u0101 bezkr\u0101saina, krist\u0101liska viela, kas atg\u0101dina cukuru. Tas labi \u0161\u0137\u012bst \u016bden\u012b, un tam ir da\u017e\u0101di pielietojumi, tostarp zelta ieguve, galvaniz\u0101cija, organisk\u0101 sint\u0113ze un juvelierizstr\u0101d\u0101jumu zelt\u012b\u0161ana. K\u0101lija cian\u012bdu izmanto ar\u012b entomologi, lai \u0101tri izn\u012bcin\u0101tu kukai\u0146us sav\u0101k\u0161anas nol\u016bkos. V\u0113sturiski da\u017ei cilv\u0113ki to ir izmantoju\u0161i pa\u0161n\u0101v\u012bb\u0101m, tostarp nacistu partijas locek\u013ci. <strong>K\u0101lija cian\u012bda ra\u017eo\u0161ana<\/strong> K\u0101lija cian\u012bda ra\u017eo\u0161ana ietver \u016bde\u0146ra\u017ea cian\u012bda apstr\u0101di ar 50% k\u0101lija hidroks\u012bda \u016bdens \u0161\u0137\u012bdumu, kam seko iztvaic\u0113\u0161ana vakuum\u0101. Ik gadu pilnvarotas nozares sara\u017eo aptuveni 50 000 tonnu k\u0101lija cian\u012bda. <strong>Meh\u0101nisms un toksicit\u0101te<\/strong> K\u0101lija cian\u012bds ir sp\u0113c\u012bgs \u0161\u016bnu elpo\u0161anas inhibitors. Tas ietekm\u0113 mitohondriju citohroma c oksid\u0101zi, blo\u0137\u0113jot oksidat\u012bvo fosforil\u0101ciju un trauc\u0113jot organisma sp\u0113ju p\u0101rv\u0113rst p\u0101rtiku ener\u0123ij\u0101. Tas izraisa laktacidozi anaerob\u0101 metabolisma d\u0113\u013c. <strong>N\u0101v\u0113jo\u0161\u0101 deva un iedarb\u012bbas ce\u013ci<\/strong> K\u0101lija cian\u012bda let\u0101l\u0101 deva parasti ir no 200 l\u012bdz 300 mg. \u0160\u012b \u0137\u012bmisk\u0101 viela ir \u0101rk\u0101rt\u012bgi toksiska un hidrol\u012bzes laik\u0101 var izdal\u012bt \u016bde\u0146ra\u017ea cian\u012bda g\u0101zi, kurai ir r\u016bgta mande\u013cu gar\u0161a. Tom\u0113r ne visi var atkl\u0101t \u0161o gar\u0161u, padarot to \u012bpa\u0161i b\u012bstamu. K\u0101lija cian\u012bds var iek\u013c\u016bt organism\u0101, norijot, ieelpojot, saskaroties ar \u0101du un saskaroties ar ac\u012bm. <strong>K\u0101lija cian\u012bda izmanto\u0161ana<\/strong> Lai gan bie\u017ei vien ir saist\u012bta ar pa\u0161n\u0101v\u012bbu, jo t\u0101 \u0101tr\u0101 un nes\u0101p\u012bga iedarb\u012bba, k\u0101lija cian\u012bds ir likum\u012bgi izmantots r\u016bpniec\u012bb\u0101. Tas ir \u013coti svar\u012bgs d\u0101rgmet\u0101lu, piem\u0113ram, zelta un sudraba, ieguvei, un to izmanto galvaniz\u0113\u0161an\u0101 un organiskaj\u0101 sint\u0113z\u0113. To var izmantot ar\u012b k\u0101 anal\u012btisko rea\u0123entu da\u017e\u0101d\u0101s jom\u0101s. <strong>K\u0101 darbojas k\u0101lija cian\u012bds<\/strong> K\u0101lija cian\u012bds izdala \u016bde\u0146ra\u017ea cian\u012bda g\u0101zi, kas darbojas k\u0101 sp\u0113c\u012bgs asfiks\u0113t\u0101js. Tas nopietni pasliktina organisma sp\u0113ju izmantot sk\u0101bekli, izraisot straujas, potenci\u0101li let\u0101las sekas. Tas galvenok\u0101rt ietekm\u0113 dz\u012bv\u012bbai svar\u012bgus org\u0101nus, kas ir jut\u012bgi pret zemu sk\u0101bek\u013ca l\u012bmeni, tostarp centr\u0101lo nervu sist\u0113mu un plau\u0161u sist\u0113mu.                 <strong>K\u0101lija cian\u012bda iedarb\u012bba<\/strong><\/p>\n<ul>\n<li><strong>Mazas devas<\/strong>: apgr\u016btin\u0101ta elpo\u0161ana, reibonis, galvass\u0101pes.<\/li>\n<li><strong>Lielas devas<\/strong>: koma, krampji un n\u0101ve. Glikozes ievad\u012b\u0161ana var pal\u012bdz\u0113t nov\u0113rst da\u017eus efektus, ta\u010du ne vienm\u0113r t\u0101 ir piln\u012bgi efekt\u012bva. <\/li>\n<\/ul>\n<p><strong>P\u0101rdoz\u0113\u0161anas\/saind\u0113\u0161an\u0101s simptomi<\/strong> Saind\u0113\u0161an\u0101s ar k\u0101lija cian\u012bdu paz\u012bmes ir papla\u0161in\u0101tas vai sarkanas acis, sarkan\u012bgi vaigi un zilgana \u0101das kr\u0101sa. Atkar\u012bb\u0101 no iedarb\u012bbas veida iedarb\u012bba var izrais\u012bt smagas sekas:  <\/p>\n<ul>\n<li><strong>\u0100da<\/strong>: dedzin\u0101\u0161ana, kairin\u0101jums, audu boj\u0101jumi.<\/li>\n<li><strong>Nor\u012b\u0161ana<\/strong>: s\u0101pes v\u0113der\u0101, slikta d\u016b\u0161a, vem\u0161ana, ku\u0146\u0123a g\u013cot\u0101das boj\u0101jumi.<\/li>\n<li><strong>Ieelpo\u0161ana<\/strong>: vieglas sekas ir trauksme, apjukums un reibonis; smagas sekas ir krampji, koma un \u0161\u0137idrums plau\u0161\u0101s.<\/li>\n<\/ul>\n<p><strong>Juridiskais statuss un ieg\u0101de<\/strong> K\u0101lija cian\u012bds daudz\u0101s valst\u012bs ir klasific\u0113ts k\u0101 kontrol\u0113jama viela t\u0101 augst\u0101s toksicit\u0101tes d\u0113\u013c. Leg\u0101lai ieg\u0101dei nepiecie\u0161ama atbilsto\u0161a at\u013cauja. Ja apsverat iesp\u0113ju ieg\u0101d\u0101ties k\u0101lija cian\u012bda pulveri vai tabletes tie\u0161saist\u0113, esiet \u012bpa\u0161i piesardz\u012bgs. P\u0101rliecinieties, ka iep\u0113rkaties no cien\u012bjama un likum\u012bga avota, jo standartiem neatbilsto\u0161i vai viltoti produkti var b\u016bt b\u012bstami. Veiciet r\u016bp\u012bgu izp\u0113ti, konsult\u0113jieties ar ekspertiem un izlasiet atsauksmes, lai p\u0101rbaud\u012btu p\u0101rdev\u0113ja le\u0123itimit\u0101ti.<\/p>\n","protected":false},"excerpt":{"rendered":"<p><strong>P\u0113rciet t\u012bru k\u0101lija cian\u012bdu (KCN) pulvera vai table\u0161u veid\u0101<\/strong> M\u016bsu k\u0101lija cian\u012bds ir pieejams da\u017e\u0101diem lietojumiem, un tas tiek pied\u0101v\u0101ts gan pulvera, gan table\u0161u form\u0101t\u0101. Katrs produkts ir dro\u0161i iesai\u0146ots, un j\u016bsu dro\u0161\u012bbai ir iek\u013cauti \u012bpa\u0161i apstr\u0101des cimdi. Izv\u0113lieties vajadz\u012bgo daudzumu un pievienojiet to grozam. Dr. Lawsons aptieka nodro\u0161ina \u0101tru un diskr\u0113tu pieg\u0101di visiem pas\u016bt\u012bjumiem.   <\/p>\n","protected":false},"featured_media":19404,"comment_status":"open","ping_status":"closed","template":"","meta":{"om_disable_all_campaigns":false,"_sitemap_exclude":false,"_sitemap_priority":"","_sitemap_frequency":"","_monsterinsights_skip_tracking":false,"_monsterinsights_sitenote_active":false,"_monsterinsights_sitenote_note":"","_monsterinsights_sitenote_category":0},"product_cat":[29411],"product_tag":[29431,29418,29416,29430,29417,29422,29424,29427,29433,29425,29420,29423,29414,29426,29421,29415,29412,29413,29419,29429,29432,29428],"class_list":{"0":"post-32240","1":"product","2":"type-product","3":"status-publish","4":"has-post-thumbnail","6":"product_cat-pentobarbitala-natrijs-nembutals","7":"product_tag-autentisks-kalija-cianida-pulveris-un-tabletes-eiropa","8":"product_tag-cik-maksa-kalija-cianida-pulveris-un-tabletes","9":"product_tag-kalija-cianida-pulvera-un-tablesu-ietekme","10":"product_tag-kalija-cianida-pulvera-un-tablesu-piegade-eiropa","11":"product_tag-kalija-cianida-pulvera-un-tablesu-tirdznieciba-tiessaiste","12":"product_tag-kalija-cianida-pulveris-un-tabletes-bezmaksas-piegade-uz-eiropu","13":"product_tag-kalija-cianida-pulveris-un-tabletes-eiropa","14":"product_tag-kalija-cianida-pulveris-un-tabletes-eiropa-lv","15":"product_tag-kalija-cianida-pulveris-un-tabletes-eiropa-parskats","16":"product_tag-kalija-cianida-pulveris-un-tabletes-interneta-veikals-eiropa","17":"product_tag-kalija-cianida-pulveris-un-tabletes-labaka-cena-eiropa","18":"product_tag-kur-nopirkt-potassium-cyanide-powder-and-pills-europe","19":"product_tag-kur-tiessaiste-iegadaties-kalija-cianida-pulveri-un-tabletes","20":"product_tag-lets-kalija-cianida-pulveris-un-tabletes-eiropa","21":"product_tag-pasutiet-kalija-cianida-pulveri-un-tabletes-es","22":"product_tag-pasutiet-kalija-cianida-pulveri-un-tabletes-tiessaiste","23":"product_tag-perciet-kalija-cianida-pulveri-un-tabletes","24":"product_tag-perciet-kalija-cianida-pulveri-un-tabletes-tiessaiste","25":"product_tag-perciet-kalija-cianida-pulveri-un-tabletes-tiessaiste-eiropa","26":"product_tag-potassium-cyanide-powder-and-pills-europe-atlaide","27":"product_tag-potassium-cyanide-powder-and-pills-europe-piegadataji","28":"product_tag-potassium-cyanide-powder-and-pills-europe-veikals","30":"first","31":"instock","32":"shipping-taxable","33":"purchasable","34":"product-type-variable","35":"farmacie-col"},"aioseo_notices":[],"_links":{"self":[{"href":"https:\/\/lacasadelamedicina.es\/lv\/wp-json\/wp\/v2\/product\/32240"}],"collection":[{"href":"https:\/\/lacasadelamedicina.es\/lv\/wp-json\/wp\/v2\/product"}],"about":[{"href":"https:\/\/lacasadelamedicina.es\/lv\/wp-json\/wp\/v2\/types\/product"}],"replies":[{"embeddable":true,"href":"https:\/\/lacasadelamedicina.es\/lv\/wp-json\/wp\/v2\/comments?post=32240"}],"wp:featuredmedia":[{"embeddable":true,"href":"https:\/\/lacasadelamedicina.es\/lv\/wp-json\/wp\/v2\/media\/19404"}],"wp:attachment":[{"href":"https:\/\/lacasadelamedicina.es\/lv\/wp-json\/wp\/v2\/media?parent=32240"}],"wp:term":[{"taxonomy":"product_cat","embeddable":true,"href":"https:\/\/lacasadelamedicina.es\/lv\/wp-json\/wp\/v2\/product_cat?post=32240"},{"taxonomy":"product_tag","embeddable":true,"href":"https:\/\/lacasadelamedicina.es\/lv\/wp-json\/wp\/v2\/product_tag?post=32240"}],"curies":[{"name":"wp","href":"https:\/\/api.w.org\/{rel}","templated":true}]}}