{"id":32227,"date":"2024-08-10T09:07:04","date_gmt":"2024-08-10T09:07:04","guid":{"rendered":"https:\/\/lacasadelamedicina.es\/product\/perciet-golden-teacher-senes-tiessaiste\/"},"modified":"2024-08-10T09:07:04","modified_gmt":"2024-08-10T09:07:04","slug":"perciet-golden-teacher-senes-tiessaiste","status":"publish","type":"product","link":"https:\/\/lacasadelamedicina.es\/lv\/produkts\/perciet-golden-teacher-senes-tiessaiste\/","title":{"rendered":"P\u0113rciet Golden Teacher S\u0113nes tie\u0161saist\u0113"},"content":{"rendered":"<h2>P\u0113rciet Golden Teacher S\u0113nes tie\u0161saist\u0113<\/h2>\n<p> Pirkt Golden Teacher tie\u0161saist\u0113. Gudr\u0101s Golden Teacher s\u0113nes rada burv\u012bbu pr\u0101t\u0101 un dod ce\u013cojumu uz sevis izzin\u0101\u0161anu. \u0160is 100% mic\u0113lija FreshMushroom audz\u0113\u0161anas komplekts aug \u0101tri un tam nav nepiecie\u0161ama apkope. XP noz\u012bm\u0113 Extra Potency!   <\/p>\n<h3>K\u0101 tas darbojas<\/h3>\n<p> Psilocib\u012bns darbojas, aktiviz\u0113jot <span class=\"css-1a8rnix icon-hl-trusted-source-after\"><span class=\"sro\">Uzticams avots<\/span><\/span> seroton\u012bna receptoriem, visbie\u017e\u0101k prefront\u0101laj\u0101 garoz\u0101. \u0160\u012b smadze\u0146u da\u013ca ietekm\u0113 garast\u0101vokli, izzi\u0146u un uztveri. Halucinog\u0113ni darbojas ar\u012b citos smadze\u0146u re\u0123ionos, kas regul\u0113 uzbudin\u0101juma un panikas reakcijas. Psilocib\u012bns ne vienm\u0113r izraisa akt\u012bvas redzes vai dzirdes halucin\u0101cijas. T\u0101 viet\u0101 tas izkrop\u013co to, k\u0101 da\u017ei cilv\u0113ki, kas lieto narkotikas, uztver objektus un cilv\u0113kus, kas jau atrodas vi\u0146u vid\u0113. Psilocib\u012bna ietekmi var ietekm\u0113t cilv\u0113ka pat\u0113r\u0113to narkotiku daudzums, vi\u0146u pag\u0101tnes pieredze un cer\u012bbas par to, k\u0101 \u0161\u012b pieredze veidosies. Saska\u0146\u0101 ar Eiropas Narkotiku un narkom\u0101nijas uzraudz\u012bbas centra (EMCDDA) datiem psilocib\u012bna halucinog\u0113n\u0101 iedarb\u012bba parasti rodas 30 min\u016b\u0161u laik\u0101 p\u0113c t\u0101 uz\u0146em\u0161anas un ilgst 4\u20136 stundas. Da\u017eiem cilv\u0113kiem ma\u0146u uztveres un dom\u0101\u0161anas mode\u013cu izmai\u0146as var ilgt vair\u0101kas dienas.        <\/p>\n<h3>Potence<\/h3>\n<p> Burvju s\u0113\u0146u iedarb\u012bba ir atkar\u012bga no: <\/p>\n<ul>\n<li>sugas<\/li>\n<li>izcelsmi<\/li>\n<li>aug\u0161anas apst\u0101k\u013ci<\/li>\n<li>ra\u017eas periods<\/li>\n<li>vai cilv\u0113ks tos \u0113d svaigus vai \u017e\u0101v\u0113tus<\/li>\n<\/ul>\n<p> EMCDDA nor\u0101da, ka psilocib\u012bna daudzums \u017e\u0101v\u0113t\u0101s s\u0113n\u0113s ir aptuveni 10 reizes liel\u0101ks nek\u0101 to svaigaj\u0101s s\u0113n\u0113s. <\/p>\n<h3>Pat\u0113ri\u0146\u0161<\/h3>\n<p> S\u0113nes, kas satur psilocib\u012bnu, ir mazas un parasti br\u016bnas vai dzeltenbr\u016bnas. Savva\u013c\u0101 cilv\u0113ki psilocib\u012bnu saturo\u0161\u0101s s\u0113nes var sajaukt ar cit\u0101m ind\u012bg\u0101m s\u0113n\u0113m. Cilv\u0113ki parasti pat\u0113r\u0113 psilocib\u012bnu k\u0101 pagatavotu t\u0113ju vai gatavo to kop\u0101 ar k\u0101du p\u0101rtikas produktu, lai mask\u0113tu t\u0101 r\u016bgto gar\u0161u. Ra\u017eot\u0101ji ar\u012b sasmalcina \u017e\u0101v\u0113tas s\u0113nes pulver\u012b un gatavo kapsulu veid\u0101. Da\u017ei cilv\u0113ki, kas pat\u0113r\u0113 \u0161\u012bs s\u0113nes, p\u0101rkl\u0101j t\u0101s ar \u0161okol\u0101di.     <\/p>\n<h3>St\u0101sts:<\/h3>\n<p> Burvju s\u0113\u0146u cien\u012bt\u0101ji piekr\u012bt, ka Golden Teacher s\u0113nes, kas paz\u012bstamas ar\u012b k\u0101 Psilocybe cubensis celms, ir vispopul\u0101r\u0101kais psihed\u0113lisko s\u0113\u0146u celms. \u0160aj\u0101 rakst\u0101 tiks s\u012bk\u0101k apl\u016bkotas b\u0113d\u012bgi slaven\u0101s Golden Teacher s\u0113nes. L\u012bdz \u0161\u012b raksta beig\u0101m j\u016bs uzzin\u0101siet visu, kas ir j\u0101zina par \u0161o psihod\u0113lisko s\u0113n\u012bti. Tie, kas ir ies\u0101c\u0113ji psihed\u0113lisko l\u012bdzek\u013cu un s\u0113\u0146u pasaul\u0113, var pa\u013cauties uz Golden Teachers, lai nodro\u0161in\u0101tu uzticamu ce\u013cojumu ar maz\u0101ku iesp\u0113ju, ka ce\u013cojums b\u016bs slikts. L\u012bdz ar to tie bie\u017ei vien ir ieejas vieta burvju s\u0113\u0146u ies\u0101c\u0113jiem.    <\/p>\n<h3>Zelta skolot\u0101ju s\u0113\u0146u ietekme;<\/h3>\n<p> Golden Teacher S\u0113nes rada ar\u012b halucinog\u0113nu iedarb\u012bbu**, kas ir rakstur\u012bga vis\u0101m burvju s\u0113n\u0113m. Gaidiet redzes pieredzi kop\u0101 ar univers\u0101las ener\u0123ijas vi\u013c\u0146iem, kas pl\u016bst cauri jums ar sp\u0113c\u012bg\u0101m atv\u0113rtu un aizv\u0113rtu acu halucin\u0101cij\u0101m.<\/p>\n","protected":false},"excerpt":{"rendered":"<p>Pirkt Golden skolot\u0101ji tiek slav\u0113ti ar\u012b par vi\u0146u gar\u012bgo un\/vai \u0161amanisko efektu. T\u0101d\u0113j\u0101di \u0161\u012b telpa nav paredz\u0113ta tikai ikdieni\u0161\u0137ai paklup\u0161anai. To var ar\u012b izmantot, lai g\u016btu jaunu ieskatu par sevi un Visumu.  <\/p>\n","protected":false},"featured_media":19734,"comment_status":"open","ping_status":"closed","template":"","meta":{"om_disable_all_campaigns":false,"_sitemap_exclude":false,"_sitemap_priority":"","_sitemap_frequency":"","_monsterinsights_skip_tracking":false,"_monsterinsights_sitenote_active":false,"_monsterinsights_sitenote_note":"","_monsterinsights_sitenote_category":0},"product_cat":[28985],"product_tag":[29358,29345,29349,29360,29356,29351,29354,29359,29357,29355,29352,29347,29344,29350,29341,29353,29348,29342,29339,29340,29346,29343],"class_list":{"0":"post-32227","1":"product","2":"type-product","3":"status-publish","4":"has-post-thumbnail","6":"product_cat-burvju-senes","7":"product_tag-autentiskas-golden-teacher-mushrooms-europe","8":"product_tag-cik-maksa-golden-teacher-senes","9":"product_tag-golden-teacher-mushrooms-bezmaksas-piegade-uz-eiropu","10":"product_tag-golden-teacher-mushrooms-europe-apskats","11":"product_tag-golden-teacher-mushrooms-europe-atlaide","12":"product_tag-golden-teacher-mushrooms-europe-izpardosana","13":"product_tag-golden-teacher-mushrooms-europe-piedavajumi","14":"product_tag-golden-teacher-mushrooms-europe-piegadataji","15":"product_tag-golden-teacher-mushrooms-europe-piegade","16":"product_tag-golden-teacher-mushrooms-europe-veikals","17":"product_tag-golden-teacher-mushrooms-interneta-veikals-eiropa","18":"product_tag-golden-teacher-senes-labakas-cenas-eiropa","19":"product_tag-golden-teacher-senu-tirdznieciba-tiessaiste","20":"product_tag-kur-nopirkt-golden-teacher-mushrooms-europe","21":"product_tag-kur-tiessaiste-nopirkt-golden-teacher-senes","22":"product_tag-letas-golden-teacher-senes-eiropa","23":"product_tag-pasutiet-golden-teacher-senes-eu","24":"product_tag-pasutiet-golden-teacher-senes-tiessaiste","25":"product_tag-perciet-golden-teacher-senes","26":"product_tag-perciet-golden-teacher-senes-tiessaiste","27":"product_tag-perciet-golden-teacher-senes-tiessaiste-eiropa","28":"product_tag-zelta-skolotaju-senu-ietekme","30":"first","31":"instock","32":"shipping-taxable","33":"purchasable","34":"product-type-simple","35":"farmacie-col"},"aioseo_notices":[],"_links":{"self":[{"href":"https:\/\/lacasadelamedicina.es\/lv\/wp-json\/wp\/v2\/product\/32227"}],"collection":[{"href":"https:\/\/lacasadelamedicina.es\/lv\/wp-json\/wp\/v2\/product"}],"about":[{"href":"https:\/\/lacasadelamedicina.es\/lv\/wp-json\/wp\/v2\/types\/product"}],"replies":[{"embeddable":true,"href":"https:\/\/lacasadelamedicina.es\/lv\/wp-json\/wp\/v2\/comments?post=32227"}],"wp:featuredmedia":[{"embeddable":true,"href":"https:\/\/lacasadelamedicina.es\/lv\/wp-json\/wp\/v2\/media\/19734"}],"wp:attachment":[{"href":"https:\/\/lacasadelamedicina.es\/lv\/wp-json\/wp\/v2\/media?parent=32227"}],"wp:term":[{"taxonomy":"product_cat","embeddable":true,"href":"https:\/\/lacasadelamedicina.es\/lv\/wp-json\/wp\/v2\/product_cat?post=32227"},{"taxonomy":"product_tag","embeddable":true,"href":"https:\/\/lacasadelamedicina.es\/lv\/wp-json\/wp\/v2\/product_tag?post=32227"}],"curies":[{"name":"wp","href":"https:\/\/api.w.org\/{rel}","templated":true}]}}