{"id":32171,"date":"2024-08-10T09:36:11","date_gmt":"2024-08-10T09:36:11","guid":{"rendered":"https:\/\/lacasadelamedicina.es\/product\/perciet-liberty-caps-tiessaiste\/"},"modified":"2024-09-16T13:01:15","modified_gmt":"2024-09-16T13:01:15","slug":"perciet-liberty-caps-tiessaiste","status":"publish","type":"product","link":"https:\/\/lacasadelamedicina.es\/lv\/produkts\/perciet-liberty-caps-tiessaiste\/","title":{"rendered":"P\u0113rciet Liberty Caps tie\u0161saist\u0113"},"content":{"rendered":"<h2>P\u0113rciet Liberty Caps tie\u0161saist\u0113<\/h2>\n<p><strong>P\u0113rciet Liberty Caps tie\u0161saist\u0113 Dr. Lawson&#8217;s Pharmacy<\/strong> Laipni l\u016bdzam Dr. Lawson&#8217;s Pharmacy \u2014 j\u016bsu galvenaj\u0101 galam\u0113r\u0137\u012b augstas kvalit\u0101tes un uzticamiem medikamentiem. M\u0113s esam priec\u012bgi pied\u0101v\u0101t Liberty Caps (Psilocybe semilanceata) ieg\u0101dei tie\u0161saist\u0113, nodro\u0161inot jums vienk\u0101r\u0161u un dro\u0161u veidu, k\u0101 piek\u013c\u016bt \u0161\u012bm sp\u0113c\u012bgaj\u0101m psihoakt\u012bvaj\u0101m s\u0113n\u0113m. <strong>Par Liberty Caps<\/strong> Liberty Caps, kas paz\u012bstamas ar\u012b k\u0101 <em>Psilocybe semilanceata<\/em>, ir slaveni ar sav\u0101m psihoakt\u012bv\u0101m \u012bpa\u0161\u012bb\u0101m psilocib\u012bna un biocit\u012bna kl\u0101tb\u016btnes d\u0113\u013c. T\u0101s ir vienas no dab\u0101 vispla\u0161\u0101k izplat\u012btaj\u0101m psilocib\u012bna s\u0113n\u0113m, un t\u0101s ir paz\u012bstamas ar savu iedarb\u012bgumu. \u0160\u012bm s\u0113n\u0113m ir rakstur\u012bga koniska l\u012bdz zvana formas cepur\u012bte, kuras diametrs ir l\u012bdz 2,5 cm (1,0 collas), un t\u0101s aug\u0161da\u013c\u0101 bie\u017ei ir mazs sprauslai l\u012bdz\u012bgs izvirz\u012bjums. To kr\u0101sa sv\u0101rst\u0101s no dzeltenas l\u012bdz br\u016bnai, ar radi\u0101l\u0101m riev\u0101m, kad t\u0101s ir mitras, un nobrie\u0161anas laik\u0101 t\u0101s k\u013c\u016bst gai\u0161\u0101kas. S\u0113nes slaid\u0101, gar\u0101 da\u013ca parasti ir t\u0101d\u0101 pa\u0161\u0101 kr\u0101s\u0101 vai nedaudz gai\u0161\u0101ka par cepur\u012bti. Nopirkt Liberty Caps \u2013 1st grade cheap.Psilocybe semilanceata, pla\u0161i paz\u012bstama k\u0101 liberty cap, ir s\u0113\u0146u suga, kas ra\u017eo psihoakt\u012bvos savienojumus psilocib\u012bnu un biocit\u012bnu. T\u0101 ir gan viena no dab\u0101 vispla\u0161\u0101k izplat\u012btaj\u0101m psilocib\u012bna s\u0113n\u0113m, gan viena no sp\u0113c\u012bg\u0101kaj\u0101m s\u0113n\u0113m Buy Magic s\u0113n\u0113m tie\u0161saist\u0113. Tiem ir rakstur\u012bgs konisks l\u012bdz zvana formas v\u0101ci\u0146am. L\u012bdz 2,5 cm (1,0 collas) diametr\u0101 ar nelielu sprauslai l\u012bdz\u012bgu izvirz\u012bjumu aug\u0161pus\u0113. Tie ir no dzelteniem l\u012bdz br\u016bniem, kl\u0101ti ar radi\u0101l\u0101m riev\u0101m, kad tie ir mitri, un nobriest k\u013c\u016bst gai\u0161\u0101ki. Vi\u0146u stienis m\u0113dz b\u016bt slaids un gar\u0161, un taj\u0101 pa\u0161\u0101 kr\u0101s\u0101 vai nedaudz gai\u0161\u0101ks nek\u0101 v\u0101ci\u0146\u0161. Liberty caps s\u0113ne Ieg\u0101d\u0101jieties liberty caps tie\u0161saist\u0113 \u2013 P\u0113rciet Magic mushrooms \u2013 Liberty tops shrooms t\u012bmekl\u012b. Br\u012bd\u012b, kad galotne ir no\u017euvusi, t\u0101 izr\u0101d\u0101s daudz b\u0101l\u0101ka, gai\u0161i dzelten\u012bgi piezem\u0113ta kr\u0101sa. Turkl\u0101t to sauc par burvju s\u0113ni. Ja jums ir k\u0101di jaut\u0101jumi vai pal\u012bdz\u012bba, l\u016bdzu, sazinieties ar m\u016bsu klientu atbalsta komandu. Paldies, ka izv\u0113l\u0113j\u0101ties Dr. Lawson&#8217;s Pharmacy. M\u0113s esam ap\u0146\u0113mu\u0161ies nodro\u0161in\u0101t jums lab\u0101kos produktus un pakalpojumus vis\u0101m j\u016bsu farm\u0101cijas vajadz\u012bb\u0101m.<\/p>\n","protected":false},"excerpt":{"rendered":"<p>M\u016bsu Liberty v\u0101ci\u0146i tiek ieg\u016bti no uzticamiem pieg\u0101d\u0101t\u0101jiem un ir augst\u0101k\u0101s kvalit\u0101tes. M\u0113s nodro\u0161in\u0101m, ka visi produkti atbilst stingriem kvalit\u0101tes kontroles standartiem, lai garant\u0113tu, ka sa\u0146emat sp\u0113c\u012bgu un efekt\u012bvu produktu. <\/p>\n","protected":false},"featured_media":19749,"comment_status":"open","ping_status":"closed","template":"","meta":{"om_disable_all_campaigns":false,"_sitemap_exclude":false,"_sitemap_priority":"","_sitemap_frequency":"","_monsterinsights_skip_tracking":false,"_monsterinsights_sitenote_active":false,"_monsterinsights_sitenote_note":"","_monsterinsights_sitenote_category":0},"product_cat":[28985],"product_tag":[29182,29169,29174,29165,29177,29173,29167,29184,29180,29175,29178,29183,29181,29179,29176,29171,29168,29172,29166,29164,29170,29163],"class_list":{"0":"post-32171","1":"product","2":"type-product","3":"status-publish","4":"has-post-thumbnail","6":"product_cat-burvju-senes","7":"product_tag-authentic-liberty-caps-europe-lv","8":"product_tag-cik-maksa-liberty-caps","9":"product_tag-kur-nopirkt-liberty-caps-europe","10":"product_tag-kur-tiessaiste-iegadaties-liberty-caps","11":"product_tag-leti-liberty-caps-europe","12":"product_tag-liberty-caps-bezmaksas-piegade-eiropa","13":"product_tag-liberty-caps-efekti","14":"product_tag-liberty-caps-europe-apskats","15":"product_tag-liberty-caps-europe-atlaide","16":"product_tag-liberty-caps-europe-izpardosana","17":"product_tag-liberty-caps-europe-piedavajumi","18":"product_tag-liberty-caps-europe-piegadataji","19":"product_tag-liberty-caps-europe-piegade","20":"product_tag-liberty-caps-europe-veikals","21":"product_tag-liberty-caps-interneta-veikals-eiropa","22":"product_tag-liberty-caps-labakas-cenas-eiropa","23":"product_tag-liberty-caps-pardosana-tiessaiste","24":"product_tag-pasutiet-liberty-caps-eu","25":"product_tag-pasutiet-liberty-caps-tiessaiste","26":"product_tag-perciet-liberty-caps-tiessaiste","27":"product_tag-perciet-liberty-caps-tiessaiste-eiropa","28":"product_tag-perciet-liberty-vacinus","30":"first","31":"instock","32":"shipping-taxable","33":"purchasable","34":"product-type-variable","35":"farmacie-col"},"aioseo_notices":[],"_links":{"self":[{"href":"https:\/\/lacasadelamedicina.es\/lv\/wp-json\/wp\/v2\/product\/32171"}],"collection":[{"href":"https:\/\/lacasadelamedicina.es\/lv\/wp-json\/wp\/v2\/product"}],"about":[{"href":"https:\/\/lacasadelamedicina.es\/lv\/wp-json\/wp\/v2\/types\/product"}],"replies":[{"embeddable":true,"href":"https:\/\/lacasadelamedicina.es\/lv\/wp-json\/wp\/v2\/comments?post=32171"}],"wp:featuredmedia":[{"embeddable":true,"href":"https:\/\/lacasadelamedicina.es\/lv\/wp-json\/wp\/v2\/media\/19749"}],"wp:attachment":[{"href":"https:\/\/lacasadelamedicina.es\/lv\/wp-json\/wp\/v2\/media?parent=32171"}],"wp:term":[{"taxonomy":"product_cat","embeddable":true,"href":"https:\/\/lacasadelamedicina.es\/lv\/wp-json\/wp\/v2\/product_cat?post=32171"},{"taxonomy":"product_tag","embeddable":true,"href":"https:\/\/lacasadelamedicina.es\/lv\/wp-json\/wp\/v2\/product_tag?post=32171"}],"curies":[{"name":"wp","href":"https:\/\/api.w.org\/{rel}","templated":true}]}}