{"id":32159,"date":"2024-08-10T10:17:18","date_gmt":"2024-08-10T10:17:18","guid":{"rendered":"https:\/\/lacasadelamedicina.es\/product\/iegadajieties-burvju-senes-tiessaiste\/"},"modified":"2024-08-10T10:17:18","modified_gmt":"2024-08-10T10:17:18","slug":"iegadajieties-burvju-senes-tiessaiste","status":"publish","type":"product","link":"https:\/\/lacasadelamedicina.es\/lv\/produkts\/iegadajieties-burvju-senes-tiessaiste\/","title":{"rendered":"Ieg\u0101d\u0101jieties burvju s\u0113nes tie\u0161saist\u0113"},"content":{"rendered":"<h3>Ieg\u0101d\u0101jieties burvju s\u0113nes tie\u0161saist\u0113<\/h3>\n<p> P\u0113rciet burvju s\u0113nes no ASV. Psilocybe cubensis ir psihed\u0113lisko s\u0113\u0146u suga, kuras galvenie akt\u012bvie savienojumi ir psilocib\u012bns un psiloc\u012bns. Parasti to sauc par s\u0113n\u0113m, burvju s\u0113n\u0113m, zelta galotn\u0113m, kubi\u0146iem vai zelta cepur\u0113m, tas pieder Hymenogastraceae s\u0113\u0146u \u0123imenei un agr\u0101k bija paz\u012bstams k\u0101 Stropharia cogenesis. Psilocib\u012bna ko\u0123en\u0113ze ir psihed\u0113lisko s\u0113\u0146u suga, kuras galvenie akt\u012bvie savienojumi ir psilocib\u012bns un psiloc\u012bns. Parasti to sauc par s\u0113n\u0113m, burvju s\u0113n\u0113m, zelta galotn\u0113m, kubi\u0146iem vai zelta cepur\u0113m, tas pieder Hymenogastraceae s\u0113\u0146u \u0123imenei un iepriek\u0161 bija paz\u012bstams k\u0101 Stropharia cogenesis. Ma\u0123isk\u0101s s\u0113nes ir savva\u013cas vai kultiv\u0113tas s\u0113nes, kas satur psilocib\u012bnu, dab\u0101 sastopamu psihoakt\u012bvu un halucinog\u0113nu savienojumu. Psilocib\u012bns tiek uzskat\u012bts par vienu no vispaz\u012bstam\u0101kajiem psihed\u0113liskajiem l\u012bdzek\u013ciem, saska\u0146\u0101 ar Vielu \u013caunpr\u0101t\u012bgas izmanto\u0161anas un gar\u012bg\u0101s vesel\u012bbas pakalpojumu administr\u0101cijas datiem.       <\/p>\n<h3>Kas ir psilocib\u012bns (burvju s\u0113nes)?<\/h3>\n<p> Psilocib\u012bns (4-fosforiloksi-N, N-dimetiltriptam\u012bns) un psiloc\u012bns ir \u0137\u012bmiski savienojumi, ko ieg\u016bst no noteikta veida \u017e\u0101v\u0113t\u0101m vai svaig\u0101m halucinog\u0113n\u0101m s\u0113n\u0113m, kas atrodamas Meksik\u0101, Dienvidamerik\u0101 un ASV dienvidu un zieme\u013crietumu re\u0123ionos. Psilocib\u012bns ir klasific\u0113ts k\u0101 indolalkilam\u012bns (triptam\u012bns). \u0160iem savienojumiem ir l\u012bdz\u012bga strukt\u016bra k\u0101 lizerg\u012bnsk\u0101bes dietilam\u012bdam (LSD), un tie tiek \u013caunpr\u0101t\u012bgi izmantoti to halucinog\u0113n\u0101s un eiforisk\u0101s iedarb\u012bbas d\u0113\u013c, lai rad\u012btu &#8220;ce\u013cojumu&#8221;. Halucinog\u0113n\u0101 (psihed\u0113lisk\u0101) iedarb\u012bba, iesp\u0113jams, ir saist\u012bta ar iedarb\u012bbu uz centr\u0101l\u0101s nervu sist\u0113mas seroton\u012bna (5-HT) receptoriem. Ir vair\u0101k nek\u0101 180 s\u0113\u0146u sugu, kas satur \u0137\u012bmiskas vielas psilocib\u012bnu vai psiloc\u012bnu. T\u0101pat k\u0101 peijots (meskal\u012bns), halucinog\u0113n\u0101s s\u0113nes ir izmantotas viet\u0113jos vai reli\u0123iskos ritu\u0101los gadsimtiem ilgi. Gan psilocib\u012bnu, gan psiloc\u012bnu var ra\u017eot ar\u012b sint\u0113tiski laboratorij\u0101. Ir zi\u0146ots, ka iel\u0101s nopirktais psilocib\u012bns paties\u012bb\u0101 var b\u016bt citas s\u0113\u0146u sugas, kas sa\u0161\u016btas ar LSD.        <\/p>\n<h3>Psilocib\u012bna lieto\u0161anas metodes<\/h3>\n<p> &#8220;Burvju s\u0113n\u0113m&#8221; ir gari, tievi stubl\u0101ji, kas var izskat\u012bties balti vai pel\u0113c\u012bgi, un tiem ir cepures ar tum\u0161\u0101m \u017eaun\u0101m apak\u0161pus\u0113. \u017d\u0101v\u0113tas s\u0113nes parasti ir sarkan\u012bgi r\u016bsganbr\u016bn\u0101 kr\u0101s\u0101 ar atsevi\u0161\u0137iem gandr\u012bz baltiem laukumiem. S\u0113nes tiek uz\u0146emtas iek\u0161\u0137\u012bgi, un t\u0101s var pagatavot t\u0113j\u0101 vai sajaukt ar citiem \u0113dieniem. S\u0113nes var izmantot k\u0101 svaigu vai \u017e\u0101v\u0113tu produktu. Psilocib\u012bnam ir r\u016bgta, nebaud\u0101ma gar\u0161a.<\/p>\n","protected":false},"excerpt":{"rendered":"<p>Ieg\u0101d\u0101jieties burvju s\u0113nes tie\u0161saist\u0113 P\u0113rciet burvju s\u0113nes no ASV. Psilocybe cubensis ir psihed\u0113lisko s\u0113\u0146u suga, kuras galvenie akt\u012bvie savienojumi ir psilocib\u012bns un psiloc\u012bns. Parasti to sauc par s\u0113n\u0113m, burvju s\u0113n\u0113m, zelta galotn\u0113m, kubi\u0146iem vai zelta cepur\u0113m, tas pieder Hymenogastraceae s\u0113\u0146u \u0123imenei un agr\u0101k bija paz\u012bstams k\u0101 Stropharia cogenesis. Psilocib\u012bna ko\u0123en\u0113ze ir psihed\u0113lisko s\u0113\u0146u suga, kuras [&hellip;]<\/p>\n","protected":false},"featured_media":19764,"comment_status":"open","ping_status":"closed","template":"","meta":{"om_disable_all_campaigns":false,"_sitemap_exclude":false,"_sitemap_priority":"","_sitemap_frequency":"","_monsterinsights_skip_tracking":false,"_monsterinsights_sitenote_active":false,"_monsterinsights_sitenote_note":"","_monsterinsights_sitenote_category":0},"product_cat":[28985],"product_tag":[29115,29100,29101,29102,29096,29107,29098,29110,29106,29113,29108,29111,29116,29114,29112,29109,29104,29117,29105,29099,29097,29103],"class_list":{"0":"post-32159","1":"product","2":"type-product","3":"status-publish","4":"has-post-thumbnail","6":"product_cat-burvju-senes","7":"product_tag-autentiskas-burvju-senes-eiropa","8":"product_tag-burvju-senu-iedarbiba","9":"product_tag-burvju-senu-tirdznieciba-tiessaiste","10":"product_tag-cik-maksa-burvju-senes","11":"product_tag-iegadajieties-burvju-senes-tiessaiste","12":"product_tag-kur-nopirkt-magic-mushrooms-europe","13":"product_tag-kur-tiessaiste-nopirkt-burvju-senes","14":"product_tag-letas-magic-mushrooms-europe","15":"product_tag-magic-mushrooms-bezmaksas-piegade-uz-eiropu","16":"product_tag-magic-mushrooms-europe-atlaide","17":"product_tag-magic-mushrooms-europe-izpardosana","18":"product_tag-magic-mushrooms-europe-piedavajumi","19":"product_tag-magic-mushrooms-europe-piegadataji","20":"product_tag-magic-mushrooms-europe-piegade","21":"product_tag-magic-mushrooms-europe-veikals","22":"product_tag-magic-mushrooms-interneta-veikals-eiropa","23":"product_tag-magic-mushrooms-labakas-cenas-eiropa","24":"product_tag-parskats-par-magic-mushrooms-europe","25":"product_tag-pasutiet-magic-mushrooms-eu","26":"product_tag-pasutiet-magic-mushrooms-tiessaiste","27":"product_tag-perciet-burvju-senes","28":"product_tag-perciet-magic-mushrooms-tiessaiste-eiropa","30":"first","31":"instock","32":"shipping-taxable","33":"purchasable","34":"product-type-simple","35":"farmacie-col"},"aioseo_notices":[],"_links":{"self":[{"href":"https:\/\/lacasadelamedicina.es\/lv\/wp-json\/wp\/v2\/product\/32159"}],"collection":[{"href":"https:\/\/lacasadelamedicina.es\/lv\/wp-json\/wp\/v2\/product"}],"about":[{"href":"https:\/\/lacasadelamedicina.es\/lv\/wp-json\/wp\/v2\/types\/product"}],"replies":[{"embeddable":true,"href":"https:\/\/lacasadelamedicina.es\/lv\/wp-json\/wp\/v2\/comments?post=32159"}],"wp:featuredmedia":[{"embeddable":true,"href":"https:\/\/lacasadelamedicina.es\/lv\/wp-json\/wp\/v2\/media\/19764"}],"wp:attachment":[{"href":"https:\/\/lacasadelamedicina.es\/lv\/wp-json\/wp\/v2\/media?parent=32159"}],"wp:term":[{"taxonomy":"product_cat","embeddable":true,"href":"https:\/\/lacasadelamedicina.es\/lv\/wp-json\/wp\/v2\/product_cat?post=32159"},{"taxonomy":"product_tag","embeddable":true,"href":"https:\/\/lacasadelamedicina.es\/lv\/wp-json\/wp\/v2\/product_tag?post=32159"}],"curies":[{"name":"wp","href":"https:\/\/api.w.org\/{rel}","templated":true}]}}