{"id":32146,"date":"2024-08-10T10:33:02","date_gmt":"2024-08-10T10:33:02","guid":{"rendered":"https:\/\/lacasadelamedicina.es\/product\/perciet-mazatapec-magic-mushroom-tiessaiste\/"},"modified":"2024-08-10T10:33:02","modified_gmt":"2024-08-10T10:33:02","slug":"perciet-mazatapec-magic-mushroom-tiessaiste","status":"publish","type":"product","link":"https:\/\/lacasadelamedicina.es\/lv\/produkts\/perciet-mazatapec-magic-mushroom-tiessaiste\/","title":{"rendered":"P\u0113rciet Mazatapec Magic Mushroom tie\u0161saist\u0113"},"content":{"rendered":"<h3>Mazatapeca burvju s\u0113ne<\/h3>\n<p> Pirkt mazatapec s\u0113\u0146u tie\u0161saist\u0113.Psilocib\u012bna s\u0113ne, kas paz\u012bstama ar\u012b k\u0101 burvju s\u0113ne vai psihed\u0113lisk\u0101 s\u0113ne, satur psilocib\u012bnu un psiloc\u012bnu. Biolo\u0123isk\u0101s \u0123ints, kas satur psilocib\u012bna s\u0113nes, ir Copelandia, Gymnopilus, Inocybe, Panaeolus, Pholiotina, Pluteus un Psilocybe. S\u0113nes \u0137\u012bmiski maina smadzenes. Parasti to iedarb\u012bba ilgst 6 l\u012bdz 7 stundas, un sekas var b\u016bt paman\u0101mas pat p\u0113c 24 stund\u0101m. Mazatapec burvju s\u0113nes ir viens no diviem \u013coti popul\u0101riem celmiem, kas n\u0101k no Meksikas. \u0160\u012bs s\u0113nes rada \u013coti sp\u0113c\u012bgu gar\u012bgo ce\u013cojumu un ir maigas pret \u0137ermeni. Sal\u012bdzinot ar da\u017eiem citiem celmiem, Mazatepec Shrooms nepazemina \u0137erme\u0146a temperat\u016bru tik daudz, un lietot\u0101ji ar\u012b zi\u0146oja, ka ar \u0161o celmu vi\u0146i maz\u0101k saspie\u017e \u017eok\u013cus. Tas savuk\u0101rt \u013caus jums izbaud\u012bt savu gar\u012bgo ce\u013cojumu ar maz\u0101kiem trauc\u0113jumiem. \u0160o s\u0113\u0146u izskatu raksturo to gai\u0161i l\u012bdz tum\u0161i br\u016bnas cepures, kas savienotas ar vid\u0113ja izm\u0113ra k\u0101tu.         <\/p>\n<h4>Mazatapeca v\u0113sture<\/h4>\n<p> Oahak\u0101, Meksik\u0101, mazateku pamatiedz\u012bvot\u0101ji izmanto \u0161\u012bs burvju s\u0113nes gar\u012bg\u0101m un ritu\u0101l\u0101m ceremonij\u0101m. Tas ir bijis past\u0101v\u012bgs celms, kas ir izmantots paaudz\u0113m. Mazatapec celms ir ar\u012b viena no pirmaj\u0101m psilocib\u012bna s\u0113n\u0113m, kas ieviesta rietumu pasaul\u0113. P\u0113rciet mazatapec s\u0113nes tie\u0161saist\u0113. Effects of the Mazatapec Cubensis Mazatapec Cubensis ir lieliski piem\u0113rots ies\u0101c\u0113jiem un veter\u0101niem. T\u0101 pied\u0101v\u0101 piln\u012bgu psihoakt\u012bvu pieredzi ar maigu ietekmi uz \u0137ermeni. Efekti papla\u0161ina j\u016bsu rado\u0161umu un ori\u0123in\u0101l\u0101s domas. Turkl\u0101t tas uzlabo soci\u0101lo uzved\u012bbu un labas saj\u016btas. J\u016bs sa\u0146emsit vizu\u0101las halucin\u0101cijas ar aizv\u0113rt\u0101m vai atv\u0113rt\u0101m ac\u012bm. Vizu\u0101lie materi\u0101li ietvers formu un kr\u0101su vari\u0101cijas, k\u0101 ar\u012b frakt\u0101\u013cus un formas.        <\/p>\n<h3>Doz\u0113\u0161anas rokasgr\u0101mata<\/h3>\n<p> Rado\u0161\u0101 deva: no 0,5 gramiem l\u012bdz 1,25 gramiem. Vid\u0113ja Atp\u016btas deva: no 1,5 gramiem l\u012bdz 2 gramiem pilna atp\u016btai paredz\u0113t\u0101 deva: no 2 gramiem l\u012bdz 3,5 gramiem pieredz\u0113jusi pilna atp\u016btas deva: no 3,5 gramiem l\u012bdz 5 gramiem. &nbsp;<\/p>\n","protected":false},"excerpt":{"rendered":"<p>Mazatapeca burvju s\u0113ne Pirkt mazatapec s\u0113\u0146u tie\u0161saist\u0113.Psilocib\u012bna s\u0113ne, kas paz\u012bstama ar\u012b k\u0101 burvju s\u0113ne vai psihed\u0113lisk\u0101 s\u0113ne, satur psilocib\u012bnu un psiloc\u012bnu. Biolo\u0123isk\u0101s \u0123ints, kas satur psilocib\u012bna s\u0113nes, ir Copelandia, Gymnopilus, Inocybe, Panaeolus, Pholiotina, Pluteus un Psilocybe. S\u0113nes \u0137\u012bmiski maina smadzenes. Parasti to iedarb\u012bba ilgst 6 l\u012bdz 7 stundas, un sekas var b\u016bt paman\u0101mas pat p\u0113c [&hellip;]<\/p>\n","protected":false},"featured_media":14905,"comment_status":"open","ping_status":"closed","template":"","meta":{"om_disable_all_campaigns":false,"_sitemap_exclude":false,"_sitemap_priority":"","_sitemap_frequency":"","_monsterinsights_skip_tracking":false,"_monsterinsights_sitenote_active":false,"_monsterinsights_sitenote_note":"","_monsterinsights_sitenote_category":0},"product_cat":[28985],"product_tag":[29049,29036,29041,29032,29044,29040,29051,29047,29042,29045,29050,29048,29046,29043,29038,29035,29034,29030,29039,29033,29031,29037],"class_list":{"0":"post-32146","1":"product","2":"type-product","3":"status-publish","4":"has-post-thumbnail","6":"product_cat-burvju-senes","7":"product_tag-autentiska-mazatapec-magic-mushroom-europe","8":"product_tag-cik-maksa-mazatapec-burvju-sene","9":"product_tag-kur-nopirkt-mazatapec-magic-mushroom-europe","10":"product_tag-kur-nopirkt-mazatapec-magic-mushroom-tiessaiste","11":"product_tag-leti-mazatapec-magic-mushroom-europe","12":"product_tag-mazatapec-magic-mushroom-bezmaksas-piegade-uz-eiropu","13":"product_tag-mazatapec-magic-mushroom-europe-apskats","14":"product_tag-mazatapec-magic-mushroom-europe-atlaide","15":"product_tag-mazatapec-magic-mushroom-europe-izpardosana","16":"product_tag-mazatapec-magic-mushroom-europe-piedavajumi","17":"product_tag-mazatapec-magic-mushroom-europe-piegadataji","18":"product_tag-mazatapec-magic-mushroom-europe-piegade","19":"product_tag-mazatapec-magic-mushroom-europe-veikals","20":"product_tag-mazatapec-magic-mushroom-interneta-veikals-eiropa","21":"product_tag-mazatapec-magic-mushroom-labaka-cena-eiropa","22":"product_tag-mazatapec-magic-mushroom-tirdznieciba-tiessaiste","23":"product_tag-mazatapeca-burvju-senu-iedarbiba","24":"product_tag-nopirkt-mazatapec-magic-mushroom","25":"product_tag-pasutiet-mazatapec-magic-mushroom-eu","26":"product_tag-pasutiet-mazatapec-magic-mushroom-tiessaiste","27":"product_tag-perciet-mazatapec-magic-mushroom-tiessaiste","28":"product_tag-perciet-mazatapec-magic-mushroom-tiessaiste-eiropa","30":"first","31":"instock","32":"shipping-taxable","33":"purchasable","34":"product-type-simple","35":"farmacie-col"},"aioseo_notices":[],"_links":{"self":[{"href":"https:\/\/lacasadelamedicina.es\/lv\/wp-json\/wp\/v2\/product\/32146"}],"collection":[{"href":"https:\/\/lacasadelamedicina.es\/lv\/wp-json\/wp\/v2\/product"}],"about":[{"href":"https:\/\/lacasadelamedicina.es\/lv\/wp-json\/wp\/v2\/types\/product"}],"replies":[{"embeddable":true,"href":"https:\/\/lacasadelamedicina.es\/lv\/wp-json\/wp\/v2\/comments?post=32146"}],"wp:featuredmedia":[{"embeddable":true,"href":"https:\/\/lacasadelamedicina.es\/lv\/wp-json\/wp\/v2\/media\/14905"}],"wp:attachment":[{"href":"https:\/\/lacasadelamedicina.es\/lv\/wp-json\/wp\/v2\/media?parent=32146"}],"wp:term":[{"taxonomy":"product_cat","embeddable":true,"href":"https:\/\/lacasadelamedicina.es\/lv\/wp-json\/wp\/v2\/product_cat?post=32146"},{"taxonomy":"product_tag","embeddable":true,"href":"https:\/\/lacasadelamedicina.es\/lv\/wp-json\/wp\/v2\/product_tag?post=32146"}],"curies":[{"name":"wp","href":"https:\/\/api.w.org\/{rel}","templated":true}]}}