{"id":32100,"date":"2024-08-10T19:03:32","date_gmt":"2024-08-10T19:03:32","guid":{"rendered":"https:\/\/lacasadelamedicina.es\/product\/perciet-adderall-tiessaiste\/"},"modified":"2024-08-10T19:03:32","modified_gmt":"2024-08-10T19:03:32","slug":"perciet-adderall-tiessaiste","status":"publish","type":"product","link":"https:\/\/lacasadelamedicina.es\/lv\/produkts\/perciet-adderall-tiessaiste\/","title":{"rendered":"P\u0113rciet Adderall tie\u0161saist\u0113"},"content":{"rendered":"<h1 class=\"product_title entry-title\">P\u0113rciet Adderall tie\u0161saist\u0113<\/h1>\n<p> Ieg\u0101d\u0101jieties Adderall tie\u0161saist\u0113. Adderall ir recep\u0161u medikaments, kas satur amfetam\u012bnu un dekstroamfetam\u012bnu, kas klasific\u0113ti k\u0101 stimulanti. Tas galvenok\u0101rt ir paredz\u0113ts uzman\u012bbas defic\u012bta hiperaktivit\u0101tes trauc\u0113jumu (ADHD) un narkolepsijas \u0101rst\u0113\u0161anai. Adderall ir v\u0113lama ADHD p\u0101rvald\u012bbas iesp\u0113ja. P\u0113t\u012bjumi liecina, ka gan Adderall, gan Adderall XR uzlabo uzman\u012bbu, fokusu un samazina impuls\u012bvu uzved\u012bbu, jo 75 l\u012bdz 80 procentiem b\u0113rnu ar ADHD simptomi uzlabojas, lietojot stimulatorus. Narkolepsijas gad\u012bjum\u0101 Adderall pal\u012bdz palielin\u0101t dienas modr\u012bbu, lai gan p\u0113t\u012bjumi par t\u0101 efektivit\u0101ti \u0161aj\u0101 st\u0101vokl\u012b ir ierobe\u017eoti. Adderall un Mydayis ir z\u012bmoli medikamentiem, kas izgatavoti no jauktiem amfetam\u012bna s\u0101\u013ciem, kas ietver \u010detru amfetam\u012bna s\u0101\u013cu kombin\u0101ciju. \u0160is mais\u012bjums sast\u0101v no vien\u0101d\u0101m da\u013c\u0101m rac\u0113misk\u0101 amfetam\u012bna un dekstroamfetam\u012bna, radot dekstroamfetam\u012bna un levoamfetam\u012bna attiec\u012bbu (3:1). Abi enantiom\u0113ri ir stimulanti, ta\u010du tiem ir at\u0161\u0137ir\u012bga iedarb\u012bba, pie\u0161\u0137irot Adderall unik\u0101lu profilu sal\u012bdzin\u0101jum\u0101 ar cit\u0101m amfetam\u012bna form\u0101m. Adderall tiek izmantots ADHD un narkolepsijas \u0101rst\u0113\u0161anai, ta\u010du to \u013caunpr\u0101t\u012bgi izmanto ar\u012b sportisk\u0101 snieguma, kognit\u012bv\u0101s uzlabo\u0161anas, apet\u012btes nom\u0101k\u0161anas un atp\u016btas eiforijas uzlabo\u0161anai. Tas pieder pie centr\u0101l\u0101s nervu sist\u0113mas (CNS) stimulantu klases. Visp\u0101r\u012bgais nosaukums: amfetam\u012bns un dekstroamfetam\u012bns Z\u012bmolu nosaukumi: Adderall, Adderall XR, Mydayis Z\u0101\u013cu klase: CNS stimulanti<\/p>\n","protected":false},"excerpt":{"rendered":"<p>Ieg\u0101d\u0101jieties Adderall tie\u0161saist\u0113. Adderall ir recep\u0161u medikaments, kas sast\u0101v no amfetam\u012bna un dekstroamfetam\u012bna. J\u016bs varat atrast Adderall, kas pieejams ieg\u0101dei tie\u0161saist\u0113, tostarp Adderall tabletes.  <\/p>\n","protected":false},"featured_media":19809,"comment_status":"open","ping_status":"closed","template":"","meta":{"om_disable_all_campaigns":false,"_sitemap_exclude":false,"_sitemap_priority":"","_sitemap_frequency":"","_monsterinsights_skip_tracking":false,"_monsterinsights_sitenote_active":false,"_monsterinsights_sitenote_note":"","_monsterinsights_sitenote_category":0},"product_cat":[27685],"product_tag":[28951,28962,28958,28953,28956,28961,28959,28957,28945,28954,28949,28946,28960,28947,28952,28941,28955,28950,28944,28942,28943,28948],"class_list":{"0":"post-32100","1":"product","2":"type-product","3":"status-publish","4":"has-post-thumbnail","6":"product_cat-pretsapju-lidzekli","7":"product_tag-adderall-bezmaksas-piegade-eiropa","8":"product_tag-adderall-europe-apskats","9":"product_tag-adderall-europe-atlaide","10":"product_tag-adderall-europe-izpardosana","11":"product_tag-adderall-europe-piedavajumi","12":"product_tag-adderall-europe-piegadataji","13":"product_tag-adderall-europe-piegade","14":"product_tag-adderall-europe-veikals","15":"product_tag-adderall-ietekme","16":"product_tag-adderall-interneta-veikals-eiropa","17":"product_tag-adderall-labaka-cena-eiropa","18":"product_tag-adderall-pardosana-tiessaiste","19":"product_tag-autentiska-adderall-europe","20":"product_tag-cik-maksa-adderall","21":"product_tag-kur-nopirkt-adderall-europe","22":"product_tag-kur-nopirkt-adderall-tiessaiste","23":"product_tag-leti-adderall-europe","24":"product_tag-pasutiet-adderall-eu","25":"product_tag-pasutiet-adderall-tiessaiste","26":"product_tag-perciet-adderall","27":"product_tag-perciet-adderall-tiessaiste","28":"product_tag-perciet-adderall-tiessaiste-eiropa","30":"first","31":"instock","32":"shipping-taxable","33":"purchasable","34":"product-type-variable","35":"farmacie-col","36":"product-has-gallery"},"aioseo_notices":[],"_links":{"self":[{"href":"https:\/\/lacasadelamedicina.es\/lv\/wp-json\/wp\/v2\/product\/32100"}],"collection":[{"href":"https:\/\/lacasadelamedicina.es\/lv\/wp-json\/wp\/v2\/product"}],"about":[{"href":"https:\/\/lacasadelamedicina.es\/lv\/wp-json\/wp\/v2\/types\/product"}],"replies":[{"embeddable":true,"href":"https:\/\/lacasadelamedicina.es\/lv\/wp-json\/wp\/v2\/comments?post=32100"}],"wp:featuredmedia":[{"embeddable":true,"href":"https:\/\/lacasadelamedicina.es\/lv\/wp-json\/wp\/v2\/media\/19809"}],"wp:attachment":[{"href":"https:\/\/lacasadelamedicina.es\/lv\/wp-json\/wp\/v2\/media?parent=32100"}],"wp:term":[{"taxonomy":"product_cat","embeddable":true,"href":"https:\/\/lacasadelamedicina.es\/lv\/wp-json\/wp\/v2\/product_cat?post=32100"},{"taxonomy":"product_tag","embeddable":true,"href":"https:\/\/lacasadelamedicina.es\/lv\/wp-json\/wp\/v2\/product_tag?post=32100"}],"curies":[{"name":"wp","href":"https:\/\/api.w.org\/{rel}","templated":true}]}}