{"id":32037,"date":"2024-08-10T19:51:54","date_gmt":"2024-08-10T19:51:54","guid":{"rendered":"https:\/\/lacasadelamedicina.es\/product\/perciet-dekstroamfetaminu-tiessaiste\/"},"modified":"2024-09-15T20:48:42","modified_gmt":"2024-09-15T20:48:42","slug":"perciet-dekstroamfetaminu-tiessaiste","status":"publish","type":"product","link":"https:\/\/lacasadelamedicina.es\/lv\/produkts\/perciet-dekstroamfetaminu-tiessaiste\/","title":{"rendered":"P\u0113rciet dekstroamfetam\u012bnu tie\u0161saist\u0113"},"content":{"rendered":"<h1 class=\"product_title entry-title\">P\u0113rciet dekstroamfetam\u012bnu tie\u0161saist\u0113<\/h1>\n<p> P\u0113rciet dekstroamfetam\u012bnu tie\u0161saist\u0113. Dekstroamfetam\u012bnu lieto narkolepsijas un uzman\u012bbas defic\u012bta hiperaktivit\u0101tes trauc\u0113jumu (ADHD) \u0101rst\u0113\u0161anai, un da\u017ereiz to izraksta \u0101rpus mar\u0137\u0113juma depresijas un aptauko\u0161an\u0101s gad\u012bjum\u0101. Lai gan ilgsto\u0161a lielu devu lieto\u0161ana dz\u012bvniekiem var izrais\u012bt dopam\u012bna sist\u0113mas boj\u0101jumus, terapeitisk\u0101s devas cilv\u0113kiem ar ADHD parasti atbalsta smadze\u0146u att\u012bst\u012bbu un nervu aug\u0161anu. <strong>Dekstroamfetam\u012bns<\/strong> ir recep\u0161u medikaments, kas pieejams vair\u0101kos veidos.   <\/p>\n<ul>\n<li><strong>Iek\u0161\u0137\u012bgi lietojamas tabletes<\/strong> (10 mg, 15 mg, 20 mg, 30 mg, 5 mg, 7,5 mg)<\/li>\n<li><strong>Pagarin\u0101tas darb\u012bbas kapsulas<\/strong> (10 mg, 15 mg, 5 mg)<\/li>\n<li><strong>\u0160\u012bdums iek\u0161\u0137\u012bgai lieto\u0161anai<\/strong> (5 mg\/5 ml)<\/li>\n<\/ul>\n<p> To p\u0101rdod ar da\u017e\u0101diem z\u012bmoliem, tostarp Dexedrine Spansule, ProCentra, Xelstrym, Zenzedi, Dexedrine, Dextrostat un Liquadd. Peror\u0101l\u0101s tabletes ir pieejamas tikai visp\u0101r\u012bg\u0101s versij\u0101s, kas parasti ir l\u0113t\u0101kas nek\u0101 z\u012bmola z\u0101les. Dekstroamfetam\u012bnu var lietot atsevi\u0161\u0137i vai k\u0101 da\u013cu no kombin\u0113t\u0101s terapijas ar cit\u0101m z\u0101l\u0113m. <strong>Blakuspar\u0101d\u012bbas:<\/strong> mekl\u0113jiet neatliekamo medic\u012bnisko pal\u012bdz\u012bbu, ja nov\u0113rojat:   <\/p>\n<ul>\n<li>Aler\u0123iskas reakcijas, piem\u0113ram, n\u0101trene, apgr\u016btin\u0101ta elpo\u0161ana vai sejas vai r\u012bkles piet\u016bkums.<\/li>\n<li>Smagas \u0101das reakcijas, tostarp drudzis, iekaisis kakls, \u0101das s\u0101pes vai izsitumi ar tulznu veido\u0161anos un lob\u012b\u0161anos.<\/li>\n<li>Sirdsl\u0113kmes vai insulta simptomi, piem\u0113ram, s\u0101pes kr\u016bt\u012bs, nejut\u012bgums vai v\u0101jums, neskaidra runa vai elpas tr\u016bkums.<\/li>\n<\/ul>\n<p> Nopietnas blakuspar\u0101d\u012bbas var ietvert: <\/p>\n<ul>\n<li>Sirds vai asinsrites probl\u0113mas, piem\u0113ram, s\u0101pes kr\u016bt\u012bs, apgr\u016btin\u0101ta elpo\u0161ana vai roku vai k\u0101ju pirkstu nejut\u012bgums.<\/li>\n<li>M\u0101nijas vai psihozes simptomi, piem\u0113ram, halucin\u0101cijas, agresija, paranoja vai samazin\u0101ta vajadz\u012bba p\u0113c miega.<\/li>\n<li>Krampji, musku\u013cu raust\u012b\u0161an\u0101s (tics) vai redzes izmai\u0146as.<\/li>\n<li>\u0100das kairin\u0101jums, ja lieto pl\u0101kstera formu.<\/li>\n<\/ul>\n<p> Dekstroamfetam\u012bns var ietekm\u0113t b\u0113rnu aug\u0161anu, t\u0101p\u0113c nov\u0113rojiet nenorm\u0101lu aug\u0161anas \u0101trumu un konsult\u0113jieties ar savu \u0101rstu, ja rodas ba\u017eas. <strong>Bie\u017eas blakuspar\u0101d\u012bbas:<\/strong><\/p>\n<ul>\n<li>Sausa mute<\/li>\n<li>V\u0113dera darb\u012bbas trauc\u0113jumi<\/li>\n<li>Apet\u012btes zudums un svara zudums<\/li>\n<li>Galvass\u0101pes<\/li>\n<li>Reibonis<\/li>\n<li>Bezmiegs<\/li>\n<li>Aizkaitin\u0101m\u012bba<\/li>\n<li>Musku\u013cu raust\u012b\u0161an\u0101s<\/li>\n<li>Slikta d\u016b\u0161a un vem\u0161ana<\/li>\n<li>Paaugstin\u0101ts asinsspiediens<\/li>\n<li>Tr\u012bce<\/li>\n<li>\u0100tri sirdspuksti<\/li>\n<\/ul>\n<p><strong>P\u0101rdoz\u0113\u0161anas simptomi:<\/strong><\/p>\n<ul>\n<li>Nemiers un apjukums<\/li>\n<li>Agres\u012bva uzved\u012bba<\/li>\n<li>Panikas vai halucin\u0101cijas saj\u016bta<\/li>\n<li>\u0100tra elpo\u0161ana un nekontrol\u0113jama krat\u012b\u0161ana<\/li>\n<li>Drudzis un tum\u0161i sarkans ur\u012bns<\/li>\n<li>Musku\u013cu v\u0101jums un nogurums<\/li>\n<li>Depresija un neregul\u0101ra sirdsdarb\u012bba<\/li>\n<li>Reibonis un neskaidra redze<\/li>\n<li>Ku\u0146\u0123a darb\u012bbas trauc\u0113jumi, vem\u0161ana un caureja<\/li>\n<li>Krampji un smagos gad\u012bjumos koma<\/li>\n<\/ul>\n<p> Lai ieg\u016btu papildinform\u0101ciju par to, kur tie\u0161saist\u0113 ieg\u0101d\u0101ties dekstroamfetam\u012bnu, sazinieties ar licenc\u0113t\u0101m tie\u0161saistes aptiek\u0101m vai pilnvarotiem p\u0101rdev\u0113jiem.<\/p>\n","protected":false},"excerpt":{"rendered":"<p>P\u0113rciet dekstroamfetam\u012bnu tie\u0161saist\u0113. Dekstroamfetam\u012bns ir z\u0101les, ko lieto narkolepsijas un uzman\u012bbas defic\u012bta hiperaktivit\u0101tes trauc\u0113jumu (ADHD) \u0101rst\u0113\u0161anai. Tas ir pieejams p\u0101rdo\u0161anai tie\u0161saist\u0113. Lai ieg\u016btu pla\u0161\u0101ku inform\u0101ciju par to, kur ieg\u0101d\u0101ties dekstroamfetam\u012bnu, l\u016bdzu, skatiet tie\u0161saistes aptiekas vai pilnvarotus p\u0101rdev\u0113jus.   <\/p>\n","protected":false},"featured_media":19869,"comment_status":"open","ping_status":"closed","template":"","meta":{"om_disable_all_campaigns":false,"_sitemap_exclude":false,"_sitemap_priority":"","_sitemap_frequency":"","_monsterinsights_skip_tracking":false,"_monsterinsights_sitenote_active":false,"_monsterinsights_sitenote_note":"","_monsterinsights_sitenote_category":0},"product_cat":[27685],"product_tag":[28806,28793,28797,28804,28808,28802,28803,28791,28800,28799,28795,28807,28805,28792,28798,28789,28801,28796,28790,28787,28788,28794],"class_list":{"0":"post-32037","1":"product","2":"type-product","3":"status-publish","4":"has-post-thumbnail","6":"product_cat-pretsapju-lidzekli","7":"product_tag-autentisks-dekstroamfetamins-eiropa","8":"product_tag-cik-maksa-dekstroamfetamins","9":"product_tag-dekstroamfetamina-bezmaksas-piegade-eiropa","10":"product_tag-dekstroamfetamina-eiropa-atlaide","11":"product_tag-dekstroamfetamina-eiropas-parskats","12":"product_tag-dekstroamfetamina-eiropas-piedavajumi","13":"product_tag-dekstroamfetamina-eiropas-veikals","14":"product_tag-dekstroamfetamina-iedarbiba","15":"product_tag-dekstroamfetamina-interneta-veikals-eiropa","16":"product_tag-dekstroamfetamina-izpardosana-eiropa","17":"product_tag-dekstroamfetamina-labaka-cena-eiropa","18":"product_tag-dekstroamfetamina-piegadataji-eiropa","19":"product_tag-dekstroamfetamina-piegade-eiropa","20":"product_tag-dekstroamfetamina-tirdznieciba-tiessaiste","21":"product_tag-kur-nopirkt-dekstroamfetaminu-eiropa","22":"product_tag-kur-tiessaiste-iegadaties-dekstroamfetaminu","23":"product_tag-lets-dekstroamfetamins-eiropa","24":"product_tag-pasutiet-dekstroamfetaminu-eu","25":"product_tag-pasutiet-dekstroamfetaminu-tiessaiste","26":"product_tag-perciet-dekstroamfetaminu","27":"product_tag-perciet-dekstroamfetaminu-tiessaiste","28":"product_tag-perciet-dekstroamfetaminu-tiessaiste-eiropa","30":"first","31":"instock","32":"shipping-taxable","33":"purchasable","34":"product-type-variable","35":"farmacie-col"},"aioseo_notices":[],"_links":{"self":[{"href":"https:\/\/lacasadelamedicina.es\/lv\/wp-json\/wp\/v2\/product\/32037"}],"collection":[{"href":"https:\/\/lacasadelamedicina.es\/lv\/wp-json\/wp\/v2\/product"}],"about":[{"href":"https:\/\/lacasadelamedicina.es\/lv\/wp-json\/wp\/v2\/types\/product"}],"replies":[{"embeddable":true,"href":"https:\/\/lacasadelamedicina.es\/lv\/wp-json\/wp\/v2\/comments?post=32037"}],"wp:featuredmedia":[{"embeddable":true,"href":"https:\/\/lacasadelamedicina.es\/lv\/wp-json\/wp\/v2\/media\/19869"}],"wp:attachment":[{"href":"https:\/\/lacasadelamedicina.es\/lv\/wp-json\/wp\/v2\/media?parent=32037"}],"wp:term":[{"taxonomy":"product_cat","embeddable":true,"href":"https:\/\/lacasadelamedicina.es\/lv\/wp-json\/wp\/v2\/product_cat?post=32037"},{"taxonomy":"product_tag","embeddable":true,"href":"https:\/\/lacasadelamedicina.es\/lv\/wp-json\/wp\/v2\/product_tag?post=32037"}],"curies":[{"name":"wp","href":"https:\/\/api.w.org\/{rel}","templated":true}]}}