{"id":32021,"date":"2024-08-10T20:02:15","date_gmt":"2024-08-10T20:02:15","guid":{"rendered":"https:\/\/lacasadelamedicina.es\/product\/perciet-dilaudid-tiessaiste\/"},"modified":"2024-09-15T20:47:57","modified_gmt":"2024-09-15T20:47:57","slug":"perciet-dilaudid-tiessaiste","status":"publish","type":"product","link":"https:\/\/lacasadelamedicina.es\/lv\/produkts\/perciet-dilaudid-tiessaiste\/","title":{"rendered":"P\u0113rciet Dilaudid tie\u0161saist\u0113"},"content":{"rendered":"<h1 class=\"product_title entry-title\">P\u0113rciet Dilaudid tie\u0161saist\u0113<\/h1>\n<p> P\u0113rciet Dilaudid tie\u0161saist\u0113. Hidromorfonu, kas pieejams k\u0101 \u0161\u0137idrums iek\u0161\u0137\u012bgai lieto\u0161anai un tabletes, lieto stipr\u0101m s\u0101p\u0113m, kur\u0101m nepiecie\u0161ama opio\u012bdu terapija, un gad\u012bjumos, kad citas prets\u0101pju z\u0101les ir nepietiekamas vai nepanesamas. Ilgsto\u0161as \u200b\u200bdarb\u012bbas kapsulas un tabletes lieto opio\u012bdu tolerantiem pacientiem, kuriem nepiecie\u0161ama past\u0101v\u012bga, ilgsto\u0161a s\u0101pju mazin\u0101\u0161ana. <strong>Dilaudid (Hidromorfons)<\/strong> ir sp\u0113c\u012bgs II saraksta kontrol\u0113ts opio\u012bdu agonists ar augstu \u013caunpr\u0101t\u012bgas izmanto\u0161anas iesp\u0113jam\u012bbu un elpo\u0161anas nom\u0101kuma risku. To var saasin\u0101t alkohols, citi opio\u012bdi un centr\u0101l\u0101s nervu sist\u0113mas nom\u0101co\u0161i l\u012bdzek\u013ci, palielinot dz\u012bv\u012bbai b\u012bstamas elpo\u0161anas nom\u0101kuma risku.    <strong>Piez\u012bmes par lieto\u0161anu:<\/strong><\/p>\n<ul>\n<li><strong>\u0160\u0137idrums iek\u0161\u0137\u012bgai lieto\u0161anai un tabletes:<\/strong> stipr\u0101m s\u0101p\u0113m, ja citas \u0101rst\u0113\u0161anas metodes nav efekt\u012bvas. Nav paredz\u0113ts \u012bslaic\u012bgai lieto\u0161anai vai viegl\u0101m s\u0101p\u0113m. <\/li>\n<li><strong>Pagarin\u0101tas darb\u012bbas kapsulas un tabletes:<\/strong> past\u0101v\u012bgai s\u0101pju mazin\u0101\u0161anai pacientiem, kas toleranti pret opio\u012bdiem. Nav paredz\u0113ts \u012bslaic\u012bg\u0101m vai periodisk\u0101m s\u0101p\u0113m. <\/li>\n<\/ul>\n<p> Hidromorfons iedarbojas uz centr\u0101lo nervu sist\u0113mu, lai mazin\u0101tu s\u0101pes, bet, ilgsto\u0161i lietojot, tas var izrais\u012bt gar\u012bgu vai fizisku atkar\u012bbu. Atkar\u012bba var izrais\u012bt abstinences simptomus, ja to p\u0113k\u0161\u0146i p\u0101rtrauc, un tos var mazin\u0101t, pak\u0101peniski samazinot devu. <strong>\u013baunpr\u0101t\u012bga lieto\u0161ana, \u013caunpr\u0101t\u012bga izmanto\u0161ana un novirz\u012b\u0161ana:<\/strong> hidromorfons ir pak\u013cauts \u013caunpr\u0101t\u012bgas izmanto\u0161anas un novirz\u012b\u0161anas riskam, jo \u200b\u200btas ir l\u012bdz\u012bgs citiem opio\u012bdiem, ko mekl\u0113 cilv\u0113ki ar atkar\u012bbas trauc\u0113jumiem. Tas j\u0101izraksta un j\u0101izsniedz piesardz\u012bgi, \u012bpa\u0161i person\u0101m, kur\u0101m anamn\u0113z\u0113 ir atkar\u012bba no vielu lieto\u0161anas vai gar\u012bg\u0101m slim\u012bb\u0101m. Pirms opio\u012bdu terapijas uzs\u0101k\u0161anas pacienti j\u0101nov\u0113ro, vai nerodas \u013caunpr\u0101t\u012bgas izmanto\u0161anas paz\u012bmes, un j\u0101nov\u0113rt\u0113 vi\u0146u risks. Hidromorfonu var \u013caunpr\u0101t\u012bgi izmantot, sasmalcinot, ko\u0161\u013c\u0101jot, \u0161\u0146\u0101cot vai injic\u0113jot, kas rada iev\u0113rojamu p\u0101rdoz\u0113\u0161anas risku. Pareizai s\u0101pju p\u0101rvald\u012bbai vajadz\u0113tu l\u012bdzsvarot ba\u017eas par \u013caunpr\u0101t\u012bgu izmanto\u0161anu, vienlaikus nodro\u0161inot efekt\u012bvu \u0101rst\u0113\u0161anu. <strong>P\u0101rdoz\u0113\u0161ana:<\/strong> ja ir aizdomas par p\u0101rdoz\u0113\u0161anu, ievadiet naloksonu, ja pieejams, un nekav\u0113joties zvaniet 911. P\u0101rdoz\u0113\u0161anas simptomi ir:       <\/p>\n<ul>\n<li>L\u0113na vai sekla elpo\u0161ana<\/li>\n<li>L\u0113na sirdsdarb\u012bba<\/li>\n<li>Koma<\/li>\n<\/ul>\n<p> Ja persona ir pie sama\u0146as un vi\u0146am nav nopietnu simptomu, nekav\u0113joties sazinieties ar toksikolo\u0123ijas centru. Lai ieg\u016btu papildinform\u0101ciju par to, kur tie\u0161saist\u0113 ieg\u0101d\u0101ties Dilaudid, sazinieties ar licenc\u0113t\u0101m tie\u0161saistes aptiek\u0101m vai pilnvarotiem p\u0101rdev\u0113jiem.<\/p>\n","protected":false},"excerpt":{"rendered":"<p>P\u0113rciet Dilaudid tie\u0161saist\u0113. Dilaudid, kas satur hidromorfonu, lieto stipru s\u0101pju mazin\u0101\u0161anai, ja citas prets\u0101pju z\u0101les ir nepietiekamas vai nepanesamas. Tas ir pieejams iek\u0161\u0137\u012bgi lietojam\u0101 \u0161\u0137idruma un table\u0161u form\u0101.  <\/p>\n","protected":false},"featured_media":19929,"comment_status":"open","ping_status":"closed","template":"","meta":{"om_disable_all_campaigns":false,"_sitemap_exclude":false,"_sitemap_priority":"","_sitemap_frequency":"","_monsterinsights_skip_tracking":false,"_monsterinsights_sitenote_active":false,"_monsterinsights_sitenote_note":"","_monsterinsights_sitenote_category":0},"product_cat":[27685],"product_tag":[28784,28786,28780,28783,28773,28767,28765,28768,28766,28772,28678],"class_list":{"0":"post-32021","1":"product","2":"type-product","3":"status-publish","4":"has-post-thumbnail","6":"product_cat-pretsapju-lidzekli","7":"product_tag-autentiska-dilaudid-eiropa","8":"product_tag-dilaudid-europe-apskats","9":"product_tag-dilaudid-europe-piedavajumi","10":"product_tag-dilaudid-europe-piegade","11":"product_tag-dilaudid-labaka-cena-eiropa","12":"product_tag-kur-nopirkt-dilaudid-tiessaiste","13":"product_tag-nopirkt-dilaudid","14":"product_tag-pasutiet-dilaudid-tiessaiste","15":"product_tag-perciet-dilaudid-tiessaiste","16":"product_tag-perciet-dilaudid-tiessaiste-eiropa","17":"product_tag-perciet-hidromorfonu-tiessaiste","19":"first","20":"instock","21":"shipping-taxable","22":"purchasable","23":"product-type-variable","24":"farmacie-col"},"aioseo_notices":[],"_links":{"self":[{"href":"https:\/\/lacasadelamedicina.es\/lv\/wp-json\/wp\/v2\/product\/32021"}],"collection":[{"href":"https:\/\/lacasadelamedicina.es\/lv\/wp-json\/wp\/v2\/product"}],"about":[{"href":"https:\/\/lacasadelamedicina.es\/lv\/wp-json\/wp\/v2\/types\/product"}],"replies":[{"embeddable":true,"href":"https:\/\/lacasadelamedicina.es\/lv\/wp-json\/wp\/v2\/comments?post=32021"}],"wp:featuredmedia":[{"embeddable":true,"href":"https:\/\/lacasadelamedicina.es\/lv\/wp-json\/wp\/v2\/media\/19929"}],"wp:attachment":[{"href":"https:\/\/lacasadelamedicina.es\/lv\/wp-json\/wp\/v2\/media?parent=32021"}],"wp:term":[{"taxonomy":"product_cat","embeddable":true,"href":"https:\/\/lacasadelamedicina.es\/lv\/wp-json\/wp\/v2\/product_cat?post=32021"},{"taxonomy":"product_tag","embeddable":true,"href":"https:\/\/lacasadelamedicina.es\/lv\/wp-json\/wp\/v2\/product_tag?post=32021"}],"curies":[{"name":"wp","href":"https:\/\/api.w.org\/{rel}","templated":true}]}}