{"id":31951,"date":"2024-08-10T20:40:46","date_gmt":"2024-08-10T20:40:46","guid":{"rendered":"https:\/\/lacasadelamedicina.es\/product\/perciet-hidromorfonu-tiessaiste\/"},"modified":"2024-08-10T20:40:46","modified_gmt":"2024-08-10T20:40:46","slug":"perciet-hidromorfonu-tiessaiste","status":"publish","type":"product","link":"https:\/\/lacasadelamedicina.es\/lv\/produkts\/perciet-hidromorfonu-tiessaiste\/","title":{"rendered":"P\u0113rciet hidromorfonu tie\u0161saist\u0113"},"content":{"rendered":"<h3>P\u0113rciet hidromorfonu tie\u0161saist\u0113<\/h3>\n<div class=\"flex-1 overflow-hidden\">\n<div class=\"h-full\">\n<div class=\"react-scroll-to-bottom--css-hcbtv-79elbk h-full\">\n<div class=\"react-scroll-to-bottom--css-hcbtv-1n7m0yu\">\n<div class=\"flex flex-col text-sm md:pb-9\">\n<div class=\"w-full text-token-text-primary\" dir=\"auto\" data-testid=\"conversation-turn-23\" data-scroll-anchor=\"true\">\n<div class=\"text-base py-[18px] px-3 md:px-4 m-auto md:px-5 lg:px-1 xl:px-5\">\n<div class=\"mx-auto flex flex-1 gap-4 text-base md:gap-5 lg:gap-6 md:max-w-3xl\">\n<div class=\"group\/conversation-turn relative flex w-full min-w-0 flex-col agent-turn\">\n<div class=\"flex-col gap-1 md:gap-3\">\n<div class=\"flex max-w-full flex-col flex-grow\">\n<div class=\"min-h-[20px] text-message flex w-full flex-col items-end gap-2 whitespace-pre-wrap break-words [.text-message+&amp;]:mt-5 overflow-x-auto\" dir=\"auto\" data-message-author-role=\"assistant\" data-message-id=\"cd720e26-0574-46db-8228-e604812ff1de\">\n<div class=\"flex w-full flex-col gap-1 empty:hidden first:pt-[3px]\">\n<div class=\"markdown prose w-full break-words dark:prose-invert dark\"> Hidromorfons, paz\u012bstams ar\u012b k\u0101 dihidromorfinons, ir sp\u0113c\u012bgs morf\u012bna opio\u012bds, ko lieto m\u0113renu vai smagu s\u0101pju \u0101rst\u0113\u0161anai. Tas ir \u012bpa\u0161i noder\u012bgi pacientiem, kuri jau ir toleranti pret opio\u012bdiem un kuriem nepiecie\u0161ama nep\u0101rtraukta visu diennakti s\u0101pju mazin\u0101\u0161ana.  <strong>Hidromorfona formas un lieto\u0161ana:<\/strong><\/p>\n<ul>\n<li><strong>Pagarin\u0101tas darb\u012bbas kapsulas un tabletes<\/strong>: pacientiem, kas toleranti pret opio\u012bdiem, kuriem nepiecie\u0161ama ilgsto\u0161a, visu diennakti pieejama s\u0101pju mazin\u0101\u0161ana.<\/li>\n<li><strong>T\u016bl\u012bt\u0113jas darb\u012bbas tabletes un \u0161\u0137\u012bdumi:<\/strong> Lieto \u012bslaic\u012bgai s\u0101pju remd\u0113\u0161anai.<\/li>\n<li><strong>Nelietot \u012bslaic\u012bgu vai vieglu s\u0101pju gad\u012bjum\u0101:<\/strong> Nelietot p\u0113coper\u0101cijas s\u0101pju vai vieglu s\u0101pju gad\u012bjum\u0101.<\/li>\n<\/ul>\n<p><strong>Darb\u012bbas meh\u0101nisms:<\/strong> Hidromorfons galvenok\u0101rt iedarbojas uz opio\u012bdu receptoriem centr\u0101laj\u0101 nervu sist\u0113m\u0101 (CNS), lai mazin\u0101tu s\u0101pes, l\u012bdz\u012bgi k\u0101 morf\u012bns, bet ar paaugstin\u0101tu iedarb\u012bbu. Tas neietekm\u0113 kappa, sigma vai epsilon receptorus, kas ir saist\u012bti ar da\u017e\u0101m nev\u0113lam\u0101m blakuspar\u0101d\u012bb\u0101m.  <strong>Blakuspar\u0101d\u012bbas:<\/strong><\/p>\n<ul>\n<li><strong>Bie\u017ei<\/strong>: reibonis, miegain\u012bba, slikta d\u016b\u0161a, aizciet\u0113jums.<\/li>\n<li><strong>Nopietni<\/strong>: smaga elpo\u0161anas nom\u0101kums, zems asinsspiediens, krampji, seroton\u012bna sindroms un fiziska atkar\u012bba.<\/li>\n<\/ul>\n<p><strong>\u013baunpr\u0101t\u012bga izmanto\u0161ana un \u013caunpr\u0101t\u012bga izmanto\u0161ana:<\/strong><\/p>\n<ul>\n<li><strong>Ielu nosaukumi<\/strong>: D, Dillies, Dust, Futbols, Sula, Smack.<\/li>\n<li><strong>\u013baunpr\u0101t\u012bgas izmanto\u0161anas metodes<\/strong>: var injic\u0113t injic\u0113jamus \u0161\u0137\u012bdumus vai sasmalcin\u0101tas tabletes, t\u0101d\u0113j\u0101di radot nopietnus draudus vesel\u012bbai.<\/li>\n<li><strong>Ietekme<\/strong>: eiforija, sed\u0101cija un samazin\u0101ta trauksme, bet ietver ar\u012b negat\u012bvas sekas, piem\u0113ram, aizciet\u0113jumus, sliktu d\u016b\u0161u un koordin\u0101cijas trauc\u0113jumus.<\/li>\n<\/ul>\n<p><strong>P\u0101rdoz\u0113\u0161anas riski:<\/strong> p\u0101rdoz\u0113\u0161anas paz\u012bmes ir smags elpo\u0161anas nom\u0101kums, izteikta miegain\u012bba vai stupors, auksta, mitra \u0101da un saspiesti acu z\u012bl\u012btes. P\u0101rdoz\u0113\u0161ana var b\u016bt let\u0101la elpo\u0161anas nom\u0101kuma d\u0113\u013c.  <strong>Hidromorfons ak\u016btu s\u0101pju \u0101rst\u0113\u0161anai:<\/strong><\/p>\n<ul>\n<li><strong>Sal\u012bdzino\u0161ie p\u0113t\u012bjumi: <\/strong> Daudzos p\u0113t\u012bjumos konstat\u0113ts, ka hidromorfons ir tikpat efekt\u012bvs k\u0101 morf\u012bns s\u0101pju mazin\u0101\u0161anai, lai gan individu\u0101lie rezult\u0101ti var at\u0161\u0137irties. Da\u017ei p\u0113t\u012bjumi liecina, ka, sal\u012bdzinot ar morf\u012bnu, tam ir maz\u0101ks da\u017eu blakuspar\u0101d\u012bbu, piem\u0113ram, nieze un slikta d\u016b\u0161a, bie\u017eums. <\/li>\n<\/ul>\n<p><strong>Devu formas:<\/strong><\/p>\n<ul>\n<li><strong>Tabletes, pagarin\u0101t\u0101 izdal\u012b\u0161an\u0101s<\/strong><\/li>\n<li><strong>T\u016bl\u012bt\u0113jas izdal\u012b\u0161an\u0101s tabletes<\/strong><\/li>\n<li><strong>Risin\u0101jums<\/strong><\/li>\n<\/ul>\n<p><strong>Dro\u0161\u012bbas pas\u0101kumi:<\/strong><\/p>\n<ul>\n<li><strong>Atkar\u012bbas risks<\/strong>: ilgsto\u0161a lieto\u0161ana var izrais\u012bt fizisku atkar\u012bbu. Atcel\u0161anas simptomus var mazin\u0101t, pak\u0101peniski samazinot devu. <\/li>\n<li><strong>Ierobe\u017eota izplat\u012b\u0161ana<\/strong>: pieejams saska\u0146\u0101 ar programmu Opio\u012bdu prets\u0101pju l\u012bdzeklis REMS (Riska nov\u0113rt\u0113\u0161anas un mazin\u0101\u0161anas strat\u0113\u0123ija).<\/li>\n<\/ul>\n<p><strong>Konsult\u0113jieties ar vesel\u012bbas apr\u016bpes sniedz\u0113ju:<\/strong> pirms hidromorfona lieto\u0161anas p\u0101rrun\u0101jiet ar savu vesel\u012bbas apr\u016bpes sniedz\u0113ju t\u0101 iesp\u0113jamos ieguvumus un riskus. \u0160\u012bs z\u0101les j\u0101lieto saska\u0146\u0101 ar instrukcij\u0101m, lai samazin\u0101tu atkar\u012bbas, \u013caunpr\u0101t\u012bgas izmanto\u0161anas un p\u0101rdoz\u0113\u0161anas risku. <strong>Kur ieg\u0101d\u0101ties hidromorfonu:<\/strong> par likum\u012bgiem un likum\u012bgiem pirkumiem sazinieties ar pilnvarot\u0101m tie\u0161saistes aptiek\u0101m vai licenc\u0113tiem izplat\u012bt\u0101jiem. P\u0101rliecinieties, vai jebkur\u0161 tie\u0161saistes avots ir atbilsto\u0161i licenc\u0113ts un atbilst normat\u012bvajiem standartiem.   <\/div>\n<\/div>\n<\/div>\n<\/div>\n<div class=\"mt-1 flex gap-3 empty:hidden -ml-2\">\n<div class=\"items-center justify-start rounded-xl p-1 flex\">\n<div class=\"flex items-center\"><\/div>\n<\/div>\n<\/div>\n<div class=\"pr-2 lg:pr-0\"><\/div>\n<div class=\"mt-3 w-full empty:hidden\">\n<div class=\"text-center\"><\/div>\n<\/div>\n<\/div>\n<div class=\"absolute\">\n<div class=\"flex items-center justify-center\"><\/div>\n<\/div>\n<\/div>\n<\/div>\n<\/div>\n<\/div>\n<\/div>\n<\/div>\n<\/div>\n<\/div>\n<\/div>\n<div class=\"md:pt-0 dark:border-white\/20 md:border-transparent md:dark:border-transparent w-full\">\n<div class=\"text-base px-3 md:px-4 m-auto md:px-5 lg:px-1 xl:px-5\">\n<div class=\"mx-auto flex flex-1 gap-4 text-base md:gap-5 lg:gap-6 md:max-w-3xl\">\n<form class=\"w-full\" aria-haspopup=\"dialog\" aria-expanded=\"false\" aria-controls=\"radix-:r1:\" data-state=\"closed\">\n<div class=\"relative flex h-full max-w-full flex-1 flex-col\">\n<div class=\"absolute bottom-full left-0 right-0 z-20\"><\/div>\n<div class=\"flex w-full items-center\">\n<div class=\"flex w-full flex-col gap-1.5 rounded-[26px] p-1.5 transition-colors bg-[#f4f4f4] dark:bg-token-main-surface-secondary\">\n<div class=\"flex items-end gap-1.5 md:gap-2\">\n<div class=\"flex min-w-0 flex-1 flex-col pl-4\"><\/div>\n<\/div>\n<\/div>\n<\/div>\n<\/div>\n<\/form>\n<\/div>\n<\/div>\n<\/div>\n","protected":false},"excerpt":{"rendered":"<p>P\u0113rciet hidromorfonu tie\u0161saist\u0113. Hidromorfons, paz\u012bstams ar\u012b k\u0101 dihidromorfinons, ir morf\u012bna opio\u012bds, ko lieto m\u0113renu vai smagu s\u0101pju \u0101rst\u0113\u0161anai. kur nopirkt hidromorfonu. Hidromorfona p\u0101rdo\u0161ana tie\u0161saist\u0113   <\/p>\n","protected":false},"featured_media":19914,"comment_status":"open","ping_status":"closed","template":"","meta":{"om_disable_all_campaigns":false,"_sitemap_exclude":false,"_sitemap_priority":"","_sitemap_frequency":"","_monsterinsights_skip_tracking":false,"_monsterinsights_sitenote_active":false,"_monsterinsights_sitenote_note":"","_monsterinsights_sitenote_category":0},"product_cat":[27685],"product_tag":[28696,28683,28687,28689,28698,28693,28681,28690,28695,28682,28694,28685,28692,28697,28688,28679,28691,28768,28686,28680,28766,28677,28678,28684],"class_list":{"0":"post-31951","1":"product","2":"type-product","3":"status-publish","4":"has-post-thumbnail","6":"product_cat-pretsapju-lidzekli","7":"product_tag-autentisks-hidromorfons-eiropa","8":"product_tag-cik-maksa-hidromorfons","9":"product_tag-hidromorfona-bezmaksas-piegade-eiropa","10":"product_tag-hidromorfona-eiropa-izpardosana","11":"product_tag-hidromorfona-eiropas-apskats","12":"product_tag-hidromorfona-eiropas-veikals","13":"product_tag-hidromorfona-iedarbiba","14":"product_tag-hidromorfona-interneta-veikals-eiropa","15":"product_tag-hidromorfona-piegade-eiropa","16":"product_tag-hidromorfona-tirdznieciba-tiessaiste","17":"product_tag-hidromorfons-eiropa-atlaide","18":"product_tag-hidromorfons-labaka-cena-eiropa","19":"product_tag-hydromorphone-europe-piedavajumi","20":"product_tag-hydromorphone-europe-piegadatajiem","21":"product_tag-kur-nopirkt-hidromorfonu-eiropa","22":"product_tag-kur-tiessaiste-iegadaties-hidromorfonu","23":"product_tag-lets-hidromorfons-eiropa","24":"product_tag-pasutiet-dilaudid-tiessaiste","25":"product_tag-pasutiet-hidromorfonu-eu","26":"product_tag-pasutiet-hidromorfonu-tiessaiste","27":"product_tag-perciet-dilaudid-tiessaiste","28":"product_tag-perciet-hidromorfonu","29":"product_tag-perciet-hidromorfonu-tiessaiste","30":"product_tag-perciet-hidromorfonu-tiessaiste-eiropa","32":"first","33":"instock","34":"shipping-taxable","35":"purchasable","36":"product-type-variable","37":"farmacie-col"},"aioseo_notices":[],"_links":{"self":[{"href":"https:\/\/lacasadelamedicina.es\/lv\/wp-json\/wp\/v2\/product\/31951"}],"collection":[{"href":"https:\/\/lacasadelamedicina.es\/lv\/wp-json\/wp\/v2\/product"}],"about":[{"href":"https:\/\/lacasadelamedicina.es\/lv\/wp-json\/wp\/v2\/types\/product"}],"replies":[{"embeddable":true,"href":"https:\/\/lacasadelamedicina.es\/lv\/wp-json\/wp\/v2\/comments?post=31951"}],"wp:featuredmedia":[{"embeddable":true,"href":"https:\/\/lacasadelamedicina.es\/lv\/wp-json\/wp\/v2\/media\/19914"}],"wp:attachment":[{"href":"https:\/\/lacasadelamedicina.es\/lv\/wp-json\/wp\/v2\/media?parent=31951"}],"wp:term":[{"taxonomy":"product_cat","embeddable":true,"href":"https:\/\/lacasadelamedicina.es\/lv\/wp-json\/wp\/v2\/product_cat?post=31951"},{"taxonomy":"product_tag","embeddable":true,"href":"https:\/\/lacasadelamedicina.es\/lv\/wp-json\/wp\/v2\/product_tag?post=31951"}],"curies":[{"name":"wp","href":"https:\/\/api.w.org\/{rel}","templated":true}]}}