{"id":31873,"date":"2024-08-11T08:47:57","date_gmt":"2024-08-11T08:47:57","guid":{"rendered":"https:\/\/lacasadelamedicina.es\/product\/perciet-morfiju-tiessaiste\/"},"modified":"2024-08-11T08:47:57","modified_gmt":"2024-08-11T08:47:57","slug":"perciet-morfiju-tiessaiste","status":"publish","type":"product","link":"https:\/\/lacasadelamedicina.es\/lv\/produkts\/perciet-morfiju-tiessaiste\/","title":{"rendered":"P\u0113rciet morfiju tie\u0161saist\u0113"},"content":{"rendered":"<h1 class=\"product_title entry-title\">P\u0113rciet morfiju tie\u0161saist\u0113<\/h1>\n<p> Morf\u012bns ir sp\u0113c\u012bgs medikaments, ko lieto, lai mazin\u0101tu stipras s\u0101pes, \u012bpa\u0161i t\u0101s, kas saist\u012btas ar t\u0101d\u0101m nopietn\u0101m slim\u012bb\u0101m k\u0101 v\u0113zis. Tas ir klasific\u0113ts k\u0101 narkotisks prets\u0101pju l\u012bdzeklis un darbojas uz centr\u0101lo nervu sist\u0113mu (CNS), lai mazin\u0101tu s\u0101pes. Morf\u012bns ietilpst opio\u012bdu kategorij\u0101, kas noz\u012bm\u0113, ka tas iedarbojas tie\u0161i uz smadzen\u0113m un nervu sist\u0113mu, lai mazin\u0101tu s\u0101pes. <strong>Formas un devas<\/strong> Morf\u012bns ir pieejams da\u017e\u0101d\u0101s form\u0101s un dev\u0101s, tostarp:   <\/p>\n<ul>\n<li>Tabletes<\/li>\n<li>Kapsulas<\/li>\n<li>\u0160\u0137idrums iek\u0161\u0137\u012bgai lieto\u0161anai<\/li>\n<li>Injekcija<\/li>\n<\/ul>\n<p> Tas ir paz\u012bstams ar\u012b ar vair\u0101kiem z\u012bmolu nosaukumiem, piem\u0113ram: <\/p>\n<ul>\n<li>Sevredols<\/li>\n<li>m-Eslon SR<\/li>\n<li>RA-Morph<\/li>\n<li>Vokhardta morf\u012bns<\/li>\n<li>Oramorfs<\/li>\n<\/ul>\n<p><strong>Lieto\u0161ana un ierobe\u017eojumi<\/strong> Morf\u012bnu izmanto ar\u012b paliat\u012bvaj\u0101 apr\u016bp\u0113, lai \u0101rst\u0113tu elpas tr\u016bkumu un klepu. Zema, regul\u0101ra deva var pal\u012bdz\u0113t mazin\u0101t elpas tr\u016bkuma simptomus. Tom\u0113r ir svar\u012bgi atz\u012bm\u0113t, ka morf\u012bns nav piem\u0113rots vieglu s\u0101pju \u0101rst\u0113\u0161anai vai \u012bslaic\u012bgai lieto\u0161anai, piem\u0113ram, p\u0113c oper\u0101cijas. To nedr\u012bkst lietot neregul\u0101ru s\u0101pju mazin\u0101\u0161anai vai gad\u012bjumos, kad ir efekt\u012bvas z\u0101les, kas nav narkotiskas. <strong>Atkar\u012bbas riski<\/strong> Ilgsto\u0161a morf\u012bna lieto\u0161ana var izrais\u012bt fizisku vai gar\u012bgu atkar\u012bbu, lai gan tas ir maz\u0101k ticams, ja to lieto pareizi past\u0101v\u012bgai s\u0101pju mazin\u0101\u0161anai. Fizisk\u0101 atkar\u012bba var izrais\u012bt abstinences simptomus, ja \u0101rst\u0113\u0161ana tiek p\u0113k\u0161\u0146i p\u0101rtraukta, ta\u010du tos var nov\u0113rst, pak\u0101peniski samazinot devu. <strong>Opio\u012bdu prets\u0101pju l\u012bdzek\u013cu REMS programma<\/strong> Morf\u012bns tiek izplat\u012bts saska\u0146\u0101 ar ierobe\u017eotu programmu, ko sauc par opio\u012bdu prets\u0101pju l\u012bdzekli REMS (riska nov\u0113rt\u0113\u0161anas un mazin\u0101\u0161anas strat\u0113\u0123ija), lai nodro\u0161in\u0101tu t\u0101 dro\u0161u lieto\u0161anu. <strong>Blakuspar\u0101d\u012bbas<\/strong> Bie\u017e\u0101k\u0101s blakuspar\u0101d\u012bbas ir:     <\/p>\n<ul>\n<li>Miegain\u012bba vai reibonis<\/li>\n<li>Slikta d\u016b\u0161a un vem\u0161ana<\/li>\n<li>Aizciet\u0113jums<\/li>\n<li>Galvass\u0101pes<\/li>\n<li>Sausa mute<\/li>\n<\/ul>\n<p> Lai p\u0101rvald\u012btu \u0161\u012bs blakuspar\u0101d\u012bbas: <\/p>\n<ul>\n<li>Esiet piesardz\u012bgs, vadot transportl\u012bdzekli vai apkalpojot meh\u0101nismus.<\/li>\n<li>Izvairieties no alkohola.<\/li>\n<li>Slikta d\u016b\u0161a gad\u012bjum\u0101 konsult\u0113jieties ar savu \u0101rstu par pretslikta d\u016b\u0161as z\u0101l\u0113m.<\/li>\n<li>Nov\u0113rsiet aizciet\u0113jumus, lietojot parakst\u012btos caurejas l\u012bdzek\u013cus un palielinot \u0161\u0137iedrvielu un \u016bdens uz\u0146em\u0161anu.<\/li>\n<\/ul>\n<p><strong>Atkar\u012bba un atkar\u012bba<\/strong> Lai gan \u012bslaic\u012bgas vai ne\u0101rst\u0113jamas slim\u012bbas gad\u012bjum\u0101 atkar\u012bba ir reti sastopama, da\u017eiem indiv\u012bdiem var b\u016bt liel\u0101ks risks, jo \u012bpa\u0161i tiem, kuriem ir bijusi gar\u012bga vesel\u012bba. probl\u0113mas vai vielu lieto\u0161ana. Lai samazin\u0101tu atkar\u012bbas risku, morf\u012bns j\u0101lieto iesp\u0113jami \u012bs\u0101k\u0101 laik\u0101 un maz\u0101kaj\u0101 efekt\u012bvaj\u0101 dev\u0101. Ja nepiecie\u0161ams, izstr\u0101d\u0101jiet pl\u0101nu ar savu \u0101rstu, lai samazin\u0101tu z\u0101\u013cu lieto\u0161anu. <strong>Nopietnas blakuspar\u0101d\u012bbas<\/strong> Nekav\u0113joties mekl\u0113jiet medic\u012bnisko pal\u012bdz\u012bbu, ja nov\u0113rojat:   <\/p>\n<ul>\n<li>Elpo\u0161anas gr\u016bt\u012bbas vai neregul\u0101ra elpo\u0161ana<\/li>\n<li>Smagi \u0101das izsitumi vai nieze<\/li>\n<li>Redzes izmai\u0146as<\/li>\n<\/ul>\n<p> Lai ieg\u016btu s\u012bk\u0101ku inform\u0101ciju par blakuspar\u0101d\u012bbu p\u0101rvald\u012bbu un dro\u0161u Morphine lieto\u0161anu, skatiet m\u016bsu visaptvero\u0161os resursus.<\/p>\n","protected":false},"excerpt":{"rendered":"<p>P\u0113rciet morfiju tie\u0161saist\u0113. Morf\u012bnu lieto smagu vai vid\u0113ji smagu s\u0101pju mazin\u0101\u0161anai, ko izraisa ne\u0101rst\u0113jama slim\u012bba, piem\u0113ram, v\u0113zis. Morf\u012bns tiek p\u0101rdots tie\u0161saist\u0113. Kur nopirkt morfiju tie\u0161saist\u0113. <strong>Pieejamas morf\u012bna sulf\u0101ta injekcijas USP<\/strong><strong>10mg\/ml<\/strong><strong>15 mg\/ml<\/strong><strong>50mg\/ml<\/strong><strong>25 mg\/ml<\/strong><strong>300mg\/20ml<\/strong><strong>1000mg\/20ml<\/strong><strong>Pieejamas morf\u012bna tabletes<\/strong><strong>10 mg<\/strong><strong>15 mg<\/strong><strong>30 mg<\/strong><strong>60 mg<\/strong>   <\/p>\n","protected":false},"featured_media":19959,"comment_status":"open","ping_status":"closed","template":"","meta":{"om_disable_all_campaigns":false,"_sitemap_exclude":false,"_sitemap_priority":"","_sitemap_frequency":"","_monsterinsights_skip_tracking":false,"_monsterinsights_sitenote_active":false,"_monsterinsights_sitenote_note":"","_monsterinsights_sitenote_category":0},"product_cat":[27685],"product_tag":[28520,28507,28503,28512,28515,28505,28514,28506,28509,28522,28518,28513,28516,28521,28519,28517,28504,28510,28501,28502,28508,28511],"class_list":{"0":"post-31873","1":"product","2":"type-product","3":"status-publish","4":"has-post-thumbnail","6":"product_cat-pretsapju-lidzekli","7":"product_tag-autentisks-morfins-eiropa","8":"product_tag-cik-maksa-morfins","9":"product_tag-kur-nopirkt-morfinu-tiessaiste","10":"product_tag-kur-nopirkt-morphine-europe","11":"product_tag-leti-morphine-europe","12":"product_tag-morfina-iedarbiba","13":"product_tag-morfina-interneta-veikals-eiropa","14":"product_tag-morfina-pardosana-tiessaiste","15":"product_tag-morfins-labaka-cena-eiropa","16":"product_tag-morphine-europe-apskats","17":"product_tag-morphine-europe-atlaide","18":"product_tag-morphine-europe-izpardosana","19":"product_tag-morphine-europe-piedavajumi","20":"product_tag-morphine-europe-piegadataji","21":"product_tag-morphine-europe-piegade","22":"product_tag-morphine-europe-veikals","23":"product_tag-pasutiet-morfinu-tiessaiste","24":"product_tag-pasutiet-morphine-eu","25":"product_tag-perciet-morfiju","26":"product_tag-perciet-morfinu-tiessaiste","27":"product_tag-perciet-morfinu-tiessaiste-eiropa","28":"product_tag-piegade-bez-morfina-uz-eiropu","30":"first","31":"instock","32":"shipping-taxable","33":"purchasable","34":"product-type-variable","35":"farmacie-col","36":"product-has-gallery"},"aioseo_notices":[],"_links":{"self":[{"href":"https:\/\/lacasadelamedicina.es\/lv\/wp-json\/wp\/v2\/product\/31873"}],"collection":[{"href":"https:\/\/lacasadelamedicina.es\/lv\/wp-json\/wp\/v2\/product"}],"about":[{"href":"https:\/\/lacasadelamedicina.es\/lv\/wp-json\/wp\/v2\/types\/product"}],"replies":[{"embeddable":true,"href":"https:\/\/lacasadelamedicina.es\/lv\/wp-json\/wp\/v2\/comments?post=31873"}],"wp:featuredmedia":[{"embeddable":true,"href":"https:\/\/lacasadelamedicina.es\/lv\/wp-json\/wp\/v2\/media\/19959"}],"wp:attachment":[{"href":"https:\/\/lacasadelamedicina.es\/lv\/wp-json\/wp\/v2\/media?parent=31873"}],"wp:term":[{"taxonomy":"product_cat","embeddable":true,"href":"https:\/\/lacasadelamedicina.es\/lv\/wp-json\/wp\/v2\/product_cat?post=31873"},{"taxonomy":"product_tag","embeddable":true,"href":"https:\/\/lacasadelamedicina.es\/lv\/wp-json\/wp\/v2\/product_tag?post=31873"}],"curies":[{"name":"wp","href":"https:\/\/api.w.org\/{rel}","templated":true}]}}