{"id":31832,"date":"2024-08-11T12:03:31","date_gmt":"2024-08-11T12:03:31","guid":{"rendered":"https:\/\/lacasadelamedicina.es\/product\/perciet-norco-tiessaiste\/"},"modified":"2024-08-11T12:03:31","modified_gmt":"2024-08-11T12:03:31","slug":"perciet-norco-tiessaiste","status":"publish","type":"product","link":"https:\/\/lacasadelamedicina.es\/lv\/produkts\/perciet-norco-tiessaiste\/","title":{"rendered":"P\u0113rciet NORCO tie\u0161saist\u0113"},"content":{"rendered":"<h1 class=\"product_title entry-title\">P\u0113rciet NORCO tie\u0161saist\u0113<\/h1>\n<p> Norco ir recep\u0161u medikaments, kas apvieno hidrokodonu un acetaminof\u0113nu, kas paredz\u0113ts s\u0101pju mazin\u0101\u0161anai gad\u012bjumos, kad \u0101rst\u0113\u0161ana bez opio\u012bdiem nav sniegusi pietiekamu atvieglojumu. Tas ir table\u0161u veid\u0101 un tiek lietots iek\u0161\u0137\u012bgi, un iedarb\u012bba parasti s\u0101kas 30 min\u016b\u0161u laik\u0101. Bie\u017eas Norco blakuspar\u0101d\u012bbas ir reibonis, miegain\u012bba, slikta d\u016b\u0161a, vem\u0161ana, aizciet\u0113jums un nieze. Papildu blakuspar\u0101d\u012bbas var b\u016bt galvass\u0101pes, nogurums, &#8220;smadze\u0146u migla&#8221;, s\u0101pes v\u0113der\u0101 un asinsspiediena izmai\u0146as. Nopietnas blakuspar\u0101d\u012bbas, kur\u0101m nepiecie\u0161ama t\u016bl\u012bt\u0113ja medic\u012bniska pal\u012bdz\u012bba, ir:     <\/p>\n<ul>\n<li>L\u0113na vai apgr\u016btin\u0101ta elpo\u0161ana, zilgana l\u016bpu vai ekstremit\u0101\u0161u kr\u0101sa<\/li>\n<li>P\u0101rdoz\u0113\u0161anas simptomi: nerea\u0123\u0113\u0161ana, pal\u0113nin\u0101ta elpo\u0161ana, izteikta miegain\u012bba, auksta vai mitra \u0101da, l\u0113na sirdsdarb\u012bba, s\u0101pes v\u0113dera aug\u0161da\u013c\u0101, tum\u0161s ur\u012bns, dzelte<\/li>\n<li>Atcel\u0161anas simptomi: trauksme, domas par pa\u0161n\u0101v\u012bbu, nemiers, iesnas, \u017e\u0101vas, sv\u012b\u0161ana, drebu\u013ci, papla\u0161in\u0101tas acu z\u012bl\u012btes, aizkaitin\u0101m\u012bba<\/li>\n<li>Smagas aler\u0123iskas reakcijas: izsitumi, n\u0101trene, tulznas, apgr\u016btin\u0101ta elpo\u0161ana, \u0101tra sirdsdarb\u012bba, reibonis, p\u0113k\u0161\u0146s karstums<\/li>\n<\/ul>\n<p> Aizciet\u0113jums ir bie\u017ea Norco blakuspar\u0101d\u012bba. Lai to p\u0101rvald\u012btu, nodro\u0161iniet pietiekamu \u016bdens uz\u0146em\u0161anu un iek\u013caujiet uztur\u0101 vair\u0101k \u0161\u0137iedrvielu. Ja \u0161ie pas\u0101kumi nav pietiekami, konsult\u0113jieties ar savu vesel\u012bbas apr\u016bpes sniedz\u0113ju par iesp\u0113jam\u0101m alternat\u012bv\u0101m \u0101rst\u0113\u0161anas metod\u0113m vai medikamentiem. Norco lieto\u0161anas laik\u0101 izvairieties no alkohola lieto\u0161anas, jo abu \u0161o vielu kombin\u0101cija var palielin\u0101t miegain\u012bbu un reiboni, k\u0101 ar\u012b kait\u0113t akn\u0101m. Vienm\u0113r iev\u0113rojiet \u0101rsta nor\u0101d\u012bjumus par dev\u0101m un lieto\u0161anu. Nemainiet devu vai nep\u0101rtrauciet z\u0101\u013cu lieto\u0161anu, nekonsult\u0113joties ar savu vesel\u012bbas apr\u016bpes sniedz\u0113ju, kur\u0161 var pak\u0101peniski samazin\u0101t devu, lai mazin\u0101tu abstinences simptomus. Glab\u0101jiet naloksonu (Narcan) viegli pieejamu, lai nov\u0113rstu iesp\u0113jam\u0101s p\u0101rdoz\u0113\u0161anas sekas, un izgl\u012btojiet savus tuv\u0101kos par t\u0101 lieto\u0161anu. Ja tiek ievad\u012bts naloksons, mekl\u0113jiet neatliekamo pal\u012bdz\u012bbu, jo t\u0101 ietekme ir \u012bslaic\u012bga. Past\u0101stiet \u0101rstam, ja esat gr\u016btniece vai pl\u0101nojat gr\u016btniec\u012bbu, jo Norco parasti nav ieteicams lietot gr\u016btniec\u012bbas laik\u0101. T\u0101pat inform\u0113jiet savu vesel\u012bbas apr\u016bpes sniedz\u0113ju, ja barojat b\u0113rnu ar kr\u016bti, jo z\u0101les var non\u0101kt m\u0101tes pien\u0101 un apdraud\u0113t J\u016bsu mazuli. Glab\u0101jiet Norco dro\u0161i, b\u0113rniem un m\u0101jdz\u012bvniekiem nepieejam\u0101 viet\u0101, un izmantojiet z\u0101\u013cu sav\u0101k\u0161anas programmas, lai dro\u0161\u0101 veid\u0101 atbr\u012bvotos no neizlietotaj\u0101m z\u0101l\u0113m, lai nov\u0113rstu nejau\u0161u p\u0101rdoz\u0113\u0161anu.<\/p>\n","protected":false},"excerpt":{"rendered":"<p>P\u0113rciet Norco tie\u0161saist\u0113. Norco ir kombin\u0113ts medikaments, kas satur hidrokodonu un acetaminof\u0113nu. To lieto s\u0101pju mazin\u0101\u0161anai cilv\u0113kiem, kuri ir izm\u0113\u0123in\u0101ju\u0161i neopio\u012bdu medikamentus, bet nav sa\u0146\u0113mu\u0161i pietiekamu atvieglojumu.  <\/p>\n","protected":false},"featured_media":19989,"comment_status":"open","ping_status":"closed","template":"","meta":{"om_disable_all_campaigns":false,"_sitemap_exclude":false,"_sitemap_priority":"","_sitemap_frequency":"","_monsterinsights_skip_tracking":false,"_monsterinsights_sitenote_active":false,"_monsterinsights_sitenote_note":"","_monsterinsights_sitenote_category":0},"product_cat":[27685],"product_tag":[28353,28358,28349,28361,28347,28357,28359,28365,28368,28364,28362,28367,28363,28351,28360,28355,28352,28746,28356,28350,28348,28354],"class_list":{"0":"post-31832","1":"product","2":"type-product","3":"status-publish","4":"has-post-thumbnail","6":"product_cat-pretsapju-lidzekli","7":"product_tag-cik-maksa-norco","8":"product_tag-kur-nopirkt-norco-europe","9":"product_tag-kur-nopirkt-norco-tiessaiste","10":"product_tag-leti-norco-eiropa","11":"product_tag-nopirkt-norco","12":"product_tag-norco-bezmaksas-piegade-eiropa","13":"product_tag-norco-eiropa-izpardosana","14":"product_tag-norco-eiropa-piegade","15":"product_tag-norco-europe-apskats","16":"product_tag-norco-europe-atlaide","17":"product_tag-norco-europe-piedavajumi","18":"product_tag-norco-europe-piegadataji","19":"product_tag-norco-europe-veikals","20":"product_tag-norco-ietekme","21":"product_tag-norco-interneta-veikals-eiropa","22":"product_tag-norco-labaka-cena-eiropa","23":"product_tag-norco-tirdznieciba-tiessaiste","24":"product_tag-pasutiet-hidrokodonu-tiessaiste","25":"product_tag-pasutiet-norco-eu","26":"product_tag-pasutiet-norco-tiessaiste","27":"product_tag-perciet-norco-tiessaiste","28":"product_tag-perciet-norco-tiessaiste-eiropa","30":"first","31":"instock","32":"shipping-taxable","33":"purchasable","34":"product-type-variable","35":"farmacie-col"},"aioseo_notices":[],"_links":{"self":[{"href":"https:\/\/lacasadelamedicina.es\/lv\/wp-json\/wp\/v2\/product\/31832"}],"collection":[{"href":"https:\/\/lacasadelamedicina.es\/lv\/wp-json\/wp\/v2\/product"}],"about":[{"href":"https:\/\/lacasadelamedicina.es\/lv\/wp-json\/wp\/v2\/types\/product"}],"replies":[{"embeddable":true,"href":"https:\/\/lacasadelamedicina.es\/lv\/wp-json\/wp\/v2\/comments?post=31832"}],"wp:featuredmedia":[{"embeddable":true,"href":"https:\/\/lacasadelamedicina.es\/lv\/wp-json\/wp\/v2\/media\/19989"}],"wp:attachment":[{"href":"https:\/\/lacasadelamedicina.es\/lv\/wp-json\/wp\/v2\/media?parent=31832"}],"wp:term":[{"taxonomy":"product_cat","embeddable":true,"href":"https:\/\/lacasadelamedicina.es\/lv\/wp-json\/wp\/v2\/product_cat?post=31832"},{"taxonomy":"product_tag","embeddable":true,"href":"https:\/\/lacasadelamedicina.es\/lv\/wp-json\/wp\/v2\/product_tag?post=31832"}],"curies":[{"name":"wp","href":"https:\/\/api.w.org\/{rel}","templated":true}]}}