{"id":31790,"date":"2024-08-11T12:20:47","date_gmt":"2024-08-11T12:20:47","guid":{"rendered":"https:\/\/lacasadelamedicina.es\/product\/perciet-opana-tiessaiste\/"},"modified":"2024-08-11T12:20:47","modified_gmt":"2024-08-11T12:20:47","slug":"perciet-opana-tiessaiste","status":"publish","type":"product","link":"https:\/\/lacasadelamedicina.es\/lv\/produkts\/perciet-opana-tiessaiste\/","title":{"rendered":"P\u0113rciet Opana tie\u0161saist\u0113"},"content":{"rendered":"<h1 class=\"product_title entry-title\">P\u0113rciet Opana tie\u0161saist\u0113<\/h1>\n<p> Oksimorfons ir sp\u0113c\u012bgs opio\u012bdu prets\u0101pju l\u012bdzeklis, ko lieto smagu s\u0101pju mazin\u0101\u0161anai. Tas ir sp\u0113c\u012bg\u0101ks par morf\u012bnu (tr\u012bs reizes), hidrokodonu (divas reizes) un oksikodonu (divas reizes). \u0160\u012bs z\u0101les ir pieejamas t\u016bl\u012bt\u0113jas un ilgsto\u0161as \u200b\u200bdarb\u012bbas z\u0101\u013cu form\u0101s, kuru iedarb\u012bba s\u0101kas apm\u0113ram 5\u201310 min\u016btes p\u0113c injekcijas un 30 min\u016btes p\u0113c iek\u0161\u0137\u012bgas lieto\u0161anas. T\u016bl\u012bt\u0113jas darb\u012bbas tabletes nodro\u0161ina atvieglojumu 3\u20134 stundas, savuk\u0101rt ilgsto\u0161\u0101s darb\u012bbas tabletes ilgst l\u012bdz 12 stund\u0101m. \u0160\u012bs z\u0101les visbie\u017e\u0101k lieto iek\u0161\u0137\u012bgi, jo, ievadot intravenozi, ir \u0101tr\u0101ks elimin\u0101cijas pusperiods. T\u0101pat k\u0101 oksikodonam, oksimorfonam ir augsts \u013caunpr\u0101t\u012bgas izmanto\u0161anas potenci\u0101ls.      <strong>Pieejam\u0101s Opana stipr\u0101s puses:<\/strong><\/p>\n<ul>\n<li><strong>T\u016bl\u012bt\u0113ja izlai\u0161ana:<\/strong> 5 mg, 10 mg<\/li>\n<li><strong>Opana ER (pagarin\u0101ts izlaidums):<\/strong> 5 mg, 7,5 mg, 10 mg, 15 mg, 20 mg, 30 mg, 40 mg<\/li>\n<\/ul>\n<p><strong>Lieto\u0161anas krit\u0113riji:<\/strong> Opana tiek parakst\u012bts m\u0113renu vai stipru s\u0101pju gad\u012bjum\u0101, ja opio\u012bds tiek uzskat\u012bts par piem\u0113rotu. Tas j\u0101lieto s\u0101pju \u0101rst\u0113\u0161anas speci\u0101lista uzraudz\u012bb\u0101. Pacientam noteikti bija nepanesamas blakuspar\u0101d\u012bbas no vis\u0101m cit\u0101m opio\u012bdu iesp\u0113j\u0101m, kas ne\u013c\u0101va adekv\u0101ti kontrol\u0113t s\u0101pes.   <strong>Svar\u012bgi br\u012bdin\u0101jumi:<\/strong><\/p>\n<ul>\n<li>Opana kombin\u0113\u0161ana ar alkoholu var palielin\u0101t l\u012bmeni plazm\u0101 un smagas toksicit\u0101tes risku.<\/li>\n<li>Lietojiet Opana tuk\u0161\u0101 d\u016b\u0161\u0101, lai izvair\u012btos no p\u0101rtikas izrais\u012btas absorbcijas \u0101truma palielin\u0101\u0161an\u0101s par 50%.<\/li>\n<\/ul>\n<p><strong>Inform\u0101cija par devu:<\/strong><\/p>\n<ul>\n<li><strong>Jauniem lietot\u0101jiem vai tiem, kas nepanes opio\u012bdus:<\/strong> s\u0101ciet ar 5 mg Opana ER ik p\u0113c 12 stund\u0101m.<\/li>\n<li><strong>P\u0101reja no t\u016bl\u012bt\u0113jas iedarb\u012bbas uz ilgsto\u0161as \u200b\u200bdarb\u012bbas oksimorfonu:<\/strong> izmantojiet t\u016bl\u012bt\u0113jas darb\u012bbas oksimorfona kop\u0113jo dienas devu, pusi no \u0161\u012bs devas ievadot ilgsto\u0161\u0101s darb\u012bbas table\u0161u veid\u0101. ik p\u0113c 12 stund\u0101m.<\/li>\n<li><strong>P\u0101reja no citiem iek\u0161\u0137\u012bgi lietojamiem opio\u012bdiem:<\/strong> p\u0101rtrauciet visu p\u0101r\u0113jo diennakts opio\u012bdu lieto\u0161anu, uzs\u0101kot Opana ER. Izmantojiet public\u0113t\u0101s potences tabulas vai \u0161\u0101dus konversijas koeficientus, lai nov\u0113rt\u0113tu 24 stundu or\u0101l\u0101 oksimorfona nepiecie\u0161am\u012bbu:\n<ul>\n<li>Hidrokodons, oksikodons, metadons: konversijas koeficients (CF) = 0,5<\/li>\n<li>Morf\u012bns: CF = 0,333<\/li>\n<li>Piem\u0113rs: reiziniet iepriek\u0161\u0113j\u0101 opio\u012bda kop\u0113jo dienas devu ar CF, lai ieg\u016btu 24 stundu oksimorfona devu, p\u0113c tam daliet ar 2, lai ieg\u016btu s\u0101kuma devu ik p\u0113c 12 stund\u0101m. Piel\u0101gojiet p\u0113c vajadz\u012bbas. <\/li>\n<\/ul>\n<\/li>\n<\/ul>\n<p><strong>Blakuspar\u0101d\u012bbas:<\/strong> nekav\u0113joties mekl\u0113jiet medic\u012bnisko pal\u012bdz\u012bbu, ja rodas aler\u0123iskas reakcijas paz\u012bmes, piem\u0113ram, n\u0101trene, apgr\u016btin\u0101ta elpo\u0161ana vai sejas, l\u016bpu, m\u0113les vai piet\u016bkums. kakls. Nopietnas blakuspar\u0101d\u012bbas var ietvert:  <\/p>\n<ul>\n<li>Pal\u0113nin\u0101ta vai p\u0101rtraukta elpo\u0161ana<\/li>\n<li>Viegls reibonis vai \u0123\u012bbonis<\/li>\n<li>Krampji<\/li>\n<li>S\u0101pes kr\u016bt\u012bs, s\u0113k\u0161ana vai klepus ar main\u012bt\u0101m g\u013cot\u0101m<\/li>\n<li>Smaga vem\u0161ana<\/li>\n<li>Seroton\u012bna sindroma simptomi: uzbudin\u0101jums, halucin\u0101cijas, drudzis, sv\u012b\u0161ana, drebu\u013ci, \u0101tra sirdsdarb\u012bba, musku\u013cu st\u012bvums, slikta d\u016b\u0161a, vem\u0161ana, caureja<\/li>\n<li>Zems kortizola l\u012bmenis: slikta d\u016b\u0161a, vem\u0161ana, apet\u012btes zudums, reibonis, nogurums<\/li>\n<\/ul>\n<p> Gados vec\u0101kiem pieaugu\u0161ajiem un tiem, kam ir liekais svars, nepietiekams uzturs vai nov\u0101jin\u0101ts, var b\u016bt paaugstin\u0101ts smagu blakuspar\u0101d\u012bbu risks. <strong>Izlaista deva:<\/strong> ja deva ir izlaista, izlaidiet to, ja ir gandr\u012bz pien\u0101cis laiks lietot n\u0101kamo devu. Nedubultojiet devu. Vienm\u0113r iev\u0113rojiet vesel\u012bbas apr\u016bpes sniedz\u0113ja nor\u0101d\u012bjumus un konsult\u0113jieties ar vi\u0146iem, ja jums ir k\u0101di jaut\u0101jumi vai ba\u017eas par Opana lieto\u0161anu.<\/p>\n","protected":false},"excerpt":{"rendered":"<p>P\u0113rciet Opana tie\u0161saist\u0113. Oksimorfons ir sp\u0113c\u012bgs narkotisks morf\u012bna aizst\u0101j\u0113js. tas ir \u013coti sp\u0113c\u012bgs opio\u012bdu prets\u0101pju l\u012bdzeklis, kas indic\u0113ts stipru s\u0101pju \u0101rst\u0113\u0161anai. Kur nopirkt Opana tie\u0161saist\u0113.   <\/p>\n","protected":false},"featured_media":20004,"comment_status":"open","ping_status":"closed","template":"","meta":{"om_disable_all_campaigns":false,"_sitemap_exclude":false,"_sitemap_priority":"","_sitemap_frequency":"","_monsterinsights_skip_tracking":false,"_monsterinsights_sitenote_active":false,"_monsterinsights_sitenote_note":"","_monsterinsights_sitenote_category":0},"product_cat":[27685],"product_tag":[28300,28287,28288,28292,28283,28295,28281,28291,28302,28298,28293,28296,28301,28299,28297,28285,28294,28289,28286,28290,28284,28282],"class_list":{"0":"post-31790","1":"product","2":"type-product","3":"status-publish","4":"has-post-thumbnail","6":"product_cat-pretsapju-lidzekli","7":"product_tag-autentiska-opana-eiropa","8":"product_tag-cik-maksa-opana","9":"product_tag-iegadajieties-opana-tiessaiste-eiropa","10":"product_tag-kur-nopirkt-opana-europe","11":"product_tag-kur-nopirkt-opana-tiessaiste","12":"product_tag-leti-opana-eiropa","13":"product_tag-nopirkt-opana","14":"product_tag-opana-bezmaksas-piegade-uz-eiropu","15":"product_tag-opana-europe-apskats","16":"product_tag-opana-europe-atlaide","17":"product_tag-opana-europe-izpardosana","18":"product_tag-opana-europe-piedavajumi","19":"product_tag-opana-europe-piegadataji","20":"product_tag-opana-europe-piegade","21":"product_tag-opana-europe-veikals","22":"product_tag-opana-iedarbiba","23":"product_tag-opana-interneta-veikals-eiropa","24":"product_tag-opana-labaka-cena-eiropa","25":"product_tag-opana-tirdznieciba-tiessaiste","26":"product_tag-pasutiet-opana-eu","27":"product_tag-pasutiet-opana-tiessaiste","28":"product_tag-perciet-opana-tiessaiste","30":"first","31":"instock","32":"shipping-taxable","33":"purchasable","34":"product-type-variable","35":"farmacie-col","36":"product-has-gallery"},"aioseo_notices":[],"_links":{"self":[{"href":"https:\/\/lacasadelamedicina.es\/lv\/wp-json\/wp\/v2\/product\/31790"}],"collection":[{"href":"https:\/\/lacasadelamedicina.es\/lv\/wp-json\/wp\/v2\/product"}],"about":[{"href":"https:\/\/lacasadelamedicina.es\/lv\/wp-json\/wp\/v2\/types\/product"}],"replies":[{"embeddable":true,"href":"https:\/\/lacasadelamedicina.es\/lv\/wp-json\/wp\/v2\/comments?post=31790"}],"wp:featuredmedia":[{"embeddable":true,"href":"https:\/\/lacasadelamedicina.es\/lv\/wp-json\/wp\/v2\/media\/20004"}],"wp:attachment":[{"href":"https:\/\/lacasadelamedicina.es\/lv\/wp-json\/wp\/v2\/media?parent=31790"}],"wp:term":[{"taxonomy":"product_cat","embeddable":true,"href":"https:\/\/lacasadelamedicina.es\/lv\/wp-json\/wp\/v2\/product_cat?post=31790"},{"taxonomy":"product_tag","embeddable":true,"href":"https:\/\/lacasadelamedicina.es\/lv\/wp-json\/wp\/v2\/product_tag?post=31790"}],"curies":[{"name":"wp","href":"https:\/\/api.w.org\/{rel}","templated":true}]}}